{"id":7275,"date":"2025-06-19T11:22:31","date_gmt":"2025-06-19T08:22:31","guid":{"rendered":"https:\/\/mdplusbio.com\/?post_type=product&#038;p=7275"},"modified":"2026-02-27T14:03:41","modified_gmt":"2026-02-27T11:03:41","slug":"hair-shampoo-set","status":"publish","type":"product","link":"https:\/\/mdplusbio.com\/tr\/urun\/hair-shampoo-set\/","title":{"rendered":"Sa\u00e7 Onar\u0131c\u0131 \u015eampuan Seti"},"content":{"rendered":"<div class=\"members-access-error\">Sorry, but you do not have permission to view this content.<\/div>\n","protected":false},"excerpt":{"rendered":"<div class=\"members-access-error\">Sorry, but you do not have permission to view this content.<\/div>\n","protected":false},"featured_media":7323,"comment_status":"open","ping_status":"closed","template":"","meta":{"_joinchat":[]},"product_brand":[],"product_cat":[78,79,81,77],"product_tag":[],"class_list":{"0":"post-7275","1":"product","2":"type-product","3":"status-publish","4":"has-post-thumbnail","6":"product_cat-sac-ekimi-oncesi","7":"product_cat-sac-ekimi-sonrasi","8":"product_cat-setler","9":"product_cat-tum-urunler","11":"first","12":"instock","13":"taxable","14":"shipping-taxable","15":"purchasable","16":"product-type-simple"},"acf":[],"_links":{"self":[{"href":"https:\/\/mdplusbio.com\/tr\/wp-json\/wp\/v2\/product\/7275","targetHints":{"allow":["GET"]}}],"collection":[{"href":"https:\/\/mdplusbio.com\/tr\/wp-json\/wp\/v2\/product"}],"about":[{"href":"https:\/\/mdplusbio.com\/tr\/wp-json\/wp\/v2\/types\/product"}],"replies":[{"embeddable":true,"href":"https:\/\/mdplusbio.com\/tr\/wp-json\/wp\/v2\/comments?post=7275"}],"wp:featuredmedia":[{"embeddable":true,"href":"https:\/\/mdplusbio.com\/tr\/wp-json\/wp\/v2\/media\/7323"}],"wp:attachment":[{"href":"https:\/\/mdplusbio.com\/tr\/wp-json\/wp\/v2\/media?parent=7275"}],"wp:term":[{"taxonomy":"product_brand","embeddable":true,"href":"https:\/\/mdplusbio.com\/tr\/wp-json\/wp\/v2\/product_brand?post=7275"},{"taxonomy":"product_cat","embeddable":true,"href":"https:\/\/mdplusbio.com\/tr\/wp-json\/wp\/v2\/product_cat?post=7275"},{"taxonomy":"product_tag","embeddable":true,"href":"https:\/\/mdplusbio.com\/tr\/wp-json\/wp\/v2\/product_tag?post=7275"}],"curies":[{"name":"wp","href":"https:\/\/api.w.org\/{rel}","templated":true}]}}