{"id":3202,"date":"2024-12-16T13:53:14","date_gmt":"2024-12-16T13:53:14","guid":{"rendered":"https:\/\/mdplusbio.com\/product\/i-care-my-hair-package\/"},"modified":"2026-01-29T14:08:52","modified_gmt":"2026-01-29T11:08:52","slug":"i-care-my-hair-package","status":"publish","type":"product","link":"https:\/\/mdplusbio.com\/tr\/urun\/i-care-my-hair-package\/","title":{"rendered":"I Care My Hair Paket \u2013 3 Ayl\u0131k"},"content":{"rendered":"<p>Capixyl, Redensyl ve Procapil gibi \u00f6d\u00fcll\u00fc aktif bile\u015fenlerle \u00f6zel olarak haz\u0131rlanm\u0131\u015f geli\u015fmi\u015f bir sa\u00e7 bak\u0131m ve onar\u0131m seti.<\/p>\n<p class=\"p4\">Geli\u015fmi\u015f sa\u00e7 bak\u0131m ve onar\u0131m setimiz, sa\u00e7 d\u00f6k\u00fclmesini azaltmak ve sa\u011fl\u0131kl\u0131 sa\u00e7 uzamas\u0131n\u0131 desteklemek i\u00e7in tasarlanm\u0131\u015ft\u0131r. \u0130nce ve zay\u0131f sa\u00e7lara elveda deyin, \u00f6zel form\u00fcl\u00fcm\u00fczle daha dolgun ve canl\u0131 bir sa\u00e7lara merhaba deyin. <\/p>\n<ul class=\"ul1\">\n<li class=\"li2\">Sa\u00e7 Onar\u0131m Serumunu kullanmak i\u00e7in, g\u00fcnde iki kez 1 ml (yakla\u015f\u0131k 5-6 p\u00fcsk\u00fcrtme) kullanarak t\u00fcm sa\u00e7\u0131 nazik\u00e7e masaj yap\u0131n, \u00f6zellikle sa\u00e7 d\u00f6k\u00fclmesinin endi\u015fe verici oldu\u011fu alanlara (\u00f6rne\u011fin, nakil yap\u0131lan veya al\u0131c\u0131 b\u00f6lgeler) odaklan\u0131n, mevcut sa\u00e7\u0131n\u0131z\u0131 korumaya ve onarmaya yard\u0131mc\u0131 olacakt\u0131r. Serum kuru cilde uygulanmal\u0131 ve durulanmamal\u0131d\u0131r. Bir \u015fi\u015fe, d\u00fczenli kullan\u0131mda bir ay s\u00fcresince yeterli olacakt\u0131r.   <\/li>\n<\/ul>\n<ul class=\"ul1\">\n<li class=\"li2\">En iyi sonu\u00e7lar i\u00e7in, g\u00fcnde 2 adet takviye tabletini al\u0131n \u2013 sabah 1 adet ve ak\u015fam 1 adet. Takviyelerimiz, g\u00fcnl\u00fck kullan\u0131m i\u00e7in zengin besin i\u00e7eri\u011fiyle form\u00fcle edilmi\u015ftir ve genel sa\u011fl\u0131\u011f\u0131n\u0131z\u0131 desteklemeye yard\u0131mc\u0131 olur. <\/li>\n<\/ul>\n<ul class=\"ul1\">\n<li class=\"li2\">Sa\u00e7 \u015eampuan\u0131m\u0131z, \u00f6zellikle do\u011fal floran\u0131n bozuldu\u011fu durumlarda, sa\u00e7 derisinin onar\u0131m s\u00fcrecini desteklemek i\u00e7in \u00f6zel olarak form\u00fcle edilmi\u015ftir. pH de\u011feri 6-6.2 olan \u015fampuan\u0131m\u0131z, sa\u00e7 derisinin do\u011fal dengesini yeniden sa\u011flamak ve daha sa\u011fl\u0131kl\u0131 sa\u00e7 b\u00fcy\u00fcmesini te\u015fvik etmek i\u00e7in yard\u0131mc\u0131 olur. <\/li>\n<\/ul>\n<ul class=\"ul1\">\n<li class=\"li2\">Sa\u00e7 Kompleksi Meso Serum, g\u00fc\u00e7l\u00fc aktif bile\u015fenlerin y\u00fcksek yo\u011funluklu bir form\u00fclde birle\u015ftirilmi\u015f g\u00fc\u00e7l\u00fc bir kar\u0131\u015f\u0131md\u0131r. Etkinli\u011fini art\u0131rmak i\u00e7in, dermaroller (mikro i\u011fneleme) uygulamas\u0131 ile birlikte kullan\u0131lmas\u0131 \u00f6nerilir; bu, aktif bile\u015fenlerin sa\u00e7 derisine derinlemesine n\u00fcfuz etmesine yard\u0131mc\u0131 olur. En iyi sonu\u00e7lar i\u00e7in serum spreyinin dermaroller ile birlikte kullan\u0131lmas\u0131 \u00f6nerilir. Sa\u00e7 derisinin optimal sa\u011fl\u0131\u011f\u0131n\u0131 korumak i\u00e7in dermaroller uygulamas\u0131n\u0131 her 10 g\u00fcnde bir yapman\u0131z\u0131 \u00f6neririz.&#8221;   <\/li>\n<\/ul>\n","protected":false},"excerpt":{"rendered":"<ul>\n<li>4 x 100 Ml ( 3,38 fl. oz) Sa\u00e7 Onar\u0131c\u0131 \u015eampuan,<\/li>\n<li>3 x 60 Ml (2,02 fl. oz) Sa\u00e7 Onar\u0131c\u0131 Serum,<\/li>\n<li>3 x 60 Food G\u0131da Takviyesi &#8211; Biotin 5000 MCG,<\/li>\n<li>5 x 6 Ml Meso Serum,<\/li>\n<li>1 Mikro \u0130\u011fneli Dermaroller,<\/li>\n<li>Klinik ve FDA Onayl\u0131<\/li>\n<li>Sa\u00e7 derinizi destekleyen ve sa\u00e7 ekimi sonras\u0131nda yeni \u00e7\u0131kan sa\u00e7lar\u0131 g\u00fc\u00e7lendiren, bilim temelli bir sa\u00e7 bak\u0131m sistemini deneyimleyin.<\/li>\n<li><strong data-start=\"1380\" data-end=\"1406\">I Care My Hair Paketi<\/strong> ; biotin, keratin ve do\u011fal sa\u00e7 b\u00fcy\u00fcmesini destekleyen aktiflerle form\u00fcle edilmi\u015f \u015fampuan, serum ve vitamin kompleksinden olu\u015fan g\u00fc\u00e7l\u00fc bir kombinasyon sunar.<\/li>\n<li>Her bir \u00fcr\u00fcn, inflamasyonu azaltmak, kan dola\u015f\u0131m\u0131n\u0131 art\u0131rmak ve uzun s\u00fcreli sa\u00e7 yo\u011funlu\u011funu desteklemek i\u00e7in sinerjik olarak birlikte \u00e7al\u0131\u015f\u0131r.<\/li>\n<li>\u0130ster sa\u00e7 ekimi yapt\u0131rm\u0131\u015f olun ister yaln\u0131zca sa\u00e7 d\u00f6k\u00fclmesini \u00f6nlemek isteyin, bu g\u00fcnl\u00fck bak\u0131m rutini sa\u00e7 derinizin yenilenme ve korunma i\u00e7in ihtiya\u00e7 duydu\u011fu her \u015feyi sa\u011flar.<\/li>\n<li>Set, sa\u00e7 uzamas\u0131n\u0131 te\u015fvik eden ve hasar\u0131 onaran Capixyl, Redensyl ve Procapil gibi \u00f6d\u00fcll\u00fc aktif bile\u015fenleri i\u00e7erir. Form\u00fcl\u00fcm\u00fcz, sa\u011fl\u0131kl\u0131 sa\u00e7 folik\u00fcllerini besleyen ve sa\u00e7\u0131n uzamas\u0131n\u0131 destekleyen b\u00fcy\u00fcme fakt\u00f6rleri, vitaminler ve temel bitkisel \u00f6zlerle zenginle\u015ftirilmi\u015ftir. Sonu\u00e7 olarak, daha dolgun ve sa\u011fl\u0131kl\u0131 sa\u00e7lara kavu\u015fursunuz. <\/li>\n<\/ul>\n","protected":false},"featured_media":5201,"comment_status":"open","ping_status":"closed","template":"","meta":{"_joinchat":[]},"product_brand":[],"product_cat":[79,81,77],"product_tag":[],"class_list":{"0":"post-3202","1":"product","2":"type-product","3":"status-publish","4":"has-post-thumbnail","6":"product_cat-sac-ekimi-sonrasi","7":"product_cat-setler","8":"product_cat-tum-urunler","10":"first","11":"instock","12":"taxable","13":"shipping-taxable","14":"purchasable","15":"product-type-simple"},"acf":[],"_links":{"self":[{"href":"https:\/\/mdplusbio.com\/tr\/wp-json\/wp\/v2\/product\/3202","targetHints":{"allow":["GET"]}}],"collection":[{"href":"https:\/\/mdplusbio.com\/tr\/wp-json\/wp\/v2\/product"}],"about":[{"href":"https:\/\/mdplusbio.com\/tr\/wp-json\/wp\/v2\/types\/product"}],"replies":[{"embeddable":true,"href":"https:\/\/mdplusbio.com\/tr\/wp-json\/wp\/v2\/comments?post=3202"}],"wp:featuredmedia":[{"embeddable":true,"href":"https:\/\/mdplusbio.com\/tr\/wp-json\/wp\/v2\/media\/5201"}],"wp:attachment":[{"href":"https:\/\/mdplusbio.com\/tr\/wp-json\/wp\/v2\/media?parent=3202"}],"wp:term":[{"taxonomy":"product_brand","embeddable":true,"href":"https:\/\/mdplusbio.com\/tr\/wp-json\/wp\/v2\/product_brand?post=3202"},{"taxonomy":"product_cat","embeddable":true,"href":"https:\/\/mdplusbio.com\/tr\/wp-json\/wp\/v2\/product_cat?post=3202"},{"taxonomy":"product_tag","embeddable":true,"href":"https:\/\/mdplusbio.com\/tr\/wp-json\/wp\/v2\/product_tag?post=3202"}],"curies":[{"name":"wp","href":"https:\/\/api.w.org\/{rel}","templated":true}]}}