{"id":3196,"date":"2024-12-16T14:06:14","date_gmt":"2024-12-16T14:06:14","guid":{"rendered":"https:\/\/mdplusbio.com\/product\/hair-complex-meso-serum\/"},"modified":"2026-03-13T16:38:21","modified_gmt":"2026-03-13T13:38:21","slug":"hair-complex-meso-serum","status":"publish","type":"product","link":"https:\/\/mdplusbio.com\/tr\/urun\/hair-complex-meso-serum\/","title":{"rendered":"Hair Complex Meso Serum"},"content":{"rendered":"<p><strong>Hair Complex Meso Serum Kiti \u2013 Sa\u00e7 D\u00f6k\u00fclmesini Azaltmaya, Folik\u00fcl Canl\u0131l\u0131\u011f\u0131n\u0131 Desteklemeye ve Daha Dolgun, Sa\u011fl\u0131kl\u0131 G\u00f6r\u00fcn\u00fcml\u00fc Sa\u00e7lar Sa\u011flamaya Y\u00f6nelik Geli\u015fmi\u015f Sa\u00e7 Derisi Bak\u0131m Tedavisi<\/strong><\/p>\n<p>Hair Complex Meso Serum Kiti, sa\u00e7 d\u00f6k\u00fclmesini azaltmaya, sa\u00e7 folik\u00fcllerinin canl\u0131l\u0131\u011f\u0131n\u0131 desteklemeye ve daha dolgun, sa\u011fl\u0131kl\u0131 g\u00f6r\u00fcnen sa\u00e7lar elde etmeye yard\u0131mc\u0131 olmak i\u00e7in tasarlanm\u0131\u015f profesyonel bir sa\u00e7 bak\u0131m kitidir.<\/p>\n<p>Bu kit, \u00e7oklu aktif mesoterapi serumu ile mikro i\u011fneli dermarolleri bir araya getirerek sa\u00e7 derisine daha iyi emilim ve folik\u00fcl uyar\u0131m\u0131 sa\u011flar. \u00d6zel form\u00fcl\u00fc, peptitler, bitkisel \u00f6zler, vitaminler ve amino asitler kombinasyonu i\u00e7erir ve sa\u00e7\u0131n do\u011fal b\u00fcy\u00fcme d\u00f6ng\u00fcs\u00fcn\u00fc desteklemeye ve sa\u00e7 derisinin kondisyonunu iyile\u015ftirmeye y\u00f6nelik olarak geli\u015ftirilmi\u015ftir.<\/p>\n<p><strong>Mikroi\u011fneleme ve Serum: Daha Dolgun Sa\u00e7lar \u0130\u00e7in \u00c7ift Etki<\/strong><\/p>\n<p>Hair Complex Meso Serum ile yap\u0131lan mikroi\u011fneleme, Capixyl, Redensyl, Procapil, Biotin ve bitkisel k\u00f6k h\u00fccreler gibi aktif maddelerin do\u011frudan sa\u00e7 derisine n\u00fcfuz etmesini ve folik\u00fcllere daha etkili ula\u015fmas\u0131n\u0131 sa\u011flar. Dermaroller\u2019\u0131n mikro i\u011fneleri, sa\u00e7 derisini nazik\u00e7e uyararak kan dola\u015f\u0131m\u0131n\u0131 ve folik\u00fcllere besin ta\u015f\u0131nmas\u0131n\u0131 art\u0131r\u0131r, b\u00f6ylece uykuda olan sa\u00e7 k\u00f6kleri aktive edilir ve sa\u00e7\u0131n do\u011fal b\u00fcy\u00fcme d\u00f6ng\u00fcs\u00fc desteklenir.<br \/>Bu \u00e7ifte etki yakla\u015f\u0131m\u0131, sa\u00e7 derisi sa\u011fl\u0131\u011f\u0131n\u0131 iyile\u015ftirir, ince veya zay\u0131f sa\u00e7lar\u0131 g\u00fc\u00e7lendirir, folik\u00fcllerin yenilenmesini destekler ve serumu maksimum d\u00fczeyde etkili k\u0131lar. Bu nedenle, sa\u00e7 incelmesi ya\u015fayanlar, zay\u0131f folik\u00fcller veya sa\u00e7 ekimi sonras\u0131 bak\u0131m i\u00e7in ideal bir \u00e7\u00f6z\u00fcmd\u00fcr.<br \/>Aktif maddelerin daha iyi emilimi ve folik\u00fcl uyar\u0131m\u0131 sayesinde, mikroi\u011fneleme ile \u00f6zel bir sa\u00e7 mesoterapi serumu kombinasyonu, klinik olarak kan\u0131tlanm\u0131\u015f faydalar sunar ve sa\u00e7\u0131n daha dolgun, g\u00fc\u00e7l\u00fc ve sa\u011fl\u0131kl\u0131 g\u00f6r\u00fcnmesini sa\u011flar.   <\/p>\n<p><strong>Kitin \u0130\u00e7eri\u011fi:<\/strong><\/p>\n<ul>\n<li>10 adet 6 ml Hair Complex Meso Serum flakonu<\/li>\n<li>1 adet Mikro \u0130\u011fneli Dermaroller<\/li>\n<li>1 adet Germisit Temizleyici<\/li>\n<\/ul>\n<p>Hafif yap\u0131l\u0131 serum, h\u0131zla emilir ve sa\u00e7 incelmesi, zay\u0131f sa\u00e7lar veya sa\u00e7 derisi dengesizlikleri ya\u015fayan hem erkekler hem de kad\u0131nlar i\u00e7in uygundur.<\/p>\n<p><strong>Aktif kompleks i\u00e7eri\u011fi:<\/strong><\/p>\n<ul>\n<li>Capixyl \u2013 sa\u00e7 folik\u00fcllerini g\u00fc\u00e7lendirmeye ve sa\u00e7 d\u00f6k\u00fclmesini azaltmaya yard\u0131mc\u0131 peptit kompleksi.<\/li>\n<li>Redensyl \u2013 sa\u00e7 k\u00f6k h\u00fccrelerinin aktivitesini destekler ve daha sa\u011fl\u0131kl\u0131 sa\u00e7 b\u00fcy\u00fcme d\u00f6ng\u00fclerine katk\u0131da bulunur.<\/li>\n<li>Procapil \u2013 sa\u00e7 derisinin mikro dola\u015f\u0131m\u0131n\u0131 destekler ve folik\u00fcl tutunmas\u0131n\u0131 iyile\u015ftirir.<\/li>\n<li>Biotin (B7 Vitamini) \u2013 keratin \u00fcretimini ve sa\u00e7 yap\u0131s\u0131n\u0131 destekler.<\/li>\n<li>Sodyum DNA (S.DNA) \u2013 sa\u00e7 derisinin onar\u0131m ve yenilenmesini destekler.<\/li>\n<li>Bitkisel K\u00f6k H\u00fccreler \u2013 sa\u00e7 derisi canl\u0131l\u0131\u011f\u0131n\u0131 ve folik\u00fcl \u00f6m\u00fcr boyunu destekler.<\/li>\n<li>GF Factor \u2013 folik\u00fcllerin uyar\u0131lmas\u0131n\u0131 ve sa\u00e7 derisinin yenilenmesini destekler.<\/li>\n<li>Anagain \u2013 sa\u00e7 b\u00fcy\u00fcme evrelerini desteklemek i\u00e7in tasarlanm\u0131\u015f bitkisel i\u00e7erik.<\/li>\n<li>Keratin \u2013 sa\u00e7 telinin g\u00fc\u00e7 ve dayan\u0131kl\u0131l\u0131\u011f\u0131n\u0131 art\u0131r\u0131r.<\/li>\n<li>Saw Palmetto \u2013 DHT d\u00fczenlemesine destek oldu\u011fu bilinen bitkisel \u00f6z.<\/li>\n<li>Amino Asit Kompleksi \u2013 sa\u00e7 derisi beslenmesini ve sa\u00e7 telinin b\u00fct\u00fcnl\u00fc\u011f\u00fcn\u00fc destekler.<\/li>\n<\/ul>\n<p><strong>Fonksiyonel faydalar:<\/strong><\/p>\n<ul>\n<li>Sa\u00e7\u0131 daha g\u00fc\u00e7l\u00fc ve dolgun g\u00f6sterir<\/li>\n<li>Sa\u00e7 derisinin durumunu ve nem seviyesini iyile\u015ftirmeye yard\u0131mc\u0131 olur<\/li>\n<li>Folik\u00fcl canl\u0131l\u0131\u011f\u0131n\u0131 ve elastikiyetini destekler<\/li>\n<li>Sa\u00e7 derisinin daha sa\u011fl\u0131kl\u0131 bir ortamda kalmas\u0131na yard\u0131mc\u0131 olur<\/li>\n<li>Mikroi\u011fneleme ile desteklenen emilim, aktif maddelerin daha etkili ula\u015fmas\u0131n\u0131 sa\u011flar<\/li>\n<\/ul>\n<p><strong>Kullan\u0131m \u015eekli:<\/strong><\/p>\n<p>Serumu do\u011frudan sa\u00e7\u0131n incelmi\u015f b\u00f6lgelerine uygulay\u0131n ve parmak u\u00e7lar\u0131n\u0131zla nazik\u00e7e masaj yap\u0131n<br \/>Dermaroller, sa\u00e7 derisini uyarmak ve \u00fcr\u00fcn\u00fcn emilimini art\u0131rmak i\u00e7in kullan\u0131labilir<br \/>Uygulama sonras\u0131 durulamay\u0131n  <\/p>\n<p><strong>Uyar\u0131lar:<\/strong><\/p>\n<p>Sadece harici kullan\u0131m i\u00e7indir<br \/>G\u00f6z ile temas\u0131ndan ka\u00e7\u0131n\u0131n<br \/>Serin ve kuru bir yerde saklay\u0131n<br \/>3 ya\u015f alt\u0131ndaki \u00e7ocuklar i\u00e7in uygun de\u011fildir<br \/>Sa\u00e7 derisinde \u00f6zel bir durum varsa, kullan\u0131mdan \u00f6nce uzmana dan\u0131\u015f\u0131n    <\/p>\n<p>\u00dcr\u00fcn etiketinde tam INCI i\u00e7erik listesi mevcuttur.<\/p>\n","protected":false},"excerpt":{"rendered":"<ul>\n<li>10 x 6 Ml Meso Serum,<\/li>\n<li>1 Mikro \u0130\u011fneli Dermaroller,<\/li>\n<li>1 Mikrop temizleyici,<\/li>\n<li>Klinik ve FDA Onayl\u0131<\/li>\n<li>&#8220;\u00d6zel Form\u00fcl&#8221;, sa\u00e7 d\u00f6k\u00fclmesini \u00f6nlemeyi, daha g\u00fc\u00e7l\u00fc sa\u00e7lar elde etmeyi ve sa\u00e7\u0131n elastikiyetini art\u0131rmay\u0131 ama\u00e7layan, Bitkisel K\u00f6k H\u00fccreler, Capixyl, Redensyl, Procapil, S.DNA, GF Fakt\u00f6r\u00fc, Anagain, Biotin, Keratin, Palmetto (do\u011fal bir Finasterid alternatifi) ve bir Amino Asit Kompleksi de dahil olmak \u00fczere g\u00fc\u00e7l\u00fc bile\u015fenlerin bir kar\u0131\u015f\u0131m\u0131ndan olu\u015fmaktad\u0131r.<\/li>\n<\/ul>\n","protected":false},"featured_media":5207,"comment_status":"open","ping_status":"closed","template":"","meta":{"_joinchat":[]},"product_brand":[],"product_cat":[79,81,77],"product_tag":[],"class_list":{"0":"post-3196","1":"product","2":"type-product","3":"status-publish","4":"has-post-thumbnail","6":"product_cat-sac-ekimi-sonrasi","7":"product_cat-setler","8":"product_cat-tum-urunler","10":"first","11":"instock","12":"taxable","13":"shipping-taxable","14":"purchasable","15":"product-type-simple"},"acf":[],"_links":{"self":[{"href":"https:\/\/mdplusbio.com\/tr\/wp-json\/wp\/v2\/product\/3196","targetHints":{"allow":["GET"]}}],"collection":[{"href":"https:\/\/mdplusbio.com\/tr\/wp-json\/wp\/v2\/product"}],"about":[{"href":"https:\/\/mdplusbio.com\/tr\/wp-json\/wp\/v2\/types\/product"}],"replies":[{"embeddable":true,"href":"https:\/\/mdplusbio.com\/tr\/wp-json\/wp\/v2\/comments?post=3196"}],"wp:featuredmedia":[{"embeddable":true,"href":"https:\/\/mdplusbio.com\/tr\/wp-json\/wp\/v2\/media\/5207"}],"wp:attachment":[{"href":"https:\/\/mdplusbio.com\/tr\/wp-json\/wp\/v2\/media?parent=3196"}],"wp:term":[{"taxonomy":"product_brand","embeddable":true,"href":"https:\/\/mdplusbio.com\/tr\/wp-json\/wp\/v2\/product_brand?post=3196"},{"taxonomy":"product_cat","embeddable":true,"href":"https:\/\/mdplusbio.com\/tr\/wp-json\/wp\/v2\/product_cat?post=3196"},{"taxonomy":"product_tag","embeddable":true,"href":"https:\/\/mdplusbio.com\/tr\/wp-json\/wp\/v2\/product_tag?post=3196"}],"curies":[{"name":"wp","href":"https:\/\/api.w.org\/{rel}","templated":true}]}}