{"id":3187,"date":"2024-12-17T06:45:14","date_gmt":"2024-12-17T06:45:14","guid":{"rendered":"https:\/\/mdplusbio.com\/product\/i-care-my-hair-transplantation-package\/"},"modified":"2026-01-29T13:50:00","modified_gmt":"2026-01-29T10:50:00","slug":"i-care-my-hair-transplantation-package","status":"publish","type":"product","link":"https:\/\/mdplusbio.com\/tr\/urun\/i-care-my-hair-transplantation-package\/","title":{"rendered":"I Care My Hair Transplantation Paketi &#8211; 3 Ayl\u0131k"},"content":{"rendered":"<p>Sa\u00e7 ekimi tedavinizi daha h\u0131zl\u0131 ve sa\u011fl\u0131kl\u0131 bir \u015fekilde iyile\u015ftirin!<\/p>\n<p class=\"p1\">Geli\u015fmi\u015f I Care My Hair Transplantation Package, sa\u00e7 d\u00f6k\u00fclmesini azaltman\u0131n yan\u0131 s\u0131ra sa\u00e7 b\u00fcy\u00fcmesini desteklemeye yard\u0131mc\u0131 olan \u00f6d\u00fcll\u00fc aktif bile\u015fenler olan Capixyl, Redensyl ve Procapil ile \u00f6zel olarak form\u00fcle edilmi\u015ftir. B\u00fcy\u00fcme fakt\u00f6rleri, vitaminler ve temel bitkisel \u00f6zlerle bu set, sa\u011fl\u0131kl\u0131 folik\u00fclleri besler ve k\u00fc\u00e7\u00fck sa\u00e7lar\u0131n g\u00fc\u00e7l\u00fc ve sa\u011fl\u0131kl\u0131 tellere d\u00f6n\u00fc\u015fmesine yard\u0131mc\u0131 olur. <\/p>\n<ul class=\"ul1\">\n<li class=\"li1\">Sa\u00e7 Onar\u0131m Serumunu kullanmak i\u00e7in, kuru cilde g\u00fcnde iki kez 1 ml (yakla\u015f\u0131k 5-6 f\u0131s) uygulay\u0131n ve \u00f6zellikle sa\u00e7 d\u00f6k\u00fclmesinin oldu\u011fu b\u00f6lgelere nazik\u00e7e masaj yaparak s\u00fcr\u00fcn. Ekilen b\u00f6lge, don\u00f6r b\u00f6lgesi ve mevcut sa\u00e7lar\u0131n korunmas\u0131 i\u00e7in bu serum harikalar yaratabilir. Durulamay\u0131n ve ayda bir \u015fi\u015fe kullan\u0131n.  <\/li>\n<\/ul>\n<ul class=\"ul1\">\n<li class=\"li1\">Daha iyi sonu\u00e7lar i\u00e7in, sabah ve ak\u015fam olmak \u00fczere g\u00fcnde iki tablet zengin i\u00e7erikli g\u0131da takviyemizi alman\u0131z\u0131 \u00f6neririz.<\/li>\n<\/ul>\n<ul class=\"ul1\">\n<li class=\"li1\">Son olarak, sa\u00e7 \u015fampuan\u0131m\u0131z, sa\u00e7 derisinin do\u011fal floras\u0131n\u0131 onarma s\u00fcrecini 6-6.2 pH aral\u0131\u011f\u0131yla destekler.<\/li>\n<\/ul>\n","protected":false},"excerpt":{"rendered":"<ul>\n<li>6 x 100 Ml ( 3,38 fl. oz) Sa\u00e7 Onar\u0131c\u0131 \u015eampuan,<\/li>\n<li>3 x 60 Ml (2,02 fl. oz) Sa\u00e7 Onar\u0131c\u0131 Serum,<\/li>\n<li>3 x 60 Food G\u0131da Takviyesi &#8211; Biotin 5000 MCG,<\/li>\n<li>Klinik ve FDA Onayl\u0131<\/li>\n<li>I Care My Hair Transplantation Paketi, T\u00fcrkiye\u2019de y\u00fcksek kaliteli ve do\u011fal sonu\u00e7lar arayanlar i\u00e7in kapsaml\u0131 bir t\u0131bbi ve seyahat deneyimi sunar.<\/li>\n<li>T\u00fcm i\u015flemler, iyile\u015fmenin en iyi \u015fekilde ger\u00e7ekle\u015fmesi ve uzun vadeli sonu\u00e7lar\u0131n korunmas\u0131 i\u00e7in MD Plus Bio\u2019nun geli\u015fmi\u015f bak\u0131m \u00fcr\u00fcnleri ile desteklenmektedir.<\/li>\n<li>I Care My Hair Sa\u00e7 Ekimi Paketi, yaln\u0131zca sa\u00e7 d\u00f6k\u00fclmesini azaltmaya yard\u0131mc\u0131 olmakla kalmay\u0131p ayn\u0131 zamanda sa\u00e7 b\u00fcy\u00fcmesini destekleyen Capixyl, Redensyl ve Procapil gibi \u00f6d\u00fcll\u00fc aktif bile\u015fenlerle \u00f6zel olarak form\u00fcle edilmi\u015ftir. B\u00fcy\u00fcme fakt\u00f6rleri, vitaminler ve temel bitkisel \u00f6zlerle zenginle\u015ftirilen bu set, sa\u011fl\u0131kl\u0131 sa\u00e7 k\u00f6klerini besler ve k\u00fc\u00e7\u00fck sa\u00e7lar\u0131n g\u00fc\u00e7l\u00fc, sa\u011fl\u0131kl\u0131 tellere d\u00f6n\u00fc\u015fmesine yard\u0131mc\u0131 olur. <\/li>\n<\/ul>\n","protected":false},"featured_media":5226,"comment_status":"open","ping_status":"closed","template":"","meta":{"_joinchat":[]},"product_brand":[],"product_cat":[79,81,77],"product_tag":[],"class_list":{"0":"post-3187","1":"product","2":"type-product","3":"status-publish","4":"has-post-thumbnail","6":"product_cat-sac-ekimi-sonrasi","7":"product_cat-setler","8":"product_cat-tum-urunler","10":"first","11":"instock","12":"taxable","13":"shipping-taxable","14":"purchasable","15":"product-type-simple"},"acf":[],"_links":{"self":[{"href":"https:\/\/mdplusbio.com\/tr\/wp-json\/wp\/v2\/product\/3187","targetHints":{"allow":["GET"]}}],"collection":[{"href":"https:\/\/mdplusbio.com\/tr\/wp-json\/wp\/v2\/product"}],"about":[{"href":"https:\/\/mdplusbio.com\/tr\/wp-json\/wp\/v2\/types\/product"}],"replies":[{"embeddable":true,"href":"https:\/\/mdplusbio.com\/tr\/wp-json\/wp\/v2\/comments?post=3187"}],"wp:featuredmedia":[{"embeddable":true,"href":"https:\/\/mdplusbio.com\/tr\/wp-json\/wp\/v2\/media\/5226"}],"wp:attachment":[{"href":"https:\/\/mdplusbio.com\/tr\/wp-json\/wp\/v2\/media?parent=3187"}],"wp:term":[{"taxonomy":"product_brand","embeddable":true,"href":"https:\/\/mdplusbio.com\/tr\/wp-json\/wp\/v2\/product_brand?post=3187"},{"taxonomy":"product_cat","embeddable":true,"href":"https:\/\/mdplusbio.com\/tr\/wp-json\/wp\/v2\/product_cat?post=3187"},{"taxonomy":"product_tag","embeddable":true,"href":"https:\/\/mdplusbio.com\/tr\/wp-json\/wp\/v2\/product_tag?post=3187"}],"curies":[{"name":"wp","href":"https:\/\/api.w.org\/{rel}","templated":true}]}}