{"id":3182,"date":"2024-12-17T11:06:19","date_gmt":"2024-12-17T11:06:19","guid":{"rendered":"https:\/\/mdplusbio.com\/product\/sac-sampuani-ve-losyon-seti\/"},"modified":"2026-04-09T11:59:39","modified_gmt":"2026-04-09T08:59:39","slug":"hair-shampoo-and-lotion-set","status":"publish","type":"product","link":"https:\/\/mdplusbio.com\/tr\/urun\/hair-shampoo-and-lotion-set\/","title":{"rendered":"Sa\u00e7 Onar\u0131c\u0131 \u015eampuan ve Losyon Seti"},"content":{"rendered":"<p><strong>Onar\u0131c\u0131 \u015eampuan ve Sa\u00e7 Losyonu Seti \u2013 Sa\u00e7 derisini temizlemek, yat\u0131\u015ft\u0131rmak ve g\u00fcnl\u00fck konforu geri kazand\u0131rmak i\u00e7in eksiksiz bak\u0131m rutini<\/strong><\/p>\n<p>Onar\u0131c\u0131 \u015fampuan ve sa\u00e7 losyonu seti, sa\u00e7 derisi ve sa\u00e7 bak\u0131m\u0131 i\u00e7in eksiksiz bir rutin sunar; 2 x 100 ml onar\u0131c\u0131 \u015fampuan ve 1 x 100 ml onar\u0131c\u0131 ve nemlendirici losyon i\u00e7erir.<\/p>\n<p>Sa\u00e7 d\u00f6k\u00fclmesi, hassas sa\u00e7 derisi, kuruluk, kepek e\u011filimi, kabuklanma birikimi veya i\u015flem sonras\u0131 stres ya\u015fayan ki\u015filer i\u00e7in tasarlanan bu set; sa\u00e7 derisini nazik\u00e7e temizlemeye, yat\u0131\u015ft\u0131rmaya, cilt bariyerini g\u00fc\u00e7lendirmeye ve sa\u00e7 ile sa\u00e7 derisinin genel g\u00f6r\u00fcn\u00fcm\u00fcn\u00fc ve konforunu iyile\u015ftirmeye yard\u0131mc\u0131 olur.<\/p>\n<p>Form\u00fcl\u00fc, hedefe y\u00f6nelik temizleyici aktifleri durulanmayan nemlendirici bak\u0131m ile birle\u015ftirerek daha sa\u011fl\u0131kl\u0131 ve uzun s\u00fcre dengeli bir sa\u00e7 derisi ortam\u0131n\u0131 destekler.<\/p>\n<p><strong>\u00d6ne \u00c7\u0131kan \u00d6zellikler<\/strong><\/p>\n<p>\u2022 2 x 100 ml onar\u0131c\u0131 \u015fampuan + 1 x 100 ml onar\u0131c\u0131 ve nemlendirici losyon<br \/>\n\u2022 Sa\u00e7 derisini temizleme ve durulanmayan bak\u0131m i\u00e7in eksiksiz rutin<br \/>\n\u2022 Zay\u0131flam\u0131\u015f sa\u00e7lar ve hassas sa\u00e7 derisi i\u00e7in geli\u015ftirilmi\u015ftir<br \/>\n\u2022 Kuruluk, ka\u015f\u0131nt\u0131, k\u0131zar\u0131kl\u0131k ve rahats\u0131zl\u0131k hissini azaltmaya yard\u0131mc\u0131 olur<br \/>\n\u2022 Kal\u0131nt\u0131lar\u0131, kepe\u011fi ve kabuklanmay\u0131 gidermeye yard\u0131mc\u0131 olur<br \/>\n\u2022 Sa\u00e7 derisi bariyer dengesini ve nemini destekler<br \/>\n\u2022 SLES, ALS, MLS, s\u00fclfat, paraben, tuz ve petrol t\u00fcrevleri i\u00e7ermez<br \/>\n\u2022 D\u00fczenli kullan\u0131ma uygundur<\/p>\n<p><strong>\u015eampuan\u0131n \u00d6ne \u00c7\u0131kan \u00d6zellikleri<\/strong><\/p>\n<p>\u2022 Sa\u00e7 derisini, sa\u00e7 k\u00f6klerini ve sa\u00e7 telini agresif veya \u201ckurutucu\u201d bir etki olmadan temizlemeye yard\u0131mc\u0131 olur<br \/>\n\u2022 Kepek, kabuklanma e\u011filimi ve kal\u0131nt\u0131 birikimi durumlar\u0131nda daha temiz bir sa\u00e7 derisi ortam\u0131n\u0131 destekler<br \/>\n\u2022 Zay\u0131f, y\u0131pranm\u0131\u015f ve stresli sa\u00e7lar\u0131n g\u00f6r\u00fcn\u00fcm\u00fcn\u00fc iyile\u015ftirmeye yard\u0131mc\u0131 olur<br \/>\n\u2022 6\u20136,2 pH form\u00fcl\u00fc sa\u00e7 derisinin do\u011fal dengesini korumaya yard\u0131mc\u0131 olur<br \/>\n\u2022 Bitkisel k\u00f6k h\u00fccreler, Capixyl, Redensyl, Procapil, S.DNA, GF Factor, Anagain, biotin, keratin, Saw Palmetto ve amino asit kompleksi ile zenginle\u015ftirilmi\u015ftir<\/p>\n<p><strong>Losyonun \u00d6ne \u00c7\u0131kan \u00d6zellikleri<\/strong><\/p>\n<p>\u2022 Kuru veya hassas sa\u00e7 derisi i\u00e7in durulanmayan nemlendirici ve onar\u0131c\u0131 bak\u0131m<br \/>\n\u2022 Y\u0131kama sonras\u0131 veya sa\u00e7 derisi stresine ba\u011fl\u0131 kurulu\u011fun neden oldu\u011fu ka\u015f\u0131nt\u0131y\u0131 yat\u0131\u015ft\u0131rmaya yard\u0131mc\u0131 olur<br \/>\n\u2022 Cilt bariyerini destekler ve sa\u00e7 derisinin yumu\u015fak, esnek ve iyi nemlenmi\u015f kalmas\u0131na katk\u0131 sa\u011flar<br \/>\n\u2022 Zengin ve besleyici dokusu sa\u00e7 derisi konforunu art\u0131r\u0131r<br \/>\n\u2022 Pantenol, aloe vera, allantoin, centella asiatica, beta-glukan, kolajen, shea ya\u011f\u0131 ve bitkisel \u00f6zlerle zenginle\u015ftirilmi\u015ftir<\/p>\n<p><strong>Birlikte Neden Kullan\u0131lmal\u0131<\/strong><\/p>\n<p>\u2022 \u015eampuan, kirleri, fazla kal\u0131nt\u0131lar\u0131, kabuklanmay\u0131 ve kepe\u011fe ba\u011fl\u0131 birikimleri temizleyerek sa\u00e7 derisini haz\u0131rlar<br \/>\n\u2022 Losyon, durulanmayan nemlendirme ve yat\u0131\u015ft\u0131r\u0131c\u0131 etki ile rutini tamamlar<br \/>\n\u2022 Birlikte kullan\u0131ld\u0131\u011f\u0131nda temizlik, rahatlama ve nem dengesini bir araya getirerek daha dengeli bir bak\u0131m rutini olu\u015fturur<br \/>\n\u2022 Bu ikili, sadece daha temiz sa\u00e7 de\u011fil, ayn\u0131 zamanda daha dengeli ve g\u00fc\u00e7l\u00fc bir sa\u00e7 derisi isteyenler i\u00e7in idealdir<\/p>\n<p><strong>\u00d6nerilen Kullan\u0131m<\/strong><\/p>\n<p>1. Hair Repair \u015fampuan\u0131 \u0131slak sa\u00e7 ve sa\u00e7 derisine uygulay\u0131n.<br \/>\n2. Parmak u\u00e7lar\u0131n\u0131zla nazik\u00e7e masaj yap\u0131n ve durulay\u0131n. Gerekirse tekrarlay\u0131n.<br \/>\n3. Y\u0131kama sonras\u0131 onar\u0131c\u0131 ve nemlendirici losyonu temiz sa\u00e7 derisinin k\u00f6klerine uygulay\u0131n.<br \/>\n4. Dairesel hareketlerle nazik\u00e7e masaj yap\u0131n.<br \/>\n5. Durulamay\u0131n. Sa\u00e7 derisinde b\u0131rak\u0131n.  <\/p>\n<p><strong>Kullan\u0131m Uyar\u0131lar\u0131<\/strong><\/p>\n<p>\u2022 Sadece harici kullan\u0131m i\u00e7indir<br \/>\n\u2022 G\u00f6z ile temas\u0131ndan ka\u00e7\u0131n\u0131n<br \/>\n\u2022 \u00c7ocuklar\u0131n ula\u015famayaca\u011f\u0131 yerde saklay\u0131n<br \/>\n\u2022 3 ya\u015f alt\u0131 \u00e7ocuklar i\u00e7in uygun de\u011fildir<br \/>\n\u2022 Serin ve kuru bir yerde muhafaza edin<br \/>\n\u2022 Beklenmeyen bir reaksiyon veya hassasiyet durumunda kullan\u0131m\u0131 durdurun ve bir uzmana dan\u0131\u015f\u0131n<\/p>\n","protected":false},"excerpt":{"rendered":"<ul>\n<li>2 x 100 Ml ( 3,38 fl. oz) Sa\u00e7 Onar\u0131c\u0131 \u015eampuan<\/li>\n<li>100 Ml (3,38 fl. oz) Losyon<\/li>\n<li>Klinik ve FDA Onayl\u0131<\/li>\n<li>Form\u00fcl\u00fc; bitkisel k\u00f6k h\u00fccreler, Capixyl, Redensyl, Procapil, S.DNA, GF Factor, Anagain, biotin, keratin, Saw Palmetto ve amino asit kompleksi i\u00e7eren hedefe y\u00f6nelik aktif bir kar\u0131\u015f\u0131m i\u00e7erir. Bu i\u00e7erikler sa\u00e7 d\u00f6k\u00fclmesini azaltmaya, sa\u00e7\u0131n dayan\u0131kl\u0131l\u0131\u011f\u0131n\u0131 art\u0131rmaya, elastikiyetini desteklemeye ve daha sa\u011fl\u0131kl\u0131 g\u00f6r\u00fcnen bir yo\u011funluk kazand\u0131rmaya yard\u0131mc\u0131 olur. <\/li>\n<\/ul>\n","protected":false},"featured_media":5232,"comment_status":"open","ping_status":"closed","template":"","meta":{"_joinchat":[]},"product_brand":[],"product_cat":[78,81,77],"product_tag":[],"class_list":{"0":"post-3182","1":"product","2":"type-product","3":"status-publish","4":"has-post-thumbnail","6":"product_cat-sac-ekimi-oncesi","7":"product_cat-setler","8":"product_cat-tum-urunler","10":"first","11":"instock","12":"taxable","13":"shipping-taxable","14":"purchasable","15":"product-type-simple"},"acf":[],"_links":{"self":[{"href":"https:\/\/mdplusbio.com\/tr\/wp-json\/wp\/v2\/product\/3182","targetHints":{"allow":["GET"]}}],"collection":[{"href":"https:\/\/mdplusbio.com\/tr\/wp-json\/wp\/v2\/product"}],"about":[{"href":"https:\/\/mdplusbio.com\/tr\/wp-json\/wp\/v2\/types\/product"}],"replies":[{"embeddable":true,"href":"https:\/\/mdplusbio.com\/tr\/wp-json\/wp\/v2\/comments?post=3182"}],"wp:featuredmedia":[{"embeddable":true,"href":"https:\/\/mdplusbio.com\/tr\/wp-json\/wp\/v2\/media\/5232"}],"wp:attachment":[{"href":"https:\/\/mdplusbio.com\/tr\/wp-json\/wp\/v2\/media?parent=3182"}],"wp:term":[{"taxonomy":"product_brand","embeddable":true,"href":"https:\/\/mdplusbio.com\/tr\/wp-json\/wp\/v2\/product_brand?post=3182"},{"taxonomy":"product_cat","embeddable":true,"href":"https:\/\/mdplusbio.com\/tr\/wp-json\/wp\/v2\/product_cat?post=3182"},{"taxonomy":"product_tag","embeddable":true,"href":"https:\/\/mdplusbio.com\/tr\/wp-json\/wp\/v2\/product_tag?post=3182"}],"curies":[{"name":"wp","href":"https:\/\/api.w.org\/{rel}","templated":true}]}}