{"id":3178,"date":"2024-12-17T11:17:27","date_gmt":"2024-12-17T11:17:27","guid":{"rendered":"https:\/\/mdplusbio.com\/product\/sac-sampuani\/"},"modified":"2026-02-27T14:02:48","modified_gmt":"2026-02-27T11:02:48","slug":"hair-shampoo","status":"publish","type":"product","link":"https:\/\/mdplusbio.com\/tr\/urun\/hair-shampoo\/","title":{"rendered":"Sa\u00e7 Onar\u0131c\u0131 \u015eampuan"},"content":{"rendered":"<p>MD PLUS BIO Hair Repair Shampoo \u2013 S\u00fclfats\u0131z D\u00f6k\u00fclme Kar\u015f\u0131t\u0131 \u015eampuan (\u0130ncelen Sa\u00e7lar \u0130\u00e7in): MD PLUS BIO Hair Repair Shampoo, sa\u00e7 derisi sa\u011fl\u0131\u011f\u0131n\u0131 desteklemek, a\u015f\u0131r\u0131 sa\u00e7 d\u00f6k\u00fclmesini azaltmaya yard\u0131mc\u0131 olmak ve daha g\u00fc\u00e7l\u00fc, daha dolgun g\u00f6r\u00fcn\u00fcml\u00fc sa\u00e7lar\u0131n olu\u015fumunu desteklemek i\u00e7in form\u00fcle edilmi\u015f s\u00fclfats\u0131z bir d\u00f6k\u00fclme kar\u015f\u0131t\u0131 \u015fampuand\u0131r. Sa\u00e7 incelmesi ya\u015fayan, sa\u00e7 telleri zay\u0131flam\u0131\u015f olan veya i\u015flem sonras\u0131 bak\u0131m d\u00f6neminde bulunan kad\u0131n ve erkekler i\u00e7in uygundur. <\/p>\n<p>Temel \u00d6zellikler<\/p>\n<ul>\n<li>S\u00fclfats\u0131z d\u00f6k\u00fclme kar\u015f\u0131t\u0131 \u015fampuan<\/li>\n<li>Dermatolojik olarak nazik temizleme baz\u0131<\/li>\n<li>pH dengeli (6\u20136,2) \u2013 sa\u00e7 derisi mikrobiyomunu destekler<\/li>\n<li>A\u015f\u0131r\u0131 sa\u00e7 d\u00f6k\u00fclmesini azaltmaya yard\u0131mc\u0131 olur<\/li>\n<li>Folik\u00fcl tutunma g\u00fcc\u00fcn\u00fc destekler<\/li>\n<li>Piroctone Olamine ile kepek kontrol\u00fcne destek sa\u011flar<\/li>\n<li>Zay\u0131f ve k\u0131r\u0131lgan sa\u00e7 tellerini g\u00fc\u00e7lendirir<\/li>\n<li>Kuru, ya\u011fl\u0131, normal ve hassas sa\u00e7 derisi i\u00e7in uygundur<\/li>\n<li>Sa\u00e7 ekimi sonras\u0131 kullan\u0131m i\u00e7in uygundur (doktor onay\u0131 ile)<\/li>\n<li>G\u00fcnl\u00fck kullan\u0131ma uygundur<\/li>\n<\/ul>\n<p>Aktif \u0130\u00e7erik Bilgisi<\/p>\n<ul>\n<li>Panthenol (Pro-Vitamin B5) \u2013 sa\u00e7 derisini nemlendirir ve yat\u0131\u015ft\u0131rmaya yard\u0131mc\u0131 olur<\/li>\n<li>Biotin (Vitamin B7) \u2013 keratin yap\u0131s\u0131n\u0131 ve sa\u00e7 dayan\u0131kl\u0131l\u0131\u011f\u0131n\u0131 destekler<\/li>\n<li>Beta-Glukan \u2013 antioksidan ve sa\u00e7 derisi bariyer deste\u011fi sa\u011flar<\/li>\n<li>Aloe Vera \u2013 nem dengesini ve sebum kontrol\u00fcn\u00fc destekler<\/li>\n<li>Hidrolize Keratin &amp; Hidrolize Kolajen \u2013 sa\u00e7 telinin yap\u0131s\u0131n\u0131 g\u00fc\u00e7lendirir ve dayan\u0131kl\u0131l\u0131\u011f\u0131 art\u0131rmaya yard\u0131mc\u0131 olur<\/li>\n<li>Capixyl\u2122 (Acetyl Tetrapeptide-3 &amp; K\u0131rm\u0131z\u0131 Yonca Ekstresi) \u2013 folik\u00fcl tutunmas\u0131n\u0131 destekler ve d\u00f6k\u00fclme g\u00f6r\u00fcn\u00fcm\u00fcn\u00fc azaltmaya yard\u0131mc\u0131 olur<\/li>\n<li>Piroctone Olamine \u2013 kepek olu\u015fumunu ve sa\u00e7 derisi birikimlerini kontrol etmeye yard\u0131mc\u0131 olur<\/li>\n<li>Centella Asiatica (Gotu Kola) \u2013 sa\u00e7 derisi mikrosirk\u00fclasyonunu destekler<\/li>\n<li>Bitkisel ekstrakt kar\u0131\u015f\u0131m\u0131 \u2013 papatya, \u0131s\u0131rgan, ye\u015fil \u00e7ay, dulavratotu, ada\u00e7ay\u0131, atkuyru\u011fu, at kestanesi, \u00fcz\u00fcm \u00e7ekirde\u011fi<\/li>\n<\/ul>\n<p>Fonksiyonel Faydalar<\/p>\n<ul>\n<li>Daha g\u00fc\u00e7l\u00fc, daha dolgun ve daha sa\u011fl\u0131kl\u0131 g\u00f6r\u00fcn\u00fcm\u00fc destekler<\/li>\n<li>Sa\u00e7 derisinin nemini, konforunu ve esnekli\u011fini art\u0131rmaya yard\u0131mc\u0131 olur<\/li>\n<li>Kepek ve sa\u00e7 derisi k\u0131zar\u0131kl\u0131\u011f\u0131n\u0131 azalt\u0131r<\/li>\n<li>Sa\u00e7 derisinin g\u00f6r\u00fcn\u00fcm\u00fcn\u00fc destekler<\/li>\n<li>Folik\u00fcl ve sa\u00e7 derisi i\u00e7in amino asit ve peptid deste\u011fi sa\u011flar<\/li>\n<li>Daha temiz ve dengeli bir sa\u00e7 derisi ortam\u0131 olu\u015fturur<\/li>\n<\/ul>\n<p>Kullan\u0131m \u015eekli<\/p>\n<ol>\n<li>Islak sa\u00e7a yeterli miktarda uygulay\u0131n.<\/li>\n<li>Parmak u\u00e7lar\u0131n\u0131zla sa\u00e7 derisine ve sa\u00e7lara nazik\u00e7e masaj yap\u0131n.<\/li>\n<li>Durulay\u0131n ve i\u015flemi tekrarlay\u0131n.<\/li>\n<li>\u0130kinci uygulamada, aktif i\u00e7eriklerin optimum emilimi i\u00e7in en az 5 dakika sa\u00e7 derisinde bekletin.<\/li>\n<li>Bol su ile durulay\u0131n.<\/li>\n<li>G\u00fcnl\u00fck kullan\u0131ma uygundur. En iyi sonu\u00e7lar i\u00e7in MD PLUS BIO Hair Repair Serum ile birlikte kullan\u0131lmas\u0131 \u00f6nerilir. <\/li>\n<\/ol>\n<p>Uyar\u0131lar<\/p>\n<ul>\n<li>Sadece harici kullan\u0131m i\u00e7indir<\/li>\n<li>G\u00f6z ile temas\u0131ndan ka\u00e7\u0131n\u0131n<\/li>\n<li>3 ya\u015f alt\u0131 \u00e7ocuklar i\u00e7in uygun de\u011fildir<\/li>\n<li>Tan\u0131 konulmu\u015f sa\u00e7 derisi veya dermatolojik rahats\u0131zl\u0131\u011f\u0131 olan ki\u015filer kullanmadan \u00f6nce uzmana dan\u0131\u015fmal\u0131d\u0131r<\/li>\n<li>Tahri\u015f durumunda kullan\u0131m\u0131 b\u0131rak\u0131n<\/li>\n<li>Serin ve kuru yerde saklay\u0131n<\/li>\n<\/ul>\n<p>Tam INCI i\u00e7erik listesi \u00fcr\u00fcn etiketinde mevcuttur.<\/p>\n","protected":false},"excerpt":{"rendered":"<ul>\n<li>150 Ml ( 5, 07 fl. oz) Sa\u00e7 Onar\u0131c\u0131 \u015eampuan<\/li>\n<li>Klinik ve FDA Onayl\u0131<\/li>\n<li class=\"li1\">\u015eampuan\u0131n \u201c\u00d6zel Form\u00fcl\u00fc,\u201d bitkisel k\u00f6k h\u00fccre, Capixyl, Redensyl, Procapil, S.DNA, GF Fakt\u00f6r, Anagain, Biotin, Keratin, Saw Palmetto (Do\u011fal Finasterid) ve Amino Asit Kompleksi gibi g\u00fc\u00e7l\u00fc bir bile\u015fen kar\u0131\u015f\u0131m\u0131 i\u00e7erir. Bu kar\u0131\u015f\u0131m, sa\u00e7 d\u00f6k\u00fclmesini \u00f6nlemek, sa\u00e7 b\u00fcy\u00fcme kal\u0131nl\u0131\u011f\u0131n\u0131 art\u0131rmak ve elastikiyeti iyile\u015ftirmek i\u00e7in \u00f6zel olarak tasarlanm\u0131\u015ft\u0131r. <\/li>\n<\/ul>\n","protected":false},"featured_media":5244,"comment_status":"open","ping_status":"closed","template":"","meta":{"_joinchat":[]},"product_brand":[],"product_cat":[78,79,80,77],"product_tag":[],"class_list":{"0":"post-3178","1":"product","2":"type-product","3":"status-publish","4":"has-post-thumbnail","6":"product_cat-sac-ekimi-oncesi","7":"product_cat-sac-ekimi-sonrasi","8":"product_cat-tekil-urunler","9":"product_cat-tum-urunler","11":"first","12":"instock","13":"taxable","14":"shipping-taxable","15":"purchasable","16":"product-type-simple"},"acf":[],"_links":{"self":[{"href":"https:\/\/mdplusbio.com\/tr\/wp-json\/wp\/v2\/product\/3178","targetHints":{"allow":["GET"]}}],"collection":[{"href":"https:\/\/mdplusbio.com\/tr\/wp-json\/wp\/v2\/product"}],"about":[{"href":"https:\/\/mdplusbio.com\/tr\/wp-json\/wp\/v2\/types\/product"}],"replies":[{"embeddable":true,"href":"https:\/\/mdplusbio.com\/tr\/wp-json\/wp\/v2\/comments?post=3178"}],"wp:featuredmedia":[{"embeddable":true,"href":"https:\/\/mdplusbio.com\/tr\/wp-json\/wp\/v2\/media\/5244"}],"wp:attachment":[{"href":"https:\/\/mdplusbio.com\/tr\/wp-json\/wp\/v2\/media?parent=3178"}],"wp:term":[{"taxonomy":"product_brand","embeddable":true,"href":"https:\/\/mdplusbio.com\/tr\/wp-json\/wp\/v2\/product_brand?post=3178"},{"taxonomy":"product_cat","embeddable":true,"href":"https:\/\/mdplusbio.com\/tr\/wp-json\/wp\/v2\/product_cat?post=3178"},{"taxonomy":"product_tag","embeddable":true,"href":"https:\/\/mdplusbio.com\/tr\/wp-json\/wp\/v2\/product_tag?post=3178"}],"curies":[{"name":"wp","href":"https:\/\/api.w.org\/{rel}","templated":true}]}}