{"id":3175,"date":"2024-12-17T11:20:30","date_gmt":"2024-12-17T11:20:30","guid":{"rendered":"https:\/\/mdplusbio.com\/product\/gida-takviyesi\/"},"modified":"2026-03-06T14:05:14","modified_gmt":"2026-03-06T11:05:14","slug":"food-supplements","status":"publish","type":"product","link":"https:\/\/mdplusbio.com\/tr\/urun\/food-supplements\/","title":{"rendered":"G\u0131da Takviyesi &#8211; Biotin 5000 MCG"},"content":{"rendered":"<p class=\"p1\">MD Bio PLUS GF Hair Multivitamin \u2013 Biotin 5000 mcg Sa\u00e7 Destekleyici G\u0131da Takviyesi (60 Tablet), MD Bio PLUS GF Hair Multivitamin, sa\u00e7 k\u00f6klerini i\u00e7eriden beslemek ve sa\u011fl\u0131kl\u0131 sa\u00e7 uzamas\u0131n\u0131 desteklemek amac\u0131yla form\u00fcle edilmi\u015f geli\u015fmi\u015f bir sa\u00e7 destekleyici g\u0131da takviyesidir. Form\u00fcl, g\u00fc\u00e7l\u00fc ve sa\u011fl\u0131kl\u0131 g\u00f6r\u00fcn\u00fcml\u00fc sa\u00e7lar\u0131n korunmas\u0131nda rol oynayan Biotin 5000 mcg, temel vitaminler, amino asitler, mineraller ve bitkisel \u00f6zlerin bir kombinasyonunu i\u00e7erir. <\/p>\n<p>Sa\u00e7 uzamas\u0131 do\u011fru ve dengeli beslenmeye ba\u011fl\u0131d\u0131r. Bu multivitamin kompleks; keratin \u00fcretimi, sa\u00e7 k\u00f6k\u00fc metabolizmas\u0131, sa\u00e7 derisi dola\u015f\u0131m\u0131 ve antioksidan koruma ile ili\u015fkili besin \u00f6\u011felerini sa\u011flayarak zamanla daha g\u00fc\u00e7l\u00fc ve daha dolgun g\u00f6r\u00fcn\u00fcml\u00fc sa\u00e7lar\u0131n desteklenmesine yard\u0131mc\u0131 olur. <\/p>\n<p>Sa\u00e7 incelmesi, mevsimsel sa\u00e7 d\u00f6k\u00fclmesi veya zay\u0131flam\u0131\u015f sa\u00e7 telleri ya\u015fayan kad\u0131n ve erkekler i\u00e7in uygundur. Ayr\u0131ca sa\u00e7 sa\u011fl\u0131\u011f\u0131n\u0131 g\u00fcnl\u00fck besin takviyesi ile desteklemek isteyen ki\u015filer i\u00e7in de ideal bir se\u00e7enektir.<\/p>\n<p>Her paket 60 tablet (30 g\u00fcnl\u00fck kullan\u0131m) i\u00e7erir.<\/p>\n<p><strong>Temel Faydalar<\/strong><\/p>\n<ul>\n<li> Y\u00fcksek doz Biotin 5000 mcg form\u00fcl\u00fc<\/li>\n<li> Daha g\u00fc\u00e7l\u00fc ve dolgun g\u00f6r\u00fcn\u00fcml\u00fc sa\u00e7lar\u0131 destekler<\/li>\n<li> Sa\u00e7 k\u00f6klerinin i\u00e7eriden beslenmesine yard\u0131mc\u0131 olur<\/li>\n<li> Normal keratin \u00fcretimine katk\u0131da bulunur<\/li>\n<li> Sa\u00e7 derisinde sa\u011fl\u0131kl\u0131 dola\u015f\u0131m\u0131 destekler<\/li>\n<li> Sa\u00e7\u0131n g\u00fc\u00e7 ve elastikiyetini korumaya yard\u0131mc\u0131 olur<\/li>\n<li> Vitaminler, mineraller, amino asitler ve bitkisel \u00f6zler i\u00e7erir<\/li>\n<li> Kad\u0131nlar ve erkekler i\u00e7in uygundur<\/li>\n<\/ul>\n<p><strong>Geli\u015fmi\u015f Sa\u00e7 Destek Form\u00fcl\u00fc<\/strong><\/p>\n<p>MD Bio PLUS GF Hair Multivitamin, sa\u00e7 yap\u0131s\u0131n\u0131 ve sa\u00e7 k\u00f6k\u00fc sa\u011fl\u0131\u011f\u0131n\u0131 destekledi\u011fi bilinen geni\u015f bir besin yelpazesi i\u00e7erir.<\/p>\n<p><strong>Vitaminler ve Mineraller<\/strong><\/p>\n<ul>\n<li> Biotin (Vitamin B7)<\/li>\n<li> C Vitamin<\/li>\n<li> Vitamin B1<\/li>\n<li> Vitamin B5<\/li>\n<li> Vitamin B6<\/li>\n<li> Folik Asit<\/li>\n<li> \u00c7inko<\/li>\n<li> Demir<\/li>\n<li> Selenyum<\/li>\n<\/ul>\n<p><strong>Keratin Deste\u011fi i\u00e7in Amino Asitler<\/strong><\/p>\n<ul>\n<li> L-Metiyonin<\/li>\n<li> L-Sistein<\/li>\n<li> L-Lizin<\/li>\n<\/ul>\n<p><strong>Bitkisel Ekstrakt Kompleksi<\/strong><\/p>\n<ul>\n<li> K\u0131rm\u0131z\u0131 Ginseng Ekstresi<\/li>\n<li> Kabak Ekstresi<\/li>\n<li> At Kuyru\u011fu Ekstresi<\/li>\n<li> Is\u0131rgan Ekstresi<\/li>\n<li> Ye\u015fil \u00c7ay Ekstresi<\/li>\n<li> \u00dcz\u00fcm \u00c7ekirde\u011fi Ekstresi<\/li>\n<li> Ginkgo Ekstresi<\/li>\n<li> Dar\u0131 Tohumu Tozu<\/li>\n<li> Yulaf Ekstresi<\/li>\n<\/ul>\n<p><strong>Ek Fonksiyonel \u0130\u00e7erikler<\/strong><\/p>\n<ul>\n<li> Beta Glukan<\/li>\n<li> Koenzim Q10<\/li>\n<li> Saccharomyces Boulardii (Probiyotik)<\/li>\n<\/ul>\n<p>Bu besin \u00f6\u011feleri birlikte \u00e7al\u0131\u015farak sa\u00e7 k\u00f6k\u00fc aktivitesini, sa\u00e7 derisi mikrodola\u015f\u0131m\u0131n\u0131, keratin olu\u015fumunu ve antioksidan korumay\u0131 destekler.<\/p>\n<p><strong>Bu Takviyenin Destekledi\u011fi Alanlar<\/strong><\/p>\n<p>\u2714 Sa\u00e7 k\u00f6klerinin beslenmesi<br \/>\n\u2714 Sa\u011fl\u0131kl\u0131 sa\u00e7 b\u00fcy\u00fcme d\u00f6ng\u00fcs\u00fc<br \/>\n\u2714 Daha g\u00fc\u00e7l\u00fc sa\u00e7 telleri i\u00e7in keratin \u00fcretimi<br \/>\n\u2714 Sa\u00e7 derisi dola\u015f\u0131m\u0131 ve sa\u00e7 k\u00f6klerinin oksijenlenmesi<br \/>\n\u2714 Oksidatif strese kar\u015f\u0131 koruma<br \/>\n\u2714 Sa\u00e7\u0131n g\u00fcc\u00fc ve dayan\u0131kl\u0131l\u0131\u011f\u0131<\/p>\n<p>G\u00f6zle g\u00f6r\u00fcl\u00fcr sonu\u00e7lar, ki\u015finin beslenme durumu ve sa\u00e7 b\u00fcy\u00fcme d\u00f6ng\u00fcs\u00fcne ba\u011fl\u0131 olarak de\u011fi\u015febilir.<\/p>\n<p><strong>\u00d6nerilen G\u00fcnl\u00fck Kullan\u0131m Dozu<\/strong><\/p>\n<ul>\n<li> Yeti\u015fkinler i\u00e7in g\u00fcnde 2 tablet, tercihen yemeklerden sonra al\u0131nmas\u0131 \u00f6nerilir.<\/li>\n<li> \u00d6nerilen g\u00fcnl\u00fck dozu a\u015fmay\u0131n\u0131z.<\/li>\n<\/ul>\n<p><strong>G\u00fcvenlik Bilgileri<\/strong><\/p>\n<ul>\n<li> Bu \u00fcr\u00fcn bir g\u0131da takviyesidir<\/li>\n<li> G\u0131da takviyeleri dengeli ve \u00e7e\u015fitli beslenmenin yerine ge\u00e7mez<\/li>\n<li> Yaln\u0131zca yeti\u015fkinler i\u00e7in uygundur<\/li>\n<li> \u00c7ocuklar\u0131n eri\u015femeyece\u011fi yerde saklay\u0131n\u0131z<\/li>\n<li> Herhangi bir hastal\u0131\u011f\u0131 te\u015fhis etmek, tedavi etmek, iyile\u015ftirmek veya \u00f6nlemek amac\u0131yla kullan\u0131lmaz<\/li>\n<li> Hamilelik, emzirme, ila\u00e7 kullan\u0131m\u0131 veya herhangi bir sa\u011fl\u0131k sorunu durumunda kullanmadan \u00f6nce doktorunuza dan\u0131\u015f\u0131n\u0131z<\/li>\n<li> G\u00fcvenlik band\u0131 hasarl\u0131ysa kullanmay\u0131n\u0131z<\/li>\n<li> Serin ve kuru bir yerde saklay\u0131n\u0131z.<\/li>\n<\/ul>\n","protected":false},"excerpt":{"rendered":"<ul>\n<li>60 Tablet G\u0131da Takviyesi &#8211; Biotin<\/li>\n<li>Klinik ve FDA Onayl\u0131<\/li>\n<li>Sa\u00e7 G\u0131da Takviyelerinin \u201c\u00d6zel Form\u00fcl\u00fc\u201d, 5000 MCG Biotin, Kreatin, \u00c7inko, Demir, Ginseng, C Vitamini, Beta Glukan, Folik Asit ve At Kuyru\u011fu bitkisinden olu\u015fan bir kar\u0131\u015f\u0131m i\u00e7erir.<\/li>\n<\/ul>\n","protected":false},"featured_media":5250,"comment_status":"open","ping_status":"closed","template":"","meta":{"_joinchat":[]},"product_brand":[],"product_cat":[78,79,80,77],"product_tag":[],"class_list":{"0":"post-3175","1":"product","2":"type-product","3":"status-publish","4":"has-post-thumbnail","6":"product_cat-sac-ekimi-oncesi","7":"product_cat-sac-ekimi-sonrasi","8":"product_cat-tekil-urunler","9":"product_cat-tum-urunler","11":"first","12":"instock","13":"taxable","14":"shipping-taxable","15":"purchasable","16":"product-type-simple"},"acf":[],"_links":{"self":[{"href":"https:\/\/mdplusbio.com\/tr\/wp-json\/wp\/v2\/product\/3175","targetHints":{"allow":["GET"]}}],"collection":[{"href":"https:\/\/mdplusbio.com\/tr\/wp-json\/wp\/v2\/product"}],"about":[{"href":"https:\/\/mdplusbio.com\/tr\/wp-json\/wp\/v2\/types\/product"}],"replies":[{"embeddable":true,"href":"https:\/\/mdplusbio.com\/tr\/wp-json\/wp\/v2\/comments?post=3175"}],"wp:featuredmedia":[{"embeddable":true,"href":"https:\/\/mdplusbio.com\/tr\/wp-json\/wp\/v2\/media\/5250"}],"wp:attachment":[{"href":"https:\/\/mdplusbio.com\/tr\/wp-json\/wp\/v2\/media?parent=3175"}],"wp:term":[{"taxonomy":"product_brand","embeddable":true,"href":"https:\/\/mdplusbio.com\/tr\/wp-json\/wp\/v2\/product_brand?post=3175"},{"taxonomy":"product_cat","embeddable":true,"href":"https:\/\/mdplusbio.com\/tr\/wp-json\/wp\/v2\/product_cat?post=3175"},{"taxonomy":"product_tag","embeddable":true,"href":"https:\/\/mdplusbio.com\/tr\/wp-json\/wp\/v2\/product_tag?post=3175"}],"curies":[{"name":"wp","href":"https:\/\/api.w.org\/{rel}","templated":true}]}}