{"id":3345,"date":"2024-11-18T14:34:54","date_gmt":"2024-11-18T14:34:54","guid":{"rendered":"https:\/\/mdplusbio.com\/privacy-policy\/"},"modified":"2025-01-15T13:25:42","modified_gmt":"2025-01-15T13:25:42","slug":"gizlilik-politikasi","status":"publish","type":"page","link":"https:\/\/mdplusbio.com\/tr\/gizlilik-politikasi\/","title":{"rendered":"Gizlilik Politikas\u0131"},"content":{"rendered":"\t\t<div data-elementor-type=\"wp-page\" data-elementor-id=\"3345\" class=\"elementor elementor-3345 elementor-3\" data-elementor-post-type=\"page\">\n\t\t\t\t<div class=\"elementor-element elementor-element-769ccdf e-flex e-con-boxed e-con e-parent\" data-id=\"769ccdf\" data-element_type=\"container\">\n\t\t\t\t\t<div class=\"e-con-inner\">\n\t\t\t\t<div class=\"elementor-element elementor-element-8b1384b elementor-widget elementor-widget-heading\" data-id=\"8b1384b\" data-element_type=\"widget\" data-widget_type=\"heading.default\">\n\t\t\t\t<div class=\"elementor-widget-container\">\n\t\t\t\t\t<h2 class=\"elementor-heading-title elementor-size-default\">Gizlilik Politikas\u0131<\/h2>\t\t\t\t<\/div>\n\t\t\t\t<\/div>\n\t\t\t\t\t<\/div>\n\t\t\t\t<\/div>\n\t\t<div class=\"elementor-element elementor-element-9047971 e-flex e-con-boxed e-con e-parent\" data-id=\"9047971\" data-element_type=\"container\">\n\t\t\t\t\t<div class=\"e-con-inner\">\n\t\t\t\t<div class=\"elementor-element elementor-element-a0d7402 elementor-widget elementor-widget-text-editor\" data-id=\"a0d7402\" data-element_type=\"widget\" data-widget_type=\"text-editor.default\">\n\t\t\t\t<div class=\"elementor-widget-container\">\n\t\t\t\t\t\t\t\t\t<p style=\"margin-bottom: 1.5rem; position: relative; color: #7e7e7e; font-family: Urbanist; font-size: 15px;\">COPYRIGHT \u00a9 2025 MDPLUSBIO<br>T\u00fcm haklar\u0131 sakl\u0131d\u0131r Bu sitede yer alan metin, grafik, logo, buton ikonlar\u0131 ve resimler gibi t\u00fcm i\u00e7erik GDZ SA\u011eLIK VE G\u00dcZELL\u0130K H\u0130ZMETLER\u0130 LTD.\u015eT\u0130&#8217;nin m\u00fclkiyetindedir. veya i\u00e7erik tedarik\u00e7ileri taraf\u0131ndan korunmakta olup, T\u00dcRK\u0130YE ve uluslararas\u0131 telif haklar\u0131 kanunlar\u0131 taraf\u0131ndan korunmaktad\u0131r.<\/p>\n<p style=\"margin-bottom: 1.5rem; position: relative; color: #7e7e7e; font-family: Urbanist; font-size: 15px;\">Bu sitenin t\u00fcm i\u00e7eri\u011finin derlemesi, GDZ SA\u011eLIK VE G\u00dcZELL\u0130K H\u0130ZMETLER\u0130 LTD.\u015eT\u0130.&#8217;nin m\u00fcnhas\u0131r m\u00fclkiyetindedir ve T\u00dcRK\u0130YE ile uluslararas\u0131 telif hakk\u0131 yasalar\u0131yla korunmaktad\u0131r. Bu sitenin i\u00e7eri\u011fi tasar\u0131m veya al\u0131\u015fveri\u015f kayna\u011f\u0131 olarak kullan\u0131labilir. \u0130\u00e7eri\u011fin \u00e7o\u011falt\u0131lmas\u0131, de\u011fi\u015ftirilmesi, da\u011f\u0131t\u0131lmas\u0131, iletilmesi, yeniden yay\u0131mlanmas\u0131 veya g\u00f6r\u00fcnt\u00fclenmesi dahil di\u011fer t\u00fcm kullan\u0131mlar kesinlikle yasakt\u0131r. MDPLUSBIO.com ve di\u011fer MDPLUSBIO.com grafik, logo, g\u00f6rsel ve \u00fcr\u00fcn adlar\u0131, GDZ SA\u011eLIK VE G\u00dcZELL\u0130K H\u0130ZMETLER\u0130 LTD.\u015eT\u0130.&#8217;nin tescilli ve tescilsiz ticari markalar\u0131d\u0131r.<\/p>\n<p style=\"margin-bottom: 1.5rem; position: relative; color: #7e7e7e; font-family: Urbanist; font-size: 15px;\">T\u00fcm haklar\u0131 sakl\u0131d\u0131r. GDZ SA\u011eLIK VE G\u00dcZELL\u0130K H\u0130ZMETLER\u0130 LTD.\u015eT\u0130.&#8217;ye ait ticari markalar, GDZ SA\u011eLIK VE G\u00dcZELL\u0130K H\u0130ZMETLER\u0130 LTD.\u015eT\u0130.&#8217;ye ait olmayan herhangi bir \u00fcr\u00fcn veya hizmetle ba\u011flant\u0131l\u0131 olarak, m\u00fc\u015fteriler aras\u0131nda kar\u0131\u015f\u0131kl\u0131\u011fa neden olabilecek herhangi bir \u015fekilde, GDZ SA\u011eLIK VE G\u00dcZELL\u0130K H\u0130ZMETLER\u0130 LTD.\u015eT\u0130. ve\/veya MDPLUSBIO.com&#8217;u k\u00f6t\u00fcleyen veya itibar\u0131n\u0131 zedeleyen herhangi bir \u015fekilde ya da GDZ SA\u011eLIK VE G\u00dcZELL\u0130K H\u0130ZMETLER\u0130 LTD.\u015eT\u0130.&#8217;nin \u00f6nceden a\u00e7\u0131k yaz\u0131l\u0131 izni olmadan kullan\u0131lamaz. Bu site veya bu sitenin herhangi bir b\u00f6l\u00fcm\u00fc, GDZ SA\u011eLIK VE G\u00dcZELL\u0130K H\u0130ZMETLER\u0130 LTD.\u015eT\u0130. taraf\u0131ndan a\u00e7\u0131k\u00e7a izin verilmedi\u011fi s\u00fcrece, \u00e7o\u011falt\u0131lamaz, kopyalanamaz, sat\u0131lamaz, yeniden sat\u0131lamaz veya ba\u015fka bir ticari ama\u00e7la kullan\u0131lamaz.<\/p>\n<p style=\"margin-bottom: 1.5rem; position: relative; color: #7e7e7e; font-family: Urbanist; font-size: 15px;\"><span style=\"font-weight: bolder;\">Gizlilik Politikas\u0131<\/span><\/p>\n<p style=\"margin-bottom: 1.5rem; position: relative; color: #7e7e7e; font-family: Urbanist; font-size: 15px;\"><span style=\"\">MDPLUSBIO<\/span>, m\u00fc\u015fterilerinin gizlili\u011fini korumaya g\u00fc\u00e7l\u00fc bir \u015fekilde ba\u011fl\u0131d\u0131r. Hakk\u0131n\u0131zda toplanan bilgilerin yaln\u0131zca dahili kullan\u0131m\u0131m\u0131z i\u00e7in oldu\u011funu ve istenmeyen pazarlama ama\u00e7lar\u0131yla sat\u0131lmayaca\u011f\u0131n\u0131, kiralanmayaca\u011f\u0131n\u0131 veya ba\u015fka bir \u015fekilde payla\u015f\u0131lmayaca\u011f\u0131n\u0131 garanti ederiz. Toplanan bilgiler, de\u011ferli m\u00fc\u015fterimiz olarak size daha iyi hizmet sunabilmek i\u00e7in daha iyi bir anlay\u0131\u015f kazanmak amac\u0131yla kullan\u0131lacakt\u0131r. Bu uygulamalar\u0131n ve prosed\u00fcrlerin etkili ve verimli bir \u015fekilde uygulanmas\u0131n\u0131 sa\u011flamak i\u00e7in bu politikay\u0131 olu\u015fturduk.   <\/p>\n<p style=\"margin-bottom: 1.5rem; position: relative; color: #7e7e7e; font-family: Urbanist; font-size: 15px;\"><span style=\"font-weight: bolder;\">Gizlilik \u0130lkeleri<\/span><br>18 y\u0131l\u0131 a\u015fk\u0131n bir s\u00fcredir, binlerce ki\u015fi <span style=\"font-weight: bolder;\">GDZ SA\u011eLIK VE G\u00dcZELL\u0130K H\u0130ZMETLER\u0130 LTD.\u015eT\u0130<\/span>.&#8217;ye ki\u015fisel ve gizli bilgilerini emanet etmi\u015ftir. Gizlili\u011fin, m\u00fc\u015fterilerimizin i\u015finin \u00f6nemli bir unsuru oldu\u011funu biliyoruz ve bu nedenle m\u00fc\u015fterilerimizin bizden ki\u015fisel bilgilerini uygun ve sorumlu bir \u015fekilde toplamam\u0131z\u0131 ve korumam\u0131z\u0131 bekledi\u011finin fark\u0131nday\u0131z.  <\/p>\n<p style=\"margin-bottom: 1.5rem; position: relative; color: #7e7e7e; font-family: Urbanist; font-size: 15px;\"><span style=\"font-weight: bolder;\">Toplanan Bilgiler<\/span><\/p>\n<p style=\"margin-bottom: 1.5rem; position: relative; color: #7e7e7e; font-family: Urbanist; font-size: 15px;\">\u00c7erez, bir\u00e7ok web sitesinin bilgisayar\u0131n\u0131z\u0131n sabit diskine depolad\u0131\u011f\u0131 ve daha sonra bilgisayar kullan\u0131c\u0131s\u0131n\u0131 tan\u0131mlamak i\u00e7in bir kimlik kart\u0131 gibi geri \u00e7a\u011fr\u0131labilen k\u00fc\u00e7\u00fck bir veri par\u00e7as\u0131d\u0131r. Biz de sitemizi ziyaret edenlerin say\u0131s\u0131n\u0131, geri d\u00f6nen ziyaret\u00e7ileri ve hangi sayfalar\u0131n g\u00f6r\u00fcnt\u00fclendi\u011fini g\u00f6zden ge\u00e7irmemize yard\u0131mc\u0131 olmas\u0131 i\u00e7in \u00e7erezleri kullanabiliriz. Bu istatistikleri toplayarak, <span style=\"\">MDPLUSBIO <\/span>site kapasitesini y\u00f6netebilir ve m\u00fc\u015fterilerimizin ihtiya\u00e7lar\u0131n\u0131 daha iyi kar\u015f\u0131lamak i\u00e7in sitemizi geli\u015ftirebilir.<br>\u00c7erezler, kullan\u0131c\u0131lar\u0131m\u0131z hakk\u0131nda ki\u015fisel olarak tan\u0131mlanabilir bilgi toplamaz ve taray\u0131c\u0131n\u0131z, \u00e7erezleri reddedecek veya kabul etmeden \u00f6nce sizi bilgilendirecek \u015fekilde ayarlanabilir.   <\/p>\n<p style=\"margin-bottom: 1.5rem; position: relative; color: #7e7e7e; font-family: Urbanist; font-size: 15px;\"><span style=\"font-weight: bolder;\">Sertifikal\u0131 Garanti<\/span><\/p>\n<p style=\"margin-bottom: 1.5rem; position: relative; color: #7e7e7e; font-family: Urbanist; font-size: 15px;\"><span style=\"font-weight: bolder;\">MDPLUSBIO\u00ae<\/span>, hak etti\u011fi sayg\u0131nl\u0131\u011f\u0131 kararl\u0131l\u0131kla korumaktad\u0131r. De\u011ferli m\u00fc\u015fterilerimizin gizlili\u011fini koruma konusundaki taahh\u00fcd\u00fcm\u00fcz kesindir. Toplanan bilgiler, al\u0131\u015fveri\u015f deneyiminizi geli\u015ftirmek i\u00e7in kullan\u0131lmaktad\u0131r.<br>G\u00fcvenli, keyifli ve tatmin edici bir al\u0131\u015fveri\u015f deneyimi sa\u011flamak i\u00e7in bu politikada belirtilen ilkelere uymay\u0131 kabul ediyoruz.   <\/p>\t\t\t\t\t\t\t\t<\/div>\n\t\t\t\t<\/div>\n\t\t\t\t\t<\/div>\n\t\t\t\t<\/div>\n\t\t\t\t<\/div>\n\t\t","protected":false},"excerpt":{"rendered":"<p>Gizlilik Politikas\u0131 COPYRIGHT \u00a9 2025 MDPLUSBIOT\u00fcm haklar\u0131 sakl\u0131d\u0131r Bu sitede yer alan metin, grafik, logo, buton ikonlar\u0131 ve resimler gibi t\u00fcm i\u00e7erik GDZ SA\u011eLIK VE G\u00dcZELL\u0130K H\u0130ZMETLER\u0130 LTD.\u015eT\u0130&#8217;nin m\u00fclkiyetindedir. veya [&hellip;]<\/p>\n","protected":false},"author":1,"featured_media":0,"parent":0,"menu_order":0,"comment_status":"closed","ping_status":"closed","template":"","meta":{"_joinchat":[],"footnotes":""},"class_list":["post-3345","page","type-page","status-publish","hentry"],"acf":[],"_links":{"self":[{"href":"https:\/\/mdplusbio.com\/tr\/wp-json\/wp\/v2\/pages\/3345","targetHints":{"allow":["GET"]}}],"collection":[{"href":"https:\/\/mdplusbio.com\/tr\/wp-json\/wp\/v2\/pages"}],"about":[{"href":"https:\/\/mdplusbio.com\/tr\/wp-json\/wp\/v2\/types\/page"}],"author":[{"embeddable":true,"href":"https:\/\/mdplusbio.com\/tr\/wp-json\/wp\/v2\/users\/1"}],"replies":[{"embeddable":true,"href":"https:\/\/mdplusbio.com\/tr\/wp-json\/wp\/v2\/comments?post=3345"}],"version-history":[{"count":0,"href":"https:\/\/mdplusbio.com\/tr\/wp-json\/wp\/v2\/pages\/3345\/revisions"}],"wp:attachment":[{"href":"https:\/\/mdplusbio.com\/tr\/wp-json\/wp\/v2\/media?parent=3345"}],"curies":[{"name":"wp","href":"https:\/\/api.w.org\/{rel}","templated":true}]}}