{"id":3255,"date":"2024-12-18T12:37:21","date_gmt":"2024-12-18T09:37:21","guid":{"rendered":"https:\/\/mdplusbio.com\/we-care\/"},"modified":"2026-02-06T14:58:25","modified_gmt":"2026-02-06T11:58:25","slug":"kalite","status":"publish","type":"page","link":"https:\/\/mdplusbio.com\/tr\/kalite\/","title":{"rendered":"Kalite"},"content":{"rendered":"\t\t<div data-elementor-type=\"wp-page\" data-elementor-id=\"3255\" class=\"elementor elementor-3255 elementor-1696\" data-elementor-post-type=\"page\">\n\t\t\t\t<div class=\"elementor-element elementor-element-9665a07 e-flex e-con-boxed e-con e-parent\" data-id=\"9665a07\" data-element_type=\"container\">\n\t\t\t\t\t<div class=\"e-con-inner\">\n\t\t\t\t<div class=\"elementor-element elementor-element-a4ea830 elementor-widget elementor-widget-image\" data-id=\"a4ea830\" data-element_type=\"widget\" data-widget_type=\"image.default\">\n\t\t\t\t<div class=\"elementor-widget-container\">\n\t\t\t\t\t\t\t\t\t\t\t\t\t\t\t<img fetchpriority=\"high\" decoding=\"async\" width=\"1024\" height=\"569\" src=\"https:\/\/mdplusbio.com\/wp-content\/uploads\/2026\/02\/MD-BIO-PLUS-WE-CARE-IMAGE-TR-1-1024x569.webp\" class=\"attachment-large size-large wp-image-16280\" alt=\"MD BIO PLUS-WE CARE \u0130MAGE-TR (1)\" srcset=\"https:\/\/mdplusbio.com\/wp-content\/uploads\/2026\/02\/MD-BIO-PLUS-WE-CARE-IMAGE-TR-1-1024x569.webp 1024w, https:\/\/mdplusbio.com\/wp-content\/uploads\/2026\/02\/MD-BIO-PLUS-WE-CARE-IMAGE-TR-1-300x167.webp 300w, https:\/\/mdplusbio.com\/wp-content\/uploads\/2026\/02\/MD-BIO-PLUS-WE-CARE-IMAGE-TR-1-768x427.webp 768w, https:\/\/mdplusbio.com\/wp-content\/uploads\/2026\/02\/MD-BIO-PLUS-WE-CARE-IMAGE-TR-1-1536x854.webp 1536w, https:\/\/mdplusbio.com\/wp-content\/uploads\/2026\/02\/MD-BIO-PLUS-WE-CARE-IMAGE-TR-1-1140x634.webp 1140w, https:\/\/mdplusbio.com\/wp-content\/uploads\/2026\/02\/MD-BIO-PLUS-WE-CARE-IMAGE-TR-1-920x511.webp 920w, https:\/\/mdplusbio.com\/wp-content\/uploads\/2026\/02\/MD-BIO-PLUS-WE-CARE-IMAGE-TR-1-575x320.webp 575w, https:\/\/mdplusbio.com\/wp-content\/uploads\/2026\/02\/MD-BIO-PLUS-WE-CARE-IMAGE-TR-1-380x211.webp 380w, https:\/\/mdplusbio.com\/wp-content\/uploads\/2026\/02\/MD-BIO-PLUS-WE-CARE-IMAGE-TR-1-420x233.webp 420w, https:\/\/mdplusbio.com\/wp-content\/uploads\/2026\/02\/MD-BIO-PLUS-WE-CARE-IMAGE-TR-1-800x445.webp 800w, https:\/\/mdplusbio.com\/wp-content\/uploads\/2026\/02\/MD-BIO-PLUS-WE-CARE-IMAGE-TR-1-80x44.webp 80w, https:\/\/mdplusbio.com\/wp-content\/uploads\/2026\/02\/MD-BIO-PLUS-WE-CARE-IMAGE-TR-1.webp 1920w\" sizes=\"(max-width: 1024px) 100vw, 1024px\" \/>\t\t\t\t\t\t\t\t\t\t\t\t\t\t\t<\/div>\n\t\t\t\t<\/div>\n\t\t\t\t\t<\/div>\n\t\t\t\t<\/div>\n\t\t<div class=\"elementor-element elementor-element-9b46506 e-flex e-con-boxed e-con e-parent\" data-id=\"9b46506\" data-element_type=\"container\">\n\t\t\t\t\t<div class=\"e-con-inner\">\n\t\t\t\t<div class=\"elementor-element elementor-element-fb311d6 elementor-widget elementor-widget-image\" data-id=\"fb311d6\" data-element_type=\"widget\" data-widget_type=\"image.default\">\n\t\t\t\t<div class=\"elementor-widget-container\">\n\t\t\t\t\t\t\t\t\t\t\t\t\t\t\t<img decoding=\"async\" width=\"1000\" height=\"100\" src=\"https:\/\/mdplusbio.com\/wp-content\/uploads\/2024\/12\/Adsiz-tasarim-4-3.png\" class=\"attachment-large size-large wp-image-3388\" alt=\"\" srcset=\"https:\/\/mdplusbio.com\/wp-content\/uploads\/2024\/12\/Adsiz-tasarim-4-3.png 1000w, https:\/\/mdplusbio.com\/wp-content\/uploads\/2024\/12\/Adsiz-tasarim-4-3-300x30.png 300w, https:\/\/mdplusbio.com\/wp-content\/uploads\/2024\/12\/Adsiz-tasarim-4-3-768x77.png 768w, https:\/\/mdplusbio.com\/wp-content\/uploads\/2024\/12\/Adsiz-tasarim-4-3-920x92.png 920w, https:\/\/mdplusbio.com\/wp-content\/uploads\/2024\/12\/Adsiz-tasarim-4-3-575x58.png 575w, https:\/\/mdplusbio.com\/wp-content\/uploads\/2024\/12\/Adsiz-tasarim-4-3-380x38.png 380w, https:\/\/mdplusbio.com\/wp-content\/uploads\/2024\/12\/Adsiz-tasarim-4-3-420x42.png 420w, https:\/\/mdplusbio.com\/wp-content\/uploads\/2024\/12\/Adsiz-tasarim-4-3-800x80.png 800w, https:\/\/mdplusbio.com\/wp-content\/uploads\/2024\/12\/Adsiz-tasarim-4-3-80x8.png 80w\" sizes=\"(max-width: 1000px) 100vw, 1000px\" \/>\t\t\t\t\t\t\t\t\t\t\t\t\t\t\t<\/div>\n\t\t\t\t<\/div>\n\t\t\t\t\t<\/div>\n\t\t\t\t<\/div>\n\t\t<div class=\"elementor-element elementor-element-388e7eb e-flex e-con-boxed e-con e-parent\" data-id=\"388e7eb\" data-element_type=\"container\">\n\t\t\t\t\t<div class=\"e-con-inner\">\n\t\t\t\t<div class=\"elementor-element elementor-element-1a8df6a elementor-widget elementor-widget-text-editor\" data-id=\"1a8df6a\" data-element_type=\"widget\" data-widget_type=\"text-editor.default\">\n\t\t\t\t<div class=\"elementor-widget-container\">\n\t\t\t\t\t\t\t\t\t<p style=\"text-align: center;\"><strong>MD Plus Bio<\/strong>, akredite kurumlardan ald\u0131\u011f\u0131 <strong>ISO 9001, ISO 22000, ISO 22716, ISO 13485<\/strong> ve <strong>T.C. Sa\u011fl\u0131k Bakanl\u0131\u011f\u0131 GMP (\u0130yi \u00dcretim Uygulamalar\u0131)<\/strong> sertifikalar\u0131 ile, kozmetik ve g\u0131da takviyeleri alan\u0131nda d\u00fcnya standartlar\u0131nda \u00fcretim yapt\u0131\u011f\u0131n\u0131 kan\u0131tlam\u0131\u015ft\u0131r.<br>\u00dcretim faaliyetleri, <strong>kozmetik \u00fcr\u00fcnler<\/strong> ve <strong>g\u0131da takviyeleri<\/strong> i\u00e7in \u00f6zel olarak tasarlanm\u0131\u015f <strong>iki ayr\u0131 tesiste<\/strong>, modern, hijyenik ve tam kontroll\u00fc ko\u015fullar alt\u0131nda ger\u00e7ekle\u015ftirilmektedir.<br><strong>T\u00fcketicilerin ve i\u015f ortaklar\u0131n\u0131n g\u00fcvenini korumak amac\u0131yla,<\/strong> firmam\u0131z kalite kontrol s\u00fcre\u00e7lerini titizlikle uygulamakta; bu s\u00fcre\u00e7ler hammadde kabul a\u015famas\u0131ndan ba\u015flayarak <strong style=\"letter-spacing: 0px;\">\u00fcretim, ambalajlama ve sevkiyat<\/strong> a\u015famalar\u0131na kadar kesintisiz olarak devam etmektedir.<\/p>\t\t\t\t\t\t\t\t<\/div>\n\t\t\t\t<\/div>\n\t\t\t\t\t<\/div>\n\t\t\t\t<\/div>\n\t\t<div class=\"elementor-element elementor-element-af3b982 e-flex e-con-boxed e-con e-parent\" data-id=\"af3b982\" data-element_type=\"container\">\n\t\t\t\t\t<div class=\"e-con-inner\">\n\t\t\t\t<div class=\"elementor-element elementor-element-a9b6a39 elementor-widget elementor-widget-text-editor\" data-id=\"a9b6a39\" data-element_type=\"widget\" data-widget_type=\"text-editor.default\">\n\t\t\t\t<div class=\"elementor-widget-container\">\n\t\t\t\t\t\t\t\t\t<p><img decoding=\"async\" class=\"aligncenter wp-image-16342 size-large\" src=\"https:\/\/mdplusbio.com\/wp-content\/uploads\/2026\/02\/MDBio-Banners_-Pillar-Pages-1-1024x575.webp\" alt=\"MDBio we care\" width=\"1024\" height=\"575\" srcset=\"https:\/\/mdplusbio.com\/wp-content\/uploads\/2026\/02\/MDBio-Banners_-Pillar-Pages-1-1024x575.webp 1024w, https:\/\/mdplusbio.com\/wp-content\/uploads\/2026\/02\/MDBio-Banners_-Pillar-Pages-1-300x168.webp 300w, https:\/\/mdplusbio.com\/wp-content\/uploads\/2026\/02\/MDBio-Banners_-Pillar-Pages-1-768x431.webp 768w, https:\/\/mdplusbio.com\/wp-content\/uploads\/2026\/02\/MDBio-Banners_-Pillar-Pages-1-1536x862.webp 1536w, https:\/\/mdplusbio.com\/wp-content\/uploads\/2026\/02\/MDBio-Banners_-Pillar-Pages-1-1140x640.webp 1140w, https:\/\/mdplusbio.com\/wp-content\/uploads\/2026\/02\/MDBio-Banners_-Pillar-Pages-1-920x517.webp 920w, https:\/\/mdplusbio.com\/wp-content\/uploads\/2026\/02\/MDBio-Banners_-Pillar-Pages-1-575x323.webp 575w, https:\/\/mdplusbio.com\/wp-content\/uploads\/2026\/02\/MDBio-Banners_-Pillar-Pages-1-380x213.webp 380w, https:\/\/mdplusbio.com\/wp-content\/uploads\/2026\/02\/MDBio-Banners_-Pillar-Pages-1-420x236.webp 420w, https:\/\/mdplusbio.com\/wp-content\/uploads\/2026\/02\/MDBio-Banners_-Pillar-Pages-1-800x449.webp 800w, https:\/\/mdplusbio.com\/wp-content\/uploads\/2026\/02\/MDBio-Banners_-Pillar-Pages-1-80x45.webp 80w, https:\/\/mdplusbio.com\/wp-content\/uploads\/2026\/02\/MDBio-Banners_-Pillar-Pages-1.webp 1585w\" sizes=\"(max-width: 1024px) 100vw, 1024px\" \/><\/p>\t\t\t\t\t\t\t\t<\/div>\n\t\t\t\t<\/div>\n\t\t\t\t\t<\/div>\n\t\t\t\t<\/div>\n\t\t<div class=\"elementor-element elementor-element-27b8753 e-flex e-con-boxed e-con e-parent\" data-id=\"27b8753\" data-element_type=\"container\">\n\t\t\t\t\t<div class=\"e-con-inner\">\n\t\t\t\t<div class=\"elementor-element elementor-element-6aa9a37 elementor-widget elementor-widget-text-editor\" data-id=\"6aa9a37\" data-element_type=\"widget\" data-widget_type=\"text-editor.default\">\n\t\t\t\t<div class=\"elementor-widget-container\">\n\t\t\t\t\t\t\t\t\t<div class=\"gel-heading gel-heading-style-01 text-left\" style=\"margin-right: auto; color: #7e7e7e; font-family: Urbanist; font-size: 15px;\"><h2 class=\"gel-heading-title gel-d27924d64b47706e143c5f73b1190a6d\" style=\"margin-top: 0px; margin-bottom: 0px; line-height: var(--g5-h2-line-height); font-size: 40px; letter-spacing: var(--g5-h2-letter-spacing); text-transform: var(--g5-h2-text-transform); font-weight: 700 !important; font-family: Urbanist !important; text-align: center;\">S\u0130Z\u0130 \u00d6NEMS\u0130YORUZ<\/h2><\/div><div class=\"wpb_text_column wpb_content_element\" style=\"margin-bottom: 35px; color: #7e7e7e; font-family: Urbanist; font-size: 15px;\"><div class=\"wpb_wrapper\" style=\"margin-bottom: 0px;\"><h5 style=\"text-align: center;\">\u0130\u015fine tutkuyla ba\u011fl\u0131 bir firma olarak <strong>MD Plus Bio<\/strong>, form\u00fclasyonlar\u0131n\u0131 ileri teknolojiye sahip laboratuvarlar\u0131nda, kaliteden asla \u00f6d\u00fcn vermeden geli\u015ftirmektedir.<br>Form\u00fclasyonlar\u0131m\u0131zda yaln\u0131zca Avrupa ila\u00e7 kalitesi standartlar\u0131na uygun hammaddeler, se\u00e7ilmi\u015f aktif bile\u015fenler ve bitkisel \u00f6zler kullan\u0131lmaktad\u0131r.<\/h5><h5 style=\"text-align: center;\">Her bir \u00fcr\u00fcn, <strong>Avrupa Y\u00f6netmeliklerine<\/strong> uygun \u015fekilde, <strong>etkinli\u011fi klinik \u00e7al\u0131\u015fmalarla desteklenmi\u015f<\/strong> hammaddelerden \u00fcretilmektedir. <\/h5><\/div><\/div>\t\t\t\t\t\t\t\t<\/div>\n\t\t\t\t<\/div>\n\t\t\t\t\t<\/div>\n\t\t\t\t<\/div>\n\t\t<div class=\"elementor-element elementor-element-6765027 e-flex e-con-boxed e-con e-parent\" data-id=\"6765027\" data-element_type=\"container\">\n\t\t\t\t\t<div class=\"e-con-inner\">\n\t\t<div class=\"elementor-element elementor-element-22dd20d e-con-full e-flex e-con e-child\" data-id=\"22dd20d\" data-element_type=\"container\">\n\t\t\t\t<div class=\"elementor-element elementor-element-d76b545 elementor-widget elementor-widget-text-editor\" data-id=\"d76b545\" data-element_type=\"widget\" data-widget_type=\"text-editor.default\">\n\t\t\t\t<div class=\"elementor-widget-container\">\n\t\t\t\t\t\t\t\t\t<h4 style=\"text-align: center;\"><strong>Ar-Ge, \u00dcr-Ge ve \u00dcretimde S\u00fcrekli Yenilik<\/strong><\/h4><p style=\"text-align: center;\"><strong>Kozmetik <\/strong>ve <strong>g\u0131da takviyesi <\/strong>kategorilerinde do\u011fru, g\u00fcvenilir ve y\u00fcksek kaliteli \u00fcr\u00fcnler sunmaktan memnuniyet duyuyoruz.<br>Yeniliklere a\u00e7\u0131k, <strong>Ar-Ge, \u00dcr-Ge ve \u00dcRET\u0130M<\/strong> a\u015famalar\u0131nda s\u00fcrekli geli\u015fim g\u00f6steren ekibimiz sayesinde <strong>MD Plus Bio<\/strong>, <strong>sa\u00e7 sa\u011fl\u0131\u011f\u0131 ve uzun vadeli iyilik hali<\/strong> i\u00e7in en iyi \u00fcr\u00fcnleri sunmaya devam etmektedir.<\/p><p style=\"text-align: center;\">Bilimsel ara\u015ft\u0131rma, modern teknoloji ve s\u0131k\u0131 kalite protokollerini bir araya getiren \u00fcretim anlay\u0131\u015f\u0131m\u0131z, her partide istikrarl\u0131 kalite sa\u011flamay\u0131 hedefler.<\/p>\t\t\t\t\t\t\t\t<\/div>\n\t\t\t\t<\/div>\n\t\t\t\t<\/div>\n\t\t<div class=\"elementor-element elementor-element-0f6e8f5 e-con-full e-flex e-con e-child\" data-id=\"0f6e8f5\" data-element_type=\"container\">\n\t\t\t\t<div class=\"elementor-element elementor-element-140829b elementor-widget elementor-widget-text-editor\" data-id=\"140829b\" data-element_type=\"widget\" data-widget_type=\"text-editor.default\">\n\t\t\t\t<div class=\"elementor-widget-container\">\n\t\t\t\t\t\t\t\t\t<h4 style=\"text-align: center;\"><strong>Geli\u015fmi\u015f Form\u00fclasyon Yetkinli\u011fi ve S\u00f6zle\u015fmeli \u00dcretim<\/strong><\/h4><p style=\"text-align: center;\">Elit Pharma Ar-Ge ekibi, kozmetik sekt\u00f6r\u00fcndeki g\u00fcncel trendleri yak\u0131ndan takip ederek \u00fcr\u00fcn gam\u0131n\u0131 <strong>en yeni aktif bile\u015fenlerle<\/strong> geni\u015fletmekte ve mevcut \u00fcr\u00fcnleri s\u00fcrekli olarak geli\u015ftirmektedir.<\/p><p style=\"text-align: center;\"><strong>Geni\u015f bir s\u00f6zle\u015fmeli \u00fcretim<\/strong> ve private label \u00fcr\u00fcn portf\u00f6y\u00fcne sahip bir \u00fcretici olarak <strong>MD Plus Bio<\/strong>, <strong>zengin aktif bile\u015fen ve bitkisel \u00f6z yelpazesi<\/strong> sayesinde m\u00fc\u015fterilerine \u00e7e\u015fitli \u00fcr\u00fcn ve form\u00fcller geli\u015ftirme \u00f6zg\u00fcrl\u00fc\u011f\u00fc sunmaktad\u0131r.<\/p>\t\t\t\t\t\t\t\t<\/div>\n\t\t\t\t<\/div>\n\t\t\t\t<\/div>\n\t\t\t\t\t<\/div>\n\t\t\t\t<\/div>\n\t\t<div class=\"elementor-element elementor-element-482ed83 e-grid e-con-boxed e-con e-parent\" data-id=\"482ed83\" data-element_type=\"container\">\n\t\t\t\t\t<div class=\"e-con-inner\">\n\t\t\t\t<div class=\"elementor-element elementor-element-3a1caf0 elementor-widget elementor-widget-text-editor\" data-id=\"3a1caf0\" data-element_type=\"widget\" data-widget_type=\"text-editor.default\">\n\t\t\t\t<div class=\"elementor-widget-container\">\n\t\t\t\t\t\t\t\t\t<h4 style=\"text-align: center;\"><strong>ISO Kalite Y\u00f6netim Sistemi<\/strong><\/h4><p style=\"text-align: center;\">ISO Kalite Y\u00f6netim Sistemi, bir \u00fcr\u00fcn veya hizmetin hedef kitlesinin kalite kriterlerini kar\u015f\u0131layabilmesi i\u00e7in \u00fcretim s\u00fcre\u00e7lerinin s\u00fcrekli olarak iyile\u015ftirilmesini sa\u011flar.<br>ISO Sertifikas\u0131, yaln\u0131zca nihai \u00fcr\u00fcn\u00fcn kalitesini de\u011fil; esas olarak \u015firketin kalite y\u00f6netim sisteminin <strong>g\u00fcvenilirli\u011fini, izlenebilirli\u011fini ve s\u00fcrd\u00fcr\u00fclebilirli\u011fini<\/strong> g\u00f6sterir.<\/p><p style=\"text-align: center;\">Bu sertifikaya sahip firmalar, belirli \u00fcr\u00fcn s\u0131n\u0131flar\u0131nda kaliteyi en \u00fcst seviyede tutar ve gerekli t\u00fcm g\u00fcncellemeleri d\u00fczenli olarak uygular.<br>Bu sistem sayesinde MD Plus Bio, sat\u0131n alma a\u015famas\u0131ndan \u00fcretim ve pazarlamaya kadar t\u00fcm s\u00fcre\u00e7leri izler; m\u00fc\u015fteri geri bildirimlerini do\u011fru \u015fekilde de\u011ferlendirerek \u00fcretim s\u00fcre\u00e7lerine entegre eder.<\/p>\t\t\t\t\t\t\t\t<\/div>\n\t\t\t\t<\/div>\n\t\t\t\t<div class=\"elementor-element elementor-element-4203b66 elementor-widget elementor-widget-text-editor\" data-id=\"4203b66\" data-element_type=\"widget\" data-widget_type=\"text-editor.default\">\n\t\t\t\t<div class=\"elementor-widget-container\">\n\t\t\t\t\t\t\t\t\t<h4 style=\"text-align: center;\"><strong>\u0130yi \u00dcretim Uygulamalar\u0131 (GMP)<\/strong><\/h4><p style=\"text-align: center;\">GMP, \u00fcr\u00fcn kontaminasyonunu i\u00e7 ve d\u0131\u015f kaynaklardan \u00f6nlemek veya riskini en aza indirmek amac\u0131yla uygulanan koruyucu \u00f6nlemler b\u00fct\u00fcn\u00fcd\u00fcr.<br>G\u0131da ve g\u0131da takviyesi \u00fcretiminde temel yakla\u015f\u0131mlardan biri olan GMP; <strong>hammadde temini, i\u015fleme, \u00fcr\u00fcn geli\u015ftirme, \u00fcretim, ambalajlama, depolama ve da\u011f\u0131t\u0131m<\/strong> a\u015famalar\u0131n\u0131n tamam\u0131nda s\u00fcrekli olarak uygulan\u0131r.<\/p><p style=\"text-align: center;\">GMP, \u00fcretimde profesyonel \u00e7al\u0131\u015fma ortam\u0131 sa\u011flar; g\u00fcvenilir, etkili ve g\u00fcvenli \u00fcr\u00fcn \u00fcretimini garanti alt\u0131na al\u0131r. Tesisler, ekipmanlar, \u00fcretim s\u00fcre\u00e7leri, personel ve hammaddelerin kalite ve g\u00fcvenilirli\u011fi sistematik olarak kontrol edilir.<\/p>\t\t\t\t\t\t\t\t<\/div>\n\t\t\t\t<\/div>\n\t\t\t\t\t<\/div>\n\t\t\t\t<\/div>\n\t\t<div class=\"elementor-element elementor-element-1483534 e-flex e-con-boxed e-con e-parent\" data-id=\"1483534\" data-element_type=\"container\">\n\t\t\t\t\t<div class=\"e-con-inner\">\n\t\t\t\t<div class=\"elementor-element elementor-element-8298853 elementor-widget elementor-widget-text-editor\" data-id=\"8298853\" data-element_type=\"widget\" data-widget_type=\"text-editor.default\">\n\t\t\t\t<div class=\"elementor-widget-container\">\n\t\t\t\t\t\t\t\t\t<p><strong>FDA onay\u0131,<\/strong> Amerika Birle\u015fik Devletleri G\u0131da ve \u0130la\u00e7 Dairesi\u2019nin (FDA) ila\u00e7lar, t\u0131bbi cihazlar ve belirli \u00fcr\u00fcn gruplar\u0131n\u0131n pazarlanmas\u0131 ve da\u011f\u0131t\u0131m\u0131 i\u00e7in y\u00fcr\u00fctt\u00fc\u011f\u00fc d\u00fczenleyici de\u011ferlendirme ve yetkilendirme s\u00fcrecini ifade eder. Bu s\u00fcre\u00e7; bilimsel veriler, klinik \u00e7al\u0131\u015fmalar, \u00fcretim uygulamalar\u0131, etiketleme ve g\u00fcvenlik profillerinin detayl\u0131 incelenmesini kapsar ve \u00fcr\u00fcn\u00fcn etkili, g\u00fcvenli ve do\u011fru \u015fekilde etiketlendi\u011fini do\u011frular. <strong>FDA onay\u0131<\/strong>, \u00fcr\u00fcn\u00fcn faydalar\u0131n\u0131n potansiyel risklerden a\u011f\u0131r bast\u0131\u011f\u0131n\u0131 ve gerekli y\u00fcksek kalite standartlar\u0131n\u0131 kar\u015f\u0131lad\u0131\u011f\u0131n\u0131 g\u00f6sterir. Bu yetkilendirme, \u00fcr\u00fcnlerin ABD pazar\u0131nda yasal olarak sunulabilmesini sa\u011flayan kritik bir d\u00f6n\u00fcm noktas\u0131d\u0131r. <\/p>\t\t\t\t\t\t\t\t<\/div>\n\t\t\t\t<\/div>\n\t\t\t\t\t<\/div>\n\t\t\t\t<\/div>\n\t\t<div class=\"elementor-element elementor-element-d5a10ef e-flex e-con-boxed e-con e-parent\" data-id=\"d5a10ef\" data-element_type=\"container\">\n\t\t\t\t\t<div class=\"e-con-inner\">\n\t\t\t\t<div class=\"elementor-element elementor-element-da76484 elementor-widget elementor-widget-heading\" data-id=\"da76484\" data-element_type=\"widget\" data-widget_type=\"heading.default\">\n\t\t\t\t<div class=\"elementor-widget-container\">\n\t\t\t\t\t<h2 class=\"elementor-heading-title elementor-size-default\">B\u0130NLERCE MUTLU T\u00dcKET\u0130C\u0130!<\/h2>\t\t\t\t<\/div>\n\t\t\t\t<\/div>\n\t\t\t\t\t<\/div>\n\t\t\t\t<\/div>\n\t\t<div class=\"elementor-element elementor-element-7652fd4 e-flex e-con-boxed e-con e-parent\" data-id=\"7652fd4\" data-element_type=\"container\">\n\t\t\t\t\t<div class=\"e-con-inner\">\n\t\t\t\t<div class=\"elementor-element elementor-element-ee938ce elementor-widget elementor-widget-image\" data-id=\"ee938ce\" data-element_type=\"widget\" data-widget_type=\"image.default\">\n\t\t\t\t<div class=\"elementor-widget-container\">\n\t\t\t\t\t\t\t\t\t\t\t\t\t\t\t<img loading=\"lazy\" decoding=\"async\" width=\"1024\" height=\"144\" src=\"https:\/\/mdplusbio.com\/wp-content\/uploads\/2024\/12\/Vector-Smart-Object-1024x144.png\" class=\"attachment-large size-large wp-image-1681\" alt=\"\" srcset=\"https:\/\/mdplusbio.com\/wp-content\/uploads\/2024\/12\/Vector-Smart-Object-1024x144.png 1024w, https:\/\/mdplusbio.com\/wp-content\/uploads\/2024\/12\/Vector-Smart-Object-300x42.png 300w, https:\/\/mdplusbio.com\/wp-content\/uploads\/2024\/12\/Vector-Smart-Object-768x108.png 768w, https:\/\/mdplusbio.com\/wp-content\/uploads\/2024\/12\/Vector-Smart-Object-1536x217.png 1536w, https:\/\/mdplusbio.com\/wp-content\/uploads\/2024\/12\/Vector-Smart-Object-1140x161.png 1140w, https:\/\/mdplusbio.com\/wp-content\/uploads\/2024\/12\/Vector-Smart-Object-920x130.png 920w, https:\/\/mdplusbio.com\/wp-content\/uploads\/2024\/12\/Vector-Smart-Object-575x81.png 575w, https:\/\/mdplusbio.com\/wp-content\/uploads\/2024\/12\/Vector-Smart-Object-380x54.png 380w, https:\/\/mdplusbio.com\/wp-content\/uploads\/2024\/12\/Vector-Smart-Object-420x59.png 420w, https:\/\/mdplusbio.com\/wp-content\/uploads\/2024\/12\/Vector-Smart-Object-800x113.png 800w, https:\/\/mdplusbio.com\/wp-content\/uploads\/2024\/12\/Vector-Smart-Object.png 1858w\" sizes=\"(max-width: 1024px) 100vw, 1024px\" \/>\t\t\t\t\t\t\t\t\t\t\t\t\t\t\t<\/div>\n\t\t\t\t<\/div>\n\t\t\t\t\t<\/div>\n\t\t\t\t<\/div>\n\t\t\t\t<\/div>\n\t\t","protected":false},"excerpt":{"rendered":"<p>MD Plus Bio, akredite kurumlardan ald\u0131\u011f\u0131 ISO 9001, ISO 22000, ISO 22716, ISO 13485 ve T.C. Sa\u011fl\u0131k Bakanl\u0131\u011f\u0131 GMP (\u0130yi \u00dcretim Uygulamalar\u0131) sertifikalar\u0131 ile, kozmetik ve g\u0131da takviyeleri alan\u0131nda d\u00fcnya [&hellip;]<\/p>\n","protected":false},"author":2,"featured_media":0,"parent":0,"menu_order":0,"comment_status":"closed","ping_status":"closed","template":"","meta":{"_joinchat":[],"footnotes":""},"class_list":["post-3255","page","type-page","status-publish","hentry"],"acf":[],"_links":{"self":[{"href":"https:\/\/mdplusbio.com\/tr\/wp-json\/wp\/v2\/pages\/3255","targetHints":{"allow":["GET"]}}],"collection":[{"href":"https:\/\/mdplusbio.com\/tr\/wp-json\/wp\/v2\/pages"}],"about":[{"href":"https:\/\/mdplusbio.com\/tr\/wp-json\/wp\/v2\/types\/page"}],"author":[{"embeddable":true,"href":"https:\/\/mdplusbio.com\/tr\/wp-json\/wp\/v2\/users\/2"}],"replies":[{"embeddable":true,"href":"https:\/\/mdplusbio.com\/tr\/wp-json\/wp\/v2\/comments?post=3255"}],"version-history":[{"count":0,"href":"https:\/\/mdplusbio.com\/tr\/wp-json\/wp\/v2\/pages\/3255\/revisions"}],"wp:attachment":[{"href":"https:\/\/mdplusbio.com\/tr\/wp-json\/wp\/v2\/media?parent=3255"}],"curies":[{"name":"wp","href":"https:\/\/api.w.org\/{rel}","templated":true}]}}