{"id":3252,"date":"2024-12-19T06:34:03","date_gmt":"2024-12-19T03:34:03","guid":{"rendered":"https:\/\/mdplusbio.com\/terms-and-conditions\/"},"modified":"2025-03-05T11:47:57","modified_gmt":"2025-03-05T08:47:57","slug":"terms-and-conditions","status":"publish","type":"page","link":"https:\/\/mdplusbio.com\/tr\/terms-and-conditions\/","title":{"rendered":"\u015eartlar ve Ko\u015fullar"},"content":{"rendered":"\t\t<div data-elementor-type=\"wp-page\" data-elementor-id=\"3252\" class=\"elementor elementor-3252 elementor-1891\" data-elementor-post-type=\"page\">\n\t\t\t\t<div class=\"elementor-element elementor-element-3c2f8a5 e-flex e-con-boxed e-con e-parent\" data-id=\"3c2f8a5\" data-element_type=\"container\">\n\t\t\t\t\t<div class=\"e-con-inner\">\n\t\t\t\t<div class=\"elementor-element elementor-element-f99c6c7 elementor-widget elementor-widget-heading\" data-id=\"f99c6c7\" data-element_type=\"widget\" data-widget_type=\"heading.default\">\n\t\t\t\t<div class=\"elementor-widget-container\">\n\t\t\t\t\t<h2 class=\"elementor-heading-title elementor-size-default\"><div><span>\u015eartlar ve Ko\u015fullar<\/span><span><\/span><\/div><\/h2>\t\t\t\t<\/div>\n\t\t\t\t<\/div>\n\t\t\t\t\t<\/div>\n\t\t\t\t<\/div>\n\t\t<div class=\"elementor-element elementor-element-5e38413 e-flex e-con-boxed e-con e-parent\" data-id=\"5e38413\" data-element_type=\"container\">\n\t\t\t\t\t<div class=\"e-con-inner\">\n\t\t\t\t<div class=\"elementor-element elementor-element-ce8850d elementor-widget elementor-widget-text-editor\" data-id=\"ce8850d\" data-element_type=\"widget\" data-widget_type=\"text-editor.default\">\n\t\t\t\t<div class=\"elementor-widget-container\">\n\t\t\t\t\t\t\t\t\t<p style=\"margin-bottom: 1.5rem; position: relative; color: #7e7e7e; font-family: Urbanist; font-size: 15px;\">\n<\/p><p style=\"margin-bottom: 1.5rem; position: relative; color: #7e7e7e; font-family: Urbanist; font-size: 15px;\">Bu web sitesindeki bilgiler a\u015fa\u011f\u0131daki ko\u015fullara ve sizin bu ko\u015fullar\u0131 kabul etmenize dayal\u0131 olarak sunulmaktad\u0131r.&nbsp;<br>Bu web sitesindeki herhangi bir bilgiyi kopyalayamaz, de\u011fi\u015ftiremez, da\u011f\u0131tamaz, iletemez, yay\u0131nlayamaz, sergileyemez, \u00e7o\u011faltamaz, lisanslayamaz, t\u00fcrev \u00e7al\u0131\u015fmalar olu\u015fturamaz, transfer edemez veya satamazs\u0131n\u0131z.&nbsp;Sadece kendi ticari olmayan kullan\u0131m\u0131n\u0131z i\u00e7in veya MDPLUSBIO ile sipari\u015f vermek veya MDPLUSBIO \u00fcr\u00fcnleri sat\u0131n almak amac\u0131yla, Site\u2019nin farkl\u0131 alanlar\u0131ndaki materyalleri g\u00f6r\u00fcnt\u00fclemeniz, elektronik olarak kopyalaman\u0131z, indirmeniz ve yaz\u0131l\u0131 kopyalar\u0131n\u0131 yazd\u0131rman\u0131z izinlidir. Bu web sitesindeki yaz\u0131l\u0131 metinlerin, ticari markalarla korunmu\u015f olanlar\u0131n ve foto\u011fraflar\u0131n herhangi bir \u015fekilde kullan\u0131m\u0131, de\u011fi\u015fiklik, \u00e7o\u011faltma, da\u011f\u0131t\u0131m, yeniden yay\u0131nlama, sergileme veya Site i\u00e7eri\u011finin iletimi dahil ancak bunlarla s\u0131n\u0131rl\u0131 olmamak \u00fczere, MDPLUSBIO\u2019dan \u00f6nceden yaz\u0131l\u0131 izin al\u0131nmadan kesinlikle yasakt\u0131r. <\/p>\n<p style=\"margin-bottom: 1.5rem; position: relative; color: #7e7e7e; font-family: Urbanist; font-size: 15px;\"><span style=\"font-weight: bolder;\">Yaz\u0131l\u0131 Anla\u015fma Ko\u015fullar\u0131 ve Fiyatland\u0131rma<\/span><\/p>\n<p style=\"margin-bottom: 1.5rem; position: relative; color: #7e7e7e; font-family: Urbanist; font-size: 15px;\">Web sitesinde sa\u011flanan fiyat bilgileri ile yaz\u0131l\u0131 anla\u015fmalarda belirtilen fiyatlar aras\u0131nda farkl\u0131l\u0131klar olabilir. Yaz\u0131l\u0131 anla\u015fmalara taraf olan t\u00fcm ki\u015filer, bu anla\u015fmalardaki t\u00fcm ko\u015fullara ve fiyatlara uymaktan sorumludur. <\/p><p style=\"margin-bottom: 1.5rem; position: relative; color: #7e7e7e; font-family: Urbanist; font-size: 15px;\">G\u00fcmr\u00fck vergileri, ikamet etti\u011finiz b\u00f6lgeye ba\u011fl\u0131 olarak uygulanabilir. Bu vergileri \u00f6deme sorumlulu\u011fu size aittir. <\/p>\n<p style=\"margin-bottom: 1.5rem; position: relative; color: #7e7e7e; font-family: Urbanist; font-size: 15px;\"><span style=\"font-weight: bolder;\">Sipari\u015f \u0130\u015fleme<\/span><\/p>\n<p style=\"margin-bottom: 1.5rem; position: relative; color: #7e7e7e; font-family: Urbanist; font-size: 15px;\">Normal \u00e7al\u0131\u015fma saatleri, i\u015f g\u00fcnlerinde (T\u00dcRK\u0130YE resmi tatilleri hari\u00e7) 09:00 &#8211; 19:00 Orta Avrupa Standart Saatidir. MDPLUSBIO, sipari\u015f bildirimini ald\u0131ktan sonraki 24 saat i\u00e7inde sipari\u015fleri g\u00f6ndermek i\u00e7in her t\u00fcrl\u00fc \u00e7abay\u0131 g\u00f6sterecektir. 19:00&#8217;dan sonra ve 09:00&#8217;dan \u00f6nce verilen sipari\u015fler veya hafta sonu verilen sipari\u015fler, bir sonraki i\u015f g\u00fcn\u00fcnde i\u015fleme al\u0131n\u0131r. MDPLUSBIO, \u00fcr\u00fcnlerin \u00fcretiminde kullan\u0131lan baz\u0131 bile\u015fen malzemelerini tedarik eden di\u011fer tedarik\u00e7ilere ba\u011f\u0131ml\u0131d\u0131r. MDPLUSBIO, m\u00fc\u015fterinin sipari\u015f etti\u011fi \u00fcr\u00fcnlerin \u00fcretimi i\u00e7in gerekli bile\u015fen malzemelerin teslimat\u0131n\u0131 bekledi\u011fi durumlarda, sipari\u015flerin 24 saat i\u00e7inde g\u00f6nderilmesinden sorumlu tutulamaz. Bu t\u00fcr durumlarda teslimat, gerekli bile\u015fen malzemelerin MDPLUSBIO&#8217;ya ula\u015ft\u0131r\u0131lmas\u0131ndan ve \u00fcr\u00fcnlerin \u00fcretilmesinden sonra en k\u0131sa s\u00fcrede m\u00fc\u015fteriye yap\u0131lacakt\u0131r.     <\/p>\n<p style=\"margin-bottom: 1.5rem; position: relative; color: #7e7e7e; font-family: Urbanist; font-size: 15px;\"><span style=\"font-weight: bolder;\">\u00c7al\u0131\u015fma Kesintisi Beyan\u0131<\/span><\/p>\n<p style=\"margin-bottom: 1.5rem; position: relative; color: #7e7e7e; font-family: Urbanist; font-size: 15px;\">Web sitesinin kullan\u0131labilirli\u011fi, sistem bak\u0131m ve i\u015flem kesintileri gibi \u00f6ng\u00f6r\u00fclemeyen kesintilere tabi olabilir. MDPLUSBIO, sistem kesintileri s\u0131ras\u0131nda verilen sipari\u015fler veya teslimatta ya\u015fanan gecikmeler nedeniyle sorumlu tutulamaz. Sistem kesintileri, hem MDPLUSBIO kontrol\u00fcndeki hem de ba\u015fkalar\u0131n\u0131n kontrol\u00fcndeki sistemlerdeki kesintileri i\u00e7erir.  <\/p>\n<p style=\"margin-bottom: 1.5rem; position: relative; color: #7e7e7e; font-family: Urbanist; font-size: 15px;\"><span style=\"font-weight: bolder;\">Telif Haklar\u0131 ve Ticari Markalar<\/span><\/p>\n<p style=\"margin-bottom: 1.5rem; position: relative; color: #7e7e7e; font-family: Urbanist; font-size: 15px;\">T\u00fcm i\u00e7erik (metin, aray\u00fczler, kod ve d\u00fczenlemeler, foto\u011fraflar, grafikler, tasar\u0131m), T\u00fcrkiye Cumhuriyeti ve di\u011fer telif hakk\u0131 yasalar\u0131na uygun olarak kolektif bir \u00e7al\u0131\u015fma olarak telif hakk\u0131na sahiptir ve MDPLUSBIO veya Hasan \u0130\u00e7en&#8217;in m\u00fclkiyetindedir.<\/p>\n<p style=\"margin-bottom: 1.5rem; position: relative; color: #7e7e7e; font-family: Urbanist; font-size: 15px;\"><span style=\"font-weight: bolder;\">Yaz\u0131m Hatalar\u0131<\/span><\/p>\n<p style=\"margin-bottom: 1.5rem; position: relative; color: #7e7e7e; font-family: Urbanist; font-size: 15px;\">Bir MDPLUSBIO \u00fcr\u00fcn\u00fcn\u00fcn veya hizmetinin yanl\u0131\u015f fiyatland\u0131r\u0131lmas\u0131 durumunda (yaz\u0131m hatas\u0131 veya tedarik\u00e7ilerden al\u0131nan fiyat bilgisi hatas\u0131 nedeniyle), MDPLUSBIO, yanl\u0131\u015f fiyatla listelenen \u00fcr\u00fcn veya hizmet i\u00e7in verilen herhangi bir sipari\u015fi reddetme veya iptal etme hakk\u0131n\u0131 sakl\u0131 tutar. Bu durum, sipari\u015fin onaylan\u0131p kredi kart\u0131n\u0131zdan \u00fccret tahsil edilip edilmedi\u011fine bak\u0131lmaks\u0131z\u0131n ge\u00e7erlidir. Kredi kart\u0131n\u0131zdan \u00fccret al\u0131nm\u0131\u015fsa ve sipari\u015finiz iptal edilmi\u015fse, MDPLUSBIO, yanl\u0131\u015f fiyat tutar\u0131nda bir kredi kart\u0131 iadesi yapacak veya \u015firket \u00e7eki ile geri \u00f6deme sa\u011flayacakt\u0131r.   <\/p>\n<p style=\"margin-bottom: 1.5rem; position: relative; color: #7e7e7e; font-family: Urbanist; font-size: 15px;\"><span style=\"font-weight: bolder;\">Fesih<\/span><\/p>\n<p style=\"margin-bottom: 1.5rem; position: relative; color: #7e7e7e; font-family: Urbanist; font-size: 15px;\">Bu web sitesine eri\u015fen ve\/veya kay\u0131t i\u015flemini tamamlayarak sat\u0131n alma i\u015flemi ger\u00e7ekle\u015ftiren kullan\u0131c\u0131lar\/m\u00fc\u015fteriler, bu \u015fartlar\u0131n kendileri i\u00e7in ge\u00e7erli oldu\u011funu ve bu \u015eartlar ve Ko\u015fullar\u0131 kabul ettiklerini onaylar. Bu web sitesindeki i\u00e7erikler MDPLUSBIO taraf\u0131ndan herhangi bir zamanda, herhangi bir nedenle \u00f6nceden bildirim yap\u0131lmaks\u0131z\u0131n de\u011fi\u015ftirilebilir veya kald\u0131r\u0131labilir. Telif Haklar\u0131 ve Ticari Markalar, Feragatname, Talepler, Sorumlulu\u011fun S\u0131n\u0131rland\u0131r\u0131lmas\u0131, Tazminat, Ge\u00e7erli Yasalar, Tahkim ve Genel h\u00fck\u00fcmler, herhangi bir fesih durumunda da ge\u00e7erlili\u011fini koruyacakt\u0131r.  <\/p>\n<p style=\"margin-bottom: 1.5rem; position: relative; color: #7e7e7e; font-family: Urbanist; font-size: 15px;\"><span style=\"font-weight: bolder;\">Ge\u00e7ersiz \u0130\u015flemler<\/span><\/p>\n<p style=\"margin-bottom: 1.5rem; position: relative; color: #7e7e7e; font-family: Urbanist; font-size: 15px;\">Ge\u00e7ersiz kredi kartlar\u0131 ve\/veya ge\u00e7ersiz sat\u0131n alma sipari\u015fleriyle i\u015flem yapmak yasa d\u0131\u015f\u0131d\u0131r.<\/p>\n<p style=\"margin-bottom: 1.5rem; position: relative; color: #7e7e7e; font-family: Urbanist; font-size: 15px;\"><span style=\"font-weight: bolder;\">Kullan\u0131c\u0131 Kat\u0131l\u0131m\u0131<\/span><\/p>\n<p style=\"margin-bottom: 1.5rem; position: relative; color: #7e7e7e; font-family: Urbanist; font-size: 15px;\">MDPLUSBIO, kullan\u0131c\u0131lar taraf\u0131ndan web sitesine g\u00f6nderilen veya olu\u015fturulan ileti\u015fim ve materyallerin i\u00e7eri\u011finden H\u0130\u00c7B\u0130R \u015eEK\u0130LDE sorumlu de\u011fildir. Ancak MDPLUSBIO, a\u015fa\u011f\u0131daki durumlarda ileti\u015fim veya materyalleri engelleme ve kald\u0131rma hakk\u0131na sahiptir:<br>K\u00f6t\u00fcye kullan\u0131m\u0131, karalama veya m\u00fcstehcenlik i\u00e7ermesi,<br>Yan\u0131lt\u0131c\u0131, sahte veya aldat\u0131c\u0131 olmas\u0131,<br>Ba\u015fka bir ki\u015finin ticari marka, telif hakk\u0131 veya di\u011fer fikri m\u00fclkiyet haklar\u0131n\u0131 ihlal etmesi,<br>Herhangi bir yasa veya d\u00fczenlemeyi ihlal etmesi,<br>MDPLUSBIO&#8217;nun Gizlilik Bildirimi uyar\u0131nca sald\u0131rgan veya ba\u015fka bir \u015fekilde kabul edilemez olmas\u0131.      <\/p>\n<p style=\"margin-bottom: 1.5rem; position: relative; color: #7e7e7e; font-family: Urbanist; font-size: 15px;\"><span style=\"font-weight: bolder;\">Kullan\u0131c\u0131 G\u00f6nderimleri<\/span><\/p>\n<p style=\"margin-bottom: 1.5rem; position: relative; color: #7e7e7e; font-family: Urbanist; font-size: 15px;\">Gizlilik Politikam\u0131z kapsam\u0131nda belirlenen y\u00f6nergelere g\u00f6re sizden toplanabilecek bilgiler belirtilmi\u015ftir. Web sitesine iletti\u011finiz, y\u00fckledi\u011finiz veya g\u00f6nderdi\u011finiz herhangi bir materyal, bilgi veya di\u011fer ileti\u015fim (\u201c\u0130leti\u015fimler\u201d), gizli veya m\u00fclkiyet korumas\u0131na tabi olmayacakt\u0131r. MDPLUSBIO, \u0130leti\u015fimlerle ilgili herhangi bir y\u00fck\u00fcml\u00fcl\u00fck alt\u0131na girmez. MDPLUSBIO ve belirledi\u011fi ki\u015filer, bu \u0130leti\u015fimlerin ve i\u00e7erdi\u011fi t\u00fcm veri, g\u00f6r\u00fcnt\u00fc, ses, metin ve di\u011fer unsurlar\u0131n tamam\u0131n\u0131 ticari veya ticari olmayan t\u00fcm ama\u00e7larla kopyalamakta, if\u015fa etmekte, da\u011f\u0131tmakta, dahil etmekte ve kullanmakta serbesttir.  <\/p>\n<p style=\"margin-bottom: 1.5rem; position: relative; color: #7e7e7e; font-family: Urbanist; font-size: 15px;\"><span style=\"font-weight: bolder;\">\u00dc\u00e7\u00fcnc\u00fc Taraf Ba\u011flant\u0131lar\u0131<\/span><\/p>\n<p style=\"margin-bottom: 1.5rem; position: relative; color: #7e7e7e; font-family: Urbanist; font-size: 15px;\">MDPLUSBIO web sitesi, ba\u015fkalar\u0131 taraf\u0131ndan sahip olunan ve i\u015fletilen di\u011fer internet sitelerine ba\u011flant\u0131lar i\u00e7erebilir. &nbsp;MDPLUSBIO, bu internet ba\u011flant\u0131l\u0131 siteler \u00fczerinde hi\u00e7bir kontrol sahibi de\u011fildir, bu sitelerin her biri MDPLUSBIO&#8217;dan ba\u011f\u0131ms\u0131z olarak kendi ayr\u0131 gizlilik ve veri toplama uygulamalar\u0131na sahiptir. &nbsp;MDPLUSBIO, bu ba\u011f\u0131ms\u0131z politikalar veya eylemlerden sorumlu veya y\u00fck\u00fcml\u00fc de\u011fildir ve bu t\u00fcr web sitelerinin gizlilik uygulamalar\u0131 veya i\u00e7erikleri konusunda sorumlu de\u011fildir. <\/p>\n<p style=\"margin-bottom: 1.5rem; position: relative; color: #7e7e7e; font-family: Urbanist; font-size: 15px;\"><span style=\"font-weight: bolder;\">Talepler<\/span><\/p>\n<p style=\"margin-bottom: 1.5rem; position: relative; color: #7e7e7e; font-family: Urbanist; font-size: 15px;\">MDPLUSBIO \u00fcr\u00fcnlerinin etkinli\u011fi hakk\u0131ndaki her t\u00fcrl\u00fc iddia veya beyan ve MDPLUSBIO \u00fcr\u00fcnlerinin\/veya materyallerinin di\u011fer \u00fcr\u00fcnler\/veya materyallerle etkinlik kar\u015f\u0131la\u015ft\u0131rmalar\u0131yla ilgili her t\u00fcrl\u00fc iddia veya beyan, aksi belirtilmedi\u011fi s\u00fcrece yaln\u0131zca T\u00fcrkiye Cumhuriyeti ile s\u0131n\u0131rl\u0131d\u0131r.<\/p>\n<p style=\"margin-bottom: 1.5rem; position: relative; color: #7e7e7e; font-family: Urbanist; font-size: 15px;\"><span style=\"font-weight: bolder;\">Tam Feragatname<\/span><\/p>\n<p style=\"margin-bottom: 1.5rem; position: relative; color: #7e7e7e; font-family: Urbanist; font-size: 15px;\">Web sitesindeki ifadeler FDA taraf\u0131ndan de\u011ferlendirilmemi\u015ftir ve bu de\u011ferlendirmeye tabi de\u011fildir. MDPLUSBIO ve \u00fcr\u00fcnlerinin i\u00e7eri\u011fi, herhangi bir hastal\u0131\u011f\u0131 te\u015fhis etme, tedavi etme, iyile\u015ftirme veya \u00f6nleme amac\u0131 ta\u015f\u0131mamaktad\u0131r.<br>MDPLUSBIO, bu web sitesinin i\u00e7eri\u011finin veya bu web sitesinin ba\u011flant\u0131 verdi\u011fi herhangi bir internet sitesinin i\u00e7eri\u011finin do\u011frulu\u011fu hakk\u0131nda garanti veya beyanda bulunmaz.  &nbsp;<br>BU WEB S\u0130TES\u0130NDEK\u0130 T\u00dcM \u0130\u00c7ER\u0130K \u201cOLDU\u011eU G\u0130B\u0130\u201d SA\u011eLANMAKTADIR VE A\u00c7IK VEYA ZIMN\u0130 HERHANG\u0130 B\u0130R GARANT\u0130 \u0130\u00c7ERMEZ. MDPLUSBIO, ticarete elveri\u015flilik, belirli bir amaca uygunluk, ihlal etmeme ve ticari uygulama veya performans s\u00fcrecinden kaynaklanan garantiler de dahil olmak \u00fczere t\u00fcm garantileri, uygulanabilir en geni\u015f \u00f6l\u00e7\u00fcde reddeder.<br>MDPLUSBIO, web sitesindeki i\u015flevlerin kesintisiz veya hatas\u0131z \u00e7al\u0131\u015faca\u011f\u0131n\u0131, kusurlar\u0131n d\u00fczeltilece\u011fini veya bu web sitesinin ya da siteyi eri\u015fime sunan sunucunun vir\u00fcslerden veya di\u011fer zararl\u0131 bile\u015fenlerden ar\u0131nm\u0131\u015f oldu\u011funu garanti etmez.<br>MDPLUSBIO, bu sitedeki materyallerin kullan\u0131m\u0131n\u0131n kapsaml\u0131l\u0131\u011f\u0131, do\u011frulu\u011fu, yeterlili\u011fi, yararl\u0131l\u0131\u011f\u0131, g\u00fcncelli\u011fi, g\u00fcvenilirli\u011fi veya ba\u015fka bir a\u00e7\u0131dan garantisini vermez.<br>Yukar\u0131daki s\u0131n\u0131rlamalar sizin i\u00e7in ge\u00e7erli olmayabilir.    <\/p>\n<p style=\"margin-bottom: 1.5rem; position: relative; color: #7e7e7e; font-family: Urbanist; font-size: 15px;\"><span style=\"font-weight: bolder;\">Sorumlulu\u011fun S\u0131n\u0131rland\u0131rlmas\u0131<\/span><\/p>\n<p style=\"margin-bottom: 1.5rem; position: relative; color: #7e7e7e; font-family: Urbanist; font-size: 15px;\">Hi\u00e7bir durumda MDPLUSBIO, bu sitedeki bilgilerin, hizmetlerin, \u00fcr\u00fcnlerin ve materyallerin kullan\u0131m\u0131ndan, kullan\u0131lamamas\u0131ndan veya performans\u0131ndan kaynaklanan veya bunlarla ba\u011flant\u0131l\u0131 olarak ortaya \u00e7\u0131kan, do\u011frudan, dolayl\u0131, \u00f6zel, tesad\u00fcfi, \u00f6rnek te\u015fkil eden veya neticesel zararlar ya da herhangi bir zarar i\u00e7in, daha \u00f6nce bu t\u00fcr zararlar\u0131n olas\u0131l\u0131\u011f\u0131 hakk\u0131nda bilgilendirilmi\u015f olsa bile, s\u00f6zle\u015fme, ihmal veya ba\u015fka bir teoriye dayal\u0131 olarak sorumlu tutulamaz.<br>Bu s\u0131n\u0131rlamalar, herhangi bir s\u0131n\u0131rl\u0131 \u00e7\u00f6z\u00fcm\u00fcn temel amac\u0131n\u0131n yerine getirilememesine ra\u011fmen ge\u00e7erli olacakt\u0131r. Baz\u0131 yarg\u0131 alanlar\u0131nda, z\u0131mni garantinin ne kadar s\u00fcreyle ge\u00e7erli olabilece\u011fi veya sonu\u00e7sal ya da tesad\u00fcfi zararlar i\u00e7in sorumlulu\u011fun hari\u00e7 tutulmas\u0131 veya s\u0131n\u0131rland\u0131r\u0131lmas\u0131 izin verilmedi\u011finden, yukar\u0131daki s\u0131n\u0131rlamalar sizin i\u00e7in ge\u00e7erli olmayabilir.  <\/p>\n<p style=\"margin-bottom: 1.5rem; position: relative; color: #7e7e7e; font-family: Urbanist; font-size: 15px;\"><span style=\"font-weight: bolder;\">Tazminat<\/span><\/p>\n<p style=\"margin-bottom: 1.5rem; position: relative; color: #7e7e7e; font-family: Urbanist; font-size: 15px;\">MDPLUSBIO, memurlar\u0131, y\u00f6neticileri, \u00e7al\u0131\u015fanlar\u0131, acenteleri, lisans verenleri ve tedarik\u00e7ilerini (topluca \u201cSa\u011flay\u0131c\u0131\u201d) t\u00fcm kay\u0131plar, masraflar, zararlar ve makul avukatl\u0131k \u00fccretleri dahil maliyetlerden, bu \u015fartlar ve ko\u015fullar\u0131n herhangi bir \u015fekilde ihlal edilmesi veya internet hesab\u0131n\u0131zla ilgili herhangi bir faaliyet (ihmal veya yanl\u0131\u015f davran\u0131\u015f dahil) sonucunda meydana gelen zararlar nedeniyle tazmin etmeyi, savunmay\u0131 ve zarar g\u00f6rmesini \u00f6nlemeyi kabul ediyorsunuz.<\/p>\n<p style=\"margin-bottom: 1.5rem; position: relative; color: #7e7e7e; font-family: Urbanist; font-size: 15px;\"><span style=\"font-weight: bolder;\">Tahkim<\/span><\/p>\n<p style=\"margin-bottom: 1.5rem; position: relative; color: #7e7e7e; font-family: Urbanist; font-size: 15px;\">Bu Siteyi kullanarak, bu Sitenin kullan\u0131m\u0131ndan veya bu \u015eartlar ve Ko\u015fullar&#8217;dan kaynaklanan veya bunlarla ilgili olan, bunlar\u0131n yorumlanmas\u0131, ihlali, ge\u00e7ersizli\u011fi, h\u00fck\u00fcms\u00fczl\u00fc\u011f\u00fc, yerine getirilmemesi veya feshiyle ilgili ihtilaflar da dahil olmak \u00fczere, bu s\u00f6zle\u015fmede ortaya \u00e7\u0131kan bo\u015fluklar\u0131n doldurulmas\u0131 veya yeni ortaya \u00e7\u0131kan durumlara uyarlanmas\u0131yla ilgili herhangi bir ihtilaf\u0131, Amerikan Tahkim Derne\u011fi&#8217;nin Uluslararas\u0131 Tahkim Kurallar\u0131 uyar\u0131nca, bu Kurallara g\u00f6re atanm\u0131\u015f bir veya daha fazla hakem taraf\u0131ndan nihai ve ba\u011flay\u0131c\u0131 tahkime sunmay\u0131 kabul ediyorsunuz. Ancak, bu kurallara ra\u011fmen, bu t\u00fcr i\u015flemler yukar\u0131da &#8220;Uygulanabilir Yasalar ve Tahkim&#8221; b\u00f6l\u00fcm\u00fcnde belirtilen Teksas Eyaleti yasalar\u0131na tabi olacakt\u0131r. &nbsp;<br>Bu maddeye g\u00f6re, tahkimde verilen herhangi bir karar parasal tazminat ile s\u0131n\u0131rl\u0131 olacak ve herhangi bir taraf\u0131n yaln\u0131zca parasal bir miktar \u00f6demesi y\u00f6n\u00fcnde talimat i\u00e7erecektir. Ayr\u0131ca, hakem(ler), herhangi bir taraf\u0131n fiili zararlar\u0131 d\u0131\u015f\u0131nda cezai, sonu\u00e7sal veya ba\u015fka t\u00fcr zararlar verme yetkisine sahip olmayacakt\u0131r; bu durum, yaln\u0131zca yasal bir zorunluluk varsa istisna te\u015fkil edebilir. <\/p>\n<p style=\"margin-bottom: 1.5rem; position: relative; color: #7e7e7e; font-family: Urbanist; font-size: 15px;\"><span style=\"font-weight: bolder;\">Adresimiz :&nbsp;<\/span><\/p>\n<p style=\"margin-bottom: 1.5rem; position: relative; color: #7e7e7e; font-family: Urbanist; font-size: 15px;\"><span style=\"font-weight: bolder;\">GDZ SA\u011eLIK VE G\u00dcZELL\u0130K H\u0130ZMETLER\u0130 LTD.\u015eT\u0130.<\/span><\/p>\n<p style=\"margin-bottom: 1.5rem; position: relative; color: #7e7e7e; font-family: Urbanist; font-size: 15px;\">MERKEZ MAH. \u0130ST\u0130KLAL SK. NO:11 \u0130\u00c7 KAPI NO:2 \u015e\u0130\u015eL\u0130  <\/p>\n<p style=\"margin-bottom: 1.5rem; position: relative; color: #7e7e7e; font-family: Urbanist; font-size: 15px;\">MDPLUSBIO ve ad\u0131na \u00e7al\u0131\u015fan web sitesi geli\u015ftiricileri, web sitesinin i\u00e7eri\u011fini, bu \u015fartlar ve ko\u015fullar da dahil olmak \u00fczere de\u011fi\u015ftirme hakk\u0131na sahiptir. MDPLUSBIO, \u015eartlar ve Ko\u015fullar\u0131 s\u0131k s\u0131k ve herhangi bir i\u015flem yapmadan \u00f6nce g\u00f6zden ge\u00e7irme sorumlulu\u011funa sahiptir, \u00e7\u00fcnk\u00fc bu \u015eartlar ve Ko\u015fullar haber verilmeksizin de\u011fi\u015ftirilebilir. <\/p>\n<h4 style=\"margin-top: 2rem; margin-bottom: 0.75rem; font-weight: var(--g5-h4-font-weight); line-height: var(--g5-h4-line-height); font-size: var(--g5-h4-font-size); font-family: Urbanist; letter-spacing: normal; position: relative;\">Feragatname<\/h4>\n<p style=\"margin-bottom: 1.5rem; position: relative; color: #7e7e7e; font-family: Urbanist; font-size: 15px;\">Yukar\u0131daki a\u00e7\u0131klamalar ve bu web sitesinde yap\u0131lan di\u011fer a\u00e7\u0131klamalar FDA taraf\u0131ndan de\u011ferlendirilmemi\u015ftir..&nbsp;<span style=\"font-weight: bolder;\">MDPLUSBIO<\/span>&nbsp;MDPLUSBIO \u015eampuan\u0131 ve i\u00e7indeki bile\u015fenler, herhangi bir hastal\u0131\u011f\u0131 te\u015fhis etmek, tedavi etmek, iyile\u015ftirmek veya \u00f6nlemek amac\u0131yla kullan\u0131lmaz.<\/p>\n<p style=\"margin-bottom: 1.5rem; position: relative; color: #7e7e7e; font-family: Urbanist; font-size: 15px;\"><span style=\"font-weight: bolder;\">GDZ SA\u011eLIK VE G\u00dcZELL\u0130K H\u0130ZMETLER\u0130 LTD.\u015eT\u0130.<\/span>&nbsp;ve \u00fcr\u00fcnlerindeki i\u00e7erikler, herhangi bir hastal\u0131\u011f\u0131 te\u015fhis etmek, tedavi etmek, bakmak veya \u00f6nlemek amac\u0131yla kullan\u0131lmaz.&nbsp;<span style=\"font-weight: bolder;\">GDZ SA\u011eLIK VE G\u00dcZELL\u0130K H\u0130ZMETLER\u0130 LTD.\u015eT\u0130.<\/span>&nbsp;bu Site\u2019nin i\u00e7eri\u011finin veya bu siteye ba\u011flanan herhangi bir site veya di\u011fer internet ba\u011flant\u0131l\u0131 sitelerin i\u00e7eri\u011finin do\u011frulu\u011fu konusunda hi\u00e7bir garanti veya beyan yapmamaktad\u0131r.<\/p>\n<p style=\"margin-bottom: 1.5rem; position: relative; color: #7e7e7e; font-family: Urbanist; font-size: 15px;\">BU S\u0130TEDEK\u0130 T\u00dcM \u0130\u00c7ER\u0130K, HERHANG\u0130 B\u0130R GARANT\u0130 VER\u0130LMEDEN, \u201cOLDU\u011eU G\u0130B\u0130\u201d SA\u011eLANMAKTADIR, \u0130STER A\u00c7IK \u0130STERSE ZIMN\u0130 OLSUN. YASAL OLARAK M\u00dcSAADE ED\u0130LEN EN GEN\u0130\u015e \u00d6L\u00c7\u00dcDE. &nbsp;<span style=\"font-weight: bolder;\">GDZ SA\u011eLIK VE G\u00dcZELL\u0130K H\u0130ZMETLER\u0130 LTD.\u015eT\u0130.<\/span>&nbsp;ticari elveri\u015flilik, belirli bir ama\u00e7 i\u00e7in uygunluk, ihlalsizlik ve i\u015flem s\u00fcreci veya performans s\u00fcrecinden do\u011fan t\u00fcm garantileri reddeder.<\/p>\n<p style=\"margin-bottom: 1.5rem; position: relative; color: #7e7e7e; font-family: Urbanist; font-size: 15px;\"><span style=\"font-weight: bolder;\">GDZ SA\u011eLIK VE G\u00dcZELL\u0130K H\u0130ZMETLER\u0130 LTD.\u015eT\u0130.<\/span>&nbsp;Sitedeki i\u015flevlerin kesintisiz veya hatas\u0131z olaca\u011f\u0131n\u0131, hatalar\u0131n d\u00fczeltilece\u011fini veya bu Siteyi bar\u0131nd\u0131ran sunucunun vir\u00fcslerden veya di\u011fer zararl\u0131 bile\u015fenlerden ar\u0131nm\u0131\u015f oldu\u011funu beyan etmez ve garanti etmez.<\/p>\n<p style=\"margin-bottom: 1.5rem; position: relative; color: #7e7e7e; font-family: Urbanist; font-size: 15px;\"><span style=\"font-weight: bolder;\">GDZ SA\u011eLIK VE G\u00dcZELL\u0130K H\u0130ZMETLER\u0130 LTD.\u015eT\u0130.<\/span>&nbsp; bu sitedeki materyallerin tamamlanm\u0131\u015fl\u0131k, do\u011fruluk, kesinlik, yeterlilik, faydal\u0131l\u0131k, zamanlama, g\u00fcvenilirlik veya ba\u015fka herhangi bir a\u00e7\u0131dan kullan\u0131m\u0131yla ilgili herhangi bir garanti veya beyan yapmaz. Yukar\u0131daki s\u0131n\u0131rlamalar sizin i\u00e7in ge\u00e7erli olmayabilir. <\/p>\t\t\t\t\t\t\t\t<\/div>\n\t\t\t\t<\/div>\n\t\t\t\t\t<\/div>\n\t\t\t\t<\/div>\n\t\t\t\t<\/div>\n\t\t","protected":false},"excerpt":{"rendered":"<p>\u015eartlar ve Ko\u015fullar Bu web sitesindeki bilgiler a\u015fa\u011f\u0131daki ko\u015fullara ve sizin bu ko\u015fullar\u0131 kabul etmenize dayal\u0131 olarak sunulmaktad\u0131r.&nbsp;Bu web sitesindeki herhangi bir bilgiyi kopyalayamaz, de\u011fi\u015ftiremez, da\u011f\u0131tamaz, iletemez, yay\u0131nlayamaz, sergileyemez, \u00e7o\u011faltamaz, [&hellip;]<\/p>\n","protected":false},"author":2,"featured_media":0,"parent":0,"menu_order":0,"comment_status":"closed","ping_status":"closed","template":"","meta":{"_joinchat":[],"footnotes":""},"class_list":["post-3252","page","type-page","status-publish","hentry"],"acf":[],"_links":{"self":[{"href":"https:\/\/mdplusbio.com\/tr\/wp-json\/wp\/v2\/pages\/3252","targetHints":{"allow":["GET"]}}],"collection":[{"href":"https:\/\/mdplusbio.com\/tr\/wp-json\/wp\/v2\/pages"}],"about":[{"href":"https:\/\/mdplusbio.com\/tr\/wp-json\/wp\/v2\/types\/page"}],"author":[{"embeddable":true,"href":"https:\/\/mdplusbio.com\/tr\/wp-json\/wp\/v2\/users\/2"}],"replies":[{"embeddable":true,"href":"https:\/\/mdplusbio.com\/tr\/wp-json\/wp\/v2\/comments?post=3252"}],"version-history":[{"count":0,"href":"https:\/\/mdplusbio.com\/tr\/wp-json\/wp\/v2\/pages\/3252\/revisions"}],"wp:attachment":[{"href":"https:\/\/mdplusbio.com\/tr\/wp-json\/wp\/v2\/media?parent=3252"}],"curies":[{"name":"wp","href":"https:\/\/api.w.org\/{rel}","templated":true}]}}