{"id":3244,"date":"2024-12-18T10:49:38","date_gmt":"2024-12-18T07:49:38","guid":{"rendered":"https:\/\/mdplusbio.com\/refund-and-returns\/"},"modified":"2025-03-13T10:55:39","modified_gmt":"2025-03-13T07:55:39","slug":"iade","status":"publish","type":"page","link":"https:\/\/mdplusbio.com\/tr\/iade\/","title":{"rendered":"\u0130ade ve \u0130ptal Ko\u015fullar\u0131"},"content":{"rendered":"\t\t<div data-elementor-type=\"wp-page\" data-elementor-id=\"3244\" class=\"elementor elementor-3244 elementor-11\" data-elementor-post-type=\"page\">\n\t\t\t\t<div class=\"elementor-element elementor-element-8f3a699 e-flex e-con-boxed e-con e-parent\" data-id=\"8f3a699\" data-element_type=\"container\">\n\t\t\t\t\t<div class=\"e-con-inner\">\n\t\t\t\t<div class=\"elementor-element elementor-element-b01672d elementor-widget elementor-widget-heading\" data-id=\"b01672d\" data-element_type=\"widget\" data-widget_type=\"heading.default\">\n\t\t\t\t<div class=\"elementor-widget-container\">\n\t\t\t\t\t<h2 class=\"elementor-heading-title elementor-size-default\">\u0130ade ve \u0130ptal<\/h2>\t\t\t\t<\/div>\n\t\t\t\t<\/div>\n\t\t\t\t\t<\/div>\n\t\t\t\t<\/div>\n\t\t<div class=\"elementor-element elementor-element-231eba4b e-flex e-con-boxed e-con e-parent\" data-id=\"231eba4b\" data-element_type=\"container\">\n\t\t\t\t\t<div class=\"e-con-inner\">\n\t\t\t\t<div class=\"elementor-element elementor-element-5e5786e2 elementor-widget elementor-widget-text-editor\" data-id=\"5e5786e2\" data-element_type=\"widget\" data-widget_type=\"text-editor.default\">\n\t\t\t\t<div class=\"elementor-widget-container\">\n\t\t\t\t\t\t\t\t\t<p><\/p>\n<p>\u0130ADE VEYA PARA \u0130ADELER\u0130, \u0130ADE ONAY NUMARASI OLMADAN GER\u00c7EKLE\u015eMEYECEKT\u0130R.<br>Bu web sitesinden sat\u0131n al\u0131nmayan MDPLUSBIO \u00fcr\u00fcnleri i\u00e7in para iadesi yap\u0131lmaz.<br>\u0130ade Onay Numaras\u0131 ald\u0131ktan sonra, bu numaray\u0131 g\u00f6nderi etiketine eklemeyi ve iade kutusuna ad\u0131n\u0131z\u0131 ve i\u015f ad\u0131 (e\u011fer i\u015fyeri sat\u0131n al\u0131m\u0131ysa) yazmay\u0131 unutmay\u0131n.<\/p>\n<p><\/p>\n<p>\u0130ade i\u00e7in :<\/p>\n<p><\/p>\n<p><strong>GDZ SA\u011eLIK VE G\u00dcZELL\u0130K H\u0130ZMETLER\u0130 LTD.\u015eT\u0130.<\/strong><\/p>\n<p><\/p>\n<p>MERKEZ MAH. \u0130ST\u0130KLAL SK. NO:11 \u0130\u00c7 KAPI NO:2 \u015e\u0130\u015eL\u0130 \u0130STANBUL \/ T\u00dcRK\u0130YE  <\/p>\n<p><\/p>\n<p>Kullan\u0131lmam\u0131\u015f ve hasar g\u00f6rmemi\u015f MDPLUSBIO \u00fcr\u00fcnleri, 15 g\u00fcn i\u00e7inde (birinci g\u00fcn, MDPLUSBIO&#8217;dan adresinize g\u00f6nderilen tarihten sonraki ilk g\u00fcnd\u00fcr) tamamen geri \u00f6deme almak \u00fczere iade edilebilir, ancak malzeme kullan\u0131lmam\u0131\u015f olmal\u0131d\u0131r. 15 g\u00fcn sonra (birinci g\u00fcn, Nature\u2019s Loving Care (+) \u015eampuan\/Kondisyoner ve V\u00fccut Y\u0131kama&#8217;n\u0131n adresinize g\u00f6nderildi\u011fi g\u00fcnden bir sonraki g\u00fcnd\u00fcr) kullan\u0131lmam\u0131\u015f ve hasar g\u00f6rmemi\u015f MDPLUSBIO \u00fcr\u00fcnleri iade edilirse %20 yeniden stoklama \u00fccreti uygulanacakt\u0131r (yeniden stoklama \u00fccreti sat\u0131\u015f fiyat\u0131 art\u0131 vergiler). Al\u0131c\u0131 taraf\u0131ndan \u00f6denen nakliye \u00fccretleri %20 yeniden stoklama \u00fccretine dahil de\u011fildir. G\u00f6nderimin al\u0131c\u0131ya\/yat\u0131r\u0131mc\u0131ya yap\u0131lmas\u0131ndan itibaren 16 g\u00fcnden sonra iade yap\u0131lmaz ve nakliye s\u0131ras\u0131nda hasar g\u00f6ren \u00fcr\u00fcnler i\u00e7in iade yap\u0131lmaz. \u0130ade nakliye\/g\u00f6nderim \u00fccretleri i\u00e7in geri \u00f6deme yap\u0131lmaz. Bir iade durumunda, iade yap\u0131lacak tutar, sat\u0131n al\u0131m\u0131n yap\u0131ld\u0131\u011f\u0131 ki\u015fi veya i\u015fletme ad\u0131na bir \u00e7ek olarak d\u00fczenlenecektir.<br>Kullan\u0131lan\/eksik MDPLUSBIO \u00fcr\u00fcnlerinin bedeli, m\u00fc\u015fteriye yap\u0131lacak geri \u00f6demeden d\u00fc\u015f\u00fclecektir. \u00d6rnek: \u015ei\u015fenin yar\u0131s\u0131 kullan\u0131ld\u0131ysa ve iade edildiyse, sat\u0131n alma fiyat\u0131n\u0131n ve \u00f6denen vergilerin yar\u0131s\u0131n\u0131n geri \u00f6denmesi beklenmelidir.<br>Bu \u0130ade ve Para \u0130ade Politikas\u0131, bildirim yap\u0131lmadan de\u011fi\u015ftirilebilir.    <\/p>\n<p><\/p>\t\t\t\t\t\t\t\t<\/div>\n\t\t\t\t<\/div>\n\t\t\t\t\t<\/div>\n\t\t\t\t<\/div>\n\t\t<div class=\"elementor-element elementor-element-9c1f677 e-flex e-con-boxed e-con e-parent\" data-id=\"9c1f677\" data-element_type=\"container\">\n\t\t\t\t\t<div class=\"e-con-inner\">\n\t\t\t\t<div class=\"elementor-element elementor-element-28c42a4 elementor-widget elementor-widget-spacer\" data-id=\"28c42a4\" data-element_type=\"widget\" data-widget_type=\"spacer.default\">\n\t\t\t\t<div class=\"elementor-widget-container\">\n\t\t\t\t\t\t\t<div class=\"elementor-spacer\">\n\t\t\t<div class=\"elementor-spacer-inner\"><\/div>\n\t\t<\/div>\n\t\t\t\t\t\t<\/div>\n\t\t\t\t<\/div>\n\t\t\t\t\t<\/div>\n\t\t\t\t<\/div>\n\t\t\t\t<\/div>\n\t\t","protected":false},"excerpt":{"rendered":"<p>\u0130ade ve \u0130ptal \u0130ADE VEYA PARA \u0130ADELER\u0130, \u0130ADE ONAY NUMARASI OLMADAN GER\u00c7EKLE\u015eMEYECEKT\u0130R.Bu web sitesinden sat\u0131n al\u0131nmayan MDPLUSBIO \u00fcr\u00fcnleri i\u00e7in para iadesi yap\u0131lmaz.\u0130ade Onay Numaras\u0131 ald\u0131ktan sonra, bu numaray\u0131 g\u00f6nderi etiketine [&hellip;]<\/p>\n","protected":false},"author":1,"featured_media":0,"parent":0,"menu_order":0,"comment_status":"closed","ping_status":"closed","template":"","meta":{"_joinchat":[],"footnotes":""},"class_list":["post-3244","page","type-page","status-publish","hentry"],"acf":[],"_links":{"self":[{"href":"https:\/\/mdplusbio.com\/tr\/wp-json\/wp\/v2\/pages\/3244","targetHints":{"allow":["GET"]}}],"collection":[{"href":"https:\/\/mdplusbio.com\/tr\/wp-json\/wp\/v2\/pages"}],"about":[{"href":"https:\/\/mdplusbio.com\/tr\/wp-json\/wp\/v2\/types\/page"}],"author":[{"embeddable":true,"href":"https:\/\/mdplusbio.com\/tr\/wp-json\/wp\/v2\/users\/1"}],"replies":[{"embeddable":true,"href":"https:\/\/mdplusbio.com\/tr\/wp-json\/wp\/v2\/comments?post=3244"}],"version-history":[{"count":0,"href":"https:\/\/mdplusbio.com\/tr\/wp-json\/wp\/v2\/pages\/3244\/revisions"}],"wp:attachment":[{"href":"https:\/\/mdplusbio.com\/tr\/wp-json\/wp\/v2\/media?parent=3244"}],"curies":[{"name":"wp","href":"https:\/\/api.w.org\/{rel}","templated":true}]}}