{"id":3161,"date":"2022-10-19T13:30:27","date_gmt":"2022-10-19T10:30:27","guid":{"rendered":"https:\/\/mdplusbio.com\/ana-sayfa\/"},"modified":"2025-02-03T15:12:08","modified_gmt":"2025-02-03T12:12:08","slug":"ana-sayfa","status":"publish","type":"page","link":"https:\/\/mdplusbio.com\/tr\/","title":{"rendered":"Ana Sayfa"},"content":{"rendered":"\t\t<div data-elementor-type=\"wp-page\" data-elementor-id=\"3161\" class=\"elementor elementor-3161 elementor-14\" data-elementor-post-type=\"page\">\n\t\t\t\t\t\t<section class=\"elementor-section elementor-top-section elementor-element elementor-element-a53f34a elementor-section-full_width elementor-section-height-default elementor-section-height-default\" data-id=\"a53f34a\" data-element_type=\"section\" data-settings=\"{&quot;background_background&quot;:&quot;classic&quot;}\">\n\t\t\t\t\t\t<div class=\"elementor-container elementor-column-gap-default\">\n\t\t\t\t\t<div class=\"elementor-column elementor-col-100 elementor-top-column elementor-element elementor-element-56314a8\" data-id=\"56314a8\" data-element_type=\"column\">\n\t\t\t<div class=\"elementor-widget-wrap elementor-element-populated\">\n\t\t\t\t\t\t<section class=\"elementor-section elementor-inner-section elementor-element elementor-element-f0fbbd4 elementor-section-boxed elementor-section-height-default elementor-section-height-default\" data-id=\"f0fbbd4\" data-element_type=\"section\">\n\t\t\t\t\t\t<div class=\"elementor-container elementor-column-gap-default\">\n\t\t\t\t\t<div class=\"elementor-column elementor-col-100 elementor-inner-column elementor-element elementor-element-77f1ba6\" data-id=\"77f1ba6\" data-element_type=\"column\">\n\t\t\t<div class=\"elementor-widget-wrap elementor-element-populated\">\n\t\t\t\t\t\t<div class=\"elementor-element elementor-element-dbae005 elementor-widget__width-initial elementor-widget-mobile__width-initial elementor-invisible elementor-widget elementor-widget-heading\" data-id=\"dbae005\" data-element_type=\"widget\" data-settings=\"{&quot;_animation&quot;:&quot;fadeInUpShorter&quot;,&quot;_animation_delay&quot;:200}\" data-widget_type=\"heading.default\">\n\t\t\t\t<div class=\"elementor-widget-container\">\n\t\t\t\t\t<h1 class=\"elementor-heading-title elementor-size-default\"><span><span>Sa\u00e7 Sa\u011fl\u0131\u011f\u0131n\u0131z\u0131 G\u00fc\u00e7lendirin ve Koruyun<\/span><\/span><\/h1>\t\t\t\t<\/div>\n\t\t\t\t<\/div>\n\t\t\t\t<div class=\"elementor-element elementor-element-87aedb5 elementor-invisible elementor-widget elementor-widget-button\" data-id=\"87aedb5\" data-element_type=\"widget\" data-settings=\"{&quot;_animation&quot;:&quot;fadeInUpShorter&quot;,&quot;_animation_delay&quot;:400}\" data-widget_type=\"button.default\">\n\t\t\t\t<div class=\"elementor-widget-container\">\n\t\t\t\t\t\t\t\t\t<div class=\"elementor-button-wrapper\">\n\t\t\t\t\t<a class=\"elementor-button elementor-button-link elementor-size-sm\" href=\"https:\/\/www.mdplusbio.com\/tr\/shop\/\">\n\t\t\t\t\t\t<span class=\"elementor-button-content-wrapper\">\n\t\t\t\t\t\t\t\t\t<span class=\"elementor-button-text\">\u015eimdi Ke\u015ffet<\/span>\n\t\t\t\t\t<\/span>\n\t\t\t\t\t<\/a>\n\t\t\t\t<\/div>\n\t\t\t\t\t\t\t\t<\/div>\n\t\t\t\t<\/div>\n\t\t\t\t\t<\/div>\n\t\t<\/div>\n\t\t\t\t\t<\/div>\n\t\t<\/section>\n\t\t\t\t\t<\/div>\n\t\t<\/div>\n\t\t\t\t\t<\/div>\n\t\t<\/section>\n\t\t\t\t<section class=\"elementor-section elementor-top-section elementor-element elementor-element-cc4ba2a elementor-section-boxed elementor-section-height-default elementor-section-height-default\" data-id=\"cc4ba2a\" data-element_type=\"section\">\n\t\t\t\t\t\t<div class=\"elementor-container elementor-column-gap-default\">\n\t\t\t\t\t<div class=\"elementor-column elementor-col-100 elementor-top-column elementor-element elementor-element-e654a9e\" data-id=\"e654a9e\" data-element_type=\"column\">\n\t\t\t<div class=\"elementor-widget-wrap elementor-element-populated\">\n\t\t\t\t\t\t<div class=\"elementor-element elementor-element-cfaddff elementor-invisible elementor-widget elementor-widget-heading\" data-id=\"cfaddff\" data-element_type=\"widget\" data-settings=\"{&quot;_animation&quot;:&quot;fadeInUpShorter&quot;,&quot;_animation_delay&quot;:200}\" data-widget_type=\"heading.default\">\n\t\t\t\t<div class=\"elementor-widget-container\">\n\t\t\t\t\t<h2 class=\"elementor-heading-title elementor-size-default\">\u00dcr\u00fcnler<\/h2>\t\t\t\t<\/div>\n\t\t\t\t<\/div>\n\t\t\t\t<div class=\"elementor-element elementor-element-908745f elementor-invisible elementor-widget elementor-widget-shortcode\" data-id=\"908745f\" data-element_type=\"widget\" data-settings=\"{&quot;_animation&quot;:&quot;fadeInUpShorter&quot;,&quot;_animation_delay&quot;:600}\" data-widget_type=\"shortcode.default\">\n\t\t\t\t<div class=\"elementor-widget-container\">\n\t\t\t\t\t\t\t<div class=\"elementor-shortcode\"><div class=\"woocommerce columns-3 product-equal-height\"><ul class=\"products columns-3\">\n<li class=\"product type-product post-3202 status-publish first instock product_cat-sac-ekimi-sonrasi product_cat-setler product_cat-tum-urunler has-post-thumbnail taxable shipping-taxable purchasable product-type-simple has-gallery-images\">\n\t<a href=\"https:\/\/mdplusbio.com\/tr\/urun\/i-care-my-hair-package\/\" class=\"woocommerce-LoopProduct-link woocommerce-loop-product__link\"><img fetchpriority=\"high\" decoding=\"async\" width=\"420\" height=\"277\" src=\"https:\/\/mdplusbio.com\/wp-content\/uploads\/2024\/12\/image00007-420x277.jpeg\" class=\"attachment-woocommerce_thumbnail size-woocommerce_thumbnail\" alt=\"I Care My Hair Paket \u2013 3 Ayl\u0131k\" srcset=\"https:\/\/mdplusbio.com\/wp-content\/uploads\/2024\/12\/image00007-420x277.jpeg 420w, https:\/\/mdplusbio.com\/wp-content\/uploads\/2024\/12\/image00007-300x198.jpeg 300w, https:\/\/mdplusbio.com\/wp-content\/uploads\/2024\/12\/image00007-1024x676.jpeg 1024w, https:\/\/mdplusbio.com\/wp-content\/uploads\/2024\/12\/image00007-768x507.jpeg 768w, https:\/\/mdplusbio.com\/wp-content\/uploads\/2024\/12\/image00007-1140x753.jpeg 1140w, https:\/\/mdplusbio.com\/wp-content\/uploads\/2024\/12\/image00007-920x607.jpeg 920w, https:\/\/mdplusbio.com\/wp-content\/uploads\/2024\/12\/image00007-575x380.jpeg 575w, https:\/\/mdplusbio.com\/wp-content\/uploads\/2024\/12\/image00007-380x251.jpeg 380w, https:\/\/mdplusbio.com\/wp-content\/uploads\/2024\/12\/image00007-800x528.jpeg 800w, https:\/\/mdplusbio.com\/wp-content\/uploads\/2024\/12\/image00007-80x53.jpeg 80w, https:\/\/mdplusbio.com\/wp-content\/uploads\/2024\/12\/image00007.jpeg 1198w\" sizes=\"(max-width: 420px) 100vw, 420px\" \/><h2 class=\"woocommerce-loop-product__title\">I Care My Hair Paket \u2013 3 Ayl\u0131k<\/h2>\n\t<span class=\"price\"><span class=\"woocommerce-Price-amount amount\"><bdi><span class=\"woocommerce-Price-currencySymbol\">&#36;<\/span>300.00<\/bdi><\/span><\/span>\n<\/a><a title=\"Sepete ekle: \u201cI Care My Hair Paket \u2013 3 Ayl\u0131k\u201d\" href=\"?add-to-cart=3202\" aria-describedby=\"woocommerce_loop_add_to_cart_link_describedby_3202\" data-quantity=\"1\" class=\"button product_type_simple add_to_cart_button ajax_add_to_cart\" data-product_id=\"3202\" data-product_sku=\"MDICMHP-001\" aria-label=\"Sepete ekle: \u201cI Care My Hair Paket \u2013 3 Ayl\u0131k\u201d\" rel=\"nofollow\" data-success_message=\"&quot;I Care My Hair Paket \u2013 3 Ayl\u0131k&quot; sepetinize eklendi\">Sepete Ekle<\/a>\t<span id=\"woocommerce_loop_add_to_cart_link_describedby_3202\" class=\"screen-reader-text\">\n\t\t\t<\/span>\n<span class=\"gtmkit_product_data\" style=\"display:none;visibility:hidden\" data-gtmkit_product_id=\"3202\" data-gtmkit_product_data=\"{&quot;id&quot;:&quot;3202&quot;,&quot;item_id&quot;:&quot;3202&quot;,&quot;item_name&quot;:&quot;I Care My Hair Paket \\u2013 3 Ayl\\u0131k&quot;,&quot;currency&quot;:&quot;EUR&quot;,&quot;price&quot;:300,&quot;item_category&quot;:&quot;Setler&quot;,&quot;item_list_name&quot;:&quot;Genel \\u00dcr\\u00fcn Listesi&quot;,&quot;index&quot;:1}\"><\/span><\/li>\n<li class=\"product type-product post-3187 status-publish instock product_cat-sac-ekimi-sonrasi product_cat-setler product_cat-tum-urunler has-post-thumbnail taxable shipping-taxable purchasable product-type-simple has-gallery-images\">\n\t<a href=\"https:\/\/mdplusbio.com\/tr\/urun\/i-care-my-hair-transplantation-package\/\" class=\"woocommerce-LoopProduct-link woocommerce-loop-product__link\"><img decoding=\"async\" width=\"420\" height=\"277\" src=\"https:\/\/mdplusbio.com\/wp-content\/uploads\/2024\/12\/image00006-420x277.jpeg\" class=\"attachment-woocommerce_thumbnail size-woocommerce_thumbnail\" alt=\"I Care My Hair Transplantation Paketi - 3 Ayl\u0131k\" srcset=\"https:\/\/mdplusbio.com\/wp-content\/uploads\/2024\/12\/image00006-420x277.jpeg 420w, https:\/\/mdplusbio.com\/wp-content\/uploads\/2024\/12\/image00006-300x198.jpeg 300w, https:\/\/mdplusbio.com\/wp-content\/uploads\/2024\/12\/image00006-1024x676.jpeg 1024w, https:\/\/mdplusbio.com\/wp-content\/uploads\/2024\/12\/image00006-768x507.jpeg 768w, https:\/\/mdplusbio.com\/wp-content\/uploads\/2024\/12\/image00006-1140x753.jpeg 1140w, https:\/\/mdplusbio.com\/wp-content\/uploads\/2024\/12\/image00006-920x607.jpeg 920w, https:\/\/mdplusbio.com\/wp-content\/uploads\/2024\/12\/image00006-575x380.jpeg 575w, https:\/\/mdplusbio.com\/wp-content\/uploads\/2024\/12\/image00006-380x251.jpeg 380w, https:\/\/mdplusbio.com\/wp-content\/uploads\/2024\/12\/image00006-800x528.jpeg 800w, https:\/\/mdplusbio.com\/wp-content\/uploads\/2024\/12\/image00006-80x53.jpeg 80w, https:\/\/mdplusbio.com\/wp-content\/uploads\/2024\/12\/image00006.jpeg 1198w\" sizes=\"(max-width: 420px) 100vw, 420px\" \/><h2 class=\"woocommerce-loop-product__title\">I Care My Hair Transplantation Paketi &#8211; 3 Ayl\u0131k<\/h2>\n\t<span class=\"price\"><span class=\"woocommerce-Price-amount amount\"><bdi><span class=\"woocommerce-Price-currencySymbol\">&#36;<\/span>265.00<\/bdi><\/span><\/span>\n<\/a><a title=\"Sepete ekle: \u201cI Care My Hair Transplantation Paketi - 3 Ayl\u0131k\u201d\" href=\"?add-to-cart=3187\" aria-describedby=\"woocommerce_loop_add_to_cart_link_describedby_3187\" data-quantity=\"1\" class=\"button product_type_simple add_to_cart_button ajax_add_to_cart\" data-product_id=\"3187\" data-product_sku=\"MDICMHTP-001\" aria-label=\"Sepete ekle: \u201cI Care My Hair Transplantation Paketi - 3 Ayl\u0131k\u201d\" rel=\"nofollow\" data-success_message=\"&quot;I Care My Hair Transplantation Paketi - 3 Ayl\u0131k&quot; sepetinize eklendi\">Sepete Ekle<\/a>\t<span id=\"woocommerce_loop_add_to_cart_link_describedby_3187\" class=\"screen-reader-text\">\n\t\t\t<\/span>\n<span class=\"gtmkit_product_data\" style=\"display:none;visibility:hidden\" data-gtmkit_product_id=\"3187\" data-gtmkit_product_data=\"{&quot;id&quot;:&quot;3187&quot;,&quot;item_id&quot;:&quot;3187&quot;,&quot;item_name&quot;:&quot;I Care My Hair Transplantation Paketi - 3 Ayl\\u0131k&quot;,&quot;currency&quot;:&quot;EUR&quot;,&quot;price&quot;:265,&quot;item_category&quot;:&quot;Setler&quot;,&quot;item_list_name&quot;:&quot;Genel \\u00dcr\\u00fcn Listesi&quot;,&quot;index&quot;:2}\"><\/span><\/li>\n<li class=\"product type-product post-3196 status-publish last instock product_cat-sac-ekimi-sonrasi product_cat-setler product_cat-tum-urunler has-post-thumbnail taxable shipping-taxable purchasable product-type-simple has-gallery-images\">\n\t<a href=\"https:\/\/mdplusbio.com\/tr\/urun\/hair-complex-meso-serum\/\" class=\"woocommerce-LoopProduct-link woocommerce-loop-product__link\"><img decoding=\"async\" width=\"420\" height=\"277\" src=\"https:\/\/mdplusbio.com\/wp-content\/uploads\/2024\/12\/image00005-420x277.jpeg\" class=\"attachment-woocommerce_thumbnail size-woocommerce_thumbnail\" alt=\"Hair Complex Meso Serum\" srcset=\"https:\/\/mdplusbio.com\/wp-content\/uploads\/2024\/12\/image00005-420x277.jpeg 420w, https:\/\/mdplusbio.com\/wp-content\/uploads\/2024\/12\/image00005-300x198.jpeg 300w, https:\/\/mdplusbio.com\/wp-content\/uploads\/2024\/12\/image00005-1024x676.jpeg 1024w, https:\/\/mdplusbio.com\/wp-content\/uploads\/2024\/12\/image00005-768x507.jpeg 768w, https:\/\/mdplusbio.com\/wp-content\/uploads\/2024\/12\/image00005-1140x753.jpeg 1140w, https:\/\/mdplusbio.com\/wp-content\/uploads\/2024\/12\/image00005-920x607.jpeg 920w, https:\/\/mdplusbio.com\/wp-content\/uploads\/2024\/12\/image00005-575x380.jpeg 575w, https:\/\/mdplusbio.com\/wp-content\/uploads\/2024\/12\/image00005-380x251.jpeg 380w, https:\/\/mdplusbio.com\/wp-content\/uploads\/2024\/12\/image00005-800x528.jpeg 800w, https:\/\/mdplusbio.com\/wp-content\/uploads\/2024\/12\/image00005-80x53.jpeg 80w, https:\/\/mdplusbio.com\/wp-content\/uploads\/2024\/12\/image00005.jpeg 1198w\" sizes=\"(max-width: 420px) 100vw, 420px\" \/><h2 class=\"woocommerce-loop-product__title\">Hair Complex Meso Serum<\/h2>\n\t<span class=\"price\"><span class=\"woocommerce-Price-amount amount\"><bdi><span class=\"woocommerce-Price-currencySymbol\">&#36;<\/span>240.00<\/bdi><\/span><\/span>\n<\/a><a title=\"Sepete ekle: \u201cHair Complex Meso Serum\u201d\" href=\"?add-to-cart=3196\" aria-describedby=\"woocommerce_loop_add_to_cart_link_describedby_3196\" data-quantity=\"1\" class=\"button product_type_simple add_to_cart_button ajax_add_to_cart\" data-product_id=\"3196\" data-product_sku=\"MDHCMS-001\" aria-label=\"Sepete ekle: \u201cHair Complex Meso Serum\u201d\" rel=\"nofollow\" data-success_message=\"&quot;Hair Complex Meso Serum&quot; sepetinize eklendi\">Sepete Ekle<\/a>\t<span id=\"woocommerce_loop_add_to_cart_link_describedby_3196\" class=\"screen-reader-text\">\n\t\t\t<\/span>\n<span class=\"gtmkit_product_data\" style=\"display:none;visibility:hidden\" data-gtmkit_product_id=\"3196\" data-gtmkit_product_data=\"{&quot;id&quot;:&quot;3196&quot;,&quot;item_id&quot;:&quot;3196&quot;,&quot;item_name&quot;:&quot;Hair Complex Meso Serum&quot;,&quot;currency&quot;:&quot;EUR&quot;,&quot;price&quot;:240,&quot;item_category&quot;:&quot;Setler&quot;,&quot;item_list_name&quot;:&quot;Genel \\u00dcr\\u00fcn Listesi&quot;,&quot;index&quot;:3}\"><\/span><\/li>\n<\/ul>\n<\/div><\/div>\n\t\t\t\t\t\t<\/div>\n\t\t\t\t<\/div>\n\t\t\t\t\t<\/div>\n\t\t<\/div>\n\t\t\t\t\t<\/div>\n\t\t<\/section>\n\t\t<div class=\"elementor-element elementor-element-e9ff40b e-grid e-con-full e-con e-parent\" data-id=\"e9ff40b\" data-element_type=\"container\">\n\t\t\t\t<div class=\"elementor-element elementor-element-6e50092 elementor-widget elementor-widget-video\" data-id=\"6e50092\" data-element_type=\"widget\" data-settings=\"{&quot;youtube_url&quot;:&quot;https:\\\/\\\/www.youtube.com\\\/watch?v=PpYH-0XUZxY&quot;,&quot;lazy_load&quot;:&quot;yes&quot;,&quot;yt_privacy&quot;:&quot;yes&quot;,&quot;video_type&quot;:&quot;youtube&quot;,&quot;controls&quot;:&quot;yes&quot;}\" data-widget_type=\"video.default\">\n\t\t\t\t<div class=\"elementor-widget-container\">\n\t\t\t\t\t\t\t<div class=\"elementor-wrapper elementor-open-inline\">\n\t\t\t<div class=\"elementor-video\"><\/div>\t\t<\/div>\n\t\t\t\t\t\t<\/div>\n\t\t\t\t<\/div>\n\t\t\t\t<div class=\"elementor-element elementor-element-547523a elementor-widget elementor-widget-text-editor\" data-id=\"547523a\" data-element_type=\"widget\" data-widget_type=\"text-editor.default\">\n\t\t\t\t<div class=\"elementor-widget-container\">\n\t\t\t\t\t\t\t\t\t<h1>Sizi \u00d6nemsiyoruz ve Politikam\u0131z \u0130nsanlar<\/h1>\n<p>T\u00fcm \u00fcr\u00fcnlerimiz klinik onaya sahiptir. \u00dcr\u00fcnlerimiz, insan sa\u011fl\u0131\u011f\u0131na zarars\u0131z tamamen do\u011fal kimyasallardan \u00fcretilmi\u015ftir. Sa\u00e7\u0131n\u0131za her zamankinden daha fazla \u00f6zen g\u00f6sterirken, geli\u015fimini ve sa\u011fl\u0131kl\u0131 b\u00fcy\u00fcmesini keyifle deneyimlemeniz i\u00e7in her zaman \u00e7al\u0131\u015f\u0131yoruz.  <\/p>\n\t\t\t\t\t\t\t\t<\/div>\n\t\t\t\t<\/div>\n\t\t\t\t<\/div>\n\t\t<div class=\"elementor-element elementor-element-aab551c e-flex e-con-boxed e-con e-parent\" data-id=\"aab551c\" data-element_type=\"container\">\n\t\t\t\t\t<div class=\"e-con-inner\">\n\t\t\t\t<div class=\"elementor-element elementor-element-f19b682 elementor-widget elementor-widget-spacer\" data-id=\"f19b682\" data-element_type=\"widget\" data-widget_type=\"spacer.default\">\n\t\t\t\t<div class=\"elementor-widget-container\">\n\t\t\t\t\t\t\t<div class=\"elementor-spacer\">\n\t\t\t<div class=\"elementor-spacer-inner\"><\/div>\n\t\t<\/div>\n\t\t\t\t\t\t<\/div>\n\t\t\t\t<\/div>\n\t\t\t\t\t<\/div>\n\t\t\t\t<\/div>\n\t\t<div class=\"elementor-element elementor-element-0dc01e0 e-flex e-con-boxed e-con e-parent\" data-id=\"0dc01e0\" data-element_type=\"container\">\n\t\t\t\t\t<div class=\"e-con-inner\">\n\t\t\t\t<div class=\"elementor-element elementor-element-57c8718 elementor-widget elementor-widget-spacer\" data-id=\"57c8718\" data-element_type=\"widget\" data-widget_type=\"spacer.default\">\n\t\t\t\t<div class=\"elementor-widget-container\">\n\t\t\t\t\t\t\t<div class=\"elementor-spacer\">\n\t\t\t<div class=\"elementor-spacer-inner\"><\/div>\n\t\t<\/div>\n\t\t\t\t\t\t<\/div>\n\t\t\t\t<\/div>\n\t\t\t\t\t<\/div>\n\t\t\t\t<\/div>\n\t\t\t\t<\/div>\n\t\t","protected":false},"excerpt":{"rendered":"<p>Sa\u00e7 Sa\u011fl\u0131\u011f\u0131n\u0131z\u0131 G\u00fc\u00e7lendirin ve Koruyun \u015eimdi Ke\u015ffet \u00dcr\u00fcnler https:\/\/www.youtube.com\/watch?v=PpYH-0XUZxY Sizi \u00d6nemsiyoruz ve Politikam\u0131z \u0130nsanlar T\u00fcm \u00fcr\u00fcnlerimiz klinik onaya sahiptir. \u00dcr\u00fcnlerimiz, insan sa\u011fl\u0131\u011f\u0131na zarars\u0131z tamamen do\u011fal kimyasallardan \u00fcretilmi\u015ftir. Sa\u00e7\u0131n\u0131za her zamankinden [&hellip;]<\/p>\n","protected":false},"author":1,"featured_media":0,"parent":0,"menu_order":0,"comment_status":"closed","ping_status":"closed","template":"elementor_header_footer","meta":{"_joinchat":[],"footnotes":""},"class_list":["post-3161","page","type-page","status-publish","hentry"],"acf":[],"_links":{"self":[{"href":"https:\/\/mdplusbio.com\/tr\/wp-json\/wp\/v2\/pages\/3161","targetHints":{"allow":["GET"]}}],"collection":[{"href":"https:\/\/mdplusbio.com\/tr\/wp-json\/wp\/v2\/pages"}],"about":[{"href":"https:\/\/mdplusbio.com\/tr\/wp-json\/wp\/v2\/types\/page"}],"author":[{"embeddable":true,"href":"https:\/\/mdplusbio.com\/tr\/wp-json\/wp\/v2\/users\/1"}],"replies":[{"embeddable":true,"href":"https:\/\/mdplusbio.com\/tr\/wp-json\/wp\/v2\/comments?post=3161"}],"version-history":[{"count":0,"href":"https:\/\/mdplusbio.com\/tr\/wp-json\/wp\/v2\/pages\/3161\/revisions"}],"wp:attachment":[{"href":"https:\/\/mdplusbio.com\/tr\/wp-json\/wp\/v2\/media?parent=3161"}],"curies":[{"name":"wp","href":"https:\/\/api.w.org\/{rel}","templated":true}]}}