{"id":778,"date":"2024-12-17T11:06:19","date_gmt":"2024-12-17T11:06:19","guid":{"rendered":"https:\/\/mdplusbio.com\/product\/hair-shampoo-and-lotion-set\/"},"modified":"2026-04-03T17:06:42","modified_gmt":"2026-04-03T14:06:42","slug":"hair-shampoo-and-lotion-set","status":"publish","type":"product","link":"https:\/\/mdplusbio.com\/it\/prodotto\/hair-shampoo-and-lotion-set\/","title":{"rendered":"Set Shampoo e Lozione Riparatori"},"content":{"rendered":"<p><strong>Set Shampoo e Lozione Riparatrice per Capelli \u2013 Routine Completa di Cura del Cuoio Capelluto per Detersione, Rigenerazione e Comfort Quotidiano<\/strong><\/p>\n<p>Set Shampoo e Lozione Riparatrice per Capelli \u00e8 una routine combinata per la cura del cuoio capelluto e dei capelli che unisce 2 x 100 ml di Hair Repair Shampoo e 1 x 100 ml di Lozione Riparatrice e Idratante.<\/p>\n<p>Creato per persone che affrontano diradamento dei capelli, sensibilit\u00e0 del cuoio capelluto, secchezza, tendenza alla forfora, formazione di croste o stress del cuoio capelluto post-procedura, questo set \u00e8 studiato per detergere, lenire, supportare la barriera cutanea e migliorare l\u2019aspetto generale e il comfort di capelli e cuoio capelluto.<\/p>\n<p>L\u2019approccio della formula combina attivi detergenti con un supporto idratante leave-on per aiutare a mantenere un ambiente del cuoio capelluto pi\u00f9 sano.<\/p>\n<p><strong>Caratteristiche Principali<\/strong><\/p>\n<p>\u2022 2 x 100 ml Hair Repair Shampoo + 1 x 100 ml Lozione Riparatrice e Idratante<br \/>\n\u2022 Routine completa per la detersione del cuoio capelluto e trattamento leave-on per il comfort<br \/>\n\u2022 Studiato per supportare capelli diradati e un cuoio capelluto stressato<br \/>\n\u2022 Aiuta a ridurre la sensazione di secchezza, prurito, arrossamento e disagio<br \/>\n\u2022 Contribuisce a rimuovere accumuli, tendenza alla forfora e residui di croste<br \/>\n\u2022 Supporta l\u2019equilibrio della barriera cutanea e l\u2019idratazione del cuoio capelluto<br \/>\n\u2022 Senza SLES, ALS, MLS, solfati, parabeni, sale e materie prime di derivazione petrolchimica<br \/>\n\u2022 Adatto all\u2019uso quotidiano<\/p>\n<p><strong>Punti Salienti dello Shampoo<\/strong><\/p>\n<p>\u2022 Aiuta a detergere cuoio capelluto, radici e fibra capillare senza un effetto aggressivo o \u201cstripping\u201d<br \/>\n\u2022 Supporta un ambiente del cuoio capelluto pi\u00f9 pulito in caso di forfora, tendenza alla formazione di croste e accumuli<br \/>\n\u2022 Contribuisce a migliorare l\u2019aspetto di capelli deboli, stressati e danneggiati<br \/>\n\u2022 Formula con pH 6\u20136.2 che aiuta a mantenere il naturale equilibrio del cuoio capelluto<br \/>\n\u2022 Arricchito con complessi attivi tra cui Herbal Stem Cell, Capixyl, Redensyl, Procapil, S.DNA, GF Factor, Anagain, Biotina, Cheratina, Saw Palmetto e Complesso di Amminoacidi<\/p>\n<p><strong>Punti Salienti della Lozione<\/strong><\/p>\n<p>\u2022 Supporto idratante e riparatore leave-on per cuoio capelluto secco o sensibile<br \/>\n\u2022 Aiuta a lenire il prurito associato alla secchezza dopo la detersione o in caso di stress del cuoio capelluto<br \/>\n\u2022 Supporta la barriera cutanea e contribuisce a mantenere il cuoio capelluto morbido, elastico e idratato<br \/>\n\u2022 Texture nutriente e ricca che aiuta a migliorare il comfort del cuoio capelluto<br \/>\n\u2022 Arricchita con Pantenolo, Aloe Vera, Allantoina, Centella Asiatica, Beta-Glucano, Collagene, Burro di Karit\u00e9 ed estratti botanici<\/p>\n<p><strong>Perch\u00e9 Usarli Insieme?<\/strong><\/p>\n<p>\u2022 Lo shampoo prepara il cuoio capelluto rimuovendo impurit\u00e0, accumuli in eccesso, residui di croste e detriti legati alla forfora<br \/>\n\u2022 La lozione prosegue con un\u2019idratazione leave-on e un supporto lenitivo per il comfort<br \/>\n\u2022 Insieme contribuiscono a creare una routine del cuoio capelluto pi\u00f9 equilibrata, combinando detersione, azione lenitiva e mantenimento dell\u2019idratazione<br \/>\n\u2022 Il set \u00e8 ideale per chi desidera non solo capelli pi\u00f9 puliti, ma anche un ambiente del cuoio capelluto pi\u00f9 supportato e in equilibrio<\/p>\n<p><strong>Modalit\u00e0 d\u2019Uso Suggerita<\/strong><\/p>\n<p>1. Applicare lo Shampoo Hair Repair su capelli e cuoio capelluto bagnati.<br \/>\n2. Massaggiare delicatamente con la punta delle dita e risciacquare. Ripetere se necessario.<br \/>\n3. Dopo la detersione, applicare la Lozione Riparatrice e Idratante sulle radici del cuoio capelluto pulito.<br \/>\n4. Massaggiare delicatamente con movimenti circolari.<br \/>\n5. Non risciacquare dopo l\u2019applicazione della lozione. Lasciare agire sul cuoio capelluto.  <\/p>\n<p><strong>Warnings<\/strong><\/p>\n<p>\u2022 Solo per uso esterno<br \/>\n\u2022 Evitare il contatto con gli occhi<br \/>\n\u2022 Tenere fuori dalla portata dei bambini<br \/>\n\u2022 Non adatto a bambini di et\u00e0 inferiore ai 3 anni<br \/>\n\u2022 Conservare in un luogo fresco e asciutto<br \/>\n\u2022 In caso di sensibilit\u00e0 inattesa, interrompere l\u2019uso e consultare uno specialista<\/p>\n","protected":false},"excerpt":{"rendered":"<ul>\n<li>2 x 100 ml (3,38 fl. oz) Shampoo riparatore per capelli<\/li>\n<li>Lozione da 100 ml (3,38 fl. oz)<\/li>\n<li>Clinicamente e approvato dalla FDA<\/li>\n<li>La formula speciale di questo prodotto contiene una miscela di Cellule Staminali Erbacee, Capixyl, Redensyl, Procapil, S.DNA, Fattore di Crescita, Anagain, Biotina, Cheratina, Saw Palmetto (Finasteride Naturale) e Complesso di Aminoacidi. Questa combinazione unica \u00e8 progettata per prevenire la caduta dei capelli, promuovere una crescita pi\u00f9 spessa dei capelli e aumentare l\u2019elasticit\u00e0 dei capelli. <\/li>\n<\/ul>\n","protected":false},"featured_media":5230,"comment_status":"open","ping_status":"closed","template":"","meta":{"_joinchat":[]},"product_brand":[],"product_cat":[58,54,42],"product_tag":[],"class_list":{"0":"post-778","1":"product","2":"type-product","3":"status-publish","4":"has-post-thumbnail","6":"product_cat-imposta","7":"product_cat-prima-del-trapianto-di-capelli","8":"product_cat-tutti-i-prodotti","10":"first","11":"instock","12":"taxable","13":"shipping-taxable","14":"purchasable","15":"product-type-simple"},"acf":[],"_links":{"self":[{"href":"https:\/\/mdplusbio.com\/it\/wp-json\/wp\/v2\/product\/778","targetHints":{"allow":["GET"]}}],"collection":[{"href":"https:\/\/mdplusbio.com\/it\/wp-json\/wp\/v2\/product"}],"about":[{"href":"https:\/\/mdplusbio.com\/it\/wp-json\/wp\/v2\/types\/product"}],"replies":[{"embeddable":true,"href":"https:\/\/mdplusbio.com\/it\/wp-json\/wp\/v2\/comments?post=778"}],"wp:featuredmedia":[{"embeddable":true,"href":"https:\/\/mdplusbio.com\/it\/wp-json\/wp\/v2\/media\/5230"}],"wp:attachment":[{"href":"https:\/\/mdplusbio.com\/it\/wp-json\/wp\/v2\/media?parent=778"}],"wp:term":[{"taxonomy":"product_brand","embeddable":true,"href":"https:\/\/mdplusbio.com\/it\/wp-json\/wp\/v2\/product_brand?post=778"},{"taxonomy":"product_cat","embeddable":true,"href":"https:\/\/mdplusbio.com\/it\/wp-json\/wp\/v2\/product_cat?post=778"},{"taxonomy":"product_tag","embeddable":true,"href":"https:\/\/mdplusbio.com\/it\/wp-json\/wp\/v2\/product_tag?post=778"}],"curies":[{"name":"wp","href":"https:\/\/api.w.org\/{rel}","templated":true}]}}