{"id":677,"date":"2024-12-16T13:53:14","date_gmt":"2024-12-16T13:53:14","guid":{"rendered":"https:\/\/mdplusbio.com\/product\/i-care-my-hair-package\/"},"modified":"2026-01-29T14:06:24","modified_gmt":"2026-01-29T11:06:24","slug":"mi-prendo-cura-dei-miei-capelli","status":"publish","type":"product","link":"https:\/\/mdplusbio.com\/it\/prodotto\/mi-prendo-cura-dei-miei-capelli\/","title":{"rendered":"Pacchetto I Care My Hair \u2013 3 Mesi"},"content":{"rendered":"<p>Un set avanzato per la cura e la riparazione dei capelli, appositamente formulato con ingredienti attivi premiati come Capixyl, Redensyl e Procapil.<\/p>\n<p class=\"p4\">Il nostro avanzato set per la cura e la riparazione dei capelli \u00e8 progettato per ridurre la perdita dei capelli e favorire una crescita sana. D\u00ec addio ai capelli sottili e fragili e accogli una chioma pi\u00f9 folta e vibrante con il nostro set per la cura dei capelli appositamente formulato. <\/p>\n<ul class=\"ul1\">\n<li class=\"li2\">Per utilizzare il Siero Riparatore per Capelli, applica due volte al giorno, usando 1 ml per dose (circa 5-6 spruzzi). Massaggia delicatamente l\u2019intero cuoio capelluto, concentrandoti maggiormente sulle zone in cui la caduta dei capelli \u00e8 un problema (come le zone trapiantate o donatrici) per proteggere e riparare i capelli esistenti. Il siero va applicato sulla pelle asciutta e non va risciacquato. Una bottiglia dovrebbe durare un mese di uso regolare.\u201d   <\/li>\n<\/ul>\n<ul class=\"ul1\">\n<li class=\"li2\">Per ottenere i migliori risultati, prendi 2 compresse del nostro integratore alimentare al giorno: 1 al mattino e 1 alla sera. I nostri integratori sono appositamente formulati con un ricco contenuto di nutrienti ad uso quotidiano per sostenere la tua salute generale.\u201d <\/li>\n<\/ul>\n<ul class=\"ul1\">\n<li class=\"li2\">Il nostro Shampoo per Capelli \u00e8 appositamente formulato per supportare il processo di riparazione del cuoio capelluto, specialmente nei casi in cui la flora naturale si sia deteriorata. Con un livello di pH compreso tra 6 e 6,2, il nostro shampoo aiuta a ripristinare l\u2019equilibrio naturale del cuoio capelluto, promuovendo una crescita pi\u00f9 sana dei capelli e un aspetto pi\u00f9 vibrante.\u201d <\/li>\n<\/ul>\n<ul class=\"ul1\">\n<li class=\"li2\">Il Siero Meso Complesso per Capelli contiene una potente miscela di ingredienti attivi in una formula altamente concentrata. Per migliorarne l\u2019efficacia, ti consigliamo di usarlo insieme all\u2019applicazione del microneedling (dermaroller), che aiuta gli ingredienti attivi a penetrare in profondit\u00e0 nel cuoio capelluto. Per ottenere i migliori risultati, suggeriamo anche di utilizzare lo spray del siero in combinazione con il dermaroller. Raccomandiamo di applicare il dermaroller ogni 10 giorni per mantenere un\u2019ottimale salute del cuoio capelluto.   <\/li>\n<\/ul>\n","protected":false},"excerpt":{"rendered":"<ul>\n<li>4 x 100 Ml ( 3,38 fl. oz) Shampoo Riparatore per Capelli,<\/li>\n<li>3 x 60 Ml (2,02 fl. oz) Siero Riparatore per Capelli,<\/li>\n<li>3 x 60 Integratori Alimentari &#8211; Biotina 5000 MCG,<\/li>\n<li>5 x 6 Ml Siero Meso,<\/li>\n<li>1 Dermaroller a Microaghi,<\/li>\n<li>Clinicamente e approvato dalla FDA<\/li>\n<li>Scopri un sistema di cura dei capelli basato sulla scienza, progettato per sostenere il cuoio capelluto e rafforzare i nuovi capelli dopo il trapianto.<\/li>\n<li>Il pacchetto <strong data-start=\"1380\" data-end=\"1406\">I Care My Hair <\/strong>include una potente combinazione di shampoo, siero e complesso vitaminico, formulata con biotina, cheratina e stimolanti naturali della crescita.<\/li>\n<li>Ogni prodotto agisce in sinergia per ridurre l\u2019infiammazione, stimolare la circolazione sanguigna e favorire una densit\u00e0 duratura.<\/li>\n<li>Che tu abbia effettuato un trapianto di capelli o voglia semplicemente prevenire un\u2019ulteriore caduta dei capelli, questa routine quotidiana offre al cuoio capelluto tutto ci\u00f2 di cui ha bisogno per il rinnovamento e la protezione.<\/li>\n<li>Il set contiene ingredienti attivi premiati come Capixyl, Redensyl e Procapil, che lavorano insieme per stimolare la crescita dei capelli e riparare i danni. La nostra formula \u00e8 arricchita con fattori di crescita, vitamine ed estratti erbali essenziali che nutrono i follicoli sani e favoriscono l\u2019allungamento, risultando in capelli pi\u00f9 folti e sani. <\/li>\n<\/ul>\n","protected":false},"featured_media":5199,"comment_status":"open","ping_status":"closed","template":"","meta":{"_joinchat":[]},"product_brand":[],"product_cat":[53,58,42],"product_tag":[],"class_list":{"0":"post-677","1":"product","2":"type-product","3":"status-publish","4":"has-post-thumbnail","6":"product_cat-dopo-il-trapianto-di-capelli","7":"product_cat-imposta","8":"product_cat-tutti-i-prodotti","10":"first","11":"instock","12":"taxable","13":"shipping-taxable","14":"purchasable","15":"product-type-simple"},"acf":[],"_links":{"self":[{"href":"https:\/\/mdplusbio.com\/it\/wp-json\/wp\/v2\/product\/677","targetHints":{"allow":["GET"]}}],"collection":[{"href":"https:\/\/mdplusbio.com\/it\/wp-json\/wp\/v2\/product"}],"about":[{"href":"https:\/\/mdplusbio.com\/it\/wp-json\/wp\/v2\/types\/product"}],"replies":[{"embeddable":true,"href":"https:\/\/mdplusbio.com\/it\/wp-json\/wp\/v2\/comments?post=677"}],"wp:featuredmedia":[{"embeddable":true,"href":"https:\/\/mdplusbio.com\/it\/wp-json\/wp\/v2\/media\/5199"}],"wp:attachment":[{"href":"https:\/\/mdplusbio.com\/it\/wp-json\/wp\/v2\/media?parent=677"}],"wp:term":[{"taxonomy":"product_brand","embeddable":true,"href":"https:\/\/mdplusbio.com\/it\/wp-json\/wp\/v2\/product_brand?post=677"},{"taxonomy":"product_cat","embeddable":true,"href":"https:\/\/mdplusbio.com\/it\/wp-json\/wp\/v2\/product_cat?post=677"},{"taxonomy":"product_tag","embeddable":true,"href":"https:\/\/mdplusbio.com\/it\/wp-json\/wp\/v2\/product_tag?post=677"}],"curies":[{"name":"wp","href":"https:\/\/api.w.org\/{rel}","templated":true}]}}