{"id":1902,"date":"2024-12-19T06:34:03","date_gmt":"2024-12-19T03:34:03","guid":{"rendered":"https:\/\/mdplusbio.com\/terms-conditions\/"},"modified":"2025-03-05T14:31:38","modified_gmt":"2025-03-05T11:31:38","slug":"terms-and-conditions","status":"publish","type":"page","link":"https:\/\/mdplusbio.com\/it\/terms-and-conditions\/","title":{"rendered":"Termini e Condizioni"},"content":{"rendered":"\t\t<div data-elementor-type=\"wp-page\" data-elementor-id=\"1902\" class=\"elementor elementor-1902 elementor-1891\" data-elementor-post-type=\"page\">\n\t\t\t\t<div class=\"elementor-element elementor-element-3c2f8a5 e-flex e-con-boxed e-con e-parent\" data-id=\"3c2f8a5\" data-element_type=\"container\">\n\t\t\t\t\t<div class=\"e-con-inner\">\n\t\t\t\t<div class=\"elementor-element elementor-element-f99c6c7 elementor-widget elementor-widget-heading\" data-id=\"f99c6c7\" data-element_type=\"widget\" data-widget_type=\"heading.default\">\n\t\t\t\t<div class=\"elementor-widget-container\">\n\t\t\t\t\t<h2 class=\"elementor-heading-title elementor-size-default\"><div><span>Termini e Condizioni<\/span><span><\/span><\/div><\/h2>\t\t\t\t<\/div>\n\t\t\t\t<\/div>\n\t\t\t\t\t<\/div>\n\t\t\t\t<\/div>\n\t\t<div class=\"elementor-element elementor-element-5e38413 e-flex e-con-boxed e-con e-parent\" data-id=\"5e38413\" data-element_type=\"container\">\n\t\t\t\t\t<div class=\"e-con-inner\">\n\t\t\t\t<div class=\"elementor-element elementor-element-ce8850d elementor-widget elementor-widget-text-editor\" data-id=\"ce8850d\" data-element_type=\"widget\" data-widget_type=\"text-editor.default\">\n\t\t\t\t<div class=\"elementor-widget-container\">\n\t\t\t\t\t\t\t\t\t<p style=\"margin-bottom: 1.5rem; position: relative; color: #7e7e7e; font-family: Urbanist; font-size: 15px;\">\n<\/p><p style=\"margin-bottom: 1.5rem; position: relative; color: #7e7e7e; font-family: Urbanist; font-size: 15px;\">Le informazioni fornite su questo sito web sono offerte alle seguenti condizioni, e l&#8217;utilizzo del sito implica la tua accettazione&nbsp;<br>Non \u00e8 possibile copiare, modificare, distribuire, trasmettere, pubblicare, eseguire, riprodurre, visualizzare, concedere in licenza, creare opere derivate, trasferire o vendere qualsiasi informazione da questo sito web.&nbsp;\u00c8 consentito visualizzare, copiare elettronicamente, scaricare e stampare copie cartacee di porzioni del materiale proveniente da diverse aree del sito solo per uso personale e non commerciale, oppure per effettuare un ordine con MDPLUSBIO o acquistare prodotti MDPLUSBIO. Qualsiasi altro uso del testo scritto protetto da marchio e dell&#8217;uso delle foto su questo sito web, inclusi ma non limitati alla modifica, riproduzione, distribuzione, ripubblicazione, visualizzazione o trasmissione del contenuto di questo sito, senza il previo permesso scritto di MDPLUSBIO \u00e8 severamente vietato. <\/p>\n<p style=\"margin-bottom: 1.5rem; position: relative; color: #7e7e7e; font-family: Urbanist; font-size: 15px;\"><span style=\"font-weight: bolder;\">Termini e Prezzi negli Accordi Scritti<\/span><\/p>\n<p style=\"margin-bottom: 1.5rem; position: relative; color: #7e7e7e; font-family: Urbanist; font-size: 15px;\">Potrebbero esserci differenze tra le informazioni sui prezzi fornite su questo sito web e quelle contenute negli accordi scritti. Tutte le parti coinvolte in accordi scritti sono responsabili di rispettare i termini e i prezzi specificati in tali accordi. <\/p><p style=\"margin-bottom: 1.5rem; position: relative; color: #7e7e7e; font-family: Urbanist; font-size: 15px;\">I dazi doganali potrebbero essere applicati a seconda della regione in cui risiedi. \u00c8 tua responsabilit\u00e0 pagare questi dazi. <\/p>\n<p style=\"margin-bottom: 1.5rem; position: relative; color: #7e7e7e; font-family: Urbanist; font-size: 15px;\"><span style=\"font-weight: bolder;\">Elaborazione degli Ordini<\/span><\/p>\n<p style=\"margin-bottom: 1.5rem; position: relative; color: #7e7e7e; font-family: Urbanist; font-size: 15px;\">L&#8217;orario lavorativo \u00e8 dalle 9:00 alle 19:00 (CST) nei giorni lavorativi (esclusi i giorni festivi nazionali in Turchia). MDPLUSBIO si impegna a spedire gli ordini entro 24 ore dalla notifica di ricezione dell&#8217;ordine. Gli ordini effettuati dopo le 19:00, prima delle 9:00 o durante il fine settimana saranno elaborati il giorno lavorativo successivo. MDPLUSBIO dipende da altri fornitori per l&#8217;approvvigionamento di determinati ingredienti utilizzati nella produzione dei prodotti. Se tali ingredienti subiscono ritardi nella consegna, MDPLUSBIO non garantisce la spedizione degli ordini entro 24 ore. Gli ordini saranno consegnati non appena gli ingredienti necessari saranno ricevuti e i prodotti saranno prodotti.     <\/p>\n<p style=\"margin-bottom: 1.5rem; position: relative; color: #7e7e7e; font-family: Urbanist; font-size: 15px;\"><span style=\"font-weight: bolder;\">Dichiarazione di Downtime<\/span><\/p>\n<p style=\"margin-bottom: 1.5rem; position: relative; color: #7e7e7e; font-family: Urbanist; font-size: 15px;\">La disponibilit\u00e0 del sito web potrebbe essere soggetta a tempi di inattivit\u00e0 imprevisti a causa di manutenzione o problemi di elaborazione. MDPLUSBIO non \u00e8 responsabile per ritardi negli ordini effettuati durante i tempi di inattivit\u00e0 del sistema o per ritardi di consegna causati da tali tempi di inattivit\u00e0. I tempi di inattivit\u00e0 includono quelli dei sistemi sotto il controllo di MDPLUSBIO e quelli sotto il controllo di terze parti.  <\/p>\n<p style=\"margin-bottom: 1.5rem; position: relative; color: #7e7e7e; font-family: Urbanist; font-size: 15px;\"><span style=\"font-weight: bolder;\">Copyright e Marchi<\/span><\/p>\n<p style=\"margin-bottom: 1.5rem; position: relative; color: #7e7e7e; font-family: Urbanist; font-size: 15px;\">Tutti i contenuti di questo sito web (testo, interfacce, codice, foto, grafica, design e relative disposizioni) sono protetti da copyright secondo le leggi della Repubblica di Turchia e altre giurisdizioni applicabili. I contenuti sono di propriet\u00e0 di MDPLUSBIO o Hasan Icen.<\/p>\n<p style=\"margin-bottom: 1.5rem; position: relative; color: #7e7e7e; font-family: Urbanist; font-size: 15px;\"><span style=\"font-weight: bolder;\">Errori Tipografici<\/span><\/p>\n<p style=\"margin-bottom: 1.5rem; position: relative; color: #7e7e7e; font-family: Urbanist; font-size: 15px;\">Se un prodotto, materiale o servizio MDPLUSBIO \u00e8 prezzato in modo errato a causa di un errore tipografico o di un errore nelle informazioni sui prezzi ricevute dai fornitori. MDPLUSBIO si riserva il diritto di rifiutare o annullare ordini effettuati per articoli con prezzi errati. Questo vale indipendentemente dal fatto che un ordine sia stato confermato o che la carta di credito sia stata addebitata. Se la carta di credito \u00e8 gi\u00e0 stata addebitata e l&#8217;ordine viene annullato, MDPLUSBIO emetter\u00e0 un rimborso sulla carta di credito o un rimborso tramite assegno aziendale per l&#8217;importo del prezzo errato.   <\/p>\n<p style=\"margin-bottom: 1.5rem; position: relative; color: #7e7e7e; font-family: Urbanist; font-size: 15px;\"><span style=\"font-weight: bolder;\">Terminazione<\/span><\/p>\n<p style=\"margin-bottom: 1.5rem; position: relative; color: #7e7e7e; font-family: Urbanist; font-size: 15px;\">Gli utenti, visitatori o clienti che accedono al sito web e\/o completano la registrazione al sito, il processo di acquisto o di shopping accettano i presenti Termini e Condizioni al momento di tali azioni. Qualsiasi elemento di questo sito web pu\u00f2 essere modificato, cambiato o terminato da MDPLUSBIO senza preavviso, in qualsiasi momento e per qualsiasi motivo. Le disposizioni relative a copyright e marchi, esclusione di responsabilit\u00e0, reclami, limitazione di responsabilit\u00e0, indennizzo, leggi applicabili, arbitrato e disposizioni generali resteranno valide anche dopo la cessazione.  <\/p>\n<p style=\"margin-bottom: 1.5rem; position: relative; color: #7e7e7e; font-family: Urbanist; font-size: 15px;\"><span style=\"font-weight: bolder;\">Transazioni non valide<\/span><\/p>\n<p style=\"margin-bottom: 1.5rem; position: relative; color: #7e7e7e; font-family: Urbanist; font-size: 15px;\">\u00c8 illegale condurre transazioni utilizzando carte di credito non valide e\/o ordini di acquisto non validi.<\/p>\n<p style=\"margin-bottom: 1.5rem; position: relative; color: #7e7e7e; font-family: Urbanist; font-size: 15px;\"><span style=\"font-weight: bolder;\">Partecipazione degli utenti<\/span><\/p>\n<p style=\"margin-bottom: 1.5rem; position: relative; color: #7e7e7e; font-family: Urbanist; font-size: 15px;\">MDPLUSBIO non \u00e8 IN ALCUN MODO responsabile per i contenuti delle comunicazioni e dei materiali pubblicati o creati dagli utenti sul sito web. MDPLUSBIO si riserva il diritto di bloccare e rimuovere comunicazioni o materiali che ritenga:<br>offensivi, diffamatori o osceni;<br>fuorvianti, fraudolenti o ingannevoli;<br>in violazione di marchi, diritti d&#8217;autore o altri diritti di propriet\u00e0 intellettuale di terzi;<br>in violazione di leggi o regolamenti;<br>inaccettabili o offensivi per MDPLUSBIO, in conformit\u00e0 con l&#8217;Informativa sulla Privacy di MDPLUSBIO.      <\/p>\n<p style=\"margin-bottom: 1.5rem; position: relative; color: #7e7e7e; font-family: Urbanist; font-size: 15px;\"><span style=\"font-weight: bolder;\">Contributi degli utenti<\/span><\/p>\n<p style=\"margin-bottom: 1.5rem; position: relative; color: #7e7e7e; font-family: Urbanist; font-size: 15px;\">Le informazioni che possiamo raccogliere da te sono elencate secondo le linee guida stabilite dalla nostra Informativa sulla Privacy. Qualsiasi materiale, informazione o altra comunicazione che trasmetti, carichi o pubblichi sul sito web (&#8220;Comunicazioni&#8221;) sar\u00e0 considerato non confidenziale e non proprietario. MDPLUSBIO non avr\u00e0 obblighi riguardo alle Comunicazioni. MDPLUSBIO e i suoi incaricati saranno liberi di copiare, divulgare, distribuire, incorporare e utilizzare le Comunicazioni e tutti i dati, immagini, suoni, testi e altri elementi in esse contenuti per scopi commerciali e non commerciali.  <\/p>\n<p style=\"margin-bottom: 1.5rem; position: relative; color: #7e7e7e; font-family: Urbanist; font-size: 15px;\"><span style=\"font-weight: bolder;\">Link a terze parti<\/span><\/p>\n<p style=\"margin-bottom: 1.5rem; position: relative; color: #7e7e7e; font-family: Urbanist; font-size: 15px;\">Il sito web di MDPLUSBIO potrebbe contenere link ad altri siti su Internet che sono di propriet\u00e0 e gestiti da terzi. &nbsp;MDPLUSBIO non ha alcun controllo su questi siti collegati a Internet, tutti i quali hanno le proprie pratiche separate di privacy e raccolta dati, indipendenti da MDPLUSBIO. MDPLUSBIO&nbsp; non ha responsabilit\u00e0 per queste politiche o azioni indipendenti e non \u00e8 responsabile per le pratiche di privacy o per il contenuto di tali siti web. <\/p>\n<p style=\"margin-bottom: 1.5rem; position: relative; color: #7e7e7e; font-family: Urbanist; font-size: 15px;\"><span style=\"font-weight: bolder;\">Reclami<\/span><\/p>\n<p style=\"margin-bottom: 1.5rem; position: relative; color: #7e7e7e; font-family: Urbanist; font-size: 15px;\">Qualsiasi reclamo o dichiarazione sull&#8217;efficacia dei prodotti MDPLUSBIO, inclusi confronti sull&#8217;efficacia dei prodotti o materiali MDPLUSBIO rispetto ad altri prodotti o materiali, \u00e8 espressamente limitato alla Repubblica di Turchia, salvo diversa indicazione sul sito.<\/p>\n<p style=\"margin-bottom: 1.5rem; position: relative; color: #7e7e7e; font-family: Urbanist; font-size: 15px;\"><span style=\"font-weight: bolder;\">Disclaimer Completo<\/span><\/p>\n<p style=\"margin-bottom: 1.5rem; position: relative; color: #7e7e7e; font-family: Urbanist; font-size: 15px;\">Le dichiarazioni presenti sul sito web non sono state valutate dalla FDA, n\u00e9 sono obbligatorie. MDPLUSBIO e gli ingredienti dei suoi prodotti non intendono diagnosticare, trattare, curare o prevenire alcuna malattia. MDPLUSBIO non fornisce garanzie o dichiarazioni sull&#8217;accuratezza del contenuto di questo sito o dei contenuti di altri siti internet collegati tramite link presenti su questo sito web.  &nbsp;<br>TUTTI I CONTENUTI DI\/IN QUESTO SITO SONO FORNITI &#8220;COS\u00cc COME SONO&#8221;, senza garanzie di alcun tipo, espresse o implicite. Nella misura massima consentita, MDPLUSBIO declina ogni garanzia di commerciabilit\u00e0 e idoneit\u00e0 per uno scopo particolare, di non violazione e di garanzie derivanti da prassi commerciali o prestazioni. MDPLUSBIO non garantisce che le funzioni contenute nel sito saranno ininterrotte o prive di errori, che i difetti verranno corretti o che questo sito o il server che lo rende disponibile siano privi di virus o altri componenti dannosi. MDPLUSBIO non garantisce n\u00e9 dichiara che l&#8217;uso dei materiali in questo sito sia completo, corretto, accurato, adeguato, utile, tempestivo, affidabile o altro. Le limitazioni di cui sopra potrebbero non essere applicabili a voi.    <\/p>\n<p style=\"margin-bottom: 1.5rem; position: relative; color: #7e7e7e; font-family: Urbanist; font-size: 15px;\"><span style=\"font-weight: bolder;\">LIMITAZIONE DI RESPONSABILIT\u00c0<\/span><\/p>\n<p style=\"margin-bottom: 1.5rem; position: relative; color: #7e7e7e; font-family: Urbanist; font-size: 15px;\">In nessun caso MDPLUSBIO sar\u00e0 responsabile per danni diretti, indiretti, speciali, incidentali, esemplari o consequenziali, o per qualsiasi danno, anche se MDPLUSBIO \u00e8 stata precedentemente avvisata della possibilit\u00e0 di tali danni, derivanti o connessi all&#8217;uso, incapacit\u00e0 di utilizzo, o prestazione delle informazioni, servizi, prodotti e materiali disponibili su questo sito. Queste limitazioni si applicheranno indipendentemente da qualsiasi fallimento dello scopo essenziale di qualsiasi rimedio limitato. Poich\u00e9 alcune giurisdizioni non consentono limitazioni sulla durata di una garanzia implicita o l&#8217;esclusione o limitazione di responsabilit\u00e0 per danni consequenziali o incidentali, le limitazioni di cui sopra potrebbero non essere applicabili a voi.  <\/p>\n<p style=\"margin-bottom: 1.5rem; position: relative; color: #7e7e7e; font-family: Urbanist; font-size: 15px;\"><span style=\"font-weight: bolder;\">INDENNIZZO<\/span><\/p>\n<p style=\"margin-bottom: 1.5rem; position: relative; color: #7e7e7e; font-family: Urbanist; font-size: 15px;\">Accettate di indennizzare, difendere e tenere indenne MDPLUSBIO, i suoi dirigenti, direttori, dipendenti, agenti, licenziatari e fornitori (collettivamente il \u201cFornitore\u201d) da e contro tutte le perdite, spese, danni e costi, incluse le ragionevoli spese legali, derivanti da qualsiasi violazione di questi termini e condizioni o da qualsiasi attivit\u00e0 correlata al vostro account internet (incluso comportamento negligente o illecito), da parte vostra o di qualsiasi altra persona che accede al sito utilizzando il vostro account internet.<\/p>\n<p style=\"margin-bottom: 1.5rem; position: relative; color: #7e7e7e; font-family: Urbanist; font-size: 15px;\"><span style=\"font-weight: bolder;\">Arbitrato<\/span><\/p>\n<p style=\"margin-bottom: 1.5rem; position: relative; color: #7e7e7e; font-family: Urbanist; font-size: 15px;\">Utilizzando questo sito, accettate che MDPLUSBIO, a sua esclusiva discrezione, possa richiedervi di sottoporre eventuali controversie derivanti dall&#8217;uso di questo sito o da questi Termini e Condizioni, comprese le controversie derivanti o relative alla loro interpretazione, violazione, nullit\u00e0, invalidit\u00e0, inadempienza o risoluzione, nonch\u00e9 controversie riguardanti lacune in questo contratto o la sua adattabilit\u00e0 a circostanze sopravvenute, ad arbitrato finale e vincolante secondo le regole dell&#8217;American Arbitration Association, applicando le Regole Internazionali di Arbitrato, da parte di uno o pi\u00f9 arbitri nominati in conformit\u00e0 a tali Regole. Nonostante queste regole, tuttavia, tale procedimento sar\u00e0 disciplinato dalle leggi dello Stato del Texas come stabilito nella sezione sopra &#8220;Leggi Applicabili e Arbitrato&#8221;. &nbsp;<br>In base a questa clausola, qualsiasi decisione arbitrale sar\u00e0 limitata ai danni monetari e non includer\u00e0 alcuna ingiunzione o direttiva per alcuna parte diversa dall&#8217;obbligo di pagare una somma monetaria. Inoltre, l\u2019arbitro non avr\u00e0 alcuna autorit\u00e0 per assegnare danni punitivi, consequenziali o altri danni non calcolati sui danni effettivi della parte prevalente in qualsiasi arbitrato avviato ai sensi di questa sezione, salvo quanto previsto dalla legge. <\/p>\n<p style=\"margin-bottom: 1.5rem; position: relative; color: #7e7e7e; font-family: Urbanist; font-size: 15px;\"><span style=\"font-weight: bolder;\">Il nostro indirizzo:&nbsp;<\/span><\/p>\n<p style=\"margin-bottom: 1.5rem; position: relative; color: #7e7e7e; font-family: Urbanist; font-size: 15px;\"><span style=\"font-weight: bolder;\">GDZ SA\u011eLIK VE G\u00dcZELL\u0130K H\u0130ZMETLER\u0130 LTD.\u015eT\u0130.<\/span><\/p>\n<p style=\"margin-bottom: 1.5rem; position: relative; color: #7e7e7e; font-family: Urbanist; font-size: 15px;\">MERKEZ MAH. \u0130ST\u0130KLAL SK. NO:11 \u0130\u00c7 KAPI NO:2 \u015e\u0130\u015eL\u0130  <\/p>\n<p style=\"margin-bottom: 1.5rem; position: relative; color: #7e7e7e; font-family: Urbanist; font-size: 15px;\">MDPLUSBIO e gli sviluppatori del sito che lavorano per suo conto hanno il diritto di modificare il contenuto del sito, inclusi questi termini e condizioni. MDPLUSBIO ha la responsabilit\u00e0 di esaminare frequentemente i Termini e Condizioni e prima di concludere qualsiasi transazione, poich\u00e9 tali Termini e Condizioni possono essere modificati senza preavviso. <\/p>\n<h4 style=\"margin-top: 2rem; margin-bottom: 0.75rem; font-weight: var(--g5-h4-font-weight); line-height: var(--g5-h4-line-height); font-size: var(--g5-h4-font-size); font-family: Urbanist; letter-spacing: normal; position: relative;\">Disclaimer<\/h4>\n<p style=\"margin-bottom: 1.5rem; position: relative; color: #7e7e7e; font-family: Urbanist; font-size: 15px;\">Le dichiarazioni sopra riportate e altre dichiarazioni fatte su questo sito web non sono state valutate dalla FDA.&nbsp;<span style=\"font-weight: bolder;\">MDPLUSBIO<\/span>&nbsp; Il Shampoo MDPLUSBIO e i suoi ingredienti non sono destinati a diagnosticare, trattare, curare o prevenire alcuna malattia.<\/p>\n<p style=\"margin-bottom: 1.5rem; position: relative; color: #7e7e7e; font-family: Urbanist; font-size: 15px;\"><span style=\"font-weight: bolder;\">GDZ SA\u011eLIK VE G\u00dcZELL\u0130K H\u0130ZMETLER\u0130 LTD.\u015eT\u0130.<\/span>&nbsp;e gli ingredienti nei suoi prodotti non sono destinati a diagnosticare, trattare, curare o prevenire alcuna malattia.&nbsp;<span style=\"font-weight: bolder;\">GDZ SA\u011eLIK VE G\u00dcZELL\u0130K H\u0130ZMETLER\u0130 LTD.\u015eT\u0130.<\/span>&nbsp;non fornisce garanzie n\u00e9 dichiarazioni sull&#8217;accuratezza del contenuto di questo sito o del contenuto di altri siti o di altri siti collegati a Internet a cui questo sito potrebbe contenere link.<\/p>\n<p style=\"margin-bottom: 1.5rem; position: relative; color: #7e7e7e; font-family: Urbanist; font-size: 15px;\">TUTTO IL CONTENUTO IN\/DI QUESTO SITO \u00c8 FORNITO &#8220;COS\u00cc COM&#8217;\u00c8&#8221; SENZA GARANZIE DI ALCUN TIPO, ESPRESSE O IMPLICITE. NELLA MISURA MASSIMA CONSENTITA. &nbsp;<span style=\"font-weight: bolder;\">GDZ SA\u011eLIK VE G\u00dcZELL\u0130K H\u0130ZMETLER\u0130 LTD.\u015eT\u0130.<\/span>&nbsp;declina tutte le garanzie di commerciabilit\u00e0 e idoneit\u00e0 per uno scopo particolare, non violazione e garanzie derivanti dal corso delle trattative o dal corso dell&#8217;esecuzione.<\/p>\n<p style=\"margin-bottom: 1.5rem; position: relative; color: #7e7e7e; font-family: Urbanist; font-size: 15px;\"><span style=\"font-weight: bolder;\">GDZ SA\u011eLIK VE G\u00dcZELL\u0130K H\u0130ZMETLER\u0130 LTD.\u015eT\u0130.<\/span>&nbsp;non rappresenta n\u00e9 garantisce che le funzioni contenute nel sito saranno ininterrotte o prive di errori, che i difetti saranno corretti, o che questo sito o il server che rende disponibile il sito siano privi di virus o altri componenti dannosi.<\/p>\n<p style=\"margin-bottom: 1.5rem; position: relative; color: #7e7e7e; font-family: Urbanist; font-size: 15px;\"><span style=\"font-weight: bolder;\">GDZ SA\u011eLIK VE G\u00dcZELL\u0130K H\u0130ZMETLER\u0130 LTD.\u015eT\u0130.<\/span>&nbsp;non fornisce alcuna garanzia n\u00e9 dichiarazione riguardo all&#8217;uso dei materiali in questo sito in termini di completezza, correttezza, accuratezza, adeguatezza, utilit\u00e0, tempestivit\u00e0, affidabilit\u00e0 o altro. Le limitazioni sopra riportate potrebbero non applicarsi a te. <\/p>\t\t\t\t\t\t\t\t<\/div>\n\t\t\t\t<\/div>\n\t\t\t\t\t<\/div>\n\t\t\t\t<\/div>\n\t\t\t\t<\/div>\n\t\t","protected":false},"excerpt":{"rendered":"<p>Termini e Condizioni Le informazioni fornite su questo sito web sono offerte alle seguenti condizioni, e l&#8217;utilizzo del sito implica la tua accettazione&nbsp;Non \u00e8 possibile copiare, modificare, distribuire, trasmettere, pubblicare, [&hellip;]<\/p>\n","protected":false},"author":2,"featured_media":0,"parent":0,"menu_order":0,"comment_status":"closed","ping_status":"closed","template":"","meta":{"_joinchat":[],"footnotes":""},"class_list":["post-1902","page","type-page","status-publish","hentry"],"acf":[],"_links":{"self":[{"href":"https:\/\/mdplusbio.com\/it\/wp-json\/wp\/v2\/pages\/1902","targetHints":{"allow":["GET"]}}],"collection":[{"href":"https:\/\/mdplusbio.com\/it\/wp-json\/wp\/v2\/pages"}],"about":[{"href":"https:\/\/mdplusbio.com\/it\/wp-json\/wp\/v2\/types\/page"}],"author":[{"embeddable":true,"href":"https:\/\/mdplusbio.com\/it\/wp-json\/wp\/v2\/users\/2"}],"replies":[{"embeddable":true,"href":"https:\/\/mdplusbio.com\/it\/wp-json\/wp\/v2\/comments?post=1902"}],"version-history":[{"count":0,"href":"https:\/\/mdplusbio.com\/it\/wp-json\/wp\/v2\/pages\/1902\/revisions"}],"wp:attachment":[{"href":"https:\/\/mdplusbio.com\/it\/wp-json\/wp\/v2\/media?parent=1902"}],"curies":[{"name":"wp","href":"https:\/\/api.w.org\/{rel}","templated":true}]}}