{"id":1705,"date":"2024-12-18T12:37:21","date_gmt":"2024-12-18T09:37:21","guid":{"rendered":"https:\/\/mdplusbio.com\/we-care\/"},"modified":"2026-02-06T14:12:40","modified_gmt":"2026-02-06T11:12:40","slug":"qualita","status":"publish","type":"page","link":"https:\/\/mdplusbio.com\/it\/qualita\/","title":{"rendered":"Qualit\u00e0"},"content":{"rendered":"\t\t<div data-elementor-type=\"wp-page\" data-elementor-id=\"1705\" class=\"elementor elementor-1705 elementor-1696\" data-elementor-post-type=\"page\">\n\t\t\t\t<div class=\"elementor-element elementor-element-9665a07 e-flex e-con-boxed e-con e-parent\" data-id=\"9665a07\" data-element_type=\"container\">\n\t\t\t\t\t<div class=\"e-con-inner\">\n\t\t\t\t<div class=\"elementor-element elementor-element-a4ea830 elementor-widget elementor-widget-image\" data-id=\"a4ea830\" data-element_type=\"widget\" data-widget_type=\"image.default\">\n\t\t\t\t<div class=\"elementor-widget-container\">\n\t\t\t\t\t\t\t\t\t\t\t\t\t\t\t<img fetchpriority=\"high\" decoding=\"async\" width=\"1024\" height=\"569\" src=\"https:\/\/mdplusbio.com\/wp-content\/uploads\/2026\/02\/MD-BIO-PLUS-WE-CARE-IMAGE-IT-1-1024x569.webp\" class=\"attachment-large size-large wp-image-16262\" alt=\"MD BIO PLUS-WE CARE \u0130MAGE-IT (1)\" srcset=\"https:\/\/mdplusbio.com\/wp-content\/uploads\/2026\/02\/MD-BIO-PLUS-WE-CARE-IMAGE-IT-1-1024x569.webp 1024w, https:\/\/mdplusbio.com\/wp-content\/uploads\/2026\/02\/MD-BIO-PLUS-WE-CARE-IMAGE-IT-1-300x167.webp 300w, https:\/\/mdplusbio.com\/wp-content\/uploads\/2026\/02\/MD-BIO-PLUS-WE-CARE-IMAGE-IT-1-768x427.webp 768w, https:\/\/mdplusbio.com\/wp-content\/uploads\/2026\/02\/MD-BIO-PLUS-WE-CARE-IMAGE-IT-1-1536x854.webp 1536w, https:\/\/mdplusbio.com\/wp-content\/uploads\/2026\/02\/MD-BIO-PLUS-WE-CARE-IMAGE-IT-1-1140x634.webp 1140w, https:\/\/mdplusbio.com\/wp-content\/uploads\/2026\/02\/MD-BIO-PLUS-WE-CARE-IMAGE-IT-1-920x511.webp 920w, https:\/\/mdplusbio.com\/wp-content\/uploads\/2026\/02\/MD-BIO-PLUS-WE-CARE-IMAGE-IT-1-575x320.webp 575w, https:\/\/mdplusbio.com\/wp-content\/uploads\/2026\/02\/MD-BIO-PLUS-WE-CARE-IMAGE-IT-1-380x211.webp 380w, https:\/\/mdplusbio.com\/wp-content\/uploads\/2026\/02\/MD-BIO-PLUS-WE-CARE-IMAGE-IT-1-420x233.webp 420w, https:\/\/mdplusbio.com\/wp-content\/uploads\/2026\/02\/MD-BIO-PLUS-WE-CARE-IMAGE-IT-1-800x445.webp 800w, https:\/\/mdplusbio.com\/wp-content\/uploads\/2026\/02\/MD-BIO-PLUS-WE-CARE-IMAGE-IT-1-80x44.webp 80w, https:\/\/mdplusbio.com\/wp-content\/uploads\/2026\/02\/MD-BIO-PLUS-WE-CARE-IMAGE-IT-1.webp 1920w\" sizes=\"(max-width: 1024px) 100vw, 1024px\" \/>\t\t\t\t\t\t\t\t\t\t\t\t\t\t\t<\/div>\n\t\t\t\t<\/div>\n\t\t\t\t\t<\/div>\n\t\t\t\t<\/div>\n\t\t<div class=\"elementor-element elementor-element-9b46506 e-flex e-con-boxed e-con e-parent\" data-id=\"9b46506\" data-element_type=\"container\">\n\t\t\t\t\t<div class=\"e-con-inner\">\n\t\t\t\t<div class=\"elementor-element elementor-element-fb311d6 elementor-widget elementor-widget-image\" data-id=\"fb311d6\" data-element_type=\"widget\" data-widget_type=\"image.default\">\n\t\t\t\t<div class=\"elementor-widget-container\">\n\t\t\t\t\t\t\t\t\t\t\t\t\t\t\t<img decoding=\"async\" width=\"1000\" height=\"100\" src=\"https:\/\/mdplusbio.com\/wp-content\/uploads\/2024\/12\/Adsiz-tasarim-4-3.png\" class=\"attachment-large size-large wp-image-2122\" alt=\"\" srcset=\"https:\/\/mdplusbio.com\/wp-content\/uploads\/2024\/12\/Adsiz-tasarim-4-3.png 1000w, https:\/\/mdplusbio.com\/wp-content\/uploads\/2024\/12\/Adsiz-tasarim-4-3-300x30.png 300w, https:\/\/mdplusbio.com\/wp-content\/uploads\/2024\/12\/Adsiz-tasarim-4-3-768x77.png 768w, https:\/\/mdplusbio.com\/wp-content\/uploads\/2024\/12\/Adsiz-tasarim-4-3-920x92.png 920w, https:\/\/mdplusbio.com\/wp-content\/uploads\/2024\/12\/Adsiz-tasarim-4-3-575x58.png 575w, https:\/\/mdplusbio.com\/wp-content\/uploads\/2024\/12\/Adsiz-tasarim-4-3-380x38.png 380w, https:\/\/mdplusbio.com\/wp-content\/uploads\/2024\/12\/Adsiz-tasarim-4-3-420x42.png 420w, https:\/\/mdplusbio.com\/wp-content\/uploads\/2024\/12\/Adsiz-tasarim-4-3-800x80.png 800w, https:\/\/mdplusbio.com\/wp-content\/uploads\/2024\/12\/Adsiz-tasarim-4-3-80x8.png 80w\" sizes=\"(max-width: 1000px) 100vw, 1000px\" \/>\t\t\t\t\t\t\t\t\t\t\t\t\t\t\t<\/div>\n\t\t\t\t<\/div>\n\t\t\t\t\t<\/div>\n\t\t\t\t<\/div>\n\t\t<div class=\"elementor-element elementor-element-388e7eb e-flex e-con-boxed e-con e-parent\" data-id=\"388e7eb\" data-element_type=\"container\">\n\t\t\t\t\t<div class=\"e-con-inner\">\n\t\t\t\t<div class=\"elementor-element elementor-element-1a8df6a elementor-widget elementor-widget-text-editor\" data-id=\"1a8df6a\" data-element_type=\"widget\" data-widget_type=\"text-editor.default\">\n\t\t\t\t<div class=\"elementor-widget-container\">\n\t\t\t\t\t\t\t\t\t<p style=\"text-align: center;\">Avendo acquisito le certificazioni <strong>ISO 9001, ISO 22000, ISO 22716, ISO 13485<\/strong>, nonch\u00e9 la certificazione di <strong>Buone Pratiche di Produzione (GMP)<\/strong> rilasciata dal Ministero della Salute e da istituzioni accreditate, <strong>MD Plus Bio <\/strong>dimostra di operare secondo standard internazionali, in condizioni moderne, igieniche e rigorosamente controllate.<br>La produzione avviene in <strong>due strutture dedicate<\/strong>, progettate specificamente per <strong>cosmetici <\/strong>e <strong>integratori alimentari<\/strong>, garantendo la piena conformit\u00e0 alle normative vigenti.<br>Per mantenere la fiducia di consumatori e partner commerciali, l\u2019azienda applica con la massima attenzione <strong>processi di controllo qualit\u00e0 <\/strong>che iniziano dalla selezione delle materie prime e proseguono lungo <strong style=\"letter-spacing: 0px;\">tutte le fasi di produzione, confezionamento e spedizione.<\/strong><\/p>\t\t\t\t\t\t\t\t<\/div>\n\t\t\t\t<\/div>\n\t\t\t\t\t<\/div>\n\t\t\t\t<\/div>\n\t\t<div class=\"elementor-element elementor-element-af3b982 e-flex e-con-boxed e-con e-parent\" data-id=\"af3b982\" data-element_type=\"container\">\n\t\t\t\t\t<div class=\"e-con-inner\">\n\t\t\t\t<div class=\"elementor-element elementor-element-a9b6a39 elementor-widget elementor-widget-text-editor\" data-id=\"a9b6a39\" data-element_type=\"widget\" data-widget_type=\"text-editor.default\">\n\t\t\t\t<div class=\"elementor-widget-container\">\n\t\t\t\t\t\t\t\t\t<p><img decoding=\"async\" class=\"aligncenter wp-image-16342 size-large\" src=\"https:\/\/mdplusbio.com\/wp-content\/uploads\/2026\/02\/MDBio-Banners_-Pillar-Pages-1-1024x575.webp\" alt=\"Qualit\u00e0\" width=\"1024\" height=\"575\" srcset=\"https:\/\/mdplusbio.com\/wp-content\/uploads\/2026\/02\/MDBio-Banners_-Pillar-Pages-1-1024x575.webp 1024w, https:\/\/mdplusbio.com\/wp-content\/uploads\/2026\/02\/MDBio-Banners_-Pillar-Pages-1-300x168.webp 300w, https:\/\/mdplusbio.com\/wp-content\/uploads\/2026\/02\/MDBio-Banners_-Pillar-Pages-1-768x431.webp 768w, https:\/\/mdplusbio.com\/wp-content\/uploads\/2026\/02\/MDBio-Banners_-Pillar-Pages-1-1536x862.webp 1536w, https:\/\/mdplusbio.com\/wp-content\/uploads\/2026\/02\/MDBio-Banners_-Pillar-Pages-1-1140x640.webp 1140w, https:\/\/mdplusbio.com\/wp-content\/uploads\/2026\/02\/MDBio-Banners_-Pillar-Pages-1-920x517.webp 920w, https:\/\/mdplusbio.com\/wp-content\/uploads\/2026\/02\/MDBio-Banners_-Pillar-Pages-1-575x323.webp 575w, https:\/\/mdplusbio.com\/wp-content\/uploads\/2026\/02\/MDBio-Banners_-Pillar-Pages-1-380x213.webp 380w, https:\/\/mdplusbio.com\/wp-content\/uploads\/2026\/02\/MDBio-Banners_-Pillar-Pages-1-420x236.webp 420w, https:\/\/mdplusbio.com\/wp-content\/uploads\/2026\/02\/MDBio-Banners_-Pillar-Pages-1-800x449.webp 800w, https:\/\/mdplusbio.com\/wp-content\/uploads\/2026\/02\/MDBio-Banners_-Pillar-Pages-1-80x45.webp 80w, https:\/\/mdplusbio.com\/wp-content\/uploads\/2026\/02\/MDBio-Banners_-Pillar-Pages-1.webp 1585w\" sizes=\"(max-width: 1024px) 100vw, 1024px\" \/><\/p>\t\t\t\t\t\t\t\t<\/div>\n\t\t\t\t<\/div>\n\t\t\t\t\t<\/div>\n\t\t\t\t<\/div>\n\t\t<div class=\"elementor-element elementor-element-27b8753 e-flex e-con-boxed e-con e-parent\" data-id=\"27b8753\" data-element_type=\"container\">\n\t\t\t\t\t<div class=\"e-con-inner\">\n\t\t\t\t<div class=\"elementor-element elementor-element-6aa9a37 elementor-widget elementor-widget-text-editor\" data-id=\"6aa9a37\" data-element_type=\"widget\" data-widget_type=\"text-editor.default\">\n\t\t\t\t<div class=\"elementor-widget-container\">\n\t\t\t\t\t\t\t\t\t<div class=\"gel-heading gel-heading-style-01 text-left\" style=\"margin-right: auto; color: #7e7e7e; font-family: Urbanist; font-size: 15px;\"><h2 class=\"gel-heading-title gel-d27924d64b47706e143c5f73b1190a6d\" style=\"margin-top: 0px; margin-bottom: 0px; line-height: var(--g5-h2-line-height); font-size: 40px; letter-spacing: var(--g5-h2-letter-spacing); text-transform: var(--g5-h2-text-transform); font-weight: 700 !important; font-family: Urbanist !important; text-align: center;\">CI PRENDIAMO CURA DI VOI<\/h2><\/div><div class=\"wpb_text_column wpb_content_element\" style=\"margin-bottom: 35px; color: #7e7e7e; font-family: Urbanist; font-size: 15px;\"><div class=\"wpb_wrapper\" style=\"margin-bottom: 0px;\"><h5 style=\"text-align: center;\">In qualit\u00e0 di azienda profondamente dedicata al proprio settore, <strong>MD Plus Bio <\/strong>sviluppa le proprie formulazioni all\u2019interno di laboratori avanzati, senza mai scendere a compromessi in termini di qualit\u00e0.<br>Nelle nostre formulazioni utilizziamo esclusivamente <strong>materie prime di grado farmaceutico<\/strong>, attivi selezionati ed estratti vegetali conformi agli <strong>standard di qualit\u00e0 europei<\/strong>.<\/h5><h5 style=\"text-align: center;\">Ogni prodotto \u00e8 realizzato con ingredienti la cui <strong>efficacia e sicurezza sono supportate da studi clinici<\/strong>, in conformit\u00e0 ai Regolamenti Europei. <\/h5><\/div><\/div>\t\t\t\t\t\t\t\t<\/div>\n\t\t\t\t<\/div>\n\t\t\t\t\t<\/div>\n\t\t\t\t<\/div>\n\t\t<div class=\"elementor-element elementor-element-6765027 e-flex e-con-boxed e-con e-parent\" data-id=\"6765027\" data-element_type=\"container\">\n\t\t\t\t\t<div class=\"e-con-inner\">\n\t\t<div class=\"elementor-element elementor-element-22dd20d e-con-full e-flex e-con e-child\" data-id=\"22dd20d\" data-element_type=\"container\">\n\t\t\t\t<div class=\"elementor-element elementor-element-d76b545 elementor-widget elementor-widget-text-editor\" data-id=\"d76b545\" data-element_type=\"widget\" data-widget_type=\"text-editor.default\">\n\t\t\t\t<div class=\"elementor-widget-container\">\n\t\t\t\t\t\t\t\t\t<h4 style=\"text-align: center;\"><strong>Innovazione continua in Ricerca, Sviluppo e Produzione<\/strong><\/h4><p style=\"text-align: center;\">Siamo orgogliosi di offrire prodotti precisi, affidabili e di alta qualit\u00e0 nei settori dei <strong>cosmetici <\/strong>e degli <strong>integratori alimentari<\/strong>.<br>Grazie a un team aperto all\u2019innovazione e in costante evoluzione nelle fasi di R&amp;S, P&amp;D e PRODUZIONE, MD Plus Bio continua a sviluppare soluzioni avanzate dedicate alla salute dei capelli e al benessere a lungo termine.<\/p><p style=\"text-align: center;\">Il nostro approccio integra ricerca scientifica, tecnologie moderne e protocolli rigorosi per garantire qualit\u00e0, coerenza e sicurezza in ogni lotto produttivo.<\/p>\t\t\t\t\t\t\t\t<\/div>\n\t\t\t\t<\/div>\n\t\t\t\t<\/div>\n\t\t<div class=\"elementor-element elementor-element-0f6e8f5 e-con-full e-flex e-con e-child\" data-id=\"0f6e8f5\" data-element_type=\"container\">\n\t\t\t\t<div class=\"elementor-element elementor-element-140829b elementor-widget elementor-widget-text-editor\" data-id=\"140829b\" data-element_type=\"widget\" data-widget_type=\"text-editor.default\">\n\t\t\t\t<div class=\"elementor-widget-container\">\n\t\t\t\t\t\t\t\t\t<h4 style=\"text-align: center;\"><strong>Formulazioni avanzate e produzione conto terzi<\/strong><\/h4><p style=\"text-align: center;\">Il team di Ricerca e Sviluppo di Elit Pharma segue costantemente le tendenze del settore cosmetico, ampliando la gamma di prodotti con <strong>attivi di ultima generazione <\/strong>e migliorando continuamente le formulazioni esistenti.<\/p><p style=\"text-align: center;\">In qualit\u00e0 di produttore di un\u2019ampia gamma di soluzioni di <strong>produzione conto terzi e private label<\/strong>, <strong>MD Plus Bio <\/strong>offre ai propri clienti la libert\u00e0 di sviluppare una vasta variet\u00e0 di <strong>prodotti e formule personalizzate,<\/strong> grazie a un ricco portafoglio di attivi ed estratti vegetali.<\/p>\t\t\t\t\t\t\t\t<\/div>\n\t\t\t\t<\/div>\n\t\t\t\t<\/div>\n\t\t\t\t\t<\/div>\n\t\t\t\t<\/div>\n\t\t<div class=\"elementor-element elementor-element-482ed83 e-grid e-con-boxed e-con e-parent\" data-id=\"482ed83\" data-element_type=\"container\">\n\t\t\t\t\t<div class=\"e-con-inner\">\n\t\t\t\t<div class=\"elementor-element elementor-element-3a1caf0 elementor-widget elementor-widget-text-editor\" data-id=\"3a1caf0\" data-element_type=\"widget\" data-widget_type=\"text-editor.default\">\n\t\t\t\t<div class=\"elementor-widget-container\">\n\t\t\t\t\t\t\t\t\t<h4 style=\"text-align: center;\"><strong>Sistema di Gestione della Qualit\u00e0 ISO<\/strong><\/h4><p style=\"text-align: center;\">Il Sistema di Gestione della Qualit\u00e0 ISO consente di garantire il rispetto di criteri di qualit\u00e0 definiti e di apportare <strong>miglioramenti continui ai processi produttivi<\/strong>, con l\u2019obiettivo di soddisfare le esigenze degli utenti finali.<\/p><p style=\"text-align: center;\">Pi\u00f9 che certificare un singolo prodotto, il Certificato ISO attesta la solidit\u00e0, affidabilit\u00e0 e tracciabilit\u00e0 dell\u2019intero sistema di gestione della qualit\u00e0 aziendale.<br>Le aziende certificate mantengono elevati standard per specifiche categorie di prodotto e aggiornano costantemente i propri processi sulla base di controlli, audit e feedback dei clienti.<br>Questo sistema permette a MD Plus Bio di monitorare ogni fase, dall\u2019approvvigionamento delle materie prime alla produzione e alla commercializzazione, integrando in modo efficace reclami e suggerimenti nei processi produttivi.<\/p>\t\t\t\t\t\t\t\t<\/div>\n\t\t\t\t<\/div>\n\t\t\t\t<div class=\"elementor-element elementor-element-4203b66 elementor-widget elementor-widget-text-editor\" data-id=\"4203b66\" data-element_type=\"widget\" data-widget_type=\"text-editor.default\">\n\t\t\t\t<div class=\"elementor-widget-container\">\n\t\t\t\t\t\t\t\t\t<h4 style=\"text-align: center;\"><strong>Buone Pratiche di Produzione (GMP)<\/strong><\/h4><p style=\"text-align: center;\">Le Buone Pratiche di Produzione (GMP) comprendono misure preventive legate alle condizioni interne ed esterne, finalizzate a prevenire o ridurre il rischio di contaminazione dei prodotti.<br>Si tratta di un approccio fondamentale nella produzione e distribuzione di prodotti alimentari e integratori, che coinvolge tutte le fasi: <strong>materie prime, lavorazione, sviluppo del prodotto, produzione, confezionamento, stoccaggio e distribuzione.<\/strong><\/p><p style=\"text-align: center;\">Le GMP garantiscono un funzionamento professionale del personale, ambienti controllati e una produzione sicura, affidabile ed efficace, regolando ogni aspetto dell\u2019attivit\u00e0 produttiva: strutture, attrezzature, processi, personale e materie prime.<\/p>\t\t\t\t\t\t\t\t<\/div>\n\t\t\t\t<\/div>\n\t\t\t\t\t<\/div>\n\t\t\t\t<\/div>\n\t\t<div class=\"elementor-element elementor-element-1483534 e-flex e-con-boxed e-con e-parent\" data-id=\"1483534\" data-element_type=\"container\">\n\t\t\t\t\t<div class=\"e-con-inner\">\n\t\t\t\t<div class=\"elementor-element elementor-element-8298853 elementor-widget elementor-widget-text-editor\" data-id=\"8298853\" data-element_type=\"widget\" data-widget_type=\"text-editor.default\">\n\t\t\t\t<div class=\"elementor-widget-container\">\n\t\t\t\t\t\t\t\t\t<p>L\u2019approvazione FDA si riferisce al processo regolatorio attraverso il quale la Food and Drug Administration degli Stati Uniti valuta e autorizza la commercializzazione di prodotti farmaceutici, dispositivi medici e determinate categorie di prodotti.<br>Questa valutazione rigorosa comprende l\u2019analisi di dati scientifici, studi clinici, pratiche di produzione, etichettatura e profili di sicurezza, al fine di garantire che i prodotti siano sicuri, efficaci e correttamente etichettati.<br>L\u2019autorizzazione FDA indica che i benefici del prodotto superano i potenziali rischi e che esso soddisfa gli elevati standard di qualit\u00e0 richiesti per la commercializzazione negli Stati Uniti, confermando l\u2019impegno di MD Plus Bio verso la sicurezza del consumatore e la preparazione ai mercati internazionali. <\/p>\t\t\t\t\t\t\t\t<\/div>\n\t\t\t\t<\/div>\n\t\t\t\t\t<\/div>\n\t\t\t\t<\/div>\n\t\t<div class=\"elementor-element elementor-element-d5a10ef e-flex e-con-boxed e-con e-parent\" data-id=\"d5a10ef\" data-element_type=\"container\">\n\t\t\t\t\t<div class=\"e-con-inner\">\n\t\t\t\t<div class=\"elementor-element elementor-element-da76484 elementor-widget elementor-widget-heading\" data-id=\"da76484\" data-element_type=\"widget\" data-widget_type=\"heading.default\">\n\t\t\t\t<div class=\"elementor-widget-container\">\n\t\t\t\t\t<h2 class=\"elementor-heading-title elementor-size-default\">MIGLIAIA DI CLIENTI SODDISFATTI!<\/h2>\t\t\t\t<\/div>\n\t\t\t\t<\/div>\n\t\t\t\t\t<\/div>\n\t\t\t\t<\/div>\n\t\t<div class=\"elementor-element elementor-element-7652fd4 e-flex e-con-boxed e-con e-parent\" data-id=\"7652fd4\" data-element_type=\"container\">\n\t\t\t\t\t<div class=\"e-con-inner\">\n\t\t\t\t<div class=\"elementor-element elementor-element-ee938ce elementor-widget elementor-widget-image\" data-id=\"ee938ce\" data-element_type=\"widget\" data-widget_type=\"image.default\">\n\t\t\t\t<div class=\"elementor-widget-container\">\n\t\t\t\t\t\t\t\t\t\t\t\t\t\t\t<img loading=\"lazy\" decoding=\"async\" width=\"1024\" height=\"144\" src=\"https:\/\/mdplusbio.com\/wp-content\/uploads\/2024\/12\/Vector-Smart-Object-1024x144.png\" class=\"attachment-large size-large wp-image-1684\" alt=\"\" srcset=\"https:\/\/mdplusbio.com\/wp-content\/uploads\/2024\/12\/Vector-Smart-Object-1024x144.png 1024w, https:\/\/mdplusbio.com\/wp-content\/uploads\/2024\/12\/Vector-Smart-Object-300x42.png 300w, https:\/\/mdplusbio.com\/wp-content\/uploads\/2024\/12\/Vector-Smart-Object-768x108.png 768w, https:\/\/mdplusbio.com\/wp-content\/uploads\/2024\/12\/Vector-Smart-Object-1536x217.png 1536w, https:\/\/mdplusbio.com\/wp-content\/uploads\/2024\/12\/Vector-Smart-Object-1140x161.png 1140w, https:\/\/mdplusbio.com\/wp-content\/uploads\/2024\/12\/Vector-Smart-Object-920x130.png 920w, https:\/\/mdplusbio.com\/wp-content\/uploads\/2024\/12\/Vector-Smart-Object-575x81.png 575w, https:\/\/mdplusbio.com\/wp-content\/uploads\/2024\/12\/Vector-Smart-Object-380x54.png 380w, https:\/\/mdplusbio.com\/wp-content\/uploads\/2024\/12\/Vector-Smart-Object-420x59.png 420w, https:\/\/mdplusbio.com\/wp-content\/uploads\/2024\/12\/Vector-Smart-Object-800x113.png 800w, https:\/\/mdplusbio.com\/wp-content\/uploads\/2024\/12\/Vector-Smart-Object.png 1858w\" sizes=\"(max-width: 1024px) 100vw, 1024px\" \/>\t\t\t\t\t\t\t\t\t\t\t\t\t\t\t<\/div>\n\t\t\t\t<\/div>\n\t\t\t\t\t<\/div>\n\t\t\t\t<\/div>\n\t\t\t\t<\/div>\n\t\t","protected":false},"excerpt":{"rendered":"<p>Avendo acquisito le certificazioni ISO 9001, ISO 22000, ISO 22716, ISO 13485, nonch\u00e9 la certificazione di Buone Pratiche di Produzione (GMP) rilasciata dal Ministero della Salute e da istituzioni accreditate, [&hellip;]<\/p>\n","protected":false},"author":2,"featured_media":0,"parent":0,"menu_order":0,"comment_status":"closed","ping_status":"closed","template":"","meta":{"_joinchat":[],"footnotes":""},"class_list":["post-1705","page","type-page","status-publish","hentry"],"acf":[],"_links":{"self":[{"href":"https:\/\/mdplusbio.com\/it\/wp-json\/wp\/v2\/pages\/1705","targetHints":{"allow":["GET"]}}],"collection":[{"href":"https:\/\/mdplusbio.com\/it\/wp-json\/wp\/v2\/pages"}],"about":[{"href":"https:\/\/mdplusbio.com\/it\/wp-json\/wp\/v2\/types\/page"}],"author":[{"embeddable":true,"href":"https:\/\/mdplusbio.com\/it\/wp-json\/wp\/v2\/users\/2"}],"replies":[{"embeddable":true,"href":"https:\/\/mdplusbio.com\/it\/wp-json\/wp\/v2\/comments?post=1705"}],"version-history":[{"count":0,"href":"https:\/\/mdplusbio.com\/it\/wp-json\/wp\/v2\/pages\/1705\/revisions"}],"wp:attachment":[{"href":"https:\/\/mdplusbio.com\/it\/wp-json\/wp\/v2\/media?parent=1705"}],"curies":[{"name":"wp","href":"https:\/\/api.w.org\/{rel}","templated":true}]}}