{"id":1372,"date":"2024-12-18T10:49:38","date_gmt":"2024-12-18T07:49:38","guid":{"rendered":"https:\/\/mdplusbio.com\/?page_id=1372"},"modified":"2025-01-14T07:11:06","modified_gmt":"2025-01-14T07:11:06","slug":"resi-e-rimborsi","status":"publish","type":"page","link":"https:\/\/mdplusbio.com\/it\/resi-e-rimborsi\/","title":{"rendered":"Resi e Rimborsi"},"content":{"rendered":"\t\t<div data-elementor-type=\"wp-page\" data-elementor-id=\"1372\" class=\"elementor elementor-1372 elementor-11\" data-elementor-post-type=\"page\">\n\t\t\t\t<div class=\"elementor-element elementor-element-8f3a699 e-flex e-con-boxed e-con e-parent\" data-id=\"8f3a699\" data-element_type=\"container\">\n\t\t\t\t\t<div class=\"e-con-inner\">\n\t\t\t\t<div class=\"elementor-element elementor-element-b01672d elementor-widget elementor-widget-heading\" data-id=\"b01672d\" data-element_type=\"widget\" data-widget_type=\"heading.default\">\n\t\t\t\t<div class=\"elementor-widget-container\">\n\t\t\t\t\t<h2 class=\"elementor-heading-title elementor-size-default\">Resi e Rimborsi<\/h2>\t\t\t\t<\/div>\n\t\t\t\t<\/div>\n\t\t\t\t\t<\/div>\n\t\t\t\t<\/div>\n\t\t<div class=\"elementor-element elementor-element-231eba4b e-flex e-con-boxed e-con e-parent\" data-id=\"231eba4b\" data-element_type=\"container\">\n\t\t\t\t\t<div class=\"e-con-inner\">\n\t\t\t\t<div class=\"elementor-element elementor-element-5e5786e2 elementor-widget elementor-widget-text-editor\" data-id=\"5e5786e2\" data-element_type=\"widget\" data-widget_type=\"text-editor.default\">\n\t\t\t\t<div class=\"elementor-widget-container\">\n\t\t\t\t\t\t\t\t\t<p><\/p>\n<p>NESSUN RESO O RIMBORSO AVVERR\u00c0 SENZA UN NUMERO DI AUTORIZZAZIONE PER IL RESO.<br>Nessun rimborso per i prodotti MDPLUSBIO non acquistati da questo sito web.<br>Dopo aver ricevuto un numero di autorizzazione per il reso, si prega di includerlo sull\u2019etichetta di spedizione insieme al tuo nome e al nome dell\u2019azienda (se si tratta di un acquisto aziendale) sulla scatola di reso.<\/p>\n<p><\/p>\n<p>Restituzione a:<\/p>\n<p><\/p>\n<p><strong>GDZ SA\u011eLIK VE G\u00dcZELL\u0130K H\u0130ZMETLER\u0130 LTD.\u015eT\u0130.<\/strong><\/p>\n<p><\/p>\n<p>MERKEZ MAH. \u0130ST\u0130KLAL SK. NO:11 \u0130\u00c7 KAPI NO:2 \u015e\u0130\u015eL\u0130 \u0130STANBUL \/ T\u00dcRK\u0130YE  <\/p>\n<p><\/p>\n<p>I prodotti MDPLUSBIO non utilizzati e non danneggiati possono essere restituiti entro 15 giorni (il giorno uno (1) \u00e8 il giorno successivo alla data di spedizione da MDPLUSBIO al tuo indirizzo) per un rimborso completo, se nessun materiale \u00e8 stato utilizzato. Dopo 15 giorni (il giorno uno (1), il giorno successivo alla data di spedizione del Nature\u2019s Loving Care (+) Shampoo\/Conditioner and Body Wash al tuo indirizzo) i prodotti MDPLUSBIO non utilizzati e non danneggiati che vengono restituiti saranno soggetti a una commissione di restocking del 20% (la commissione di restocking \u00e8 il prezzo di vendita pi\u00f9 le tasse). Le spese di spedizione pagate dall\u2019acquirente non sono incluse nella commissione di restocking del 20%. Non saranno effettuati rimborsi oltre i 16 giorni dalla data di spedizione al cliente\/acquirente (il giorno uno \u00e8 il giorno successivo alla data di spedizione al cliente\/acquirente) e nessun rimborso per i prodotti danneggiati durante la spedizione. Non c\u2019\u00e8 rimborso sulle spese di spedizione\/freight charges per la restituzione. In caso di rimborso, verr\u00e0 emesso un assegno a nome della persona o dell\u2019azienda a cui \u00e8 stata addebitato l\u2019acquisto.    <\/p>\n<p><\/p>\t\t\t\t\t\t\t\t<\/div>\n\t\t\t\t<\/div>\n\t\t\t\t\t<\/div>\n\t\t\t\t<\/div>\n\t\t<div class=\"elementor-element elementor-element-9c1f677 e-flex e-con-boxed e-con e-parent\" data-id=\"9c1f677\" data-element_type=\"container\">\n\t\t\t\t\t<div class=\"e-con-inner\">\n\t\t\t\t<div class=\"elementor-element elementor-element-28c42a4 elementor-widget elementor-widget-spacer\" data-id=\"28c42a4\" data-element_type=\"widget\" data-widget_type=\"spacer.default\">\n\t\t\t\t<div class=\"elementor-widget-container\">\n\t\t\t\t\t\t\t<div class=\"elementor-spacer\">\n\t\t\t<div class=\"elementor-spacer-inner\"><\/div>\n\t\t<\/div>\n\t\t\t\t\t\t<\/div>\n\t\t\t\t<\/div>\n\t\t\t\t\t<\/div>\n\t\t\t\t<\/div>\n\t\t\t\t<\/div>\n\t\t","protected":false},"excerpt":{"rendered":"<p>Resi e Rimborsi NESSUN RESO O RIMBORSO AVVERR\u00c0 SENZA UN NUMERO DI AUTORIZZAZIONE PER IL RESO.Nessun rimborso per i prodotti MDPLUSBIO non acquistati da questo sito web.Dopo aver ricevuto un [&hellip;]<\/p>\n","protected":false},"author":1,"featured_media":0,"parent":0,"menu_order":0,"comment_status":"closed","ping_status":"closed","template":"","meta":{"_joinchat":[],"footnotes":""},"class_list":["post-1372","page","type-page","status-publish","hentry"],"acf":[],"_links":{"self":[{"href":"https:\/\/mdplusbio.com\/it\/wp-json\/wp\/v2\/pages\/1372","targetHints":{"allow":["GET"]}}],"collection":[{"href":"https:\/\/mdplusbio.com\/it\/wp-json\/wp\/v2\/pages"}],"about":[{"href":"https:\/\/mdplusbio.com\/it\/wp-json\/wp\/v2\/types\/page"}],"author":[{"embeddable":true,"href":"https:\/\/mdplusbio.com\/it\/wp-json\/wp\/v2\/users\/1"}],"replies":[{"embeddable":true,"href":"https:\/\/mdplusbio.com\/it\/wp-json\/wp\/v2\/comments?post=1372"}],"version-history":[{"count":0,"href":"https:\/\/mdplusbio.com\/it\/wp-json\/wp\/v2\/pages\/1372\/revisions"}],"wp:attachment":[{"href":"https:\/\/mdplusbio.com\/it\/wp-json\/wp\/v2\/media?parent=1372"}],"curies":[{"name":"wp","href":"https:\/\/api.w.org\/{rel}","templated":true}]}}