{"id":1079,"date":"2024-11-18T14:34:54","date_gmt":"2024-11-18T14:34:54","guid":{"rendered":"https:\/\/mdplusbio.com\/privacy-policy\/"},"modified":"2025-01-15T13:30:40","modified_gmt":"2025-01-15T13:30:40","slug":"informativa-sulla-privacy","status":"publish","type":"page","link":"https:\/\/mdplusbio.com\/it\/informativa-sulla-privacy\/","title":{"rendered":"Informativa sulla privacy"},"content":{"rendered":"\t\t<div data-elementor-type=\"wp-page\" data-elementor-id=\"1079\" class=\"elementor elementor-1079 elementor-3\" data-elementor-post-type=\"page\">\n\t\t\t\t<div class=\"elementor-element elementor-element-769ccdf e-flex e-con-boxed e-con e-parent\" data-id=\"769ccdf\" data-element_type=\"container\">\n\t\t\t\t\t<div class=\"e-con-inner\">\n\t\t\t\t<div class=\"elementor-element elementor-element-8b1384b elementor-widget elementor-widget-heading\" data-id=\"8b1384b\" data-element_type=\"widget\" data-widget_type=\"heading.default\">\n\t\t\t\t<div class=\"elementor-widget-container\">\n\t\t\t\t\t<h2 class=\"elementor-heading-title elementor-size-default\">Informativa Sulla Privacy<\/h2>\t\t\t\t<\/div>\n\t\t\t\t<\/div>\n\t\t\t\t\t<\/div>\n\t\t\t\t<\/div>\n\t\t<div class=\"elementor-element elementor-element-9047971 e-flex e-con-boxed e-con e-parent\" data-id=\"9047971\" data-element_type=\"container\">\n\t\t\t\t\t<div class=\"e-con-inner\">\n\t\t\t\t<div class=\"elementor-element elementor-element-a0d7402 elementor-widget elementor-widget-text-editor\" data-id=\"a0d7402\" data-element_type=\"widget\" data-widget_type=\"text-editor.default\">\n\t\t\t\t<div class=\"elementor-widget-container\">\n\t\t\t\t\t\t\t\t\t<p style=\"margin-bottom: 1.5rem; position: relative; color: #7e7e7e; font-family: Urbanist; font-size: 15px;\">COPYRIGHT \u00a9 2021 MDPLUSBIO<br>Tutti i diritti riservati Tutti i contenuti presenti in questo sito, come testi, grafici, loghi, icone di pulsanti e immagini, sono di propriet\u00e0 di GDZ SA\u011eLIK VE G\u00dcZELL\u0130K H\u0130ZMETLER\u0130 LTD.\u015eT\u0130. o dei suoi fornitori di contenuti e sono protetti dalle leggi sul diritto d&#8217;autore turche e internazionali.<\/p>\n<p style=\"margin-bottom: 1.5rem; position: relative; color: #7e7e7e; font-family: Urbanist; font-size: 15px;\">La compilazione di tutti i contenuti di questo sito \u00e8 di esclusiva propriet\u00e0 di GDZ SA\u011eLIK VE G\u00dcZELL\u0130K H\u0130ZMETLER\u0130 LTD.\u015eT\u0130. ed \u00e8 protetta dalle leggi sul diritto d&#8217;autore turche e internazionali. Il contenuto di questo sito pu\u00f2 essere utilizzato come risorsa per il design o per lo shopping. Qualsiasi altro uso, compresa la riproduzione, la modifica, la distribuzione, la trasmissione, la ripubblicazione o la visualizzazione del contenuto di questo sito \u00e8 severamente vietato. MDPLUSBIO.com e altri elementi grafici, loghi, immagini e nomi di prodotti di MDPLUSBIO.com sono marchi registrati e non registrati di GDZ SA\u011eLIK VE G\u00dcZELL\u0130K H\u0130ZMETLER\u0130 LTD.\u015eT\u0130.<\/p>\n<p style=\"margin-bottom: 1.5rem; position: relative; color: #7e7e7e; font-family: Urbanist; font-size: 15px;\">Tutti i diritti riservati I marchi di GDZ SA\u011eLIK VE G\u00dcZELL\u0130K H\u0130ZMETLER\u0130 LTD.\u015eT\u0130. non possono essere utilizzati in relazione a qualsiasi prodotto o servizio che non sia di GDZ SA\u011eLIK VE G\u00dcZELL\u0130K H\u0130ZMETLER\u0130 LTD.\u015eT\u0130.in qualsiasi modo che possa causare confusione tra i clienti o in qualsiasi modo che screditi o denigri GDZ SA\u011eLIK VE G\u00dcZELL\u0130K H\u0130ZMETLER\u0130 LTD.\u015eT\u0130. e\/o MDPLUSBIO.com o in altro modo senza l&#8217;espresso consenso scritto di GDZ SA\u011eLIK VE G\u00dcZELL\u0130K H\u0130ZMETLER\u0130 LTD.\u015eT\u0130. Questo sito o qualsiasi parte di esso non pu\u00f2 essere riprodotto, duplicato, copiato, venduto, rivenduto o altrimenti sfruttato per qualsiasi scopo commerciale che non sia espressamente consentito da GDZ SA\u011eLIK VE G\u00dcZELL\u0130K H\u0130ZMETLER\u0130 LTD.\u015eT\u0130.<\/p>\n<p style=\"margin-bottom: 1.5rem; position: relative; color: #7e7e7e; font-family: Urbanist; font-size: 15px;\"><span style=\"font-weight: bolder;\">PRINCIPI SULLA PRIVACY<\/span><\/p>\n<p style=\"margin-bottom: 1.5rem; position: relative; color: #7e7e7e; font-family: Urbanist; font-size: 15px;\"><span style=\"\">MDPLUSBIO<\/span> \u00e8 fortemente impegnata a proteggere la privacy dei suoi clienti. Ti garantiamo che qualsiasi informazione raccolta su di te sar\u00e0 utilizzata esclusivamente per uso interno e non sar\u00e0 venduta, affittata o scambiata per scopi di marketing non richiesti. Le informazioni raccolte saranno utilizzate per comprendere meglio le tue esigenze e servirti meglio \u2013 il nostro cliente prezioso. Abbiamo stabilito questa politica come salvaguardia per garantire che queste pratiche e procedure siano implementate in modo efficace ed efficiente.   <\/p>\n<p style=\"margin-bottom: 1.5rem; position: relative; color: #7e7e7e; font-family: Urbanist; font-size: 15px;\"><span style=\"font-weight: bolder;\">PRINCIPI SULLA PRIVACY<\/span><br>Da oltre 18 anni, migliaia di persone si affidano a <span style=\"font-weight: bolder;\">GDZ SA\u011eLIK VE G\u00dcZELL\u0130K H\u0130ZMETLER\u0130 LTD.\u015eT\u0130<\/span>. per gestire informazioni personali e riservate. Sappiamo che la privacy \u00e8 un elemento importante per i nostri clienti e comprendiamo che si aspettano che raccogliamo e conserviamo le informazioni personali in modo appropriato e responsabile.  <\/p>\n<p style=\"margin-bottom: 1.5rem; position: relative; color: #7e7e7e; font-family: Urbanist; font-size: 15px;\"><span style=\"font-weight: bolder;\">Informazioni raccolte<\/span><\/p>\n<p style=\"margin-bottom: 1.5rem; position: relative; color: #7e7e7e; font-family: Urbanist; font-size: 15px;\">Un cookie \u00e8 un piccolo frammento di dati che molti siti web memorizzano sul disco rigido del tuo PC e che pu\u00f2 essere recuperato successivamente per identificare l\u2019utente del PC. Possiamo utilizzare un cookie per analizzare il numero di visitatori del nostro sito, i visitatori di ritorno e le pagine visualizzate. Raccogliendo queste statistiche, <span style=\"\">MDPLUSBIO <\/span>\u00e8 in grado di gestire la capacit\u00e0 del sito e migliorarlo per soddisfare meglio le esigenze dei nostri clienti. I cookie non raccolgono informazioni personali identificabili e il tuo browser pu\u00f2 essere impostato per rifiutarli o per notificarti prima di accettarli.   <\/p>\n<p style=\"margin-bottom: 1.5rem; position: relative; color: #7e7e7e; font-family: Urbanist; font-size: 15px;\"><span style=\"font-weight: bolder;\">Garanzia certificabile<\/span><\/p>\n<p style=\"margin-bottom: 1.5rem; position: relative; color: #7e7e7e; font-family: Urbanist; font-size: 15px;\"><span style=\"font-weight: bolder;\">MDPLUSBIO\u00ae<\/span> sostiene con fermezza la sua meritata reputazione. Siamo impegnati a proteggere la privacy dei nostri clienti. Le informazioni raccolte vengono utilizzate per migliorare la tua esperienza di acquisto. Ci impegniamo a rispettare i principi descritti in questa politica per garantire un\u2019esperienza di acquisto sicura, piacevole e gratificante.   <\/p>\t\t\t\t\t\t\t\t<\/div>\n\t\t\t\t<\/div>\n\t\t\t\t\t<\/div>\n\t\t\t\t<\/div>\n\t\t\t\t<\/div>\n\t\t","protected":false},"excerpt":{"rendered":"<p>Informativa Sulla Privacy COPYRIGHT \u00a9 2021 MDPLUSBIOTutti i diritti riservati Tutti i contenuti presenti in questo sito, come testi, grafici, loghi, icone di pulsanti e immagini, sono di propriet\u00e0 di [&hellip;]<\/p>\n","protected":false},"author":1,"featured_media":0,"parent":0,"menu_order":0,"comment_status":"closed","ping_status":"closed","template":"","meta":{"_joinchat":[],"footnotes":""},"class_list":["post-1079","page","type-page","status-publish","hentry"],"acf":[],"_links":{"self":[{"href":"https:\/\/mdplusbio.com\/it\/wp-json\/wp\/v2\/pages\/1079","targetHints":{"allow":["GET"]}}],"collection":[{"href":"https:\/\/mdplusbio.com\/it\/wp-json\/wp\/v2\/pages"}],"about":[{"href":"https:\/\/mdplusbio.com\/it\/wp-json\/wp\/v2\/types\/page"}],"author":[{"embeddable":true,"href":"https:\/\/mdplusbio.com\/it\/wp-json\/wp\/v2\/users\/1"}],"replies":[{"embeddable":true,"href":"https:\/\/mdplusbio.com\/it\/wp-json\/wp\/v2\/comments?post=1079"}],"version-history":[{"count":0,"href":"https:\/\/mdplusbio.com\/it\/wp-json\/wp\/v2\/pages\/1079\/revisions"}],"wp:attachment":[{"href":"https:\/\/mdplusbio.com\/it\/wp-json\/wp\/v2\/media?parent=1079"}],"curies":[{"name":"wp","href":"https:\/\/api.w.org\/{rel}","templated":true}]}}