{"id":821,"date":"2024-12-17T11:27:25","date_gmt":"2024-12-17T11:27:25","guid":{"rendered":"https:\/\/mdplusbio.com\/product\/hair-repair-serum\/"},"modified":"2026-02-13T17:28:14","modified_gmt":"2026-02-13T14:28:14","slug":"serum-de-reparation-capillaire","status":"publish","type":"product","link":"https:\/\/mdplusbio.com\/fr\/produit\/serum-de-reparation-capillaire\/","title":{"rendered":"S\u00e9rum De R\u00e9paration Capillaire"},"content":{"rendered":"<p class=\"p1\">Hair Repair Serum \u2013 Formule avanc\u00e9e de soutien du cuir chevelu et des cheveux, con\u00e7ue pour aider \u00e0 r\u00e9duire la chute des cheveux, am\u00e9liorer l\u2019\u00e9tat du cuir chevelu et favoriser des cheveux \u00e0 l\u2019apparence plus forte et plus dense. Convient aux hommes et aux femmes ainsi qu\u2019\u00e0 tous les types de cheveux. <\/p>\n<ul>\n<li>Formule sans sulfates : sans SLES, ALS, MLS, parab\u00e8nes, sel ni mati\u00e8res premi\u00e8res d\u00e9riv\u00e9es du p\u00e9trole<\/li>\n<li>pH \u00e9quilibr\u00e9 (6\u20136,2) pour soutenir la barri\u00e8re naturelle du cuir chevelu et l\u2019\u00e9quilibre du microbiome<\/li>\n<li>Aide \u00e0 am\u00e9liorer le confort du cuir chevelu et \u00e0 r\u00e9duire l\u2019apparence des rougeurs, d\u00e9mangeaisons et irritations<\/li>\n<li>Con\u00e7ue pour soutenir la fonction du follicule pileux et des cycles de croissance plus sains<\/li>\n<li>S\u00e9rum l\u00e9ger leave-in pour le cuir chevelu \u00e0 absorption rapide<\/li>\n<li>Adapt\u00e9 aux cuirs chevelus gras, secs et normaux<\/li>\n<li>Convient aux soins quotidiens et post-proc\u00e9dure<\/li>\n<\/ul>\n<p>Complexe actif comprend :<\/p>\n<ul>\n<li>Panth\u00e9nol (Pro-Vitamine B5) \u2013 soutien hydratant et apaisant du cuir chevelu<\/li>\n<li>Biotine (Vitamine B7) \u2013 soutient la structure de la k\u00e9ratine et la r\u00e9sistance des cheveux<\/li>\n<li>B\u00eata-Glucane \u2013 soutien antioxydant et d\u00e9fense du cuir chevelu<\/li>\n<li>Aloe Vera \u2013 hydratation du cuir chevelu et soutien de l\u2019\u00e9quilibre du s\u00e9bum<\/li>\n<li>K\u00e9ratine Hydrolys\u00e9e &amp; Collag\u00e8ne \u2013 conditionnement et r\u00e9silience de la fibre capillaire<\/li>\n<li>Centella Asiatica (Gotu Kola) \u2013 soutien de la microcirculation du cuir chevelu<\/li>\n<li>M\u00e9lange d\u2019extraits botaniques \u2013 camomille, ortie, th\u00e9 vert, bardane, sauge, pr\u00eale<\/li>\n<\/ul>\n<p>B\u00e9n\u00e9fices fonctionnels :<\/p>\n<ul>\n<li>Favorise des cheveux \u00e0 l\u2019apparence plus forte et plus volumineuse<\/li>\n<li>Aide \u00e0 am\u00e9liorer l\u2019hydratation et le confort du cuir chevelu<\/li>\n<li>Contribue \u00e0 une apparence de r\u00e9cup\u00e9ration plus rapide du cuir chevelu<\/li>\n<li>Aide \u00e0 maintenir un environnement du cuir chevelu plus sain<\/li>\n<li>Complexe d\u2019acides amin\u00e9s et de peptides pour le soutien du cuir chevelu et des follicules<\/li>\n<\/ul>\n<p>Mode d\u2019utilisation : Appliquer 5 \u00e0 6 pulv\u00e9risations directement sur le cuir chevelu, masser d\u00e9licatement et laisser agir. Ne pas rincer pendant au moins 5 heures apr\u00e8s l\u2019application afin d\u2019optimiser l\u2019absorption. Convient \u00e0 un usage quotidien.  <\/p>\n<p>S\u00e9curit\u00e9 : Usage externe uniquement. \u00c9viter le contact avec les yeux. Conserver dans un endroit frais et sec. Ne convient pas aux enfants de moins de 3 ans. En cas de cuir chevelu sensible ou de condition dermatologique, consulter un sp\u00e9cialiste avant utilisation.    <\/p>\n<p>Liste INCI compl\u00e8te disponible sur l\u2019\u00e9tiquette du produit et la fiche technique.<\/p>\n","protected":false},"excerpt":{"rendered":"<ul>\n<li>60 Ml ( 2,02 fl. oz) S\u00e9rum De R\u00e9paration Capillaire<\/li>\n<li>Approuv\u00e9 cliniquement et par la FDA<\/li>\n<li>La \u00ab Formule sp\u00e9ciale \u00bb contient des cellules souches d\u2019herbes, du Capixyl, du Redensyl, du Procapil, de l\u2019ADN simple brin, du facteur GF, de l\u2019Anagain, de la biotine, de la k\u00e9ratine, du palmetto (une alternative naturelle au finast\u00e9ride) et un complexe d\u2019acides amin\u00e9s pour pr\u00e9venir la perte de cheveux, \u00e9paissir la croissance des cheveux et augmenter leur \u00e9lasticit\u00e9.<\/li>\n<\/ul>\n","protected":false},"featured_media":5258,"comment_status":"open","ping_status":"closed","template":"","meta":{"_joinchat":[]},"product_brand":[],"product_cat":[51,46,50,44],"product_tag":[],"class_list":{"0":"post-821","1":"product","2":"type-product","3":"status-publish","4":"has-post-thumbnail","6":"product_cat-apres-la-greffe-de-cheveux","7":"product_cat-avant-la-greffe-de-cheveux","8":"product_cat-produits-uniques","9":"product_cat-tous-les-produits","11":"first","12":"instock","13":"taxable","14":"shipping-taxable","15":"purchasable","16":"product-type-simple"},"acf":[],"_links":{"self":[{"href":"https:\/\/mdplusbio.com\/fr\/wp-json\/wp\/v2\/product\/821","targetHints":{"allow":["GET"]}}],"collection":[{"href":"https:\/\/mdplusbio.com\/fr\/wp-json\/wp\/v2\/product"}],"about":[{"href":"https:\/\/mdplusbio.com\/fr\/wp-json\/wp\/v2\/types\/product"}],"replies":[{"embeddable":true,"href":"https:\/\/mdplusbio.com\/fr\/wp-json\/wp\/v2\/comments?post=821"}],"wp:featuredmedia":[{"embeddable":true,"href":"https:\/\/mdplusbio.com\/fr\/wp-json\/wp\/v2\/media\/5258"}],"wp:attachment":[{"href":"https:\/\/mdplusbio.com\/fr\/wp-json\/wp\/v2\/media?parent=821"}],"wp:term":[{"taxonomy":"product_brand","embeddable":true,"href":"https:\/\/mdplusbio.com\/fr\/wp-json\/wp\/v2\/product_brand?post=821"},{"taxonomy":"product_cat","embeddable":true,"href":"https:\/\/mdplusbio.com\/fr\/wp-json\/wp\/v2\/product_cat?post=821"},{"taxonomy":"product_tag","embeddable":true,"href":"https:\/\/mdplusbio.com\/fr\/wp-json\/wp\/v2\/product_tag?post=821"}],"curies":[{"name":"wp","href":"https:\/\/api.w.org\/{rel}","templated":true}]}}