{"id":761,"date":"2024-12-17T06:45:14","date_gmt":"2024-12-17T06:45:14","guid":{"rendered":"https:\/\/mdplusbio.com\/product\/i-care-my-hair-transplantation-package\/"},"modified":"2026-01-29T13:48:07","modified_gmt":"2026-01-29T10:48:07","slug":"je-prends-soin-de-mon-cuir-chevelu-avec-le-forfait-transplantation-capillaire","status":"publish","type":"product","link":"https:\/\/mdplusbio.com\/fr\/produit\/je-prends-soin-de-mon-cuir-chevelu-avec-le-forfait-transplantation-capillaire\/","title":{"rendered":"I Care My Hair Transplantation Forfait \u2013 3 Mois"},"content":{"rendered":"<p>R\u00e9cup\u00e9rez votre traitement de greffe de cheveux plus rapidement et en meilleure sant\u00e9 !<\/p>\n<p class=\"p1\">Notre coffret avanc\u00e9 I Care My Hair Transplantation est sp\u00e9cialement formul\u00e9 avec des ingr\u00e9dients actifs prim\u00e9s tels que Capixyl, Redensyl et Procapil, qui aident non seulement \u00e0 r\u00e9duire la chute des cheveux, mais aussi \u00e0 favoriser leur croissance. Gr\u00e2ce \u00e0 des facteurs de croissance, des vitamines et des extraits de plantes essentiels, ce coffret nourrit les follicules sains et aide les cheveux fins \u00e0 devenir des m\u00e8ches fortes et en bonne sant\u00e9. <\/p>\n<ul class=\"ul1\">\n<li class=\"li1\">Pour utiliser le S\u00e9rum R\u00e9parateur Capillaire, appliquez 1 ml (environ 5-6 pressions) sur une peau s\u00e8che deux fois par jour, en massant doucement le cuir chevelu \u2014 surtout sur les zones concern\u00e9es par la perte de cheveux. Pour la zone transplant\u00e9e, la zone donneuse et la protection des cheveux existants, ce s\u00e9rum peut faire des merveilles. Ne pas rincer et utiliser un flacon par mois.  <\/li>\n<\/ul>\n<ul class=\"ul1\">\n<li class=\"li1\">Pour des r\u00e9sultats encore meilleurs, nous recommandons de prendre deux comprim\u00e9s de nos Compl\u00e9ments Alimentaires riches en principes actifs chaque jour \u2014 un le matin et un le soir.<\/li>\n<\/ul>\n<ul class=\"ul1\">\n<li class=\"li1\">Enfin, notre shampooing capillaire soutient le processus de r\u00e9paration de la flore naturelle du cuir chevelu avec un pH compris entre 6 et 6,2.<\/li>\n<\/ul>\n","protected":false},"excerpt":{"rendered":"<ul>\n<li>6 x 100 Ml ( 3,38 fl. oz) Shampooing R\u00e9parateur,<\/li>\n<li>3 x 60 Ml (2,02 fl. oz) S\u00e9rum R\u00e9parateur,<\/li>\n<li>3 x 60 Compl\u00e9ments Alimentaires \u2013 Biotine 5000 MCG,<\/li>\n<li>Approuv\u00e9 cliniquement et par la FDA<\/li>\n<li>Le forfait I Care My Hair Transplantation offre une exp\u00e9rience m\u00e9dicale et de voyage compl\u00e8te pour celles et ceux qui recherchent une restauration capillaire naturelle et de haute qualit\u00e9 en Turquie.<\/li>\n<li>Toutes les proc\u00e9dures sont accompagn\u00e9es des produits de soins post-op\u00e9ratoires avanc\u00e9s de MD Plus Bio, assurant une gu\u00e9rison optimale et des r\u00e9sultats durables.<\/li>\n<li>Le pack I Care My Hair Transplantation est sp\u00e9cialement formul\u00e9 avec des ingr\u00e9dients actifs prim\u00e9s tels que Capixyl, Redensyl et Procapil, qui non seulement aident \u00e0 r\u00e9duire la chute des cheveux, mais favorisent \u00e9galement la croissance capillaire. Enrichi en facteurs de croissance, vitamines et extraits essentiels de plantes, ce kit nourrit les follicules sains et aide les petits cheveux \u00e0 devenir des m\u00e8ches fortes et en bonne sant\u00e9. <\/li>\n<\/ul>\n","protected":false},"featured_media":5222,"comment_status":"open","ping_status":"closed","template":"","meta":{"_joinchat":[]},"product_brand":[],"product_cat":[51,56,44],"product_tag":[],"class_list":{"0":"post-761","1":"product","2":"type-product","3":"status-publish","4":"has-post-thumbnail","6":"product_cat-apres-la-greffe-de-cheveux","7":"product_cat-ensembles","8":"product_cat-tous-les-produits","10":"first","11":"instock","12":"taxable","13":"shipping-taxable","14":"purchasable","15":"product-type-simple"},"acf":[],"_links":{"self":[{"href":"https:\/\/mdplusbio.com\/fr\/wp-json\/wp\/v2\/product\/761","targetHints":{"allow":["GET"]}}],"collection":[{"href":"https:\/\/mdplusbio.com\/fr\/wp-json\/wp\/v2\/product"}],"about":[{"href":"https:\/\/mdplusbio.com\/fr\/wp-json\/wp\/v2\/types\/product"}],"replies":[{"embeddable":true,"href":"https:\/\/mdplusbio.com\/fr\/wp-json\/wp\/v2\/comments?post=761"}],"wp:featuredmedia":[{"embeddable":true,"href":"https:\/\/mdplusbio.com\/fr\/wp-json\/wp\/v2\/media\/5222"}],"wp:attachment":[{"href":"https:\/\/mdplusbio.com\/fr\/wp-json\/wp\/v2\/media?parent=761"}],"wp:term":[{"taxonomy":"product_brand","embeddable":true,"href":"https:\/\/mdplusbio.com\/fr\/wp-json\/wp\/v2\/product_brand?post=761"},{"taxonomy":"product_cat","embeddable":true,"href":"https:\/\/mdplusbio.com\/fr\/wp-json\/wp\/v2\/product_cat?post=761"},{"taxonomy":"product_tag","embeddable":true,"href":"https:\/\/mdplusbio.com\/fr\/wp-json\/wp\/v2\/product_tag?post=761"}],"curies":[{"name":"wp","href":"https:\/\/api.w.org\/{rel}","templated":true}]}}