{"id":675,"date":"2024-12-16T13:53:14","date_gmt":"2024-12-16T13:53:14","guid":{"rendered":"https:\/\/mdplusbio.com\/product\/i-care-my-hair-package\/"},"modified":"2026-01-29T14:00:20","modified_gmt":"2026-01-29T11:00:20","slug":"le-pack-je-prends-soin-de-mes-cheveux","status":"publish","type":"product","link":"https:\/\/mdplusbio.com\/fr\/produit\/le-pack-je-prends-soin-de-mes-cheveux\/","title":{"rendered":"Pack I Care My Hair \u2013 3 Mois"},"content":{"rendered":"<p>Un kit avanc\u00e9 de soin et r\u00e9paration capillaire sp\u00e9cialement formul\u00e9 avec des ingr\u00e9dients actifs prim\u00e9s tels que Capixyl, Redensyl et Procapil.<\/p>\n<p class=\"p4\">Notre kit avanc\u00e9 de soin et r\u00e9paration capillaire est con\u00e7u pour r\u00e9duire la chute des cheveux et favoriser une croissance saine. Dites adieu aux cheveux fins et fragiles, et accueillez une chevelure plus dense et \u00e9clatante gr\u00e2ce \u00e0 notre formule sp\u00e9cialement \u00e9labor\u00e9e. <\/p>\n<ul class=\"ul1\">\n<li class=\"li2\">Pour utiliser le s\u00e9rum de r\u00e9paration capillaire, appliquez deux fois par jour, en utilisant 1 ml par dose (environ 5-6 pressions). Massez doucement l\u2019ensemble du cuir chevelu, en insistant particuli\u00e8rement sur les zones o\u00f9 la perte de cheveux est pr\u00e9occupante (comme les zones transplant\u00e9es ou donneuses), pour prot\u00e9ger et r\u00e9parer vos cheveux existants. Le s\u00e9rum doit \u00eatre appliqu\u00e9 sur une peau s\u00e8che et ne doit pas \u00eatre rinc\u00e9. Une bouteille devrait durer un mois d\u2019utilisation r\u00e9guli\u00e8re. \u00bb   <\/li>\n<\/ul>\n<ul class=\"ul1\">\n<li class=\"li2\">Pour de meilleurs r\u00e9sultats, prenez 2 comprim\u00e9s de notre compl\u00e9ment alimentaire par jour \u2013 1 le matin et 1 le soir. Nos compl\u00e9ments sont sp\u00e9cialement formul\u00e9s avec un contenu riche en nutriments \u00e0 utiliser quotidiennement pour soutenir votre sant\u00e9 globale. \u00bb <\/li>\n<\/ul>\n<ul class=\"ul1\">\n<li class=\"li2\">Notre shampooing capillaire est sp\u00e9cialement formul\u00e9 pour soutenir le processus de r\u00e9paration de la flore du cuir chevelu, en particulier dans les cas o\u00f9 la flore naturelle s\u2019est d\u00e9t\u00e9rior\u00e9e. Avec un niveau de pH de 6 \u00e0 6,2, notre shampooing aide \u00e0 restaurer l\u2019\u00e9quilibre naturel du cuir chevelu, favorisant une croissance des cheveux plus saine et une apparence plus vibrante. \u00bb <\/li>\n<\/ul>\n<ul class=\"ul1\">\n<li class=\"li2\">Le s\u00e9rum capillaire Hair Complex Meso contient un m\u00e9lange puissant d\u2019ingr\u00e9dients actifs dans une formule hautement concentr\u00e9e. Pour en augmenter l\u2019efficacit\u00e9, nous recommandons de l\u2019utiliser avec l\u2019application de microneedling (dermaroller), ce qui aide les ingr\u00e9dients actifs \u00e0 p\u00e9n\u00e9trer en profondeur dans le cuir chevelu. Pour de meilleurs r\u00e9sultats, nous sugg\u00e9rons \u00e9galement d\u2019utiliser le spray de s\u00e9rum en conjonction avec le dermaroller. Nous recommandons d\u2019appliquer le dermaroller tous les 10 jours pour maintenir une sant\u00e9 optimale du cuir chevelu.   <\/li>\n<\/ul>\n","protected":false},"excerpt":{"rendered":"<ul>\n<li>4 x 100 Ml ( 3,38 fl. oz) Shampooing R\u00e9parateur,<\/li>\n<li>3 x 60 Ml (2,02 fl. oz) S\u00e9rum R\u00e9parateur,<\/li>\n<li>3 x 60 Compl\u00e9ments Alimentaires \u2013 Biotine 5000 MCG,<\/li>\n<li>5 x 6 Ml S\u00e9rum Meso,<\/li>\n<li>1 Dermaroller \u00e0 micro-aiguilles,<\/li>\n<li>Approuv\u00e9 cliniquement et par la FDA<\/li>\n<li>Une exp\u00e9rience de soins capillaires fond\u00e9e sur la science, con\u00e7ue pour soutenir votre cuir chevelu et renforcer les nouveaux cheveux apr\u00e8s une greffe.<\/li>\n<li><strong data-start=\"1380\" data-end=\"1406\">I Care My Hair Package<\/strong> comprend une puissante combinaison de shampooing, de s\u00e9rum et de complexe vitamin\u00e9, formul\u00e9e avec de la biotine, de la k\u00e9ratine et des stimulateurs naturels de la croissance capillaire.<\/li>\n<li>Chaque produit agit en synergie pour r\u00e9duire l\u2019inflammation, stimuler la circulation sanguine et favoriser une densit\u00e9 capillaire durable.<\/li>\n<li>Que vous ayez subi une greffe de cheveux ou que vous souhaitiez simplement pr\u00e9venir une perte capillaire suppl\u00e9mentaire, cette routine quotidienne apporte \u00e0 votre cuir chevelu tout ce dont il a besoin pour se renouveler et se prot\u00e9ger.<\/li>\n<li>Ce kit contient des ingr\u00e9dients actifs prim\u00e9s tels que Capixyl, Redensyl et Procapil, qui agissent ensemble pour stimuler la croissance des cheveux et r\u00e9parer les dommages. Notre formule est enrichie en facteurs de croissance, vitamines et extraits v\u00e9g\u00e9taux essentiels qui nourrissent les follicules sains et favorisent l\u2019allongement, pour des cheveux plus volumineux et en meilleure sant\u00e9. <\/li>\n<\/ul>\n","protected":false},"featured_media":5197,"comment_status":"open","ping_status":"closed","template":"","meta":{"_joinchat":[]},"product_brand":[],"product_cat":[51,56,44],"product_tag":[],"class_list":{"0":"post-675","1":"product","2":"type-product","3":"status-publish","4":"has-post-thumbnail","6":"product_cat-apres-la-greffe-de-cheveux","7":"product_cat-ensembles","8":"product_cat-tous-les-produits","10":"first","11":"instock","12":"taxable","13":"shipping-taxable","14":"purchasable","15":"product-type-simple"},"acf":[],"_links":{"self":[{"href":"https:\/\/mdplusbio.com\/fr\/wp-json\/wp\/v2\/product\/675","targetHints":{"allow":["GET"]}}],"collection":[{"href":"https:\/\/mdplusbio.com\/fr\/wp-json\/wp\/v2\/product"}],"about":[{"href":"https:\/\/mdplusbio.com\/fr\/wp-json\/wp\/v2\/types\/product"}],"replies":[{"embeddable":true,"href":"https:\/\/mdplusbio.com\/fr\/wp-json\/wp\/v2\/comments?post=675"}],"wp:featuredmedia":[{"embeddable":true,"href":"https:\/\/mdplusbio.com\/fr\/wp-json\/wp\/v2\/media\/5197"}],"wp:attachment":[{"href":"https:\/\/mdplusbio.com\/fr\/wp-json\/wp\/v2\/media?parent=675"}],"wp:term":[{"taxonomy":"product_brand","embeddable":true,"href":"https:\/\/mdplusbio.com\/fr\/wp-json\/wp\/v2\/product_brand?post=675"},{"taxonomy":"product_cat","embeddable":true,"href":"https:\/\/mdplusbio.com\/fr\/wp-json\/wp\/v2\/product_cat?post=675"},{"taxonomy":"product_tag","embeddable":true,"href":"https:\/\/mdplusbio.com\/fr\/wp-json\/wp\/v2\/product_tag?post=675"}],"curies":[{"name":"wp","href":"https:\/\/api.w.org\/{rel}","templated":true}]}}