{"id":832,"date":"2022-10-19T13:30:27","date_gmt":"2022-10-19T10:30:27","guid":{"rendered":"https:\/\/mdplusbio.com\/home\/"},"modified":"2025-02-03T15:11:25","modified_gmt":"2025-02-03T12:11:25","slug":"fr","status":"publish","type":"page","link":"https:\/\/mdplusbio.com\/fr\/","title":{"rendered":"Accueil"},"content":{"rendered":"\t\t<div data-elementor-type=\"wp-page\" data-elementor-id=\"832\" class=\"elementor elementor-832 elementor-14\" data-elementor-post-type=\"page\">\n\t\t\t\t\t\t<section class=\"elementor-section elementor-top-section elementor-element elementor-element-a53f34a elementor-section-full_width elementor-section-height-default elementor-section-height-default\" data-id=\"a53f34a\" data-element_type=\"section\" data-settings=\"{&quot;background_background&quot;:&quot;classic&quot;}\">\n\t\t\t\t\t\t<div class=\"elementor-container elementor-column-gap-default\">\n\t\t\t\t\t<div class=\"elementor-column elementor-col-100 elementor-top-column elementor-element elementor-element-56314a8\" data-id=\"56314a8\" data-element_type=\"column\">\n\t\t\t<div class=\"elementor-widget-wrap elementor-element-populated\">\n\t\t\t\t\t\t<section class=\"elementor-section elementor-inner-section elementor-element elementor-element-f0fbbd4 elementor-section-boxed elementor-section-height-default elementor-section-height-default\" data-id=\"f0fbbd4\" data-element_type=\"section\">\n\t\t\t\t\t\t<div class=\"elementor-container elementor-column-gap-default\">\n\t\t\t\t\t<div class=\"elementor-column elementor-col-50 elementor-inner-column elementor-element elementor-element-77f1ba6\" data-id=\"77f1ba6\" data-element_type=\"column\">\n\t\t\t<div class=\"elementor-widget-wrap elementor-element-populated\">\n\t\t\t\t\t\t<div class=\"elementor-element elementor-element-dbae005 elementor-invisible elementor-widget elementor-widget-heading\" data-id=\"dbae005\" data-element_type=\"widget\" data-settings=\"{&quot;_animation&quot;:&quot;fadeInUpShorter&quot;,&quot;_animation_delay&quot;:200}\" data-widget_type=\"heading.default\">\n\t\t\t\t<div class=\"elementor-widget-container\">\n\t\t\t\t\t<h1 class=\"elementor-heading-title elementor-size-default\">Croissance Saine des Cheveux<\/h1>\t\t\t\t<\/div>\n\t\t\t\t<\/div>\n\t\t\t\t<div class=\"elementor-element elementor-element-87aedb5 elementor-invisible elementor-widget elementor-widget-button\" data-id=\"87aedb5\" data-element_type=\"widget\" data-settings=\"{&quot;_animation&quot;:&quot;fadeInUpShorter&quot;,&quot;_animation_delay&quot;:400}\" data-widget_type=\"button.default\">\n\t\t\t\t<div class=\"elementor-widget-container\">\n\t\t\t\t\t\t\t\t\t<div class=\"elementor-button-wrapper\">\n\t\t\t\t\t<a class=\"elementor-button elementor-button-link elementor-size-sm\" href=\"https:\/\/www.mdplusbio.com\/fr\/boutique-2\/\">\n\t\t\t\t\t\t<span class=\"elementor-button-content-wrapper\">\n\t\t\t\t\t\t\t\t\t<span class=\"elementor-button-text\">D\u00c9COUVREZ MAINTENANT<\/span>\n\t\t\t\t\t<\/span>\n\t\t\t\t\t<\/a>\n\t\t\t\t<\/div>\n\t\t\t\t\t\t\t\t<\/div>\n\t\t\t\t<\/div>\n\t\t\t\t\t<\/div>\n\t\t<\/div>\n\t\t\t\t<div class=\"elementor-column elementor-col-50 elementor-inner-column elementor-element elementor-element-ffe626f\" data-id=\"ffe626f\" data-element_type=\"column\">\n\t\t\t<div class=\"elementor-widget-wrap\">\n\t\t\t\t\t\t\t<\/div>\n\t\t<\/div>\n\t\t\t\t\t<\/div>\n\t\t<\/section>\n\t\t\t\t\t<\/div>\n\t\t<\/div>\n\t\t\t\t\t<\/div>\n\t\t<\/section>\n\t\t\t\t<section class=\"elementor-section elementor-top-section elementor-element elementor-element-cc4ba2a elementor-section-boxed elementor-section-height-default elementor-section-height-default\" data-id=\"cc4ba2a\" data-element_type=\"section\">\n\t\t\t\t\t\t<div class=\"elementor-container elementor-column-gap-default\">\n\t\t\t\t\t<div class=\"elementor-column elementor-col-100 elementor-top-column elementor-element elementor-element-e654a9e\" data-id=\"e654a9e\" data-element_type=\"column\">\n\t\t\t<div class=\"elementor-widget-wrap elementor-element-populated\">\n\t\t\t\t\t\t<div class=\"elementor-element elementor-element-cfaddff elementor-invisible elementor-widget elementor-widget-heading\" data-id=\"cfaddff\" data-element_type=\"widget\" data-settings=\"{&quot;_animation&quot;:&quot;fadeInUpShorter&quot;,&quot;_animation_delay&quot;:200}\" data-widget_type=\"heading.default\">\n\t\t\t\t<div class=\"elementor-widget-container\">\n\t\t\t\t\t<h2 class=\"elementor-heading-title elementor-size-default\">Nos Produits<\/h2>\t\t\t\t<\/div>\n\t\t\t\t<\/div>\n\t\t\t\t<div class=\"elementor-element elementor-element-908745f elementor-invisible elementor-widget elementor-widget-shortcode\" data-id=\"908745f\" data-element_type=\"widget\" data-settings=\"{&quot;_animation&quot;:&quot;fadeInUpShorter&quot;,&quot;_animation_delay&quot;:600}\" data-widget_type=\"shortcode.default\">\n\t\t\t\t<div class=\"elementor-widget-container\">\n\t\t\t\t\t\t\t<div class=\"elementor-shortcode\"><div class=\"woocommerce columns-3 product-equal-height\"><ul class=\"products columns-3\">\n<li class=\"product type-product post-675 status-publish first instock product_cat-apres-la-greffe-de-cheveux product_cat-ensembles product_cat-tous-les-produits has-post-thumbnail taxable shipping-taxable purchasable product-type-simple has-gallery-images\">\n\t<a href=\"https:\/\/mdplusbio.com\/fr\/produit\/le-pack-je-prends-soin-de-mes-cheveux\/\" class=\"woocommerce-LoopProduct-link woocommerce-loop-product__link\"><img fetchpriority=\"high\" decoding=\"async\" width=\"420\" height=\"277\" src=\"https:\/\/mdplusbio.com\/wp-content\/uploads\/2024\/12\/image00007-420x277.jpeg\" class=\"attachment-woocommerce_thumbnail size-woocommerce_thumbnail\" alt=\"Pack I Care My Hair \u2013 3 Mois\" srcset=\"https:\/\/mdplusbio.com\/wp-content\/uploads\/2024\/12\/image00007-420x277.jpeg 420w, https:\/\/mdplusbio.com\/wp-content\/uploads\/2024\/12\/image00007-300x198.jpeg 300w, https:\/\/mdplusbio.com\/wp-content\/uploads\/2024\/12\/image00007-1024x676.jpeg 1024w, https:\/\/mdplusbio.com\/wp-content\/uploads\/2024\/12\/image00007-768x507.jpeg 768w, https:\/\/mdplusbio.com\/wp-content\/uploads\/2024\/12\/image00007-1140x753.jpeg 1140w, https:\/\/mdplusbio.com\/wp-content\/uploads\/2024\/12\/image00007-920x607.jpeg 920w, https:\/\/mdplusbio.com\/wp-content\/uploads\/2024\/12\/image00007-575x380.jpeg 575w, https:\/\/mdplusbio.com\/wp-content\/uploads\/2024\/12\/image00007-380x251.jpeg 380w, https:\/\/mdplusbio.com\/wp-content\/uploads\/2024\/12\/image00007-800x528.jpeg 800w, https:\/\/mdplusbio.com\/wp-content\/uploads\/2024\/12\/image00007-80x53.jpeg 80w, https:\/\/mdplusbio.com\/wp-content\/uploads\/2024\/12\/image00007.jpeg 1198w\" sizes=\"(max-width: 420px) 100vw, 420px\" \/><h2 class=\"woocommerce-loop-product__title\">Pack I Care My Hair \u2013 3 Mois<\/h2>\n\t<span class=\"price\"><span class=\"woocommerce-Price-amount amount\"><bdi><span class=\"woocommerce-Price-currencySymbol\">&#36;<\/span>300.00<\/bdi><\/span><\/span>\n<\/a><a title=\"Ajouter au panier\u00a0: &ldquo;Pack I Care My Hair \u2013 3 Mois&rdquo;\" href=\"?add-to-cart=675\" aria-describedby=\"woocommerce_loop_add_to_cart_link_describedby_675\" data-quantity=\"1\" class=\"button product_type_simple add_to_cart_button ajax_add_to_cart\" data-product_id=\"675\" data-product_sku=\"MDICMHP-001\" aria-label=\"Ajouter au panier\u00a0: &ldquo;Pack I Care My Hair \u2013 3 Mois&rdquo;\" rel=\"nofollow\" data-success_message=\"\u00ab\u00a0Pack I Care My Hair \u2013 3 Mois\u00a0\u00bb a \u00e9t\u00e9 ajout\u00e9 \u00e0 votre panier\">Ajouter au panier<\/a>\t<span id=\"woocommerce_loop_add_to_cart_link_describedby_675\" class=\"screen-reader-text\">\n\t\t\t<\/span>\n<span class=\"gtmkit_product_data\" style=\"display:none;visibility:hidden\" data-gtmkit_product_id=\"675\" data-gtmkit_product_data=\"{&quot;id&quot;:&quot;675&quot;,&quot;item_id&quot;:&quot;675&quot;,&quot;item_name&quot;:&quot;Pack I Care My Hair \\u2013 3 Mois&quot;,&quot;currency&quot;:&quot;EUR&quot;,&quot;price&quot;:300,&quot;item_category&quot;:&quot;Ensembles&quot;,&quot;item_list_name&quot;:&quot;General Product List&quot;,&quot;index&quot;:1}\"><\/span><\/li>\n<li class=\"product type-product post-761 status-publish instock product_cat-apres-la-greffe-de-cheveux product_cat-ensembles product_cat-tous-les-produits has-post-thumbnail taxable shipping-taxable purchasable product-type-simple has-gallery-images\">\n\t<a href=\"https:\/\/mdplusbio.com\/fr\/produit\/je-prends-soin-de-mon-cuir-chevelu-avec-le-forfait-transplantation-capillaire\/\" class=\"woocommerce-LoopProduct-link woocommerce-loop-product__link\"><img decoding=\"async\" width=\"420\" height=\"277\" src=\"https:\/\/mdplusbio.com\/wp-content\/uploads\/2024\/12\/image00006-420x277.jpeg\" class=\"attachment-woocommerce_thumbnail size-woocommerce_thumbnail\" alt=\"I Care My Hair Transplantation Forfait \u2013 3 Mois\" srcset=\"https:\/\/mdplusbio.com\/wp-content\/uploads\/2024\/12\/image00006-420x277.jpeg 420w, https:\/\/mdplusbio.com\/wp-content\/uploads\/2024\/12\/image00006-300x198.jpeg 300w, https:\/\/mdplusbio.com\/wp-content\/uploads\/2024\/12\/image00006-1024x676.jpeg 1024w, https:\/\/mdplusbio.com\/wp-content\/uploads\/2024\/12\/image00006-768x507.jpeg 768w, https:\/\/mdplusbio.com\/wp-content\/uploads\/2024\/12\/image00006-1140x753.jpeg 1140w, https:\/\/mdplusbio.com\/wp-content\/uploads\/2024\/12\/image00006-920x607.jpeg 920w, https:\/\/mdplusbio.com\/wp-content\/uploads\/2024\/12\/image00006-575x380.jpeg 575w, https:\/\/mdplusbio.com\/wp-content\/uploads\/2024\/12\/image00006-380x251.jpeg 380w, https:\/\/mdplusbio.com\/wp-content\/uploads\/2024\/12\/image00006-800x528.jpeg 800w, https:\/\/mdplusbio.com\/wp-content\/uploads\/2024\/12\/image00006-80x53.jpeg 80w, https:\/\/mdplusbio.com\/wp-content\/uploads\/2024\/12\/image00006.jpeg 1198w\" sizes=\"(max-width: 420px) 100vw, 420px\" \/><h2 class=\"woocommerce-loop-product__title\">I Care My Hair Transplantation Forfait \u2013 3 Mois<\/h2>\n\t<span class=\"price\"><span class=\"woocommerce-Price-amount amount\"><bdi><span class=\"woocommerce-Price-currencySymbol\">&#36;<\/span>265.00<\/bdi><\/span><\/span>\n<\/a><a title=\"Ajouter au panier\u00a0: &ldquo;I Care My Hair Transplantation Forfait \u2013 3 Mois&rdquo;\" href=\"?add-to-cart=761\" aria-describedby=\"woocommerce_loop_add_to_cart_link_describedby_761\" data-quantity=\"1\" class=\"button product_type_simple add_to_cart_button ajax_add_to_cart\" data-product_id=\"761\" data-product_sku=\"MDICMHTP-001\" aria-label=\"Ajouter au panier\u00a0: &ldquo;I Care My Hair Transplantation Forfait \u2013 3 Mois&rdquo;\" rel=\"nofollow\" data-success_message=\"\u00ab\u00a0I Care My Hair Transplantation Forfait \u2013 3 Mois\u00a0\u00bb a \u00e9t\u00e9 ajout\u00e9 \u00e0 votre panier\">Ajouter au panier<\/a>\t<span id=\"woocommerce_loop_add_to_cart_link_describedby_761\" class=\"screen-reader-text\">\n\t\t\t<\/span>\n<span class=\"gtmkit_product_data\" style=\"display:none;visibility:hidden\" data-gtmkit_product_id=\"761\" data-gtmkit_product_data=\"{&quot;id&quot;:&quot;761&quot;,&quot;item_id&quot;:&quot;761&quot;,&quot;item_name&quot;:&quot;I Care My Hair Transplantation Forfait \\u2013 3 Mois&quot;,&quot;currency&quot;:&quot;EUR&quot;,&quot;price&quot;:265,&quot;item_category&quot;:&quot;Ensembles&quot;,&quot;item_list_name&quot;:&quot;General Product List&quot;,&quot;index&quot;:2}\"><\/span><\/li>\n<li class=\"product type-product post-7271 status-publish last instock product_cat-apres-la-greffe-de-cheveux product_cat-avant-la-greffe-de-cheveux product_cat-ensembles product_cat-tous-les-produits has-post-thumbnail taxable shipping-taxable purchasable product-type-simple has-gallery-images\">\n\t<a href=\"https:\/\/mdplusbio.com\/fr\/produit\/ensemble-de-shampooing-pour-cheveux\/\" class=\"woocommerce-LoopProduct-link woocommerce-loop-product__link\"><img decoding=\"async\" width=\"420\" height=\"277\" src=\"https:\/\/mdplusbio.com\/wp-content\/uploads\/2025\/06\/3-LU-SAMPUAN-SET-BEYAZ-ARKA-PLAN-1-420x277.jpg\" class=\"attachment-woocommerce_thumbnail size-woocommerce_thumbnail\" alt=\"Kit de Shampooings R\u00e9parateurs\" srcset=\"https:\/\/mdplusbio.com\/wp-content\/uploads\/2025\/06\/3-LU-SAMPUAN-SET-BEYAZ-ARKA-PLAN-1-420x277.jpg 420w, https:\/\/mdplusbio.com\/wp-content\/uploads\/2025\/06\/3-LU-SAMPUAN-SET-BEYAZ-ARKA-PLAN-1-300x198.jpg 300w, https:\/\/mdplusbio.com\/wp-content\/uploads\/2025\/06\/3-LU-SAMPUAN-SET-BEYAZ-ARKA-PLAN-1-1024x676.jpg 1024w, https:\/\/mdplusbio.com\/wp-content\/uploads\/2025\/06\/3-LU-SAMPUAN-SET-BEYAZ-ARKA-PLAN-1-768x507.jpg 768w, https:\/\/mdplusbio.com\/wp-content\/uploads\/2025\/06\/3-LU-SAMPUAN-SET-BEYAZ-ARKA-PLAN-1-1140x753.jpg 1140w, https:\/\/mdplusbio.com\/wp-content\/uploads\/2025\/06\/3-LU-SAMPUAN-SET-BEYAZ-ARKA-PLAN-1-920x607.jpg 920w, https:\/\/mdplusbio.com\/wp-content\/uploads\/2025\/06\/3-LU-SAMPUAN-SET-BEYAZ-ARKA-PLAN-1-575x380.jpg 575w, https:\/\/mdplusbio.com\/wp-content\/uploads\/2025\/06\/3-LU-SAMPUAN-SET-BEYAZ-ARKA-PLAN-1-380x251.jpg 380w, https:\/\/mdplusbio.com\/wp-content\/uploads\/2025\/06\/3-LU-SAMPUAN-SET-BEYAZ-ARKA-PLAN-1-800x528.jpg 800w, https:\/\/mdplusbio.com\/wp-content\/uploads\/2025\/06\/3-LU-SAMPUAN-SET-BEYAZ-ARKA-PLAN-1-80x53.jpg 80w, https:\/\/mdplusbio.com\/wp-content\/uploads\/2025\/06\/3-LU-SAMPUAN-SET-BEYAZ-ARKA-PLAN-1.jpg 1198w\" sizes=\"(max-width: 420px) 100vw, 420px\" \/><h2 class=\"woocommerce-loop-product__title\">Kit de Shampooings R\u00e9parateurs<\/h2>\n\t<span class=\"price\"><span class=\"woocommerce-Price-amount amount\"><bdi><span class=\"woocommerce-Price-currencySymbol\">&#36;<\/span>90.00<\/bdi><\/span><\/span>\n<\/a><a title=\"Ajouter au panier\u00a0: &ldquo;Kit de Shampooings R\u00e9parateurs&rdquo;\" href=\"?add-to-cart=7271\" aria-describedby=\"woocommerce_loop_add_to_cart_link_describedby_7271\" data-quantity=\"1\" class=\"button product_type_simple add_to_cart_button ajax_add_to_cart\" data-product_id=\"7271\" data-product_sku=\"MDHSS-001\" aria-label=\"Ajouter au panier\u00a0: &ldquo;Kit de Shampooings R\u00e9parateurs&rdquo;\" rel=\"nofollow\" data-success_message=\"\u00ab\u00a0Kit de Shampooings R\u00e9parateurs\u00a0\u00bb a \u00e9t\u00e9 ajout\u00e9 \u00e0 votre panier\">Ajouter au panier<\/a>\t<span id=\"woocommerce_loop_add_to_cart_link_describedby_7271\" class=\"screen-reader-text\">\n\t\t\t<\/span>\n<span class=\"gtmkit_product_data\" style=\"display:none;visibility:hidden\" data-gtmkit_product_id=\"7271\" data-gtmkit_product_data=\"{&quot;id&quot;:&quot;7271&quot;,&quot;item_id&quot;:&quot;7271&quot;,&quot;item_name&quot;:&quot;Kit de Shampooings R\\u00e9parateurs&quot;,&quot;currency&quot;:&quot;EUR&quot;,&quot;price&quot;:90,&quot;item_category&quot;:&quot;After Hair Transplant&quot;,&quot;item_list_name&quot;:&quot;General Product List&quot;,&quot;index&quot;:3}\"><\/span><\/li>\n<\/ul>\n<\/div><\/div>\n\t\t\t\t\t\t<\/div>\n\t\t\t\t<\/div>\n\t\t\t\t\t<\/div>\n\t\t<\/div>\n\t\t\t\t\t<\/div>\n\t\t<\/section>\n\t\t<div class=\"elementor-element elementor-element-e9ff40b e-grid e-con-full e-con e-parent\" data-id=\"e9ff40b\" data-element_type=\"container\">\n\t\t\t\t<div class=\"elementor-element elementor-element-6e50092 elementor-widget elementor-widget-video\" data-id=\"6e50092\" data-element_type=\"widget\" data-settings=\"{&quot;youtube_url&quot;:&quot;https:\\\/\\\/www.youtube.com\\\/watch?v=PpYH-0XUZxY&quot;,&quot;lazy_load&quot;:&quot;yes&quot;,&quot;yt_privacy&quot;:&quot;yes&quot;,&quot;video_type&quot;:&quot;youtube&quot;,&quot;controls&quot;:&quot;yes&quot;}\" data-widget_type=\"video.default\">\n\t\t\t\t<div class=\"elementor-widget-container\">\n\t\t\t\t\t\t\t<div class=\"elementor-wrapper elementor-open-inline\">\n\t\t\t<div class=\"elementor-video\"><\/div>\t\t<\/div>\n\t\t\t\t\t\t<\/div>\n\t\t\t\t<\/div>\n\t\t\t\t<div class=\"elementor-element elementor-element-547523a elementor-widget elementor-widget-text-editor\" data-id=\"547523a\" data-element_type=\"widget\" data-widget_type=\"text-editor.default\">\n\t\t\t\t<div class=\"elementor-widget-container\">\n\t\t\t\t\t\t\t\t\t<h1>Nous prenons soin de vous et notre politique ce sont les gens.<\/h1><p class=\"MsoNormal\">Tous nos produits sont cliniquement approuv\u00e9s. Nos produits sont fabriqu\u00e9s \u00e0 partir de produits chimiques enti\u00e8rement naturels qui sont inoffensifs pour la sant\u00e9 humaine. En accordant plus d&#8217;importance que jamais \u00e0 vos cheveux, nous travaillons toujours pour garantir que vous puissiez vivre avec bonheur leur d\u00e9veloppement et leur croissance saine.<\/p>\t\t\t\t\t\t\t\t<\/div>\n\t\t\t\t<\/div>\n\t\t\t\t<\/div>\n\t\t<div class=\"elementor-element elementor-element-a6532c7 e-flex e-con-boxed e-con e-parent\" data-id=\"a6532c7\" data-element_type=\"container\">\n\t\t\t\t\t<div class=\"e-con-inner\">\n\t\t\t\t<div class=\"elementor-element elementor-element-509f9f0 elementor-widget elementor-widget-spacer\" data-id=\"509f9f0\" data-element_type=\"widget\" data-widget_type=\"spacer.default\">\n\t\t\t\t<div class=\"elementor-widget-container\">\n\t\t\t\t\t\t\t<div class=\"elementor-spacer\">\n\t\t\t<div class=\"elementor-spacer-inner\"><\/div>\n\t\t<\/div>\n\t\t\t\t\t\t<\/div>\n\t\t\t\t<\/div>\n\t\t\t\t\t<\/div>\n\t\t\t\t<\/div>\n\t\t\t\t<\/div>\n\t\t","protected":false},"excerpt":{"rendered":"<p>Croissance Saine des Cheveux D\u00c9COUVREZ MAINTENANT Nos Produits https:\/\/www.youtube.com\/watch?v=PpYH-0XUZxY Nous prenons soin de vous et notre politique ce sont les gens. Tous nos produits sont cliniquement approuv\u00e9s. Nos produits sont [&hellip;]<\/p>\n","protected":false},"author":1,"featured_media":0,"parent":0,"menu_order":0,"comment_status":"closed","ping_status":"closed","template":"elementor_header_footer","meta":{"_joinchat":[],"footnotes":""},"class_list":["post-832","page","type-page","status-publish","hentry"],"acf":[],"_links":{"self":[{"href":"https:\/\/mdplusbio.com\/fr\/wp-json\/wp\/v2\/pages\/832","targetHints":{"allow":["GET"]}}],"collection":[{"href":"https:\/\/mdplusbio.com\/fr\/wp-json\/wp\/v2\/pages"}],"about":[{"href":"https:\/\/mdplusbio.com\/fr\/wp-json\/wp\/v2\/types\/page"}],"author":[{"embeddable":true,"href":"https:\/\/mdplusbio.com\/fr\/wp-json\/wp\/v2\/users\/1"}],"replies":[{"embeddable":true,"href":"https:\/\/mdplusbio.com\/fr\/wp-json\/wp\/v2\/comments?post=832"}],"version-history":[{"count":0,"href":"https:\/\/mdplusbio.com\/fr\/wp-json\/wp\/v2\/pages\/832\/revisions"}],"wp:attachment":[{"href":"https:\/\/mdplusbio.com\/fr\/wp-json\/wp\/v2\/media?parent=832"}],"curies":[{"name":"wp","href":"https:\/\/api.w.org\/{rel}","templated":true}]}}