{"id":5490,"date":"2025-04-23T10:58:26","date_gmt":"2025-04-23T07:58:26","guid":{"rendered":"https:\/\/mdplusbio.com\/communication-preferences\/"},"modified":"2025-04-23T10:58:26","modified_gmt":"2025-04-23T07:58:26","slug":"communication-preferences","status":"publish","type":"page","link":"https:\/\/mdplusbio.com\/fr\/communication-preferences\/","title":{"rendered":"Pr\u00e9f\u00e9rences en mati\u00e8re de communication"},"content":{"rendered":"<p>[automatewoo_communication_preferences]<\/p>\n","protected":false},"excerpt":{"rendered":"<p>[automatewoo_communication_preferences]<\/p>\n","protected":false},"author":1,"featured_media":0,"parent":0,"menu_order":0,"comment_status":"closed","ping_status":"closed","template":"","meta":{"_joinchat":[],"footnotes":""},"class_list":["post-5490","page","type-page","status-publish","hentry"],"acf":[],"_links":{"self":[{"href":"https:\/\/mdplusbio.com\/fr\/wp-json\/wp\/v2\/pages\/5490","targetHints":{"allow":["GET"]}}],"collection":[{"href":"https:\/\/mdplusbio.com\/fr\/wp-json\/wp\/v2\/pages"}],"about":[{"href":"https:\/\/mdplusbio.com\/fr\/wp-json\/wp\/v2\/types\/page"}],"author":[{"embeddable":true,"href":"https:\/\/mdplusbio.com\/fr\/wp-json\/wp\/v2\/users\/1"}],"replies":[{"embeddable":true,"href":"https:\/\/mdplusbio.com\/fr\/wp-json\/wp\/v2\/comments?post=5490"}],"version-history":[{"count":0,"href":"https:\/\/mdplusbio.com\/fr\/wp-json\/wp\/v2\/pages\/5490\/revisions"}],"wp:attachment":[{"href":"https:\/\/mdplusbio.com\/fr\/wp-json\/wp\/v2\/media?parent=5490"}],"curies":[{"name":"wp","href":"https:\/\/api.w.org\/{rel}","templated":true}]}}