{"id":1900,"date":"2024-12-19T06:34:03","date_gmt":"2024-12-19T03:34:03","guid":{"rendered":"https:\/\/mdplusbio.com\/terms-conditions\/"},"modified":"2025-03-05T11:26:16","modified_gmt":"2025-03-05T08:26:16","slug":"terms-and-conditions","status":"publish","type":"page","link":"https:\/\/mdplusbio.com\/fr\/terms-and-conditions\/","title":{"rendered":"Termes et Conditions"},"content":{"rendered":"\t\t<div data-elementor-type=\"wp-page\" data-elementor-id=\"1900\" class=\"elementor elementor-1900 elementor-1891\" data-elementor-post-type=\"page\">\n\t\t\t\t<div class=\"elementor-element elementor-element-3c2f8a5 e-flex e-con-boxed e-con e-parent\" data-id=\"3c2f8a5\" data-element_type=\"container\">\n\t\t\t\t\t<div class=\"e-con-inner\">\n\t\t\t\t<div class=\"elementor-element elementor-element-f99c6c7 elementor-widget elementor-widget-heading\" data-id=\"f99c6c7\" data-element_type=\"widget\" data-widget_type=\"heading.default\">\n\t\t\t\t<div class=\"elementor-widget-container\">\n\t\t\t\t\t<h2 class=\"elementor-heading-title elementor-size-default\"><div><span>Termes et Conditions<\/span><span><\/span><\/div><\/h2>\t\t\t\t<\/div>\n\t\t\t\t<\/div>\n\t\t\t\t\t<\/div>\n\t\t\t\t<\/div>\n\t\t<div class=\"elementor-element elementor-element-5e38413 e-flex e-con-boxed e-con e-parent\" data-id=\"5e38413\" data-element_type=\"container\">\n\t\t\t\t\t<div class=\"e-con-inner\">\n\t\t\t\t<div class=\"elementor-element elementor-element-ce8850d elementor-widget elementor-widget-text-editor\" data-id=\"ce8850d\" data-element_type=\"widget\" data-widget_type=\"text-editor.default\">\n\t\t\t\t<div class=\"elementor-widget-container\">\n\t\t\t\t\t\t\t\t\t<p style=\"margin-bottom: 1.5rem; position: relative; color: #7e7e7e; font-family: Urbanist; font-size: 15px;\">\n<\/p><p style=\"margin-bottom: 1.5rem; position: relative; color: #7e7e7e; font-family: Urbanist; font-size: 15px;\">Les informations contenues dans ce site Internet vous sont propos\u00e9es sur la base des conditions suivantes et de votre acceptation de celles-ci.&nbsp;<br>Vous ne pouvez pas copier, modifier, distribuer, transmettre, publier, ex\u00e9cuter, reproduire, afficher, conc\u00e9der sous licence, cr\u00e9er des \u0153uvres d\u00e9riv\u00e9es, transf\u00e9rer ou vendre des informations de ce site Web.&nbsp;Vous \u00eates autoris\u00e9 \u00e0 afficher, copier \u00e9lectroniquement, t\u00e9l\u00e9charger et imprimer des parties du mat\u00e9riel de diff\u00e9rentes zones du site uniquement pour votre propre utilisation non commerciale, ou pour passer une commande aupr\u00e8s de MDPLUSBIO ou pour acheter des produits MDPLUSBIO. Toute autre utilisation d&#8217;un texte \u00e9crit prot\u00e9g\u00e9 par une marque et l&#8217;utilisation de photos sur ce site web, y compris, mais sans s&#8217;y limiter, la modification, la reproduction, la distribution, la republication, l&#8217;affichage ou la transmission du contenu de ce site, sans l&#8217;autorisation \u00e9crite pr\u00e9alable de MDPLUSBIO, est strictement interdite. <\/p>\n<p style=\"margin-bottom: 1.5rem; position: relative; color: #7e7e7e; font-family: Urbanist; font-size: 15px;\"><span style=\"font-weight: bolder;\">Conditions d\u2019accord \u00e9crites et tarification<\/span><\/p>\n<p style=\"margin-bottom: 1.5rem; position: relative; color: #7e7e7e; font-family: Urbanist; font-size: 15px;\">Il peut y avoir une diff\u00e9rence entre les informations de tarification et les prix fournis sur le site Web et les informations de tarification et les prix figurant dans les accords \u00e9crits. Toutes les parties aux accords \u00e9crits sont responsables de se conformer \u00e0 toutes les modalit\u00e9s et prix de tous ces accords. <\/p><p style=\"margin-bottom: 1.5rem; position: relative; color: #7e7e7e; font-family: Urbanist; font-size: 15px;\">Des droits de douane peuvent s&#8217;appliquer en fonction de votre r\u00e9gion, et il est de votre responsabilit\u00e9 de les payer. <\/p>\n<p style=\"margin-bottom: 1.5rem; position: relative; color: #7e7e7e; font-family: Urbanist; font-size: 15px;\"><span style=\"font-weight: bolder;\">Traitement des commandes<\/span><\/p>\n<p style=\"margin-bottom: 1.5rem; position: relative; color: #7e7e7e; font-family: Urbanist; font-size: 15px;\">Les heures normales d\u2019ouverture sont de 9 h \u00e0 19 h, heure normale de l\u2019Est, les jours ouvrables (\u00e0 l\u2019exclusion des jours f\u00e9ri\u00e9s nationaux en TURQUIE). Toute tentative sera faite pour exp\u00e9dier les commandes dans les 24 heures suivant la notification de la commande \u00e0 MDPLUSBIO. Les commandes pass\u00e9es apr\u00e8s 19 heures et avant 9 heures, ou le week-end, seront trait\u00e9es le jour ouvrable suivant. MDPLUSBIO d\u00e9pend d\u2019autres fournisseurs pour fournir certains composants sp\u00e9cifiques n\u00e9cessaires \u00e0 la fabrication des produits. MDPLUSBIO ne sera pas tenu responsable de l\u2019exp\u00e9dition des commandes aux clients dans les 24 heures si MDPLUSBIO attend que les composants n\u00e9cessaires soient transport\u00e9s \u00e0 MDPLUSBIO pour \u00eatre utilis\u00e9s dans la fabrication des produits inclus dans les commandes du client. Dans de tels cas, la livraison sera effectu\u00e9e aupr\u00e8s du client d\u00e8s que possible apr\u00e8s la livraison des composants n\u00e9cessaires \u00e0 MDPLUSBIO et la fabrication des produits command\u00e9s par le client.     <\/p>\n<p style=\"margin-bottom: 1.5rem; position: relative; color: #7e7e7e; font-family: Urbanist; font-size: 15px;\"><span style=\"font-weight: bolder;\">D\u00e9claration de temps d\u2019arr\u00eat<\/span><\/p>\n<p style=\"margin-bottom: 1.5rem; position: relative; color: #7e7e7e; font-family: Urbanist; font-size: 15px;\">La disponibilit\u00e9 du site Web peut \u00eatre soumise \u00e0 des temps d\u2019arr\u00eat impr\u00e9visibles dus \u00e0 la maintenance du syst\u00e8me et au traitement. MDPLUSBIO ne peut pas \u00eatre tenu responsable des commandes pass\u00e9es pendant les temps d\u2019arr\u00eat du syst\u00e8me, ou de retards de livraison pendant les temps d\u2019arr\u00eat du syst\u00e8me. Les temps d\u2019arr\u00eat du syst\u00e8me comprennent les temps d\u2019arr\u00eat des syst\u00e8mes sous le contr\u00f4le de MDPLUSBIO, ainsi que les temps d\u2019arr\u00eat des syst\u00e8mes sous le contr\u00f4le d\u2019autres personnes.  <\/p>\n<p style=\"margin-bottom: 1.5rem; position: relative; color: #7e7e7e; font-family: Urbanist; font-size: 15px;\"><span style=\"font-weight: bolder;\">Droits d\u2019auteur et marques de commerce<\/span><\/p>\n<p style=\"margin-bottom: 1.5rem; position: relative; color: #7e7e7e; font-family: Urbanist; font-size: 15px;\">Tout le contenu (texte, interfaces, code et s\u00e9lection d\u2019arrangements, photos, graphiques, design) est prot\u00e9g\u00e9 par le droit d\u2019auteur en tant qu\u2019\u0153uvre collective en vertu des lois sur le droit d\u2019auteur de la R\u00e9publique de Turquie et d\u2019autres lois sur le droit d\u2019auteur, et est la propri\u00e9t\u00e9 de MDPLUSBIO, ou de Hasan Icen.<\/p>\n<p style=\"margin-bottom: 1.5rem; position: relative; color: #7e7e7e; font-family: Urbanist; font-size: 15px;\"><span style=\"font-weight: bolder;\">Erreurs typographiques<\/span><\/p>\n<p style=\"margin-bottom: 1.5rem; position: relative; color: #7e7e7e; font-family: Urbanist; font-size: 15px;\">Dans le cas o\u00f9 un produit ou un mat\u00e9riel MDPLUSBIO est incorrectement tarif\u00e9 en raison d\u2019une erreur typographique ou d\u2019une erreur dans les informations de tarification re\u00e7ues de nos fournisseurs, MDPLUSBIO (La SOCI\u00c9T\u00c9) a le droit de refuser ou d\u2019annuler toute commande pass\u00e9e pour un produit ou un service r\u00e9pertori\u00e9 au prix incorrect. MDPLUSBIO ne sera pas tenu responsable des erreurs typographiques. Le fait qu\u2019une commande ait d\u00e9j\u00e0 \u00e9t\u00e9 confirm\u00e9e et factur\u00e9e sur votre carte de cr\u00e9dit ne changera pas l\u2019autorit\u00e9 de MDPLUSBIO \u00e0 refuser ou \u00e0 annuler toute commande. Dans le cas rare o\u00f9 une carte de cr\u00e9dit aurait d\u00e9j\u00e0 \u00e9t\u00e9 d\u00e9bit\u00e9e pour l\u2019achat et o\u00f9 votre commande serait annul\u00e9e, MDPLUSBIO \u00e9mettra un cr\u00e9dit sur votre carte de cr\u00e9dit ou vous remboursera par ch\u00e8que de la SOCI\u00c9T\u00c9 d\u2019un montant \u00e9gal au prix incorrect.   <\/p>\n<p style=\"margin-bottom: 1.5rem; position: relative; color: #7e7e7e; font-family: Urbanist; font-size: 15px;\"><span style=\"font-weight: bolder;\">R\u00e9siliation<\/span><\/p>\n<p style=\"margin-bottom: 1.5rem; position: relative; color: #7e7e7e; font-family: Urbanist; font-size: 15px;\">Les utilisateurs\/visiteurs\/clients acc\u00e9dant au site Web et\/ou compl\u00e9tant le processus d\u2019inscription et d\u2019achat\/ou de magasinage sur le site Web acceptent l\u2019application de ces termes et conditions \u00e0 leur \u00e9gard, et acceptent ces termes et conditions en le faisant. Tout \u00e9l\u00e9ment de ce site Web peut \u00eatre modifi\u00e9\/chang\u00e9 ou r\u00e9sili\u00e9 par MDPLUSBIO sans pr\u00e9avis \u00e0 tout moment et pour n\u2019importe quelle raison. Les dispositions relatives aux droits d\u2019auteur et aux marques de commerce, \u00e0 la clause de non-responsabilit\u00e9, aux r\u00e9clamations, \u00e0 la limitation de responsabilit\u00e9, \u00e0 l\u2019indemnisation, aux lois applicables, \u00e0 l\u2019arbitrage et aux dispositions g\u00e9n\u00e9rales survivront \u00e0 toute r\u00e9siliation.  <\/p>\n<p style=\"margin-bottom: 1.5rem; position: relative; color: #7e7e7e; font-family: Urbanist; font-size: 15px;\"><span style=\"font-weight: bolder;\">Transactions invalides<\/span><\/p>\n<p style=\"margin-bottom: 1.5rem; position: relative; color: #7e7e7e; font-family: Urbanist; font-size: 15px;\">Il est ill\u00e9gal d\u2019effectuer des transactions avec des cartes de cr\u00e9dit invalides et\/ou des bons de commande invalides.<\/p>\n<p style=\"margin-bottom: 1.5rem; position: relative; color: #7e7e7e; font-family: Urbanist; font-size: 15px;\"><span style=\"font-weight: bolder;\">Participation de l\u2019utilisateur<\/span><\/p>\n<p style=\"margin-bottom: 1.5rem; position: relative; color: #7e7e7e; font-family: Urbanist; font-size: 15px;\">MDPLUSBIO n\u2019est d\u2019aucune mani\u00e8re responsable de tout le contenu des communications et des mat\u00e9riaux affich\u00e9s ou cr\u00e9\u00e9s par les utilisateurs sur le site Web. MDPLUSBIO a le droit de bloquer et de supprimer les communications ou les mat\u00e9riaux qu\u2019il juge : 1) abusifs, diffamatoires ou obsc\u00e8nes ; 2) trompeurs, frauduleux, trompeurs ; 3) en violation d\u2019une marque commerciale, du droit d\u2019auteur ; ou d\u2019autres droits de propri\u00e9t\u00e9 intellectuelle d\u2019un autre ou ; 4) en violation de toute loi ou r\u00e9glementation ; 5) offensants ou autrement inacceptables pour MDPLUSBIO conform\u00e9ment \u00e0 la D\u00e9claration de confidentialit\u00e9 de MDPLUSBIO.      <\/p>\n<p style=\"margin-bottom: 1.5rem; position: relative; color: #7e7e7e; font-family: Urbanist; font-size: 15px;\"><span style=\"font-weight: bolder;\">Soumissions des utilisateurs<\/span><\/p>\n<p style=\"margin-bottom: 1.5rem; position: relative; color: #7e7e7e; font-family: Urbanist; font-size: 15px;\">Les informations que nous pouvons collecter aupr\u00e8s de vous sont r\u00e9pertori\u00e9es dans les directives \u00e9tablies dans notre Politique de confidentialit\u00e9, tout mat\u00e9riel, information ou autre communication que vous transmettez, t\u00e9l\u00e9chargez ou publiez sur le site Web (\u00ab Communications \u00bb) sera consid\u00e9r\u00e9, ne pas \u00eatre confidentiel et non exclusif. MDPLUSBIO n\u2019aura aucune obligation \u00e0 l\u2019\u00e9gard des Communications. MDPLUSBIO et ses d\u00e9signataires seront libres de copier, divulguer, distribuer, incorporer et autrement utiliser les Communications et toutes les donn\u00e9es, images, sons, textes et autres \u00e9l\u00e9ments qui y sont incorpor\u00e9s \u00e0 des fins commerciales et non commerciales.  <\/p>\n<p style=\"margin-bottom: 1.5rem; position: relative; color: #7e7e7e; font-family: Urbanist; font-size: 15px;\"><span style=\"font-weight: bolder;\">Liens vers des sites tiers<\/span><\/p>\n<p style=\"margin-bottom: 1.5rem; position: relative; color: #7e7e7e; font-family: Urbanist; font-size: 15px;\">Le site web de MDPLUSBIO peut contenir des liens vers d&#8217;autres sites Internet d\u00e9tenus et g\u00e9r\u00e9s par des tiers.  &nbsp;MDPLUSBIO n&#8217;a aucun contr\u00f4le sur ces sites li\u00e9s \u00e0 Internet, qui ont TOUS leurs propres pratiques en mati\u00e8re de confidentialit\u00e9 et de collecte de donn\u00e9es, ind\u00e9pendamment de MDPLUSBIO. MDPLUSBIO&nbsp;n&#8217;est pas responsable de ces politiques ou actions ind\u00e9pendantes et n&#8217;est pas responsable des pratiques en mati\u00e8re de protection de la vie priv\u00e9e ou du contenu de ces sites web. <\/p>\n<p style=\"margin-bottom: 1.5rem; position: relative; color: #7e7e7e; font-family: Urbanist; font-size: 15px;\"><span style=\"font-weight: bolder;\">Revendications<\/span><\/p>\n<p style=\"margin-bottom: 1.5rem; position: relative; color: #7e7e7e; font-family: Urbanist; font-size: 15px;\">Toute revendication, d\u00e9claration ou assertion sur l\u2019efficacit\u00e9 des produits MDPLUSBIO, y compris toute revendication ou d\u00e9claration comparant l\u2019efficacit\u00e9 des produits ou des mat\u00e9riaux MDPLUSBIO \u00e0 l\u2019efficacit\u00e9 d\u2019autres produits ou mat\u00e9riaux, est express\u00e9ment limit\u00e9e \u00e0 la R\u00e9publique de Turquie, sauf indication contraire sur le Site.<\/p>\n<p style=\"margin-bottom: 1.5rem; position: relative; color: #7e7e7e; font-family: Urbanist; font-size: 15px;\"><span style=\"font-weight: bolder;\">Clause de non-responsabilit\u00e9 compl\u00e8te<\/span><\/p>\n<p style=\"margin-bottom: 1.5rem; position: relative; color: #7e7e7e; font-family: Urbanist; font-size: 15px;\">Les d\u00e9clarations figurant sur le site web n&#8217;ont pas \u00e9t\u00e9 \u00e9valu\u00e9es par la FDA et ne sont pas tenues de l&#8217;\u00eatre. MDPLUSBIO et les ingr\u00e9dients contenus dans ses produits ne sont pas destin\u00e9s \u00e0 diagnostiquer, traiter, soigner ou pr\u00e9venir une quelconque maladie. MDPLUSBIO n&#8217;offre aucune garantie ou repr\u00e9sentation quant \u00e0 l&#8217;exactitude du contenu de ce site ou du contenu de tout autre site ou d&#8217;autres sites Internet dont le site peut contenir des liens.  &nbsp;<br>Tout le contenu de ce site est fourni \u00ab tel quel \u00bb sans garantie d\u2019aucune sorte, qu\u2019elle soit expresse ou implicite. Dans toute la mesure permise par la loi, MDPLUSBIO d\u00e9cline toutes garanties de qualit\u00e9 marchande et d\u2019ad\u00e9quation \u00e0 un usage particulier, de non-contrefa\u00e7on et de garanties d\u00e9coulant de la transaction ou de la performance. MDPLUSBIO ne garantit pas que les fonctions contenues sur le site seront ininterrompues ou exemptes d\u2019erreurs, que les d\u00e9fauts seront corrig\u00e9s, ou que ce site ou le serveur qui rend le site disponible est exempt de virus ou d\u2019autres composants nuisibles. MDPLUSBIO ne fait aucune garantie ni repr\u00e9sentation concernant l\u2019utilisation des mat\u00e9riaux sur ce site en ce qui concerne leur exhaustivit\u00e9, leur exactitude, leur ad\u00e9quation, leur utilit\u00e9, leur actualit\u00e9, leur fiabilit\u00e9 ou autre. Les limitations ci-dessus peuvent ne pas s\u2019appliquer \u00e0 vous.    <\/p>\n<p style=\"margin-bottom: 1.5rem; position: relative; color: #7e7e7e; font-family: Urbanist; font-size: 15px;\"><span style=\"font-weight: bolder;\">LIMITATION DE RESPONSABILIT\u00c9<\/span><\/p>\n<p style=\"margin-bottom: 1.5rem; position: relative; color: #7e7e7e; font-family: Urbanist; font-size: 15px;\">En aucun cas, MDPLUSBIO ne saurait \u00eatre tenu responsable de tout dommage direct, indirect, sp\u00e9cial, accessoire, exemplaire ou cons\u00e9cutif, ou de tout dommage de quelque nature que ce soit, m\u00eame si MDPLUSBIO a \u00e9t\u00e9 inform\u00e9 pr\u00e9alablement de la possibilit\u00e9 de tels dommages, que ce soit dans le cadre d\u2019une action contractuelle, de n\u00e9gligence ou de toute autre th\u00e9orie, d\u00e9coulant de l\u2019utilisation, de l\u2019incapacit\u00e9 \u00e0 utiliser ou de la performance des informations, services, produits et mat\u00e9riaux disponibles sur ce site. Ces limitations s\u2019appliqueront ind\u00e9pendamment de tout \u00e9chec de l\u2019objet essentiel de tout recours limit\u00e9. \u00c9tant donn\u00e9 que certaines juridictions n\u2019autorisent pas de limitations sur la dur\u00e9e de validit\u00e9 d\u2019une garantie implicite ou l\u2019exclusion ou la limitation de la responsabilit\u00e9 pour des dommages cons\u00e9cutifs ou accessoires, les limitations ci-dessus peuvent ne pas s\u2019appliquer \u00e0 vous.  <\/p>\n<p style=\"margin-bottom: 1.5rem; position: relative; color: #7e7e7e; font-family: Urbanist; font-size: 15px;\"><span style=\"font-weight: bolder;\">INDEMNISATION<\/span><\/p>\n<p style=\"margin-bottom: 1.5rem; position: relative; color: #7e7e7e; font-family: Urbanist; font-size: 15px;\">Vous acceptez d\u2019indemniser, de d\u00e9fendre et de d\u00e9gager de toute responsabilit\u00e9 MDPLUSBIO, ses dirigeants, administrateurs, employ\u00e9s, agents, conc\u00e9dants de licence et fournisseurs (collectivement le \u00ab Fournisseur \u00bb) contre toutes pertes, d\u00e9penses, dommages et co\u00fbts, y compris les honoraires raisonnables d\u2019avocat, r\u00e9sultant de toute violation de ces termes et conditions ou de toute activit\u00e9 li\u00e9e \u00e0 votre compte Internet (y compris une conduite n\u00e9gligente ou fautive), que ce soit par vous ou par toute autre personne acc\u00e9dant au site en utilisant votre compte Internet.<\/p>\n<p style=\"margin-bottom: 1.5rem; position: relative; color: #7e7e7e; font-family: Urbanist; font-size: 15px;\"><span style=\"font-weight: bolder;\">Arbitrage<\/span><\/p>\n<p style=\"margin-bottom: 1.5rem; position: relative; color: #7e7e7e; font-family: Urbanist; font-size: 15px;\">En utilisant ce Site, vous acceptez que MDPLUSBIO, \u00e0 sa seule discr\u00e9tion, puisse vous demander de soumettre tout litige r\u00e9sultant de l&#8217;utilisation de ce Site, ou de ces Conditions G\u00e9n\u00e9rales concernant ou, y compris les litiges r\u00e9sultant de ou concernant leur interpr\u00e9tation, violation, nullit\u00e9, invalidit\u00e9, inex\u00e9cution ou r\u00e9siliation, ainsi que les litiges concernant les lacunes de classement dans ce contrat ou son adaptation \u00e0 des circonstances nouvellement apparues, \u00e0 un arbitrage final et contraignant en vertu de l&#8217;American Arbitration Association et de ses r\u00e8gles en vertu du R\u00e8glement International d&#8217;Arbitrage, par un ou plusieurs arbitres nomm\u00e9s conform\u00e9ment \u00e0 ces r\u00e8gles. Toutefois, nonobstant ces r\u00e8gles, cette proc\u00e9dure sera r\u00e9gie par les lois de l&#8217;\u00c9tat du Texas, comme indiqu\u00e9 dans la section ci-dessus intitul\u00e9e &#8220;Lois applicables et arbitrage&#8221;. &nbsp;<br>En vertu de cette clause, toute r\u00e9compense dans un arbitrage sera limit\u00e9e aux dommages p\u00e9cuniaires et ne comprendra aucune injonction ni instruction \u00e0 une autre partie que l\u2019instruction de payer une somme d\u2019argent. De plus, les arbitres n\u2019auront pas le pouvoir d\u2019accorder des dommages-int\u00e9r\u00eats punitifs, indirects ou autres non mesur\u00e9s par les dommages r\u00e9els de la partie gagnante dans tout arbitrage initi\u00e9 en vertu de cette section, sauf si cela est requis par la loi. <\/p>\n<p style=\"margin-bottom: 1.5rem; position: relative; color: #7e7e7e; font-family: Urbanist; font-size: 15px;\"><span style=\"font-weight: bolder;\">Notre adresse :&nbsp;<\/span><\/p>\n<p style=\"margin-bottom: 1.5rem; position: relative; color: #7e7e7e; font-family: Urbanist; font-size: 15px;\"><span style=\"font-weight: bolder;\">GDZ SA\u011eLIK VE G\u00dcZELL\u0130K H\u0130ZMETLER\u0130 LTD.\u015eT\u0130.<\/span><\/p>\n<p style=\"margin-bottom: 1.5rem; position: relative; color: #7e7e7e; font-family: Urbanist; font-size: 15px;\">MERKEZ MAH. \u0130ST\u0130KLAL SK. NO:11 \u0130\u00c7 KAPI NO:2 \u015e\u0130\u015eL\u0130  <\/p>\n<p style=\"margin-bottom: 1.5rem; position: relative; color: #7e7e7e; font-family: Urbanist; font-size: 15px;\">MDPLUSBIO et les d\u00e9veloppeurs de sites web agissant en son nom se r\u00e9servent le droit de modifier le contenu du site web, y compris les pr\u00e9sentes conditions g\u00e9n\u00e9rales. MDPLUSBIO a la responsabilit\u00e9 de consulter fr\u00e9quemment les Conditions G\u00e9n\u00e9rales et avant de conclure toute transaction, car ces Conditions G\u00e9n\u00e9rales peuvent changer sans pr\u00e9avis. <\/p>\n<h4 style=\"margin-top: 2rem; margin-bottom: 0.75rem; font-weight: var(--g5-h4-font-weight); line-height: var(--g5-h4-line-height); font-size: var(--g5-h4-font-size); font-family: Urbanist; letter-spacing: normal; position: relative;\">Avertissement<\/h4>\n<p style=\"margin-bottom: 1.5rem; position: relative; color: #7e7e7e; font-family: Urbanist; font-size: 15px;\">Les d\u00e9clarations ci-dessus et d&#8217;autres d\u00e9clarations faites sur ce site Web n&#8217;ont pas \u00e9t\u00e9 \u00e9valu\u00e9es par la FDA.&nbsp; MDPLUSBIO&nbsp;Shampooing et les ingr\u00e9dients qu&#8217;il contient ne sont pas destin\u00e9s \u00e0 diagnostiquer, traiter, gu\u00e9rir ou pr\u00e9venir une maladie.<\/p>\n<p style=\"margin-bottom: 1.5rem; position: relative; color: #7e7e7e; font-family: Urbanist; font-size: 15px;\"><span style=\"font-weight: bolder;\">GDZ SA\u011eLIK VE G\u00dcZELL\u0130K H\u0130ZMETLER\u0130 LTD.\u015eT\u0130.<\/span>&nbsp;et les ingr\u00e9dients contenus dans ses produits ne sont pas destin\u00e9s \u00e0 diagnostiquer, traiter, soigner ou pr\u00e9venir une quelconque mala<span style=\"font-weight: bolder;\">die.<\/span>&nbsp;GDZ SA\u011eLIK VE G\u00dcZELL\u0130K H\u0130ZMETLER\u0130 LTD.\u015eT\u0130.&nbsp;ne donne aucune garantie ni ne fait aucune d\u00e9claration quant \u00e0 l&#8217;exactitude du contenu de ce site ou du contenu de tout autre site ou d&#8217;autres sites li\u00e9s \u00e0 l&#8217;internet, vers lesquels ce site peut contenir des liens.<\/p>\n<p style=\"margin-bottom: 1.5rem; position: relative; color: #7e7e7e; font-family: Urbanist; font-size: 15px;\">TOUT LE CONTENU DE CE SITE EST FOURNI &#8220;EN L&#8217;\u00c9TAT&#8221; sans garantie d&#8217;aucune sorte, qu&#8217;elle soit expresse ou implicite. Dans toute la mesure du possible &nbsp;<span style=\"font-weight: bolder;\">GDZ SA\u011eLIK VE G\u00dcZELL\u0130K H\u0130ZMETLER\u0130 LTD.\u015eT\u0130.<\/span>&nbsp;d\u00e9cline toute garantie de qualit\u00e9 marchande et d&#8217;ad\u00e9quation \u00e0 un usage particulier, d&#8217;absence de contrefa\u00e7on et de garanties d\u00e9coulant de pratiques commerciales ou d&#8217;ex\u00e9cution.<\/p>\n<p style=\"margin-bottom: 1.5rem; position: relative; color: #7e7e7e; font-family: Urbanist; font-size: 15px;\"><span style=\"font-weight: bolder;\">GDZ SA\u011eLIK VE G\u00dcZELL\u0130K H\u0130ZMETLER\u0130 LTD.\u015eT\u0130.<\/span>&nbsp;ne d\u00e9clare ni ne garantit que les fonctions contenues dans le site seront ininterrompues ou exemptes d&#8217;erreurs, que les d\u00e9fauts seront corrig\u00e9s ou que ce site et le serveur qui le met \u00e0 disposition sont exempts de virus ou d&#8217;autres composants nuisibles.<\/p>\n<p style=\"margin-bottom: 1.5rem; position: relative; color: #7e7e7e; font-family: Urbanist; font-size: 15px;\"><span style=\"font-weight: bolder;\">GDZ SA\u011eLIK VE G\u00dcZELL\u0130K H\u0130ZMETLER\u0130 LTD.\u015eT\u0130.<\/span>&nbsp;ne donne aucune garantie et ne fait aucune d\u00e9claration concernant l&#8217;utilisation des mat\u00e9riaux de ce site en termes d&#8217;exhaustivit\u00e9, d&#8217;exactitude, d&#8217;ad\u00e9quation, d&#8217;utilit\u00e9, d&#8217;opportunit\u00e9, de fiabilit\u00e9 ou autre. Les limitations susmentionn\u00e9es peuvent ne pas s&#8217;appliquer \u00e0 vous. <\/p>\t\t\t\t\t\t\t\t<\/div>\n\t\t\t\t<\/div>\n\t\t\t\t\t<\/div>\n\t\t\t\t<\/div>\n\t\t\t\t<\/div>\n\t\t","protected":false},"excerpt":{"rendered":"<p>Termes et Conditions Les informations contenues dans ce site Internet vous sont propos\u00e9es sur la base des conditions suivantes et de votre acceptation de celles-ci.&nbsp;Vous ne pouvez pas copier, modifier, [&hellip;]<\/p>\n","protected":false},"author":2,"featured_media":0,"parent":0,"menu_order":0,"comment_status":"closed","ping_status":"closed","template":"","meta":{"_joinchat":[],"footnotes":""},"class_list":["post-1900","page","type-page","status-publish","hentry"],"acf":[],"_links":{"self":[{"href":"https:\/\/mdplusbio.com\/fr\/wp-json\/wp\/v2\/pages\/1900","targetHints":{"allow":["GET"]}}],"collection":[{"href":"https:\/\/mdplusbio.com\/fr\/wp-json\/wp\/v2\/pages"}],"about":[{"href":"https:\/\/mdplusbio.com\/fr\/wp-json\/wp\/v2\/types\/page"}],"author":[{"embeddable":true,"href":"https:\/\/mdplusbio.com\/fr\/wp-json\/wp\/v2\/users\/2"}],"replies":[{"embeddable":true,"href":"https:\/\/mdplusbio.com\/fr\/wp-json\/wp\/v2\/comments?post=1900"}],"version-history":[{"count":0,"href":"https:\/\/mdplusbio.com\/fr\/wp-json\/wp\/v2\/pages\/1900\/revisions"}],"wp:attachment":[{"href":"https:\/\/mdplusbio.com\/fr\/wp-json\/wp\/v2\/media?parent=1900"}],"curies":[{"name":"wp","href":"https:\/\/api.w.org\/{rel}","templated":true}]}}