{"id":1703,"date":"2024-12-18T12:37:21","date_gmt":"2024-12-18T09:37:21","guid":{"rendered":"https:\/\/mdplusbio.com\/we-care\/"},"modified":"2026-02-06T14:59:45","modified_gmt":"2026-02-06T11:59:45","slug":"qualite","status":"publish","type":"page","link":"https:\/\/mdplusbio.com\/fr\/qualite\/","title":{"rendered":"Qualit\u00e9"},"content":{"rendered":"\t\t<div data-elementor-type=\"wp-page\" data-elementor-id=\"1703\" class=\"elementor elementor-1703 elementor-1696\" data-elementor-post-type=\"page\">\n\t\t\t\t<div class=\"elementor-element elementor-element-9665a07 e-flex e-con-boxed e-con e-parent\" data-id=\"9665a07\" data-element_type=\"container\">\n\t\t\t\t\t<div class=\"e-con-inner\">\n\t\t\t\t<div class=\"elementor-element elementor-element-a4ea830 elementor-widget elementor-widget-image\" data-id=\"a4ea830\" data-element_type=\"widget\" data-widget_type=\"image.default\">\n\t\t\t\t<div class=\"elementor-widget-container\">\n\t\t\t\t\t\t\t\t\t\t\t\t\t\t\t<img fetchpriority=\"high\" decoding=\"async\" width=\"1024\" height=\"569\" src=\"https:\/\/mdplusbio.com\/wp-content\/uploads\/2026\/02\/MD-BIO-PLUS-WE-CARE-IMAGE-FR-1-1024x569.webp\" class=\"attachment-large size-large wp-image-16244\" alt=\"MD BIO PLUS-WE CARE \u0130MAGE-FR (1)\" srcset=\"https:\/\/mdplusbio.com\/wp-content\/uploads\/2026\/02\/MD-BIO-PLUS-WE-CARE-IMAGE-FR-1-1024x569.webp 1024w, https:\/\/mdplusbio.com\/wp-content\/uploads\/2026\/02\/MD-BIO-PLUS-WE-CARE-IMAGE-FR-1-300x167.webp 300w, https:\/\/mdplusbio.com\/wp-content\/uploads\/2026\/02\/MD-BIO-PLUS-WE-CARE-IMAGE-FR-1-768x427.webp 768w, https:\/\/mdplusbio.com\/wp-content\/uploads\/2026\/02\/MD-BIO-PLUS-WE-CARE-IMAGE-FR-1-1536x854.webp 1536w, https:\/\/mdplusbio.com\/wp-content\/uploads\/2026\/02\/MD-BIO-PLUS-WE-CARE-IMAGE-FR-1-1140x634.webp 1140w, https:\/\/mdplusbio.com\/wp-content\/uploads\/2026\/02\/MD-BIO-PLUS-WE-CARE-IMAGE-FR-1-920x511.webp 920w, https:\/\/mdplusbio.com\/wp-content\/uploads\/2026\/02\/MD-BIO-PLUS-WE-CARE-IMAGE-FR-1-575x320.webp 575w, https:\/\/mdplusbio.com\/wp-content\/uploads\/2026\/02\/MD-BIO-PLUS-WE-CARE-IMAGE-FR-1-380x211.webp 380w, https:\/\/mdplusbio.com\/wp-content\/uploads\/2026\/02\/MD-BIO-PLUS-WE-CARE-IMAGE-FR-1-420x233.webp 420w, https:\/\/mdplusbio.com\/wp-content\/uploads\/2026\/02\/MD-BIO-PLUS-WE-CARE-IMAGE-FR-1-800x445.webp 800w, https:\/\/mdplusbio.com\/wp-content\/uploads\/2026\/02\/MD-BIO-PLUS-WE-CARE-IMAGE-FR-1-80x44.webp 80w, https:\/\/mdplusbio.com\/wp-content\/uploads\/2026\/02\/MD-BIO-PLUS-WE-CARE-IMAGE-FR-1.webp 1920w\" sizes=\"(max-width: 1024px) 100vw, 1024px\" \/>\t\t\t\t\t\t\t\t\t\t\t\t\t\t\t<\/div>\n\t\t\t\t<\/div>\n\t\t\t\t\t<\/div>\n\t\t\t\t<\/div>\n\t\t<div class=\"elementor-element elementor-element-9b46506 e-flex e-con-boxed e-con e-parent\" data-id=\"9b46506\" data-element_type=\"container\">\n\t\t\t\t\t<div class=\"e-con-inner\">\n\t\t\t\t<div class=\"elementor-element elementor-element-fb311d6 elementor-widget elementor-widget-image\" data-id=\"fb311d6\" data-element_type=\"widget\" data-widget_type=\"image.default\">\n\t\t\t\t<div class=\"elementor-widget-container\">\n\t\t\t\t\t\t\t\t\t\t\t\t\t\t\t<img decoding=\"async\" width=\"1000\" height=\"100\" src=\"https:\/\/mdplusbio.com\/wp-content\/uploads\/2024\/12\/Adsiz-tasarim-4-3.png\" class=\"attachment-large size-large wp-image-2120\" alt=\"\" srcset=\"https:\/\/mdplusbio.com\/wp-content\/uploads\/2024\/12\/Adsiz-tasarim-4-3.png 1000w, https:\/\/mdplusbio.com\/wp-content\/uploads\/2024\/12\/Adsiz-tasarim-4-3-300x30.png 300w, https:\/\/mdplusbio.com\/wp-content\/uploads\/2024\/12\/Adsiz-tasarim-4-3-768x77.png 768w, https:\/\/mdplusbio.com\/wp-content\/uploads\/2024\/12\/Adsiz-tasarim-4-3-920x92.png 920w, https:\/\/mdplusbio.com\/wp-content\/uploads\/2024\/12\/Adsiz-tasarim-4-3-575x58.png 575w, https:\/\/mdplusbio.com\/wp-content\/uploads\/2024\/12\/Adsiz-tasarim-4-3-380x38.png 380w, https:\/\/mdplusbio.com\/wp-content\/uploads\/2024\/12\/Adsiz-tasarim-4-3-420x42.png 420w, https:\/\/mdplusbio.com\/wp-content\/uploads\/2024\/12\/Adsiz-tasarim-4-3-800x80.png 800w, https:\/\/mdplusbio.com\/wp-content\/uploads\/2024\/12\/Adsiz-tasarim-4-3-80x8.png 80w\" sizes=\"(max-width: 1000px) 100vw, 1000px\" \/>\t\t\t\t\t\t\t\t\t\t\t\t\t\t\t<\/div>\n\t\t\t\t<\/div>\n\t\t\t\t\t<\/div>\n\t\t\t\t<\/div>\n\t\t<div class=\"elementor-element elementor-element-388e7eb e-flex e-con-boxed e-con e-parent\" data-id=\"388e7eb\" data-element_type=\"container\">\n\t\t\t\t\t<div class=\"e-con-inner\">\n\t\t\t\t<div class=\"elementor-element elementor-element-1a8df6a elementor-widget elementor-widget-text-editor\" data-id=\"1a8df6a\" data-element_type=\"widget\" data-widget_type=\"text-editor.default\">\n\t\t\t\t<div class=\"elementor-widget-container\">\n\t\t\t\t\t\t\t\t\t<p style=\"text-align: center;\">Ayant obtenu les certifications <strong>ISO 9001, ISO 22000, ISO 22716, ISO 13485<\/strong>, ainsi que les certifications en <strong>Bonnes Pratiques de Fabrication (GMP) <\/strong>d\u00e9livr\u00e9es par le minist\u00e8re de la Sant\u00e9 et par des institutions accr\u00e9dit\u00e9es, <strong>MD Plus Bio <\/strong>d\u00e9montre sa capacit\u00e9 \u00e0 produire selon des normes internationales, dans des conditions modernes, hygi\u00e9niques et strictement contr\u00f4l\u00e9es.<br>La fabrication est r\u00e9alis\u00e9e au sein de <strong>deux installations distinctes<\/strong>, sp\u00e9cialement con\u00e7ues pour les <strong>produits cosm\u00e9tiques<\/strong> et les compl\u00e9ments alimentaires, garantissant une conformit\u00e9 totale aux r\u00e9glementations en vigueur.<br>Afin de pr\u00e9server la confiance des consommateurs et des partenaires, notre entreprise applique avec rigueur des <strong>processus de contr\u00f4le qualit\u00e9 <\/strong>qui d\u00e9butent d\u00e8s la r\u00e9ception des mati\u00e8res premi\u00e8res et se poursuivent tout au long des \u00e9tapes de <strong style=\"letter-spacing: 0px;\">production, de conditionnement et d\u2019exp\u00e9dition.<\/strong><\/p>\t\t\t\t\t\t\t\t<\/div>\n\t\t\t\t<\/div>\n\t\t\t\t\t<\/div>\n\t\t\t\t<\/div>\n\t\t<div class=\"elementor-element elementor-element-af3b982 e-flex e-con-boxed e-con e-parent\" data-id=\"af3b982\" data-element_type=\"container\">\n\t\t\t\t\t<div class=\"e-con-inner\">\n\t\t\t\t<div class=\"elementor-element elementor-element-a9b6a39 elementor-widget elementor-widget-text-editor\" data-id=\"a9b6a39\" data-element_type=\"widget\" data-widget_type=\"text-editor.default\">\n\t\t\t\t<div class=\"elementor-widget-container\">\n\t\t\t\t\t\t\t\t\t<p><img decoding=\"async\" class=\"aligncenter wp-image-16342 size-large\" src=\"https:\/\/mdplusbio.com\/wp-content\/uploads\/2026\/02\/MDBio-Banners_-Pillar-Pages-1-1024x575.webp\" alt=\"Qualit\u00e9\" width=\"1024\" height=\"575\" srcset=\"https:\/\/mdplusbio.com\/wp-content\/uploads\/2026\/02\/MDBio-Banners_-Pillar-Pages-1-1024x575.webp 1024w, https:\/\/mdplusbio.com\/wp-content\/uploads\/2026\/02\/MDBio-Banners_-Pillar-Pages-1-300x168.webp 300w, https:\/\/mdplusbio.com\/wp-content\/uploads\/2026\/02\/MDBio-Banners_-Pillar-Pages-1-768x431.webp 768w, https:\/\/mdplusbio.com\/wp-content\/uploads\/2026\/02\/MDBio-Banners_-Pillar-Pages-1-1536x862.webp 1536w, https:\/\/mdplusbio.com\/wp-content\/uploads\/2026\/02\/MDBio-Banners_-Pillar-Pages-1-1140x640.webp 1140w, https:\/\/mdplusbio.com\/wp-content\/uploads\/2026\/02\/MDBio-Banners_-Pillar-Pages-1-920x517.webp 920w, https:\/\/mdplusbio.com\/wp-content\/uploads\/2026\/02\/MDBio-Banners_-Pillar-Pages-1-575x323.webp 575w, https:\/\/mdplusbio.com\/wp-content\/uploads\/2026\/02\/MDBio-Banners_-Pillar-Pages-1-380x213.webp 380w, https:\/\/mdplusbio.com\/wp-content\/uploads\/2026\/02\/MDBio-Banners_-Pillar-Pages-1-420x236.webp 420w, https:\/\/mdplusbio.com\/wp-content\/uploads\/2026\/02\/MDBio-Banners_-Pillar-Pages-1-800x449.webp 800w, https:\/\/mdplusbio.com\/wp-content\/uploads\/2026\/02\/MDBio-Banners_-Pillar-Pages-1-80x45.webp 80w, https:\/\/mdplusbio.com\/wp-content\/uploads\/2026\/02\/MDBio-Banners_-Pillar-Pages-1.webp 1585w\" sizes=\"(max-width: 1024px) 100vw, 1024px\" \/><\/p>\t\t\t\t\t\t\t\t<\/div>\n\t\t\t\t<\/div>\n\t\t\t\t\t<\/div>\n\t\t\t\t<\/div>\n\t\t<div class=\"elementor-element elementor-element-27b8753 e-flex e-con-boxed e-con e-parent\" data-id=\"27b8753\" data-element_type=\"container\">\n\t\t\t\t\t<div class=\"e-con-inner\">\n\t\t\t\t<div class=\"elementor-element elementor-element-6aa9a37 elementor-widget elementor-widget-text-editor\" data-id=\"6aa9a37\" data-element_type=\"widget\" data-widget_type=\"text-editor.default\">\n\t\t\t\t<div class=\"elementor-widget-container\">\n\t\t\t\t\t\t\t\t\t<div class=\"gel-heading gel-heading-style-01 text-left\" style=\"margin-right: auto; color: #7e7e7e; font-family: Urbanist; font-size: 15px;\"><h2 class=\"gel-heading-title gel-d27924d64b47706e143c5f73b1190a6d\" style=\"margin-top: 0px; margin-bottom: 0px; line-height: var(--g5-h2-line-height); font-size: 40px; letter-spacing: var(--g5-h2-letter-spacing); text-transform: var(--g5-h2-text-transform); font-weight: 700 !important; font-family: Urbanist !important; text-align: center;\">NOUS PRENONS SOIN DE VOUS<\/h2><\/div><div class=\"wpb_text_column wpb_content_element\" style=\"margin-bottom: 35px; color: #7e7e7e; font-family: Urbanist; font-size: 15px;\"><div class=\"wpb_wrapper\" style=\"margin-bottom: 0px;\"><h5 style=\"text-align: center;\">Entreprise pleinement engag\u00e9e dans son domaine, <strong>MD Plus Bio <\/strong>d\u00e9veloppe ses formulations au sein de laboratoires de pointe, sans jamais compromettre la qualit\u00e9.<br>Nous utilisons exclusivement des mati\u00e8res premi\u00e8res de qualit\u00e9 pharmaceutique, des actifs sp\u00e9cifiques et des extraits v\u00e9g\u00e9taux conformes aux normes europ\u00e9ennes en vigueur.<\/h5><h5 style=\"text-align: center;\">Chaque produit est \u00e9labor\u00e9 \u00e0 partir d\u2019ingr\u00e9dients dont <strong>l\u2019efficacit\u00e9 et la s\u00e9curit\u00e9 sont \u00e9tay\u00e9es par des \u00e9tudes cliniques<\/strong>, conform\u00e9ment \u00e0 la <strong>r\u00e9glementation europ\u00e9enne.<\/strong> <\/h5><\/div><\/div>\t\t\t\t\t\t\t\t<\/div>\n\t\t\t\t<\/div>\n\t\t\t\t\t<\/div>\n\t\t\t\t<\/div>\n\t\t<div class=\"elementor-element elementor-element-6765027 e-flex e-con-boxed e-con e-parent\" data-id=\"6765027\" data-element_type=\"container\">\n\t\t\t\t\t<div class=\"e-con-inner\">\n\t\t<div class=\"elementor-element elementor-element-22dd20d e-con-full e-flex e-con e-child\" data-id=\"22dd20d\" data-element_type=\"container\">\n\t\t\t\t<div class=\"elementor-element elementor-element-d76b545 elementor-widget elementor-widget-text-editor\" data-id=\"d76b545\" data-element_type=\"widget\" data-widget_type=\"text-editor.default\">\n\t\t\t\t<div class=\"elementor-widget-container\">\n\t\t\t\t\t\t\t\t\t<h4 style=\"text-align: center;\"><strong>Innovation continue en recherche, d\u00e9veloppement et production<\/strong><\/h4><p style=\"text-align: center;\">Nous sommes fiers de proposer des produits pr\u00e9cis, fiables et de haute qualit\u00e9 dans les cat\u00e9gories des <strong>cosm\u00e9tiques <\/strong>et des <strong>compl\u00e9ments alimentaires<\/strong>.<br>Gr\u00e2ce \u00e0 une \u00e9quipe ouverte \u00e0 l\u2019innovation et en constante \u00e9volution dans les phases de R&amp;D, P&amp;D et PRODUCTION, MD Plus Bio poursuit le d\u00e9veloppement de solutions performantes d\u00e9di\u00e9es \u00e0 la sant\u00e9 capillaire et au bien-\u00eatre \u00e0 long terme.<\/p><p style=\"text-align: center;\">Notre approche repose sur la recherche scientifique, des technologies modernes et des protocoles stricts afin de garantir une qualit\u00e9 constante et reproductible \u00e0 chaque lot.<\/p>\t\t\t\t\t\t\t\t<\/div>\n\t\t\t\t<\/div>\n\t\t\t\t<\/div>\n\t\t<div class=\"elementor-element elementor-element-0f6e8f5 e-con-full e-flex e-con e-child\" data-id=\"0f6e8f5\" data-element_type=\"container\">\n\t\t\t\t<div class=\"elementor-element elementor-element-140829b elementor-widget elementor-widget-text-editor\" data-id=\"140829b\" data-element_type=\"widget\" data-widget_type=\"text-editor.default\">\n\t\t\t\t<div class=\"elementor-widget-container\">\n\t\t\t\t\t\t\t\t\t<h4 style=\"text-align: center;\"><strong>Capacit\u00e9s avanc\u00e9es de formulation et fabrication sous contrat<\/strong><\/h4><p style=\"text-align: center;\">L\u2019\u00e9quipe R&amp;D d\u2019Elit Pharma suit en permanence les tendances du secteur cosm\u00e9tique, enrichissant sa gamme avec les <strong>actifs les plus r\u00e9cents <\/strong>et am\u00e9liorant continuellement les formulations existantes.<\/p><p style=\"text-align: center;\">En tant que fabricant d\u2019une large gamme de solutions de <strong>fabrication sous contrat et de marque blanche<\/strong>, <strong>MD Plus Bio <\/strong>offre \u00e0 ses clients une grande libert\u00e9 dans le d\u00e9veloppement de produits et de formules personnalis\u00e9es, gr\u00e2ce \u00e0 un portefeuille \u00e9tendu <strong>d\u2019actifs et d\u2019extraits v\u00e9g\u00e9taux<\/strong>.<\/p>\t\t\t\t\t\t\t\t<\/div>\n\t\t\t\t<\/div>\n\t\t\t\t<\/div>\n\t\t\t\t\t<\/div>\n\t\t\t\t<\/div>\n\t\t<div class=\"elementor-element elementor-element-482ed83 e-grid e-con-boxed e-con e-parent\" data-id=\"482ed83\" data-element_type=\"container\">\n\t\t\t\t\t<div class=\"e-con-inner\">\n\t\t\t\t<div class=\"elementor-element elementor-element-3a1caf0 elementor-widget elementor-widget-text-editor\" data-id=\"3a1caf0\" data-element_type=\"widget\" data-widget_type=\"text-editor.default\">\n\t\t\t\t<div class=\"elementor-widget-container\">\n\t\t\t\t\t\t\t\t\t<h4 style=\"text-align: center;\"><strong>Syst\u00e8me de Gestion de la Qualit\u00e9 ISO<\/strong><\/h4><p style=\"text-align: center;\">Le Syst\u00e8me de Gestion de la Qualit\u00e9 ISO permet d\u2019assurer le respect de crit\u00e8res de qualit\u00e9 d\u00e9finis et d\u2019apporter des am\u00e9liorations continues aux processus de production, afin de r\u00e9pondre aux attentes des utilisateurs finaux.<br>Plut\u00f4t que de certifier uniquement un produit, le certificat ISO atteste de la fiabilit\u00e9, de la tra\u00e7abilit\u00e9 et de la robustesse du syst\u00e8me de gestion de la qualit\u00e9 de l\u2019entreprise.<\/p><p style=\"text-align: center;\">Les entreprises certifi\u00e9es maintiennent des standards \u00e9lev\u00e9s pour chaque cat\u00e9gorie de produit et proc\u00e8dent \u00e0 des mises \u00e0 jour r\u00e9guli\u00e8res fond\u00e9es sur des audits, des contr\u00f4les et les retours clients.<br>Ce syst\u00e8me permet \u00e0 MD Plus Bio de suivre l\u2019ensemble des processus, de l\u2019approvisionnement \u00e0 la production et \u00e0 la commercialisation, tout en int\u00e9grant efficacement les r\u00e9clamations et retours dans les processus de fabrication.<\/p>\t\t\t\t\t\t\t\t<\/div>\n\t\t\t\t<\/div>\n\t\t\t\t<div class=\"elementor-element elementor-element-4203b66 elementor-widget elementor-widget-text-editor\" data-id=\"4203b66\" data-element_type=\"widget\" data-widget_type=\"text-editor.default\">\n\t\t\t\t<div class=\"elementor-widget-container\">\n\t\t\t\t\t\t\t\t\t<h4 style=\"text-align: center;\"><strong>Bonnes Pratiques de Fabrication (GMP)<\/strong><\/h4><p style=\"text-align: center;\">Les Bonnes Pratiques de Fabrication (GMP) comprennent des mesures pr\u00e9ventives li\u00e9es aux conditions internes et externes, visant \u00e0 pr\u00e9venir ou r\u00e9duire les risques de contamination des produits.<br>Elles constituent une approche fondamentale dans la production et la distribution des produits alimentaires et compl\u00e9ments, couvrant toutes les \u00e9tapes : <strong>mati\u00e8res premi\u00e8res, transformation, d\u00e9veloppement du produit, production, conditionnement, stockage et distribution<\/strong>.<\/p><p style=\"text-align: center;\">Les GMP garantissent un fonctionnement professionnel du personnel, des environnements contr\u00f4l\u00e9s et une production s\u00fbre, fiable et efficace, en encadrant l\u2019ensemble des param\u00e8tres : installations, \u00e9quipements, proc\u00e9d\u00e9s, personnel et mati\u00e8res premi\u00e8res.<\/p>\t\t\t\t\t\t\t\t<\/div>\n\t\t\t\t<\/div>\n\t\t\t\t\t<\/div>\n\t\t\t\t<\/div>\n\t\t<div class=\"elementor-element elementor-element-1483534 e-flex e-con-boxed e-con e-parent\" data-id=\"1483534\" data-element_type=\"container\">\n\t\t\t\t\t<div class=\"e-con-inner\">\n\t\t\t\t<div class=\"elementor-element elementor-element-8298853 elementor-widget elementor-widget-text-editor\" data-id=\"8298853\" data-element_type=\"widget\" data-widget_type=\"text-editor.default\">\n\t\t\t\t<div class=\"elementor-widget-container\">\n\t\t\t\t\t\t\t\t\t<p><strong>L\u2019approbation de la FDA<\/strong> d\u00e9signe le processus r\u00e9glementaire par lequel la Food and Drug Administration des \u00c9tats-Unis \u00e9value et autorise la mise sur le march\u00e9 de produits pharmaceutiques, de dispositifs m\u00e9dicaux et de certaines cat\u00e9gories de produits. Cette \u00e9valuation rigoureuse repose sur l\u2019analyse approfondie de donn\u00e9es scientifiques, d\u2019essais cliniques, de pratiques de fabrication, d\u2019\u00e9tiquetage et de profils de s\u00e9curit\u00e9, afin de garantir que les produits soient s\u00fbrs, efficaces et correctement \u00e9tiquet\u00e9s. L\u2019autorisation de la FDA confirme que les b\u00e9n\u00e9fices d\u2019un produit d\u00e9passent ses risques potentiels et qu\u2019il r\u00e9pond aux normes \u00e9lev\u00e9es de qualit\u00e9 requises pour le march\u00e9 am\u00e9ricain, illustrant l\u2019engagement de MD Plus Bio envers la s\u00e9curit\u00e9 des consommateurs et la conformit\u00e9 internationale. <\/p>\t\t\t\t\t\t\t\t<\/div>\n\t\t\t\t<\/div>\n\t\t\t\t\t<\/div>\n\t\t\t\t<\/div>\n\t\t<div class=\"elementor-element elementor-element-d5a10ef e-flex e-con-boxed e-con e-parent\" data-id=\"d5a10ef\" data-element_type=\"container\">\n\t\t\t\t\t<div class=\"e-con-inner\">\n\t\t\t\t<div class=\"elementor-element elementor-element-da76484 elementor-widget elementor-widget-heading\" data-id=\"da76484\" data-element_type=\"widget\" data-widget_type=\"heading.default\">\n\t\t\t\t<div class=\"elementor-widget-container\">\n\t\t\t\t\t<h2 class=\"elementor-heading-title elementor-size-default\">DES MILLIERS DE CONSOMMATEURS SATISFAITS!<\/h2>\t\t\t\t<\/div>\n\t\t\t\t<\/div>\n\t\t\t\t\t<\/div>\n\t\t\t\t<\/div>\n\t\t<div class=\"elementor-element elementor-element-7652fd4 e-flex e-con-boxed e-con e-parent\" data-id=\"7652fd4\" data-element_type=\"container\">\n\t\t\t\t\t<div class=\"e-con-inner\">\n\t\t\t\t<div class=\"elementor-element elementor-element-ee938ce elementor-widget elementor-widget-image\" data-id=\"ee938ce\" data-element_type=\"widget\" data-widget_type=\"image.default\">\n\t\t\t\t<div class=\"elementor-widget-container\">\n\t\t\t\t\t\t\t\t\t\t\t\t\t\t\t<img loading=\"lazy\" decoding=\"async\" width=\"1024\" height=\"144\" src=\"https:\/\/mdplusbio.com\/wp-content\/uploads\/2024\/12\/Vector-Smart-Object-1024x144.png\" class=\"attachment-large size-large wp-image-1682\" alt=\"\" srcset=\"https:\/\/mdplusbio.com\/wp-content\/uploads\/2024\/12\/Vector-Smart-Object-1024x144.png 1024w, https:\/\/mdplusbio.com\/wp-content\/uploads\/2024\/12\/Vector-Smart-Object-300x42.png 300w, https:\/\/mdplusbio.com\/wp-content\/uploads\/2024\/12\/Vector-Smart-Object-768x108.png 768w, https:\/\/mdplusbio.com\/wp-content\/uploads\/2024\/12\/Vector-Smart-Object-1536x217.png 1536w, https:\/\/mdplusbio.com\/wp-content\/uploads\/2024\/12\/Vector-Smart-Object-1140x161.png 1140w, https:\/\/mdplusbio.com\/wp-content\/uploads\/2024\/12\/Vector-Smart-Object-920x130.png 920w, https:\/\/mdplusbio.com\/wp-content\/uploads\/2024\/12\/Vector-Smart-Object-575x81.png 575w, https:\/\/mdplusbio.com\/wp-content\/uploads\/2024\/12\/Vector-Smart-Object-380x54.png 380w, https:\/\/mdplusbio.com\/wp-content\/uploads\/2024\/12\/Vector-Smart-Object-420x59.png 420w, https:\/\/mdplusbio.com\/wp-content\/uploads\/2024\/12\/Vector-Smart-Object-800x113.png 800w, https:\/\/mdplusbio.com\/wp-content\/uploads\/2024\/12\/Vector-Smart-Object.png 1858w\" sizes=\"(max-width: 1024px) 100vw, 1024px\" \/>\t\t\t\t\t\t\t\t\t\t\t\t\t\t\t<\/div>\n\t\t\t\t<\/div>\n\t\t\t\t\t<\/div>\n\t\t\t\t<\/div>\n\t\t\t\t<\/div>\n\t\t","protected":false},"excerpt":{"rendered":"<p>Ayant obtenu les certifications ISO 9001, ISO 22000, ISO 22716, ISO 13485, ainsi que les certifications en Bonnes Pratiques de Fabrication (GMP) d\u00e9livr\u00e9es par le minist\u00e8re de la Sant\u00e9 et [&hellip;]<\/p>\n","protected":false},"author":2,"featured_media":0,"parent":0,"menu_order":0,"comment_status":"closed","ping_status":"closed","template":"","meta":{"_joinchat":[],"footnotes":""},"class_list":["post-1703","page","type-page","status-publish","hentry"],"acf":[],"_links":{"self":[{"href":"https:\/\/mdplusbio.com\/fr\/wp-json\/wp\/v2\/pages\/1703","targetHints":{"allow":["GET"]}}],"collection":[{"href":"https:\/\/mdplusbio.com\/fr\/wp-json\/wp\/v2\/pages"}],"about":[{"href":"https:\/\/mdplusbio.com\/fr\/wp-json\/wp\/v2\/types\/page"}],"author":[{"embeddable":true,"href":"https:\/\/mdplusbio.com\/fr\/wp-json\/wp\/v2\/users\/2"}],"replies":[{"embeddable":true,"href":"https:\/\/mdplusbio.com\/fr\/wp-json\/wp\/v2\/comments?post=1703"}],"version-history":[{"count":0,"href":"https:\/\/mdplusbio.com\/fr\/wp-json\/wp\/v2\/pages\/1703\/revisions"}],"wp:attachment":[{"href":"https:\/\/mdplusbio.com\/fr\/wp-json\/wp\/v2\/media?parent=1703"}],"curies":[{"name":"wp","href":"https:\/\/api.w.org\/{rel}","templated":true}]}}