{"id":1370,"date":"2024-12-18T10:49:38","date_gmt":"2024-12-18T07:49:38","guid":{"rendered":"https:\/\/mdplusbio.com\/?page_id=1370"},"modified":"2025-01-14T07:08:03","modified_gmt":"2025-01-14T07:08:03","slug":"retour-et-remboursement","status":"publish","type":"page","link":"https:\/\/mdplusbio.com\/fr\/retour-et-remboursement\/","title":{"rendered":"Retour et Remboursement"},"content":{"rendered":"\t\t<div data-elementor-type=\"wp-page\" data-elementor-id=\"1370\" class=\"elementor elementor-1370 elementor-11\" data-elementor-post-type=\"page\">\n\t\t\t\t<div class=\"elementor-element elementor-element-8f3a699 e-flex e-con-boxed e-con e-parent\" data-id=\"8f3a699\" data-element_type=\"container\">\n\t\t\t\t\t<div class=\"e-con-inner\">\n\t\t\t\t<div class=\"elementor-element elementor-element-b01672d elementor-widget elementor-widget-heading\" data-id=\"b01672d\" data-element_type=\"widget\" data-widget_type=\"heading.default\">\n\t\t\t\t<div class=\"elementor-widget-container\">\n\t\t\t\t\t<h2 class=\"elementor-heading-title elementor-size-default\">Retour et Remboursement<\/h2>\t\t\t\t<\/div>\n\t\t\t\t<\/div>\n\t\t\t\t\t<\/div>\n\t\t\t\t<\/div>\n\t\t<div class=\"elementor-element elementor-element-231eba4b e-flex e-con-boxed e-con e-parent\" data-id=\"231eba4b\" data-element_type=\"container\">\n\t\t\t\t\t<div class=\"e-con-inner\">\n\t\t\t\t<div class=\"elementor-element elementor-element-5e5786e2 elementor-widget elementor-widget-text-editor\" data-id=\"5e5786e2\" data-element_type=\"widget\" data-widget_type=\"text-editor.default\">\n\t\t\t\t<div class=\"elementor-widget-container\">\n\t\t\t\t\t\t\t\t\t<p><\/p>\n<p>AUCUN RETOUR OU REMBOURSEMENT NE SERA EFFECTU\u00c9 SANS UN NUM\u00c9RO D\u2019AUTORISATION DE RETOUR. <br>Aucun remboursement pour les produits MDPLUSBIO non achet\u00e9s sur ce site Web.<br>Apr\u00e8s r\u00e9ception d\u2019un num\u00e9ro d\u2019autorisation de retour, veuillez l\u2019inclure sur l\u2019\u00e9tiquette d\u2019exp\u00e9dition ainsi que votre nom et le nom de l\u2019entreprise (en cas d\u2019achat pour une entreprise) sur la bo\u00eete de retour.<\/p>\n<p><\/p>\n<p>Retour \u00e0 :<\/p>\n<p><\/p>\n<p><strong>GDZ SA\u011eLIK VE G\u00dcZELL\u0130K H\u0130ZMETLER\u0130 LTD.\u015eT\u0130.<\/strong><\/p>\n<p><\/p>\n<p>MERKEZ MAH. \u0130ST\u0130KLAL SK. NO:11 I\u0307\u00c7 KAPI NO:2 \u015eI\u0307\u015eLI\u0307 I\u0307STANBUL \/ T\u00dcRKI\u0307YE  <\/p>\n<p><\/p>\n<p>Les produits MDPLUSBIO inutilis\u00e9s et non endommag\u00e9s peuvent \u00eatre retourn\u00e9s dans les 15 jours (le jour un (1) est le jour suivant la date d\u2019exp\u00e9dition de MDPLUSBIO \u00e0 votre emplacement) pour un remboursement complet, s\u2019il n\u2019a pas \u00e9t\u00e9 utilis\u00e9 de mat\u00e9riau. Apr\u00e8s 15 jours (le jour un (1) \u00e9tant le lendemain de la date d\u2019exp\u00e9dition \u00e0 votre emplacement du shampooing\/conditionneur et du gel douche Nature\u2019s Loving Care (+)), les produits MDPLUSBIO inutilis\u00e9s et non endommag\u00e9s qui sont retourn\u00e9s seront soumis \u00e0 des frais de r\u00e9approvisionnement de 20 % (les frais de r\u00e9approvisionnement sont le prix de vente plus les taxes). Les frais d\u2019exp\u00e9dition pay\u00e9s par l\u2019acheteur ne sont pas inclus dans les frais de r\u00e9approvisionnement de 20 %. Il n\u2019y aura aucun remboursement au-del\u00e0 de 16 jours \u00e0 compter de la date d\u2019exp\u00e9dition au client\/acheteur (le jour un est le jour suivant la date d\u2019exp\u00e9dition au client\/acheteur) et aucun remboursement sur les produits endommag\u00e9s pendant l\u2019exp\u00e9dition. Il n\u2019y a pas de remboursement sur les frais d\u2019exp\u00e9dition\/transport de retour.<br>En cas de remboursement, un ch\u00e8que sera \u00e9mis au nom de la personne ou de l\u2019entreprise qui a effectu\u00e9 l\u2019achat. Le co\u00fbt de tout produit MDPLUSBIO utilis\u00e9\/manquant sera d\u00e9duit de tout remboursement d\u00fb au client. Exemple : Si la moiti\u00e9 du flacon est utilis\u00e9e et retourn\u00e9e, attendez-vous \u00e0 ce que la moiti\u00e9 du prix d\u2019achat et de la moiti\u00e9 des taxes pay\u00e9es vous soient rembours\u00e9s. Cette politique de retour et de remboursement peut \u00eatre modifi\u00e9e sans pr\u00e9avis.    <\/p>\n<p><\/p>\t\t\t\t\t\t\t\t<\/div>\n\t\t\t\t<\/div>\n\t\t\t\t\t<\/div>\n\t\t\t\t<\/div>\n\t\t<div class=\"elementor-element elementor-element-9c1f677 e-flex e-con-boxed e-con e-parent\" data-id=\"9c1f677\" data-element_type=\"container\">\n\t\t\t\t\t<div class=\"e-con-inner\">\n\t\t\t\t<div class=\"elementor-element elementor-element-28c42a4 elementor-widget elementor-widget-spacer\" data-id=\"28c42a4\" data-element_type=\"widget\" data-widget_type=\"spacer.default\">\n\t\t\t\t<div class=\"elementor-widget-container\">\n\t\t\t\t\t\t\t<div class=\"elementor-spacer\">\n\t\t\t<div class=\"elementor-spacer-inner\"><\/div>\n\t\t<\/div>\n\t\t\t\t\t\t<\/div>\n\t\t\t\t<\/div>\n\t\t\t\t\t<\/div>\n\t\t\t\t<\/div>\n\t\t\t\t<\/div>\n\t\t","protected":false},"excerpt":{"rendered":"<p>Retour et Remboursement AUCUN RETOUR OU REMBOURSEMENT NE SERA EFFECTU\u00c9 SANS UN NUM\u00c9RO D\u2019AUTORISATION DE RETOUR. Aucun remboursement pour les produits MDPLUSBIO non achet\u00e9s sur ce site Web.Apr\u00e8s r\u00e9ception d\u2019un [&hellip;]<\/p>\n","protected":false},"author":1,"featured_media":0,"parent":0,"menu_order":0,"comment_status":"closed","ping_status":"closed","template":"","meta":{"_joinchat":[],"footnotes":""},"class_list":["post-1370","page","type-page","status-publish","hentry"],"acf":[],"_links":{"self":[{"href":"https:\/\/mdplusbio.com\/fr\/wp-json\/wp\/v2\/pages\/1370","targetHints":{"allow":["GET"]}}],"collection":[{"href":"https:\/\/mdplusbio.com\/fr\/wp-json\/wp\/v2\/pages"}],"about":[{"href":"https:\/\/mdplusbio.com\/fr\/wp-json\/wp\/v2\/types\/page"}],"author":[{"embeddable":true,"href":"https:\/\/mdplusbio.com\/fr\/wp-json\/wp\/v2\/users\/1"}],"replies":[{"embeddable":true,"href":"https:\/\/mdplusbio.com\/fr\/wp-json\/wp\/v2\/comments?post=1370"}],"version-history":[{"count":0,"href":"https:\/\/mdplusbio.com\/fr\/wp-json\/wp\/v2\/pages\/1370\/revisions"}],"wp:attachment":[{"href":"https:\/\/mdplusbio.com\/fr\/wp-json\/wp\/v2\/media?parent=1370"}],"curies":[{"name":"wp","href":"https:\/\/api.w.org\/{rel}","templated":true}]}}