{"id":1077,"date":"2024-11-18T14:34:54","date_gmt":"2024-11-18T14:34:54","guid":{"rendered":"https:\/\/mdplusbio.com\/privacy-policy\/"},"modified":"2025-01-15T13:34:08","modified_gmt":"2025-01-15T13:34:08","slug":"politique-de-confidentialite","status":"publish","type":"page","link":"https:\/\/mdplusbio.com\/fr\/politique-de-confidentialite\/","title":{"rendered":"Politique de confidentialit\u00e9"},"content":{"rendered":"\t\t<div data-elementor-type=\"wp-page\" data-elementor-id=\"1077\" class=\"elementor elementor-1077 elementor-3\" data-elementor-post-type=\"page\">\n\t\t\t\t<div class=\"elementor-element elementor-element-769ccdf e-flex e-con-boxed e-con e-parent\" data-id=\"769ccdf\" data-element_type=\"container\">\n\t\t\t\t\t<div class=\"e-con-inner\">\n\t\t\t\t<div class=\"elementor-element elementor-element-8b1384b elementor-widget elementor-widget-heading\" data-id=\"8b1384b\" data-element_type=\"widget\" data-widget_type=\"heading.default\">\n\t\t\t\t<div class=\"elementor-widget-container\">\n\t\t\t\t\t<h2 class=\"elementor-heading-title elementor-size-default\">Politique de Confidentialite<\/h2>\t\t\t\t<\/div>\n\t\t\t\t<\/div>\n\t\t\t\t\t<\/div>\n\t\t\t\t<\/div>\n\t\t<div class=\"elementor-element elementor-element-9047971 e-flex e-con-boxed e-con e-parent\" data-id=\"9047971\" data-element_type=\"container\">\n\t\t\t\t\t<div class=\"e-con-inner\">\n\t\t\t\t<div class=\"elementor-element elementor-element-a0d7402 elementor-widget elementor-widget-text-editor\" data-id=\"a0d7402\" data-element_type=\"widget\" data-widget_type=\"text-editor.default\">\n\t\t\t\t<div class=\"elementor-widget-container\">\n\t\t\t\t\t\t\t\t\t<p style=\"margin-bottom: 1.5rem; position: relative; color: #7e7e7e; font-family: Urbanist; font-size: 15px;\">COPYRIGHT \u00a9 2021 MDPLUSBIO<br>Tous droits r\u00e9serv\u00e9s Tout le contenu de ce site, tel que le texte, les graphiques, les logos, les ic\u00f4nes et les images, est la propri\u00e9t\u00e9 de GDZ SA\u011eLIK VE G\u00dcZELL\u0130K H\u0130ZMETLER\u0130 LTD.\u015eT\u0130. ou de ses fournisseurs de contenu et est prot\u00e9g\u00e9 par les lois turques et internationales sur les droits d&#8217;auteur.<\/p>\n<p style=\"margin-bottom: 1.5rem; position: relative; color: #7e7e7e; font-family: Urbanist; font-size: 15px;\">La compilation de tout le contenu de ce site est la propri\u00e9t\u00e9 exclusive de GDZ SA\u011eLIK VE G\u00dcZELL\u0130K H\u0130ZMETLER\u0130 LTD.\u015eT\u0130. et est prot\u00e9g\u00e9e par les lois turques et internationales sur les droits d&#8217;auteur. Le contenu de ce site peut \u00eatre utilis\u00e9 comme ressource de conception ou d&#8217;achat. Toute autre utilisation, y compris la reproduction, la modification, la distribution, la transmission, la republication ou l&#8217;affichage du contenu de ce site est strictement interdite. MDPLUSBIO.com et d&#8217;autres graphiques, logos, images et noms de produits de MDPLUSBIO.com sont des marques d\u00e9pos\u00e9es et non d\u00e9pos\u00e9es de GDZ SA\u011eLIK VE G\u00dcZELL\u0130K H\u0130ZMETLER\u0130 LTD.\u015eT\u0130.<\/p>\n<p style=\"margin-bottom: 1.5rem; position: relative; color: #7e7e7e; font-family: Urbanist; font-size: 15px;\">Tous droits r\u00e9serv\u00e9s Les marques commerciales de GDZ SA\u011eLIK VE G\u00dcZELL\u0130K H\u0130ZMETLER\u0130 LTD.\u015eT\u0130. ne peuvent pas \u00eatre utilis\u00e9es en relation avec un produit ou un service qui n&#8217;est pas celui de GDZ SA\u011eLIK VE G\u00dcZELL\u0130K H\u0130ZMETLER\u0130 LTD.\u015eT\u0130.d&#8217;une mani\u00e8re susceptible de cr\u00e9er une confusion parmi les clients, ou d&#8217;une mani\u00e8re qui d\u00e9nigre ou discr\u00e9dite GDZ SA\u011eLIK VE G\u00dcZELL\u0130K H\u0130ZMETLER\u0130 LTD.\u015eT\u0130. et\/ou MDPLUSBIO.com ou autre sans le consentement \u00e9crit pr\u00e9alable de GDZ SA\u011eLIK VE G\u00dcZELL\u0130K H\u0130ZMETLER\u0130 LTD.\u015eT\u0130. Ce site ou toute partie de ce site ne peut \u00eatre reproduit, dupliqu\u00e9, copi\u00e9, vendu, revendu ou autrement exploit\u00e9 \u00e0 des fins commerciales qui ne sont pas express\u00e9ment autoris\u00e9es par GDZ SA\u011eLIK VE G\u00dcZELL\u0130K H\u0130ZMETLER\u0130 LTD.\u015eT\u0130.<\/p>\n<p style=\"margin-bottom: 1.5rem; position: relative; color: #7e7e7e; font-family: Urbanist; font-size: 15px;\"><span style=\"font-weight: bolder;\">POLITIQUE DE CONFIDENTIALIT\u00c9<\/span><\/p>\n<p style=\"margin-bottom: 1.5rem; position: relative; color: #7e7e7e; font-family: Urbanist; font-size: 15px;\"><span style=\"\">MDPLUSBIO<\/span> s&#8217;engage fermement \u00e0 prot\u00e9ger la vie priv\u00e9e de ses clients. Nous vous garantissons que toute information recueillie \u00e0 votre sujet est r\u00e9serv\u00e9e \u00e0 notre usage interne et ne sera pas vendue, lou\u00e9e ou \u00e9chang\u00e9e \u00e0 des fins de marketing non sollicit\u00e9. Les informations collect\u00e9es seront utilis\u00e9es pour mieux vous comprendre et mieux vous servir, vous, notre pr\u00e9cieux client. Nous avons \u00e9tabli cette politique comme une garantie pour assurer que ces pratiques et proc\u00e9dures sont mises en \u0153uvre de mani\u00e8re efficace et efficiente.   <\/p>\n<p style=\"margin-bottom: 1.5rem; position: relative; color: #7e7e7e; font-family: Urbanist; font-size: 15px;\"><span style=\"font-weight: bolder;\">PRINCIPES DE CONFIDENTIALITE<\/span><br>Depuis plus de 18 ans, des milliers de personnes ont confi\u00e9 \u00e0 <span style=\"font-weight: bolder;\">GDZ SA\u011eLIK VE G\u00dcZELL\u0130K H\u0130ZMETLER\u0130 LTD.\u015eT\u0130<\/span>. des informations personnelles et confidentielles. Nous savons que la vie priv\u00e9e est un \u00e9l\u00e9ment important pour nos clients et, par cons\u00e9quent, nous comprenons qu&#8217;ils s&#8217;attendent \u00e0 ce que nous recueillions et conservions leurs informations personnelles de mani\u00e8re appropri\u00e9e et responsable.  <\/p>\n<p style=\"margin-bottom: 1.5rem; position: relative; color: #7e7e7e; font-family: Urbanist; font-size: 15px;\"><span style=\"font-weight: bolder;\">Informations collect\u00e9es<\/span><\/p>\n<p style=\"margin-bottom: 1.5rem; position: relative; color: #7e7e7e; font-family: Urbanist; font-size: 15px;\">Un cookie est un petit \u00e9l\u00e9ment de donn\u00e9es que de nombreux sites web stockent sur le disque dur de votre PC et qui peut \u00eatre r\u00e9cup\u00e9r\u00e9 ult\u00e9rieurement comme une carte de visite pour identifier l&#8217;utilisateur du PC. Nous pouvons utiliser un cookie pour nous aider \u00e0 \u00e9valuer le nombre de visiteurs sur notre site, les visiteurs qui reviennent et les pages qui ont \u00e9t\u00e9 consult\u00e9es. En recueillant ces statistiques, <span style=\"\">MDPLUSBIO <\/span>est en mesure de g\u00e9rer la capacit\u00e9 du site et de l&#8217;am\u00e9liorer pour mieux r\u00e9pondre aux besoins de ses clients. Les cookies ne recueillent pas d&#8217;informations personnelles identifiables sur nos utilisateurs et votre navigateur peut \u00eatre configur\u00e9 pour refuser les cookies ou pour vous avertir avant d&#8217;accepter les cookies.   <\/p>\n<p style=\"margin-bottom: 1.5rem; position: relative; color: #7e7e7e; font-family: Urbanist; font-size: 15px;\"><span style=\"font-weight: bolder;\">Garantie certifi\u00e9e<\/span><\/p>\n<p style=\"margin-bottom: 1.5rem; position: relative; color: #7e7e7e; font-family: Urbanist; font-size: 15px;\"><span style=\"\">MDPLUSBIO\u00ae<\/span> est fid\u00e8le \u00e0 sa r\u00e9putation bien m\u00e9rit\u00e9e. Nous nous engageons \u00e0 prot\u00e9ger la vie priv\u00e9e de nos clients. Les informations recueillies sont utilis\u00e9es pour am\u00e9liorer votre exp\u00e9rience d&#8217;achat. Nous nous engageons \u00e0 respecter les principes \u00e9nonc\u00e9s dans la pr\u00e9sente politique afin de vous garantir une exp\u00e9rience d&#8217;achat s\u00fbre, agr\u00e9able et enrichissante.   <\/p>\t\t\t\t\t\t\t\t<\/div>\n\t\t\t\t<\/div>\n\t\t\t\t\t<\/div>\n\t\t\t\t<\/div>\n\t\t\t\t<\/div>\n\t\t","protected":false},"excerpt":{"rendered":"<p>Politique de Confidentialite COPYRIGHT \u00a9 2021 MDPLUSBIOTous droits r\u00e9serv\u00e9s Tout le contenu de ce site, tel que le texte, les graphiques, les logos, les ic\u00f4nes et les images, est la [&hellip;]<\/p>\n","protected":false},"author":1,"featured_media":0,"parent":0,"menu_order":0,"comment_status":"closed","ping_status":"closed","template":"","meta":{"_joinchat":[],"footnotes":""},"class_list":["post-1077","page","type-page","status-publish","hentry"],"acf":[],"_links":{"self":[{"href":"https:\/\/mdplusbio.com\/fr\/wp-json\/wp\/v2\/pages\/1077","targetHints":{"allow":["GET"]}}],"collection":[{"href":"https:\/\/mdplusbio.com\/fr\/wp-json\/wp\/v2\/pages"}],"about":[{"href":"https:\/\/mdplusbio.com\/fr\/wp-json\/wp\/v2\/types\/page"}],"author":[{"embeddable":true,"href":"https:\/\/mdplusbio.com\/fr\/wp-json\/wp\/v2\/users\/1"}],"replies":[{"embeddable":true,"href":"https:\/\/mdplusbio.com\/fr\/wp-json\/wp\/v2\/comments?post=1077"}],"version-history":[{"count":0,"href":"https:\/\/mdplusbio.com\/fr\/wp-json\/wp\/v2\/pages\/1077\/revisions"}],"wp:attachment":[{"href":"https:\/\/mdplusbio.com\/fr\/wp-json\/wp\/v2\/media?parent=1077"}],"curies":[{"name":"wp","href":"https:\/\/api.w.org\/{rel}","templated":true}]}}