{"id":1153,"date":"2024-12-16T13:53:14","date_gmt":"2024-12-16T13:53:14","guid":{"rendered":"https:\/\/mdplusbio.com\/product\/i-care-my-hair-package\/"},"modified":"2026-05-11T10:55:23","modified_gmt":"2026-05-11T07:55:23","slug":"paquete-i-care-my-hair","status":"publish","type":"product","link":"https:\/\/mdplusbio.com\/es\/producto\/paquete-i-care-my-hair\/","title":{"rendered":"Paquete I Care My Hair \u2013 3 Meses"},"content":{"rendered":"<p><strong>Kit MD Plus Bio I Care My Hair para 3 Meses \u2013 Sistema Avanzado de Cuidado Capilar y Soporte del Cuero Cabelludo<\/strong><\/p>\n<p>El Kit MD Plus Bio I Care My Hair para 3 Meses es un sistema integral de cuidado capilar y soporte del cuero cabelludo, desarrollado para ayudar a reducir la ca\u00edda del cabello, favorecer un crecimiento capilar m\u00e1s saludable y mejorar el estado general del cuero cabelludo mediante una rutina continua de 3 meses.<br \/>Dise\u00f1ado para hombres y mujeres que experimentan adelgazamiento capilar, debilitamiento de la fibra capilar, ca\u00edda excesiva o desequilibrios del cuero cabelludo, este avanzado sistema combina cuidado diario del cuero cabelludo, soporte nutricional, tratamiento intensivo de los fol\u00edculos y tecnolog\u00eda de absorci\u00f3n asistida mediante microneedling. <\/p>\n<p>A diferencia de los programas de recuperaci\u00f3n posteriores a un trasplante capilar, este kit est\u00e1 dise\u00f1ado como una rutina de mantenimiento capilar a largo plazo y soporte del cuero cabelludo para quienes desean fortalecer el cabello debilitado, mejorar el estado del cuero cabelludo y favorecer un crecimiento capilar m\u00e1s saludable, con un aspecto m\u00e1s denso y con mayor volumen.<\/p>\n<p>El sistema combina ingredientes activos galardonados como Capixyl\u2122, Redensyl\u00ae, Procapil\u2122, biotina, factores de crecimiento, Sodium DNA (S.DNA), amino\u00e1cidos, queratina, col\u00e1geno, extractos bot\u00e1nicos, vitaminas y c\u00e9lulas madre vegetales, que act\u00faan de forma sin\u00e9rgica para apoyar el equilibrio del microbioma del cuero cabelludo, la vitalidad de los fol\u00edculos, la resistencia de la fibra capilar y ciclos de crecimiento capilar m\u00e1s saludables.<\/p>\n<p>La combinaci\u00f3n del Hair Complex Meso Serum con el Micro-Needle Dermaroller ayuda a estimular el cuero cabelludo y a mejorar la absorci\u00f3n de ingredientes activos concentrados directamente en el cuero cabelludo.<\/p>\n<p><strong>Esta avanzada rutina de soporte capilar de 3 meses ayuda a:<\/strong><\/p>\n<p>\u2022 Reducir la ca\u00edda excesiva del cabello<br \/>\n\u2022 Favorecer ciclos de crecimiento capilar m\u00e1s saludables<br \/>\n\u2022 Mejorar la hidrataci\u00f3n y el confort del cuero cabelludo<br \/>\n\u2022 Apoyar la vitalidad y el anclaje de los fol\u00edculos<br \/>\n\u2022 Fortalecer las fibras capilares d\u00e9biles y con tendencia al afinamiento<br \/>\n\u2022 Apoyar la renovaci\u00f3n del cuero cabelludo y el equilibrio de la barrera cut\u00e1nea<br \/>\n\u2022 Promover un cabello con aspecto m\u00e1s denso, abundante y saludable<br \/>\n\u2022 Favorecer el mantenimiento capilar y del cuero cabelludo a largo plazo<\/p>\n<p><strong>El kit incluye:<\/strong><\/p>\n<p>\u2022 4 \u00d7 100 ml (3,38 fl. oz) Champ\u00fa Reparador Capilar<br \/>\n\u2022 3 \u00d7 60 ml (2,02 fl. oz) S\u00e9rum Reparador Capilar<br \/>\n\u2022 3 \u00d7 60 comprimidos MD Plus Bio GF Hair Multivitamin \u2013 Biotina 5000 mcg<br \/>\n\u2022 5 \u00d7 6 ml Hair Complex Meso Serum<br \/>\n\u2022 1 \u00d7 Dermaroller con microagujas<\/p>\n<p><strong>El complejo activo avanzado incluye:<\/strong><\/p>\n<p>\u2022 Capixyl\u2122 \u2013 complejo pept\u00eddico dise\u00f1ado para apoyar el anclaje de los fol\u00edculos y reducir la ca\u00edda<br \/>\n\u2022 Redensyl\u00ae \u2013 favorece ciclos de crecimiento capilar m\u00e1s saludables y la actividad de las c\u00e9lulas madre capilares<br \/>\n\u2022 Procapil\u2122 \u2013 apoya la microcirculaci\u00f3n del cuero cabelludo y la vitalidad de los fol\u00edculos<br \/>\n\u2022 Biotina (Vitamina B7) \u2013 contribuye a la producci\u00f3n de queratina y al soporte de la estructura capilar<br \/>\n\u2022 Sodium DNA (S.DNA) \u2013 apoya la reparaci\u00f3n y regeneraci\u00f3n del cuero cabelludo<br \/>\n\u2022 Queratina y Col\u00e1geno \u2013 ayudan a fortalecer la fibra capilar y mejorar su resistencia<br \/>\n\u2022 Saw Palmetto \u2013 soporte bot\u00e1nico asociado al equilibrio del cuero cabelludo y de los fol\u00edculos<br \/>\n\u2022 Complejo de Amino\u00e1cidos \u2013 apoya la nutrici\u00f3n del cuero cabelludo y la integridad de la fibra capilar<br \/>\n\u2022 Aloe Vera y Pantenol \u2013 favorecen la hidrataci\u00f3n y el confort del cuero cabelludo<br \/>\n\u2022 Factores de Crecimiento y C\u00e9lulas Madre Vegetales \u2013 apoyan la renovaci\u00f3n del cuero cabelludo y la vitalidad folicular<\/p>\n<p>El Kit MD Plus Bio I Care My Hair para 3 Meses ofrece una rutina completa de soporte capilar basada en la ciencia, dise\u00f1ada para ayudar a mantener un cabello con aspecto m\u00e1s saludable, denso, fuerte y resistente con el paso del tiempo.<\/p>\n<p><strong>Por qu\u00e9 el Dermaroller es importante junto con el Hair Complex Meso Serum<\/strong><\/p>\n<p>El Dermaroller con microagujas se incluye para apoyar la eficacia del Hair Complex Meso Serum. Sus microagujas crean microcanales controlados en la superficie del cuero cabelludo, ayudando a que los ingredientes activos concentrados penetren de forma m\u00e1s eficaz en el cuero cabelludo. <\/p>\n<p><strong>Utilizados conjuntamente, el dermaroller y el meso serum ayudan a apoyar:<\/strong><\/p>\n<p>\u2022 Mejor absorci\u00f3n de los ingredientes activos<br \/>\n\u2022 Mejor estimulaci\u00f3n del cuero cabelludo<br \/>\n\u2022 Aumento de la circulaci\u00f3n sangu\u00ednea en las zonas espec\u00edficas<br \/>\n\u2022 Mejor aporte de nutrientes a los fol\u00edculos pilosos<br \/>\n\u2022 Soporte para el cabello debilitado o con tendencia al afinamiento<br \/>\n\u2022 Un entorno del cuero cabelludo m\u00e1s saludable para un cabello con aspecto m\u00e1s fuerte<\/p>\n<p>El Hair Complex Meso Serum contiene activos concentrados como Capixyl\u2122, Redensyl\u00ae, Procapil\u2122, biotina, Sodium DNA, factores de crecimiento, c\u00e9lulas madre vegetales, queratina, Saw Palmetto y amino\u00e1cidos. El dermaroller ayuda a que estos ingredientes lleguen al cuero cabelludo de forma m\u00e1s eficiente, convirti\u00e9ndolo en una parte importante de la rutina de tratamiento intensivo. <\/p>\n","protected":false},"excerpt":{"rendered":"<ul>\n<li>4 x 100 Ml ( 3,38 fl. oz) Champ\u00fa Reparador del Cabello,<\/li>\n<li>3 x 60 Ml (2,02 fl. oz) S\u00e9rum Capilar Reparador,<\/li>\n<li>3 x 60 Complementos Alimenticios &#8211; Biotina 5000 MCG,<\/li>\n<li>5 x 6 Ml S\u00e9rum Meso,<\/li>\n<li>1 Rodillo Dermatol\u00f3gico de Microagujas,<\/li>\n<li>Aprobado cl\u00ednicamente y por la FDA<\/li>\n<li>Experimenta un sistema de cuidado capilar basado en la ciencia, dise\u00f1ado para apoyar el cuero cabelludo y fortalecer el nuevo cabello despu\u00e9s del trasplante.<\/li>\n<li>El paquete <strong data-start=\"1380\" data-end=\"1406\">I Care My Hair <\/strong>incluye una potente combinaci\u00f3n de champ\u00fa, s\u00e9rum y complejo vitam\u00ednico, formulada con biotina, queratina y estimulantes naturales del crecimiento.<\/li>\n<li>Cada producto act\u00faa de forma sin\u00e9rgica para reducir la inflamaci\u00f3n, estimular la circulaci\u00f3n sangu\u00ednea y promover una densidad duradera.<\/li>\n<li>Ya sea que te hayas sometido a un trasplante capilar o que simplemente quieras prevenir una mayor ca\u00edda del cabello, esta rutina diaria proporciona al cuero cabelludo todo lo que necesita para su renovaci\u00f3n y protecci\u00f3n.<\/li>\n<li>El set incluye ingredientes activos galardonados como Capixyl, Redensyl y Procapil, que trabajan en conjunto para estimular el crecimiento capilar y reparar el da\u00f1o. Nuestra f\u00f3rmula est\u00e1 enriquecida con factores de crecimiento, vitaminas y extractos herbales esenciales que nutren los fol\u00edculos saludables y promueven la elongaci\u00f3n, resultando en un cabello m\u00e1s abundante y saludable. <\/li>\n<\/ul>\n","protected":false},"featured_media":5200,"comment_status":"open","ping_status":"closed","template":"","meta":{"_joinchat":[]},"product_brand":[],"product_cat":[69,66,67],"product_tag":[],"class_list":{"0":"post-1153","1":"product","2":"type-product","3":"status-publish","4":"has-post-thumbnail","6":"product_cat-conjuntos","7":"product_cat-despues-del-trasplante-de-cabello","8":"product_cat-todos-los-productos","10":"first","11":"instock","12":"taxable","13":"shipping-taxable","14":"purchasable","15":"product-type-simple"},"acf":[],"_links":{"self":[{"href":"https:\/\/mdplusbio.com\/es\/wp-json\/wp\/v2\/product\/1153","targetHints":{"allow":["GET"]}}],"collection":[{"href":"https:\/\/mdplusbio.com\/es\/wp-json\/wp\/v2\/product"}],"about":[{"href":"https:\/\/mdplusbio.com\/es\/wp-json\/wp\/v2\/types\/product"}],"replies":[{"embeddable":true,"href":"https:\/\/mdplusbio.com\/es\/wp-json\/wp\/v2\/comments?post=1153"}],"wp:featuredmedia":[{"embeddable":true,"href":"https:\/\/mdplusbio.com\/es\/wp-json\/wp\/v2\/media\/5200"}],"wp:attachment":[{"href":"https:\/\/mdplusbio.com\/es\/wp-json\/wp\/v2\/media?parent=1153"}],"wp:term":[{"taxonomy":"product_brand","embeddable":true,"href":"https:\/\/mdplusbio.com\/es\/wp-json\/wp\/v2\/product_brand?post=1153"},{"taxonomy":"product_cat","embeddable":true,"href":"https:\/\/mdplusbio.com\/es\/wp-json\/wp\/v2\/product_cat?post=1153"},{"taxonomy":"product_tag","embeddable":true,"href":"https:\/\/mdplusbio.com\/es\/wp-json\/wp\/v2\/product_tag?post=1153"}],"curies":[{"name":"wp","href":"https:\/\/api.w.org\/{rel}","templated":true}]}}