{"id":1903,"date":"2024-12-19T06:34:03","date_gmt":"2024-12-19T03:34:03","guid":{"rendered":"https:\/\/mdplusbio.com\/terms-conditions\/"},"modified":"2025-03-05T14:25:29","modified_gmt":"2025-03-05T11:25:29","slug":"terms-and-conditions","status":"publish","type":"page","link":"https:\/\/mdplusbio.com\/es\/terms-and-conditions\/","title":{"rendered":"T\u00e9rminos y Condiciones"},"content":{"rendered":"\t\t<div data-elementor-type=\"wp-page\" data-elementor-id=\"1903\" class=\"elementor elementor-1903 elementor-1891\" data-elementor-post-type=\"page\">\n\t\t\t\t<div class=\"elementor-element elementor-element-3c2f8a5 e-flex e-con-boxed e-con e-parent\" data-id=\"3c2f8a5\" data-element_type=\"container\">\n\t\t\t\t\t<div class=\"e-con-inner\">\n\t\t\t\t<div class=\"elementor-element elementor-element-f99c6c7 elementor-widget elementor-widget-heading\" data-id=\"f99c6c7\" data-element_type=\"widget\" data-widget_type=\"heading.default\">\n\t\t\t\t<div class=\"elementor-widget-container\">\n\t\t\t\t\t<h2 class=\"elementor-heading-title elementor-size-default\"><div><span>T\u00e9rminos y Condiciones<\/span><span><\/span><\/div><\/h2>\t\t\t\t<\/div>\n\t\t\t\t<\/div>\n\t\t\t\t\t<\/div>\n\t\t\t\t<\/div>\n\t\t<div class=\"elementor-element elementor-element-5e38413 e-flex e-con-boxed e-con e-parent\" data-id=\"5e38413\" data-element_type=\"container\">\n\t\t\t\t\t<div class=\"e-con-inner\">\n\t\t\t\t<div class=\"elementor-element elementor-element-ce8850d elementor-widget elementor-widget-text-editor\" data-id=\"ce8850d\" data-element_type=\"widget\" data-widget_type=\"text-editor.default\">\n\t\t\t\t<div class=\"elementor-widget-container\">\n\t\t\t\t\t\t\t\t\t<p style=\"margin-bottom: 1.5rem; position: relative; color: #7e7e7e; font-family: Urbanist; font-size: 15px;\">\n<\/p><p style=\"margin-bottom: 1.5rem; position: relative; color: #7e7e7e; font-family: Urbanist; font-size: 15px;\">La informaci\u00f3n de este sitio web se le ofrece en base a las siguientes condiciones y su aceptaci\u00f3n de las mismas.&nbsp;<br>No puede copiar, modificar, distribuir, transmitir, publicar, realizar, reproducir, mostrar, licenciar, crear trabajos derivados, transferir o vender cualquier informaci\u00f3n de este sitio web.&nbsp;Se le permite mostrar, copiar electr\u00f3nicamente, descargar e imprimir copias en papel de partes del material de las diferentes \u00e1reas del sitio solo para su propio uso no comercial, o para realizar un pedido con MDPLUSBIO o para comprar productos de MDPLUSBIO. Cualquier otro uso de texto escrito que est\u00e9 protegido por marca registrada y el uso de fotos en este sitio web, incluyendo pero no limitado a la modificaci\u00f3n, reproducci\u00f3n, distribuci\u00f3n, republicaci\u00f3n, visualizaci\u00f3n o transmisi\u00f3n de contenido de este sitio, sin el permiso previo por escrito de MDPLUSBIO est\u00e1 estrictamente prohibido. <\/p>\n<p style=\"margin-bottom: 1.5rem; position: relative; color: #7e7e7e; font-family: Urbanist; font-size: 15px;\"><span style=\"font-weight: bolder;\">T\u00e9rminos y precios del acuerdo por escrito<\/span><\/p>\n<p style=\"margin-bottom: 1.5rem; position: relative; color: #7e7e7e; font-family: Urbanist; font-size: 15px;\">Puede haber una diferencia entre la informaci\u00f3n de precios y los precios proporcionados en el sitio web y la informaci\u00f3n de precios y los precios contenidos en los acuerdos escritos. Todas las partes de los acuerdos escritos son responsables de cumplir con todos los t\u00e9rminos y precios de dichos acuerdos. <\/p><p style=\"margin-bottom: 1.5rem; position: relative; color: #7e7e7e; font-family: Urbanist; font-size: 15px;\">Pueden aplicarse derechos de aduana seg\u00fan la regi\u00f3n en la que resida. Es su responsabilidad pagar estos derechos. <\/p>\n<p style=\"margin-bottom: 1.5rem; position: relative; color: #7e7e7e; font-family: Urbanist; font-size: 15px;\"><span style=\"font-weight: bolder;\">Procesando Orden<\/span><\/p>\n<p style=\"margin-bottom: 1.5rem; position: relative; color: #7e7e7e; font-family: Urbanist; font-size: 15px;\">El horario comercial normal es de 9:00 a. m. a 7:00 p. m., hora est\u00e1ndar central, en d\u00edas h\u00e1biles (excepto los d\u00edas festivos nacionales de TURQU\u00cdA). Se har\u00e1 todo lo posible para enviar los pedidos dentro de las 24 horas posteriores a la notificaci\u00f3n de la colocaci\u00f3n del pedido a MDPLUSBIO. Los pedidos realizados despu\u00e9s de las 7 p. m. y antes de las 9 a. m., o los fines de semana, se procesar\u00e1n el siguiente d\u00eda h\u00e1bil. MDPLUSBIO depende de otros proveedores para proporcionar ciertos ingredientes de componentes espec\u00edficos utilizados en la fabricaci\u00f3n de productos. MDPLUSBIO no ser\u00e1 responsable de enviar los pedidos a los clientes dentro de las 24 horas si MDPLUSBIO est\u00e1 esperando que los ingredientes componentes se transporten a MDPLUSBIO para utilizarlos en la fabricaci\u00f3n de los productos incluidos en los pedidos de los clientes. En tales casos, la entrega se realizar\u00e1 a los clientes lo m\u00e1s r\u00e1pido posible despu\u00e9s de la entrega de los ingredientes necesarios a MDPLUSBIO y la elaboraci\u00f3n de los productos que el cliente solicit\u00f3.     <\/p>\n<p style=\"margin-bottom: 1.5rem; position: relative; color: #7e7e7e; font-family: Urbanist; font-size: 15px;\"><span style=\"font-weight: bolder;\">Declaraci\u00f3n de tiempo de inactividad<\/span><\/p>\n<p style=\"margin-bottom: 1.5rem; position: relative; color: #7e7e7e; font-family: Urbanist; font-size: 15px;\">La disponibilidad del sitio web puede estar sujeta a un tiempo de inactividad impredecible causado por el mantenimiento y procesamiento del sistema. MDPLUSBIO no se hace responsable de los pedidos realizados durante el tiempo de inactividad del sistema, o de la demora en la entrega durante el tiempo de inactividad del sistema. El tiempo de inactividad del sistema incluye el tiempo de inactividad de los sistemas en el control de MDPLUSBIO, as\u00ed como el tiempo de inactividad de los sistemas en el control de otros.  <\/p>\n<p style=\"margin-bottom: 1.5rem; position: relative; color: #7e7e7e; font-family: Urbanist; font-size: 15px;\"><span style=\"font-weight: bolder;\">Derechos de autor y marcas registradas<\/span><\/p>\n<p style=\"margin-bottom: 1.5rem; position: relative; color: #7e7e7e; font-family: Urbanist; font-size: 15px;\">Todo el contenido (texto, interfaces, c\u00f3digo y selecci\u00f3n de arreglos, fotos, gr\u00e1ficos, dise\u00f1o) est\u00e1 protegido por derechos de autor como un trabajo colectivo bajo la Rep\u00fablica de Turqu\u00eda y otras leyes de derechos de autor, y es propiedad de MDPLUSBIO o Hasan Icen.<\/p>\n<p style=\"margin-bottom: 1.5rem; position: relative; color: #7e7e7e; font-family: Urbanist; font-size: 15px;\"><span style=\"font-weight: bolder;\">Errores tipogr\u00e1ficos\/Errores<\/span><\/p>\n<p style=\"margin-bottom: 1.5rem; position: relative; color: #7e7e7e; font-family: Urbanist; font-size: 15px;\">En caso de que un producto\/material o servicio de MDPLUSBIO tenga un precio incorrecto debido a un error tipogr\u00e1fico o a un error en la informaci\u00f3n de precios recibida de nuestros proveedores, MDPLUSBIO (La COMPA\u00d1\u00cdA) tiene el derecho de rechazar o cancelar cualquier pedido realizado para un producto o servicio enumerado. al precio incorrecto. MDPLUSBIO no se hace responsable de los errores tipogr\u00e1ficos. Si un pedido ha sido o no confirmado y cargado a su tarjeta de cr\u00e9dito, no cambiar\u00e1 la autoridad de MDPLUSBIO para rechazar o cancelar cualquier pedido. En el raro caso de que ya se haya cargado la compra en una tarjeta de cr\u00e9dito y su pedido sea cancelado, MDPLUSBIO emitir\u00e1 un cr\u00e9dito a su tarjeta de cr\u00e9dito o le reembolsar\u00e1 mediante cheque de la EMPRESA el monto del precio incorrecto.   <\/p>\n<p style=\"margin-bottom: 1.5rem; position: relative; color: #7e7e7e; font-family: Urbanist; font-size: 15px;\"><span style=\"font-weight: bolder;\">Terminaci\u00f3n<\/span><\/p>\n<p style=\"margin-bottom: 1.5rem; position: relative; color: #7e7e7e; font-family: Urbanist; font-size: 15px;\">Los usuarios\/visitantes\/clientes que acceden al sitio web y\/o completan el proceso de registro y compra\/compra en el sitio web dan como resultado que estos t\u00e9rminos y condiciones se apliquen a usted, y usted acepta estos T\u00e9rminos y condiciones al hacerlo. Cualquier cosa en este sitio web puede ser modificada\/cambiada o cancelada por MDPLUSBIO sin previo aviso en cualquier momento y por cualquier motivo. Las disposiciones relativas a derechos de autor y marcas registradas, descargo de responsabilidad, reclamos, limitaci\u00f3n de responsabilidad, indemnizaci\u00f3n, leyes aplicables, arbitraje y general sobrevivir\u00e1n a cualquier terminaci\u00f3n.  <\/p>\n<p style=\"margin-bottom: 1.5rem; position: relative; color: #7e7e7e; font-family: Urbanist; font-size: 15px;\"><span style=\"font-weight: bolder;\">Transacciones no v\u00e1lidas<\/span><\/p>\n<p style=\"margin-bottom: 1.5rem; position: relative; color: #7e7e7e; font-family: Urbanist; font-size: 15px;\">Es ilegal realizar transacciones con tarjetas de cr\u00e9dito no v\u00e1lidas y\/u \u00f3rdenes de compra que no sean v\u00e1lidas.<\/p>\n<p style=\"margin-bottom: 1.5rem; position: relative; color: #7e7e7e; font-family: Urbanist; font-size: 15px;\"><span style=\"font-weight: bolder;\">Participaci\u00f3n del usuario<\/span><\/p>\n<p style=\"margin-bottom: 1.5rem; position: relative; color: #7e7e7e; font-family: Urbanist; font-size: 15px;\">MDPLUSBIO no es de NINGUNA MANERA responsable por todo el contenido de las comunicaciones y materiales publicados o creados por los usuarios en el sitio web. MDPLUSBIO s\u00ed tiene derecho a bloquear y eliminar comunicaciones o materiales que determine que son: 1). abusivo, difamatorio u obsceno; 2). enga\u00f1oso, fraudulento, enga\u00f1oso; 3). en violaci\u00f3n de una marca registrada, derechos de autor; u otro derecho de propiedad intelectual de otro o; 4). en violaci\u00f3n de cualquier ley o reglamento; 5). ofensivo o inaceptable para MDPLUSBIO de acuerdo con la Declaraci\u00f3n de privacidad de MDPLUSBIO.      <\/p>\n<p style=\"margin-bottom: 1.5rem; position: relative; color: #7e7e7e; font-family: Urbanist; font-size: 15px;\"><span style=\"font-weight: bolder;\">Env\u00edos de usuarios<\/span><\/p>\n<p style=\"margin-bottom: 1.5rem; position: relative; color: #7e7e7e; font-family: Urbanist; font-size: 15px;\">La informaci\u00f3n que podemos recopilar de usted se enumera bajo las pautas establecidas en nuestra Pol\u00edtica de privacidad, cualquier material, informaci\u00f3n u otra comunicaci\u00f3n que transmita, cargue o publique en el sitio web (\u201cComunicaciones\u201d) se considerar\u00e1, no confidencial y no confidencial. propiedad. MDPLUSBIO no tendr\u00e1 obligaciones con respecto a las Comunicaciones. MDPLUSBIO y sus designados tendr\u00e1n la libertad de copiar, divulgar, distribuir, incorporar y utilizar las Comunicaciones y todos los datos, im\u00e1genes, sonidos, textos y otros elementos incorporados en las mismas para todos y cada uno de los fines comerciales y no comerciales.  <\/p>\n<p style=\"margin-bottom: 1.5rem; position: relative; color: #7e7e7e; font-family: Urbanist; font-size: 15px;\"><span style=\"font-weight: bolder;\">Enlaces de terceros<\/span><\/p>\n<p style=\"margin-bottom: 1.5rem; position: relative; color: #7e7e7e; font-family: Urbanist; font-size: 15px;\">El sitio web de MDPLUSBIO puede contener enlaces a otros sitios en Internet que son propiedad y est\u00e1n operados por terceros. &nbsp;MDPLUSBIO no tiene control sobre estos sitios enlazados en Internet, todos los cuales tienen sus propias pr\u00e1cticas separadas de privacidad y recopilaci\u00f3n de datos, independientes de MDPLUSBIO. MDPLUSBIO&nbsp;no tiene responsabilidad ni obligaci\u00f3n por estas pol\u00edticas o acciones independientes y no es responsable de las pr\u00e1cticas de privacidad ni del contenido de tales sitios web. <\/p>\n<p style=\"margin-bottom: 1.5rem; position: relative; color: #7e7e7e; font-family: Urbanist; font-size: 15px;\"><span style=\"font-weight: bolder;\">Reclamaci\u00f3n<\/span><\/p>\n<p style=\"margin-bottom: 1.5rem; position: relative; color: #7e7e7e; font-family: Urbanist; font-size: 15px;\">Las afirmaciones o afirmaciones o declaraciones sobre la eficacia de los productos MDPLUSBIO, incluidas todas las afirmaciones o declaraciones que comparan la eficacia de los productos\/o materiales de MDPLUSBIO con la eficacia de otros productos\/o materiales, se limitan expresamente a la Rep\u00fablica de Turqu\u00eda, a menos que se indique lo contrario en el Sitio.<\/p>\n<p style=\"margin-bottom: 1.5rem; position: relative; color: #7e7e7e; font-family: Urbanist; font-size: 15px;\"><span style=\"font-weight: bolder;\">Descargo de responsabilidad completo<\/span><\/p>\n<p style=\"margin-bottom: 1.5rem; position: relative; color: #7e7e7e; font-family: Urbanist; font-size: 15px;\">Las declaraciones en el sitio web no han sido evaluadas por la FDA, ni est\u00e1n obligadas a hacerlo. MDPLUSBIO y los ingredientes de sus productos, no est\u00e1n destinados a diagnosticar, tratar, cuidar o prevenir ninguna enfermedad. MDPLUSBIO no ofrece garant\u00edas ni representaciones sobre la precisi\u00f3n del contenido de este Sitio o el contenido de cualquier sitio u otros sitios vinculados a Internet a los que este sitio web pueda contener enlaces.  &nbsp;<br>TODO EL CONTENIDO EN ESTE SITIO SE PROPORCIONA \u201cTAL CUAL\u201d sin garant\u00edas de ning\u00fan tipo, ya sean expresas o impl\u00edcitas. En la m\u00e1xima medida permitida, MDPLUSBIO renuncia a todas las garant\u00edas de comerciabilidad e idoneidad para un prop\u00f3sito particular, no infracci\u00f3n y garant\u00edas que surjan del curso de la negociaci\u00f3n o el curso de la ejecuci\u00f3n. MDPLUSBIO no representa ni garantiza que las funciones contenidas en el Sitio ser\u00e1n ininterrumpidas o libres de errores, que los defectos ser\u00e1n corregidos o que este sitio del servidor que hace que el sitio est\u00e9 disponible est\u00e9 libre de virus u otros componentes da\u00f1inos. MDPLUSBIO no ofrece ninguna garant\u00eda o representaci\u00f3n con respecto al uso de los materiales en este sitio en t\u00e9rminos de su integridad, correcci\u00f3n, precisi\u00f3n, adecuaci\u00f3n, utilidad, oportunidad, confiabilidad o de otra manera. Es posible que las limitaciones anteriores no se apliquen a usted.    <\/p>\n<p style=\"margin-bottom: 1.5rem; position: relative; color: #7e7e7e; font-family: Urbanist; font-size: 15px;\"><span style=\"font-weight: bolder;\">LIMITACI\u00d3N DE RESPONSABILIDAD<\/span><\/p>\n<p style=\"margin-bottom: 1.5rem; position: relative; color: #7e7e7e; font-family: Urbanist; font-size: 15px;\">En ning\u00fan caso MDPLUSBIO ser\u00e1 responsable por da\u00f1os directos, indirectos, especiales, incidentales, ejemplares o consecuentes, o de cualquier tipo, incluso si MDPLUSBIO ha sido advertido previamente de la posibilidad de tales da\u00f1os, ya sea en una acci\u00f3n bajo contrato, negligencia , o cualquier otra teor\u00eda, que surja o est\u00e9 relacionada con el uso, la incapacidad de usar o el rendimiento de la informaci\u00f3n, los servicios, los productos y los materiales disponibles en este sitio. Estas limitaciones se aplicar\u00e1n a pesar de cualquier incumplimiento del prop\u00f3sito esencial de cualquier recurso limitado. Debido a que algunas jurisdicciones no permiten limitaciones sobre la duraci\u00f3n de una garant\u00eda impl\u00edcita, o la exclusi\u00f3n o limitaci\u00f3n de responsabilidad por da\u00f1os indirectos o incidentales, es posible que las limitaciones anteriores no se apliquen en su caso.  <\/p>\n<p style=\"margin-bottom: 1.5rem; position: relative; color: #7e7e7e; font-family: Urbanist; font-size: 15px;\"><span style=\"font-weight: bolder;\">INDEMNIZACI\u00d3N<\/span><\/p>\n<p style=\"margin-bottom: 1.5rem; position: relative; color: #7e7e7e; font-family: Urbanist; font-size: 15px;\">Usted acepta indemnizar, defender y eximir de responsabilidad a MDPLUSBIO, sus funcionarios, directores, empleados, agentes, otorgantes de licencias y proveedores (colectivamente, el \u201cProveedor\u201d) de todas las p\u00e9rdidas, gastos, da\u00f1os y costos, incluidos los honorarios razonables de abogados, que resulten de cualquier violaci\u00f3n de estos t\u00e9rminos y condiciones o cualquier actividad relacionada con su cuenta de Internet (incluida la conducta negligente o il\u00edcita), por parte de usted o cualquier otra persona que acceda al Sitio utilizando su cuenta de Internet.<\/p>\n<p style=\"margin-bottom: 1.5rem; position: relative; color: #7e7e7e; font-family: Urbanist; font-size: 15px;\"><span style=\"font-weight: bolder;\">Arbitraje<\/span><\/p>\n<p style=\"margin-bottom: 1.5rem; position: relative; color: #7e7e7e; font-family: Urbanist; font-size: 15px;\">Al usar este Sitio, usted acepta que MDPLUSBIO, a su exclusivo criterio, puede solicitarle que presente cualquier disputa que surja del uso de este Sitio, o estos T\u00e9rminos y Condiciones con respecto o, incluidas las disputas que surjan de o con respecto a su interpretaci\u00f3n, violaci\u00f3n, nulidad, invalidez, incumplimiento o rescisi\u00f3n, as\u00ed como disputas sobre la presentaci\u00f3n de lagunas en este contrato o su adaptaci\u00f3n a nuevas circunstancias surgidas, a arbitraje final y vinculante bajo la Asociaci\u00f3n Americana de Arbitraje y sus reglas bajo las Reglas Internacionales de Arbitraje, por uno o m\u00e1s \u00e1rbitros designados de acuerdo con dichas Reglas. No obstante estas reglas, sin embargo, dicho procedimiento se regir\u00e1 por las leyes del Estado de Texas seg\u00fan se establece en la secci\u00f3n anterior \u201cLeyes aplicables y arbitraje\u201d. &nbsp;<br>En virtud de esta cl\u00e1usula, cualquier laudo en un arbitraje se limitar\u00e1 a da\u00f1os monetarios y no incluir\u00e1 ninguna orden judicial o instrucci\u00f3n a ninguna de las partes que no sea la orden de pagar una cantidad monetaria. Adem\u00e1s, los \u00e1rbitros no tendr\u00e1n autoridad para otorgar da\u00f1os punitivos, consecuentes o de otro tipo que no se midan por los da\u00f1os reales de la parte vencedora en cualquier arbitraje iniciado en virtud de esta secci\u00f3n, excepto seg\u00fan lo exija la ley. <\/p>\n<p style=\"margin-bottom: 1.5rem; position: relative; color: #7e7e7e; font-family: Urbanist; font-size: 15px;\"><span style=\"font-weight: bolder;\">Nuestra direcci\u00f3n :&nbsp;<\/span><\/p>\n<p style=\"margin-bottom: 1.5rem; position: relative; color: #7e7e7e; font-family: Urbanist; font-size: 15px;\"><span style=\"font-weight: bolder;\">GDZ SA\u011eLIK VE G\u00dcZELL\u0130K H\u0130ZMETLER\u0130 LTD.\u015eT\u0130.<\/span><\/p>\n<p style=\"margin-bottom: 1.5rem; position: relative; color: #7e7e7e; font-family: Urbanist; font-size: 15px;\">MERKEZ MAH. \u0130ST\u0130KLAL SK. NO:11 \u0130\u00c7 KAPI NO:2 \u015e\u0130\u015eL\u0130  <\/p>\n<p style=\"margin-bottom: 1.5rem; position: relative; color: #7e7e7e; font-family: Urbanist; font-size: 15px;\">MDPLUSBIO y los desarrolladores de sitios web que trabajan en su nombre tienen derecho a cambiar el contenido del sitio web, incluidos estos t\u00e9rminos y condiciones. MDPLUSBIO tiene la responsabilidad de revisar los T\u00e9rminos y Condiciones con frecuencia y antes de concluir cualquier transacci\u00f3n, ya que estos T\u00e9rminos y Condiciones pueden cambiar sin previo aviso. <\/p>\n<h4 style=\"margin-top: 2rem; margin-bottom: 0.75rem; font-weight: var(--g5-h4-font-weight); line-height: var(--g5-h4-line-height); font-size: var(--g5-h4-font-size); font-family: Urbanist; letter-spacing: normal; position: relative;\">Descargo de responsabilidad<\/h4>\n<p style=\"margin-bottom: 1.5rem; position: relative; color: #7e7e7e; font-family: Urbanist; font-size: 15px;\">Las declaraciones anteriores y otras declaraciones hechas en este sitio web no han sido evaluadas por la FDA. El champ\u00fa&nbsp;<span style=\"font-weight: bolder;\">MDPLUSBIO<\/span>&nbsp;y los ingredientes en \u00e9l no est\u00e1n destinados a diagnosticar, tratar, curar ni prevenir ninguna enfermedad.<\/p>\n<p style=\"margin-bottom: 1.5rem; position: relative; color: #7e7e7e; font-family: Urbanist; font-size: 15px;\"><span style=\"font-weight: bolder;\">GDZ SA\u011eLIK VE G\u00dcZELL\u0130K H\u0130ZMETLER\u0130 LTD.\u015eT\u0130.<\/span>&nbsp;y los ingredientes de sus productos no est\u00e1n destinados a diagnosticar, tratar, cuidar o prevenir ninguna enfermedad.&nbsp;<span style=\"font-weight: bolder;\">GDZ SA\u011eLIK VE G\u00dcZELL\u0130K H\u0130ZMETLER\u0130 LTD.\u015eT\u0130.<\/span>&nbsp; no ofrece garant\u00edas ni representaciones sobre la exactitud del contenido de este sitio o el contenido de cualquier sitio o de otros sitios enlazados a Internet que este sitio pueda contener.<\/p>\n<p style=\"margin-bottom: 1.5rem; position: relative; color: #7e7e7e; font-family: Urbanist; font-size: 15px;\">TODO EL CONTENIDO EN\/EN ESTE SITIO SE PROPORCIONA &#8220;TAL CUAL&#8221; SIN GARANT\u00cdAS DE NING\u00daN TIPO, YA SEA EXPRESA O IMPL\u00cdCITA. EN LA MEDIDA M\u00c1XIMA PERMITIDA. &nbsp;<span style=\"font-weight: bolder;\">GDZ SA\u011eLIK VE G\u00dcZELL\u0130K H\u0130ZMETLER\u0130 LTD.\u015eT\u0130.<\/span>&nbsp;renuncia a todas las garant\u00edas de comerciabilidad y aptitud para un prop\u00f3sito particular, no infracci\u00f3n y garant\u00edas derivadas del curso de las negociaciones o del curso de ejecuci\u00f3n.<\/p>\n<p style=\"margin-bottom: 1.5rem; position: relative; color: #7e7e7e; font-family: Urbanist; font-size: 15px;\"><span style=\"font-weight: bolder;\">GDZ SA\u011eLIK VE G\u00dcZELL\u0130K H\u0130ZMETLER\u0130 LTD.\u015eT\u0130.<\/span>&nbsp;no representa ni garantiza que las funciones contenidas en el sitio estar\u00e1n ininterrumpidas o libres de errores, que los defectos ser\u00e1n corregidos, o que este sitio o el servidor que pone el sitio a disposici\u00f3n est\u00e9n libres de virus u otros componentes da\u00f1inos.<\/p>\n<p style=\"margin-bottom: 1.5rem; position: relative; color: #7e7e7e; font-family: Urbanist; font-size: 15px;\"><span style=\"font-weight: bolder;\">GDZ SA\u011eLIK VE G\u00dcZELL\u0130K H\u0130ZMETLER\u0130 LTD.\u015eT\u0130.<\/span>&nbsp;no hace garant\u00edas ni representaciones respecto al uso de los materiales en este sitio en cuanto a su integridad, correcci\u00f3n, exactitud, suficiencia, utilidad, puntualidad, fiabilidad o de otro tipo. Las limitaciones anteriores pueden no aplicarse a usted. <\/p>\t\t\t\t\t\t\t\t<\/div>\n\t\t\t\t<\/div>\n\t\t\t\t\t<\/div>\n\t\t\t\t<\/div>\n\t\t\t\t<\/div>\n\t\t","protected":false},"excerpt":{"rendered":"<p>T\u00e9rminos y Condiciones La informaci\u00f3n de este sitio web se le ofrece en base a las siguientes condiciones y su aceptaci\u00f3n de las mismas.&nbsp;No puede copiar, modificar, distribuir, transmitir, publicar, [&hellip;]<\/p>\n","protected":false},"author":2,"featured_media":0,"parent":0,"menu_order":0,"comment_status":"closed","ping_status":"closed","template":"","meta":{"_joinchat":[],"footnotes":""},"class_list":["post-1903","page","type-page","status-publish","hentry"],"acf":[],"_links":{"self":[{"href":"https:\/\/mdplusbio.com\/es\/wp-json\/wp\/v2\/pages\/1903","targetHints":{"allow":["GET"]}}],"collection":[{"href":"https:\/\/mdplusbio.com\/es\/wp-json\/wp\/v2\/pages"}],"about":[{"href":"https:\/\/mdplusbio.com\/es\/wp-json\/wp\/v2\/types\/page"}],"author":[{"embeddable":true,"href":"https:\/\/mdplusbio.com\/es\/wp-json\/wp\/v2\/users\/2"}],"replies":[{"embeddable":true,"href":"https:\/\/mdplusbio.com\/es\/wp-json\/wp\/v2\/comments?post=1903"}],"version-history":[{"count":0,"href":"https:\/\/mdplusbio.com\/es\/wp-json\/wp\/v2\/pages\/1903\/revisions"}],"wp:attachment":[{"href":"https:\/\/mdplusbio.com\/es\/wp-json\/wp\/v2\/media?parent=1903"}],"curies":[{"name":"wp","href":"https:\/\/api.w.org\/{rel}","templated":true}]}}