{"id":1706,"date":"2024-12-18T12:37:21","date_gmt":"2024-12-18T09:37:21","guid":{"rendered":"https:\/\/mdplusbio.com\/we-care\/"},"modified":"2026-02-06T13:47:15","modified_gmt":"2026-02-06T10:47:15","slug":"calidad","status":"publish","type":"page","link":"https:\/\/mdplusbio.com\/es\/calidad\/","title":{"rendered":"Calidad"},"content":{"rendered":"\t\t<div data-elementor-type=\"wp-page\" data-elementor-id=\"1706\" class=\"elementor elementor-1706 elementor-1696\" data-elementor-post-type=\"page\">\n\t\t\t\t<div class=\"elementor-element elementor-element-9665a07 e-flex e-con-boxed e-con e-parent\" data-id=\"9665a07\" data-element_type=\"container\">\n\t\t\t\t\t<div class=\"e-con-inner\">\n\t\t\t\t<div class=\"elementor-element elementor-element-a4ea830 elementor-widget elementor-widget-image\" data-id=\"a4ea830\" data-element_type=\"widget\" data-widget_type=\"image.default\">\n\t\t\t\t<div class=\"elementor-widget-container\">\n\t\t\t\t\t\t\t\t\t\t\t\t\t\t\t<img fetchpriority=\"high\" decoding=\"async\" width=\"1024\" height=\"569\" src=\"https:\/\/mdplusbio.com\/wp-content\/uploads\/2026\/02\/MD-BIO-PLUS-WE-CARE-IMAGE-ES-1-1024x569.webp\" class=\"attachment-large size-large wp-image-16271\" alt=\"MD BIO PLUS-WE CARE \u0130MAGE-ES (1)\" srcset=\"https:\/\/mdplusbio.com\/wp-content\/uploads\/2026\/02\/MD-BIO-PLUS-WE-CARE-IMAGE-ES-1-1024x569.webp 1024w, https:\/\/mdplusbio.com\/wp-content\/uploads\/2026\/02\/MD-BIO-PLUS-WE-CARE-IMAGE-ES-1-300x167.webp 300w, https:\/\/mdplusbio.com\/wp-content\/uploads\/2026\/02\/MD-BIO-PLUS-WE-CARE-IMAGE-ES-1-768x427.webp 768w, https:\/\/mdplusbio.com\/wp-content\/uploads\/2026\/02\/MD-BIO-PLUS-WE-CARE-IMAGE-ES-1-1536x854.webp 1536w, https:\/\/mdplusbio.com\/wp-content\/uploads\/2026\/02\/MD-BIO-PLUS-WE-CARE-IMAGE-ES-1-1140x634.webp 1140w, https:\/\/mdplusbio.com\/wp-content\/uploads\/2026\/02\/MD-BIO-PLUS-WE-CARE-IMAGE-ES-1-920x511.webp 920w, https:\/\/mdplusbio.com\/wp-content\/uploads\/2026\/02\/MD-BIO-PLUS-WE-CARE-IMAGE-ES-1-575x320.webp 575w, https:\/\/mdplusbio.com\/wp-content\/uploads\/2026\/02\/MD-BIO-PLUS-WE-CARE-IMAGE-ES-1-380x211.webp 380w, https:\/\/mdplusbio.com\/wp-content\/uploads\/2026\/02\/MD-BIO-PLUS-WE-CARE-IMAGE-ES-1-420x233.webp 420w, https:\/\/mdplusbio.com\/wp-content\/uploads\/2026\/02\/MD-BIO-PLUS-WE-CARE-IMAGE-ES-1-800x445.webp 800w, https:\/\/mdplusbio.com\/wp-content\/uploads\/2026\/02\/MD-BIO-PLUS-WE-CARE-IMAGE-ES-1-80x44.webp 80w, https:\/\/mdplusbio.com\/wp-content\/uploads\/2026\/02\/MD-BIO-PLUS-WE-CARE-IMAGE-ES-1.webp 1920w\" sizes=\"(max-width: 1024px) 100vw, 1024px\" \/>\t\t\t\t\t\t\t\t\t\t\t\t\t\t\t<\/div>\n\t\t\t\t<\/div>\n\t\t\t\t\t<\/div>\n\t\t\t\t<\/div>\n\t\t<div class=\"elementor-element elementor-element-9b46506 e-flex e-con-boxed e-con e-parent\" data-id=\"9b46506\" data-element_type=\"container\">\n\t\t\t\t\t<div class=\"e-con-inner\">\n\t\t\t\t<div class=\"elementor-element elementor-element-fb311d6 elementor-widget elementor-widget-image\" data-id=\"fb311d6\" data-element_type=\"widget\" data-widget_type=\"image.default\">\n\t\t\t\t<div class=\"elementor-widget-container\">\n\t\t\t\t\t\t\t\t\t\t\t\t\t\t\t<img decoding=\"async\" width=\"1000\" height=\"100\" src=\"https:\/\/mdplusbio.com\/wp-content\/uploads\/2024\/12\/Adsiz-tasarim-4-3.png\" class=\"attachment-large size-large wp-image-2123\" alt=\"\" srcset=\"https:\/\/mdplusbio.com\/wp-content\/uploads\/2024\/12\/Adsiz-tasarim-4-3.png 1000w, https:\/\/mdplusbio.com\/wp-content\/uploads\/2024\/12\/Adsiz-tasarim-4-3-300x30.png 300w, https:\/\/mdplusbio.com\/wp-content\/uploads\/2024\/12\/Adsiz-tasarim-4-3-768x77.png 768w, https:\/\/mdplusbio.com\/wp-content\/uploads\/2024\/12\/Adsiz-tasarim-4-3-920x92.png 920w, https:\/\/mdplusbio.com\/wp-content\/uploads\/2024\/12\/Adsiz-tasarim-4-3-575x58.png 575w, https:\/\/mdplusbio.com\/wp-content\/uploads\/2024\/12\/Adsiz-tasarim-4-3-380x38.png 380w, https:\/\/mdplusbio.com\/wp-content\/uploads\/2024\/12\/Adsiz-tasarim-4-3-420x42.png 420w, https:\/\/mdplusbio.com\/wp-content\/uploads\/2024\/12\/Adsiz-tasarim-4-3-800x80.png 800w, https:\/\/mdplusbio.com\/wp-content\/uploads\/2024\/12\/Adsiz-tasarim-4-3-80x8.png 80w\" sizes=\"(max-width: 1000px) 100vw, 1000px\" \/>\t\t\t\t\t\t\t\t\t\t\t\t\t\t\t<\/div>\n\t\t\t\t<\/div>\n\t\t\t\t\t<\/div>\n\t\t\t\t<\/div>\n\t\t<div class=\"elementor-element elementor-element-388e7eb e-flex e-con-boxed e-con e-parent\" data-id=\"388e7eb\" data-element_type=\"container\">\n\t\t\t\t\t<div class=\"e-con-inner\">\n\t\t\t\t<div class=\"elementor-element elementor-element-1a8df6a elementor-widget elementor-widget-text-editor\" data-id=\"1a8df6a\" data-element_type=\"widget\" data-widget_type=\"text-editor.default\">\n\t\t\t\t<div class=\"elementor-widget-container\">\n\t\t\t\t\t\t\t\t\t<p style=\"text-align: center;\">Tras haber obtenido los certificados <strong>ISO 9001, ISO 22000, ISO 22716, ISO 13485<\/strong>, as\u00ed como el certificado de <strong>Buenas Pr\u00e1cticas de Manufactura (BPF)<\/strong> otorgado por el Ministerio de Salud y por instituciones acreditadas, <strong>MD Plus Bio <\/strong>demuestra que fabrica conforme a los est\u00e1ndares internacionales, bajo condiciones modernas, higi\u00e9nicas y estrictamente controladas.<br>La producci\u00f3n se lleva a cabo en <strong>dos instalaciones independientes<\/strong>, dise\u00f1adas espec\u00edficamente para <strong>productos cosm\u00e9ticos<\/strong> y <strong>complementos alimenticios<\/strong>, garantizando el cumplimiento total de las normativas vigentes.<br>Para preservar la confianza de consumidores y socios comerciales, nuestra empresa aplica rigurosos <strong>procesos de control de calidad<\/strong>, que comienzan con la recepci\u00f3n de las materias primas y contin\u00faan durante <strong style=\"letter-spacing: 0px;\">todas las fases de producci\u00f3n, envasado y env\u00edo.<\/strong><\/p>\t\t\t\t\t\t\t\t<\/div>\n\t\t\t\t<\/div>\n\t\t\t\t\t<\/div>\n\t\t\t\t<\/div>\n\t\t<div class=\"elementor-element elementor-element-af3b982 e-flex e-con-boxed e-con e-parent\" data-id=\"af3b982\" data-element_type=\"container\">\n\t\t\t\t\t<div class=\"e-con-inner\">\n\t\t\t\t<div class=\"elementor-element elementor-element-a9b6a39 elementor-widget elementor-widget-text-editor\" data-id=\"a9b6a39\" data-element_type=\"widget\" data-widget_type=\"text-editor.default\">\n\t\t\t\t<div class=\"elementor-widget-container\">\n\t\t\t\t\t\t\t\t\t<p><img decoding=\"async\" class=\"aligncenter wp-image-16342 size-large\" src=\"https:\/\/mdplusbio.com\/wp-content\/uploads\/2026\/02\/MDBio-Banners_-Pillar-Pages-1-1024x575.webp\" alt=\"Calidad\" width=\"1024\" height=\"575\" srcset=\"https:\/\/mdplusbio.com\/wp-content\/uploads\/2026\/02\/MDBio-Banners_-Pillar-Pages-1-1024x575.webp 1024w, https:\/\/mdplusbio.com\/wp-content\/uploads\/2026\/02\/MDBio-Banners_-Pillar-Pages-1-300x168.webp 300w, https:\/\/mdplusbio.com\/wp-content\/uploads\/2026\/02\/MDBio-Banners_-Pillar-Pages-1-768x431.webp 768w, https:\/\/mdplusbio.com\/wp-content\/uploads\/2026\/02\/MDBio-Banners_-Pillar-Pages-1-1536x862.webp 1536w, https:\/\/mdplusbio.com\/wp-content\/uploads\/2026\/02\/MDBio-Banners_-Pillar-Pages-1-1140x640.webp 1140w, https:\/\/mdplusbio.com\/wp-content\/uploads\/2026\/02\/MDBio-Banners_-Pillar-Pages-1-920x517.webp 920w, https:\/\/mdplusbio.com\/wp-content\/uploads\/2026\/02\/MDBio-Banners_-Pillar-Pages-1-575x323.webp 575w, https:\/\/mdplusbio.com\/wp-content\/uploads\/2026\/02\/MDBio-Banners_-Pillar-Pages-1-380x213.webp 380w, https:\/\/mdplusbio.com\/wp-content\/uploads\/2026\/02\/MDBio-Banners_-Pillar-Pages-1-420x236.webp 420w, https:\/\/mdplusbio.com\/wp-content\/uploads\/2026\/02\/MDBio-Banners_-Pillar-Pages-1-800x449.webp 800w, https:\/\/mdplusbio.com\/wp-content\/uploads\/2026\/02\/MDBio-Banners_-Pillar-Pages-1-80x45.webp 80w, https:\/\/mdplusbio.com\/wp-content\/uploads\/2026\/02\/MDBio-Banners_-Pillar-Pages-1.webp 1585w\" sizes=\"(max-width: 1024px) 100vw, 1024px\" \/><\/p>\t\t\t\t\t\t\t\t<\/div>\n\t\t\t\t<\/div>\n\t\t\t\t\t<\/div>\n\t\t\t\t<\/div>\n\t\t<div class=\"elementor-element elementor-element-27b8753 e-flex e-con-boxed e-con e-parent\" data-id=\"27b8753\" data-element_type=\"container\">\n\t\t\t\t\t<div class=\"e-con-inner\">\n\t\t\t\t<div class=\"elementor-element elementor-element-6aa9a37 elementor-widget elementor-widget-text-editor\" data-id=\"6aa9a37\" data-element_type=\"widget\" data-widget_type=\"text-editor.default\">\n\t\t\t\t<div class=\"elementor-widget-container\">\n\t\t\t\t\t\t\t\t\t<div class=\"gel-heading gel-heading-style-01 text-left\" style=\"margin-right: auto; color: #7e7e7e; font-family: Urbanist; font-size: 15px;\"><h2 class=\"gel-heading-title gel-d27924d64b47706e143c5f73b1190a6d\" style=\"margin-top: 0px; margin-bottom: 0px; line-height: var(--g5-h2-line-height); font-size: 40px; letter-spacing: var(--g5-h2-letter-spacing); text-transform: var(--g5-h2-text-transform); font-weight: 700 !important; font-family: Urbanist !important; text-align: center;\">NOSOTROS TE CUIDAMOS<\/h2><\/div><div class=\"wpb_text_column wpb_content_element\" style=\"margin-bottom: 35px; color: #7e7e7e; font-family: Urbanist; font-size: 15px;\"><div class=\"wpb_wrapper\" style=\"margin-bottom: 0px;\"><h5 style=\"text-align: center;\">Como empresa plenamente comprometida con su actividad, <strong>MD Plus Bio<\/strong> desarrolla sus formulaciones en laboratorios avanzados, sin comprometer jam\u00e1s la calidad.<br>En nuestras formulaciones utilizamos exclusivamente<strong> materias primas de grado farmac\u00e9utico<\/strong>, activos especiales y extractos herbales que cumplen con los <strong>est\u00e1ndares europeos de calidad<\/strong>.<\/h5><h5 style=\"text-align: center;\">Cada producto se elabora a partir de ingredientes cuya <strong>eficacia y seguridad est\u00e1n respaldadas por estudios cl\u00ednicos<\/strong>, conforme a la normativa europea vigente. <\/h5><\/div><\/div>\t\t\t\t\t\t\t\t<\/div>\n\t\t\t\t<\/div>\n\t\t\t\t\t<\/div>\n\t\t\t\t<\/div>\n\t\t<div class=\"elementor-element elementor-element-6765027 e-flex e-con-boxed e-con e-parent\" data-id=\"6765027\" data-element_type=\"container\">\n\t\t\t\t\t<div class=\"e-con-inner\">\n\t\t<div class=\"elementor-element elementor-element-22dd20d e-con-full e-flex e-con e-child\" data-id=\"22dd20d\" data-element_type=\"container\">\n\t\t\t\t<div class=\"elementor-element elementor-element-d76b545 elementor-widget elementor-widget-text-editor\" data-id=\"d76b545\" data-element_type=\"widget\" data-widget_type=\"text-editor.default\">\n\t\t\t\t<div class=\"elementor-widget-container\">\n\t\t\t\t\t\t\t\t\t<h4 style=\"text-align: center;\"><strong>Innovaci\u00f3n continua en I+D, P&amp;D y Producci\u00f3n<\/strong><\/h4><p style=\"text-align: center;\">Nos complace ofrecer productos precisos, fiables y de alta calidad en las categor\u00edas de <strong>cosm\u00e9ticos <\/strong>y complementos alimenticios.<br>Gracias a un equipo abierto a la innovaci\u00f3n y en constante evoluci\u00f3n en las fases de I+D, P&amp;D y PRODUCCI\u00d3N, MD Plus Bio contin\u00faa desarrollando soluciones avanzadas orientadas a la salud capilar y el bienestar a largo plazo.<\/p><p style=\"text-align: center;\">Nuestro enfoque combina investigaci\u00f3n cient\u00edfica, tecnolog\u00eda moderna y protocolos de calidad estrictos para garantizar la consistencia y excelencia en cada lote de producci\u00f3n.<\/p>\t\t\t\t\t\t\t\t<\/div>\n\t\t\t\t<\/div>\n\t\t\t\t<\/div>\n\t\t<div class=\"elementor-element elementor-element-0f6e8f5 e-con-full e-flex e-con e-child\" data-id=\"0f6e8f5\" data-element_type=\"container\">\n\t\t\t\t<div class=\"elementor-element elementor-element-140829b elementor-widget elementor-widget-text-editor\" data-id=\"140829b\" data-element_type=\"widget\" data-widget_type=\"text-editor.default\">\n\t\t\t\t<div class=\"elementor-widget-container\">\n\t\t\t\t\t\t\t\t\t<h4 style=\"text-align: center;\"><strong>Capacidad de Formulaci\u00f3n Avanzada y Fabricaci\u00f3n Por Contrato<\/strong><\/h4><p style=\"text-align: center;\">El equipo de I+D de Elit Pharma se mantiene permanentemente actualizado con las \u00faltimas tendencias del sector cosm\u00e9tico, ampliando su l\u00ednea de productos con los <strong>activos m\u00e1s recientes <\/strong>y mejorando continuamente las formulaciones existentes.<\/p><p style=\"text-align: center;\">Como fabricante de una amplia gama de productos de <strong>fabricaci\u00f3n por contrato y marca blanca<\/strong>, <strong>MD Plus Bio <\/strong>ofrece a sus clientes la libertad de desarrollar una gran variedad de productos y f\u00f3rmulas personalizadas, gracias a su extenso portafolio de <strong>activos y extractos herbales.<\/strong><\/p>\t\t\t\t\t\t\t\t<\/div>\n\t\t\t\t<\/div>\n\t\t\t\t<\/div>\n\t\t\t\t\t<\/div>\n\t\t\t\t<\/div>\n\t\t<div class=\"elementor-element elementor-element-482ed83 e-grid e-con-boxed e-con e-parent\" data-id=\"482ed83\" data-element_type=\"container\">\n\t\t\t\t\t<div class=\"e-con-inner\">\n\t\t\t\t<div class=\"elementor-element elementor-element-3a1caf0 elementor-widget elementor-widget-text-editor\" data-id=\"3a1caf0\" data-element_type=\"widget\" data-widget_type=\"text-editor.default\">\n\t\t\t\t<div class=\"elementor-widget-container\">\n\t\t\t\t\t\t\t\t\t<h4 style=\"text-align: center;\"><strong>Sistema de Gesti\u00f3n de Calidad ISO<\/strong><\/h4><p style=\"text-align: center;\">El Sistema de Gesti\u00f3n de Calidad ISO permite garantizar que los productos y servicios cumplan criterios de calidad claramente definidos y que los procesos de producci\u00f3n se actualicen de forma continua para satisfacer las expectativas del usuario final.<br>M\u00e1s que certificar un producto concreto, el Certificado ISO demuestra la fiabilidad, trazabilidad y solidez del sistema de gesti\u00f3n de calidad de la empresa.<br>Las organizaciones certificadas mantienen los m\u00e1s altos est\u00e1ndares dentro de su categor\u00eda de producto y realizan mejoras constantes basadas en auditor\u00edas, controles y retroalimentaci\u00f3n de los clientes.<\/p><p style=\"text-align: center;\">Este sistema permite a MD Plus Bio supervisar todos los procesos, desde la compra de materias primas hasta la producci\u00f3n y comercializaci\u00f3n, evaluando adecuadamente las reclamaciones y comentarios de los clientes e integr\u00e1ndolos en los procesos productivos.<\/p>\t\t\t\t\t\t\t\t<\/div>\n\t\t\t\t<\/div>\n\t\t\t\t<div class=\"elementor-element elementor-element-4203b66 elementor-widget elementor-widget-text-editor\" data-id=\"4203b66\" data-element_type=\"widget\" data-widget_type=\"text-editor.default\">\n\t\t\t\t<div class=\"elementor-widget-container\">\n\t\t\t\t\t\t\t\t\t<h4 style=\"text-align: center;\"><strong>Buenas Pr\u00e1cticas de Manufactura (BPF)<\/strong><\/h4><p style=\"text-align: center;\">Las Buenas Pr\u00e1cticas de Manufactura (BPF) incluyen medidas preventivas relacionadas con las condiciones internas y externas, destinadas a prevenir o reducir el riesgo de contaminaci\u00f3n del producto.<br>Este enfoque es fundamental en la producci\u00f3n y distribuci\u00f3n de productos alimentarios y complementos, y abarca todas las etapas: <strong>materia prima, procesamiento, desarrollo del producto, producci\u00f3n, envasado, almacenamiento y distribuci\u00f3n.<\/strong><\/p><p style=\"text-align: center;\">Las BPF garantizan un funcionamiento profesional del personal, entornos controlados y una producci\u00f3n segura, fiable y eficaz.<br>Asimismo, regulan todos los aspectos de la empresa \u2014entorno, equipos, procesos, personal y materias primas\u2014 asegurando un control integral de la calidad y la seguridad.<\/p>\t\t\t\t\t\t\t\t<\/div>\n\t\t\t\t<\/div>\n\t\t\t\t\t<\/div>\n\t\t\t\t<\/div>\n\t\t<div class=\"elementor-element elementor-element-1483534 e-flex e-con-boxed e-con e-parent\" data-id=\"1483534\" data-element_type=\"container\">\n\t\t\t\t\t<div class=\"e-con-inner\">\n\t\t\t\t<div class=\"elementor-element elementor-element-8298853 elementor-widget elementor-widget-text-editor\" data-id=\"8298853\" data-element_type=\"widget\" data-widget_type=\"text-editor.default\">\n\t\t\t\t<div class=\"elementor-widget-container\">\n\t\t\t\t\t\t\t\t\t<p>La aprobaci\u00f3n de la FDA hace referencia al proceso regulatorio mediante el cual la Administraci\u00f3n de Alimentos y Medicamentos de los Estados Unidos eval\u00faa y autoriza la comercializaci\u00f3n de productos farmac\u00e9uticos, dispositivos m\u00e9dicos y determinadas categor\u00edas de productos.<br>Este proceso implica una evaluaci\u00f3n exhaustiva de datos cient\u00edficos, ensayos cl\u00ednicos, pr\u00e1cticas de fabricaci\u00f3n, etiquetado y perfiles de seguridad, con el fin de garantizar que los productos sean seguros, eficaces y correctamente etiquetados.<br>La autorizaci\u00f3n de la FDA indica que los beneficios del producto superan sus posibles riesgos y que cumple con los altos est\u00e1ndares de calidad exigidos para su comercializaci\u00f3n en los Estados Unidos, reflejando el compromiso de MD Plus Bio con la seguridad del consumidor y la preparaci\u00f3n para mercados internacionales. <\/p>\t\t\t\t\t\t\t\t<\/div>\n\t\t\t\t<\/div>\n\t\t\t\t\t<\/div>\n\t\t\t\t<\/div>\n\t\t<div class=\"elementor-element elementor-element-d5a10ef e-flex e-con-boxed e-con e-parent\" data-id=\"d5a10ef\" data-element_type=\"container\">\n\t\t\t\t\t<div class=\"e-con-inner\">\n\t\t\t\t<div class=\"elementor-element elementor-element-da76484 elementor-widget elementor-widget-heading\" data-id=\"da76484\" data-element_type=\"widget\" data-widget_type=\"heading.default\">\n\t\t\t\t<div class=\"elementor-widget-container\">\n\t\t\t\t\t<h2 class=\"elementor-heading-title elementor-size-default\">MILES DE CONSUMIDORES SATISFECHOS!<\/h2>\t\t\t\t<\/div>\n\t\t\t\t<\/div>\n\t\t\t\t\t<\/div>\n\t\t\t\t<\/div>\n\t\t<div class=\"elementor-element elementor-element-7652fd4 e-flex e-con-boxed e-con e-parent\" data-id=\"7652fd4\" data-element_type=\"container\">\n\t\t\t\t\t<div class=\"e-con-inner\">\n\t\t\t\t<div class=\"elementor-element elementor-element-ee938ce elementor-widget elementor-widget-image\" data-id=\"ee938ce\" data-element_type=\"widget\" data-widget_type=\"image.default\">\n\t\t\t\t<div class=\"elementor-widget-container\">\n\t\t\t\t\t\t\t\t\t\t\t\t\t\t\t<img loading=\"lazy\" decoding=\"async\" width=\"1024\" height=\"144\" src=\"https:\/\/mdplusbio.com\/wp-content\/uploads\/2024\/12\/Vector-Smart-Object-1024x144.png\" class=\"attachment-large size-large wp-image-1685\" alt=\"\" srcset=\"https:\/\/mdplusbio.com\/wp-content\/uploads\/2024\/12\/Vector-Smart-Object-1024x144.png 1024w, https:\/\/mdplusbio.com\/wp-content\/uploads\/2024\/12\/Vector-Smart-Object-300x42.png 300w, https:\/\/mdplusbio.com\/wp-content\/uploads\/2024\/12\/Vector-Smart-Object-768x108.png 768w, https:\/\/mdplusbio.com\/wp-content\/uploads\/2024\/12\/Vector-Smart-Object-1536x217.png 1536w, https:\/\/mdplusbio.com\/wp-content\/uploads\/2024\/12\/Vector-Smart-Object-1140x161.png 1140w, https:\/\/mdplusbio.com\/wp-content\/uploads\/2024\/12\/Vector-Smart-Object-920x130.png 920w, https:\/\/mdplusbio.com\/wp-content\/uploads\/2024\/12\/Vector-Smart-Object-575x81.png 575w, https:\/\/mdplusbio.com\/wp-content\/uploads\/2024\/12\/Vector-Smart-Object-380x54.png 380w, https:\/\/mdplusbio.com\/wp-content\/uploads\/2024\/12\/Vector-Smart-Object-420x59.png 420w, https:\/\/mdplusbio.com\/wp-content\/uploads\/2024\/12\/Vector-Smart-Object-800x113.png 800w, https:\/\/mdplusbio.com\/wp-content\/uploads\/2024\/12\/Vector-Smart-Object.png 1858w\" sizes=\"(max-width: 1024px) 100vw, 1024px\" \/>\t\t\t\t\t\t\t\t\t\t\t\t\t\t\t<\/div>\n\t\t\t\t<\/div>\n\t\t\t\t\t<\/div>\n\t\t\t\t<\/div>\n\t\t\t\t<\/div>\n\t\t","protected":false},"excerpt":{"rendered":"<p>Tras haber obtenido los certificados ISO 9001, ISO 22000, ISO 22716, ISO 13485, as\u00ed como el certificado de Buenas Pr\u00e1cticas de Manufactura (BPF) otorgado por el Ministerio de Salud y [&hellip;]<\/p>\n","protected":false},"author":2,"featured_media":0,"parent":0,"menu_order":0,"comment_status":"closed","ping_status":"closed","template":"","meta":{"_joinchat":[],"footnotes":""},"class_list":["post-1706","page","type-page","status-publish","hentry"],"acf":[],"_links":{"self":[{"href":"https:\/\/mdplusbio.com\/es\/wp-json\/wp\/v2\/pages\/1706","targetHints":{"allow":["GET"]}}],"collection":[{"href":"https:\/\/mdplusbio.com\/es\/wp-json\/wp\/v2\/pages"}],"about":[{"href":"https:\/\/mdplusbio.com\/es\/wp-json\/wp\/v2\/types\/page"}],"author":[{"embeddable":true,"href":"https:\/\/mdplusbio.com\/es\/wp-json\/wp\/v2\/users\/2"}],"replies":[{"embeddable":true,"href":"https:\/\/mdplusbio.com\/es\/wp-json\/wp\/v2\/comments?post=1706"}],"version-history":[{"count":0,"href":"https:\/\/mdplusbio.com\/es\/wp-json\/wp\/v2\/pages\/1706\/revisions"}],"wp:attachment":[{"href":"https:\/\/mdplusbio.com\/es\/wp-json\/wp\/v2\/media?parent=1706"}],"curies":[{"name":"wp","href":"https:\/\/api.w.org\/{rel}","templated":true}]}}