{"id":1373,"date":"2024-12-18T10:49:38","date_gmt":"2024-12-18T07:49:38","guid":{"rendered":"https:\/\/mdplusbio.com\/?page_id=1373"},"modified":"2025-01-16T11:03:27","modified_gmt":"2025-01-16T08:03:27","slug":"devolucion-y-reembolso","status":"publish","type":"page","link":"https:\/\/mdplusbio.com\/es\/devolucion-y-reembolso\/","title":{"rendered":"Devoluci\u00f3n y Reembolso"},"content":{"rendered":"\t\t<div data-elementor-type=\"wp-page\" data-elementor-id=\"1373\" class=\"elementor elementor-1373 elementor-11\" data-elementor-post-type=\"page\">\n\t\t\t\t<div class=\"elementor-element elementor-element-8f3a699 e-flex e-con-boxed e-con e-parent\" data-id=\"8f3a699\" data-element_type=\"container\">\n\t\t\t\t\t<div class=\"e-con-inner\">\n\t\t\t\t<div class=\"elementor-element elementor-element-b01672d elementor-widget elementor-widget-heading\" data-id=\"b01672d\" data-element_type=\"widget\" data-widget_type=\"heading.default\">\n\t\t\t\t<div class=\"elementor-widget-container\">\n\t\t\t\t\t<h2 class=\"elementor-heading-title elementor-size-default\">Devoluci\u00f3n y Reembolso<\/h2>\t\t\t\t<\/div>\n\t\t\t\t<\/div>\n\t\t\t\t\t<\/div>\n\t\t\t\t<\/div>\n\t\t<div class=\"elementor-element elementor-element-231eba4b e-flex e-con-boxed e-con e-parent\" data-id=\"231eba4b\" data-element_type=\"container\">\n\t\t\t\t\t<div class=\"e-con-inner\">\n\t\t\t\t<div class=\"elementor-element elementor-element-5e5786e2 elementor-widget elementor-widget-text-editor\" data-id=\"5e5786e2\" data-element_type=\"widget\" data-widget_type=\"text-editor.default\">\n\t\t\t\t<div class=\"elementor-widget-container\">\n\t\t\t\t\t\t\t\t\t<p>NO HABR\u00c1 DEVOLUCIONES O REEMBOLSOS SIN UN N\u00daMERO DE AUTORIZACI\u00d3N DE DEVOLUCI\u00d3N.<\/p><p>No hay reembolsos por productos MDPLUSBIO no comprados en este sitio web.<br \/>Despu\u00e9s de recibir un n\u00famero de autorizaci\u00f3n de devoluci\u00f3n, incl\u00fayalo en la etiqueta de env\u00edo junto con su nombre y el nombre comercial (si se trata de una compra comercial) en la caja de devoluci\u00f3n.<\/p><p>Volver a:<\/p><p>GDZ SA\u011eLIK VE G\u00dcZELL\u0130K H\u0130ZMETLER\u0130 LTD.\u015eT\u0130.<\/p><p>MERKEZ MAH. \u0130ST\u0130KLAL SK. NO:11 \u0130\u00c7 KAPI NO:2 \u015e\u0130\u015eL\u0130<\/p><p>Los productos MDPLUSBIO sin usar ni da\u00f1ar pueden devolverse dentro de los 15 d\u00edas (el d\u00eda uno (1) es el d\u00eda posterior a la fecha de env\u00edo desde MDPLUSBIO a su ubicaci\u00f3n) para obtener un reembolso completo, si no se us\u00f3 ning\u00fan material. Despu\u00e9s de 15 d\u00edas (d\u00eda uno (1), siendo un d\u00eda despu\u00e9s de que Nature\u2019s Loving Care (+) champ\u00fa\/acondicionador y gel de ba\u00f1o se enviaron a su ubicaci\u00f3n) los productos MDPLUSBIO sin usar y sin da\u00f1os que se devuelvan estar\u00e1n sujetos a una tarifa de reposici\u00f3n del 20% ( la tarifa de reposici\u00f3n es el precio de venta m\u00e1s impuestos). El costo de env\u00edo pagado por el comprador no est\u00e1 incluido en la tarifa de reposici\u00f3n del 20 %. No habr\u00e1 reembolsos despu\u00e9s de 16 d\u00edas de la fecha de env\u00edo al cliente\/comprador (el primer d\u00eda es el d\u00eda posterior a la fecha de env\u00edo al cliente\/comprador) y no hay reembolso en productos da\u00f1ados en el env\u00edo. No se reembolsan los gastos de env\u00edo\/flete de la devoluci\u00f3n En caso de reembolso, se emitir\u00e1 un cheque a nombre de la persona o empresa a la que se carg\u00f3 la compra.<br \/>El costo de cualquier MDPLUSBIO usado\/faltante se deducir\u00e1 de cualquier reembolso debido al cliente. Ejemplo: si la mitad de la botella se usa y se devuelve, espere que se le devuelva la mitad del precio de compra y la mitad de los impuestos pagados.<br \/>Esta Pol\u00edtica de devoluci\u00f3n y reembolso est\u00e1 sujeta a cambios sin previo aviso.<\/p>\t\t\t\t\t\t\t\t<\/div>\n\t\t\t\t<\/div>\n\t\t\t\t\t<\/div>\n\t\t\t\t<\/div>\n\t\t<div class=\"elementor-element elementor-element-9c1f677 e-flex e-con-boxed e-con e-parent\" data-id=\"9c1f677\" data-element_type=\"container\">\n\t\t\t\t\t<div class=\"e-con-inner\">\n\t\t\t\t<div class=\"elementor-element elementor-element-28c42a4 elementor-widget elementor-widget-spacer\" data-id=\"28c42a4\" data-element_type=\"widget\" data-widget_type=\"spacer.default\">\n\t\t\t\t<div class=\"elementor-widget-container\">\n\t\t\t\t\t\t\t<div class=\"elementor-spacer\">\n\t\t\t<div class=\"elementor-spacer-inner\"><\/div>\n\t\t<\/div>\n\t\t\t\t\t\t<\/div>\n\t\t\t\t<\/div>\n\t\t\t\t\t<\/div>\n\t\t\t\t<\/div>\n\t\t\t\t<\/div>\n\t\t","protected":false},"excerpt":{"rendered":"<p>Devoluci\u00f3n y Reembolso NO HABR\u00c1 DEVOLUCIONES O REEMBOLSOS SIN UN N\u00daMERO DE AUTORIZACI\u00d3N DE DEVOLUCI\u00d3N. No hay reembolsos por productos MDPLUSBIO no comprados en este sitio web.Despu\u00e9s de recibir un [&hellip;]<\/p>\n","protected":false},"author":1,"featured_media":0,"parent":0,"menu_order":0,"comment_status":"closed","ping_status":"closed","template":"","meta":{"_joinchat":[],"footnotes":""},"class_list":["post-1373","page","type-page","status-publish","hentry"],"acf":[],"_links":{"self":[{"href":"https:\/\/mdplusbio.com\/es\/wp-json\/wp\/v2\/pages\/1373","targetHints":{"allow":["GET"]}}],"collection":[{"href":"https:\/\/mdplusbio.com\/es\/wp-json\/wp\/v2\/pages"}],"about":[{"href":"https:\/\/mdplusbio.com\/es\/wp-json\/wp\/v2\/types\/page"}],"author":[{"embeddable":true,"href":"https:\/\/mdplusbio.com\/es\/wp-json\/wp\/v2\/users\/1"}],"replies":[{"embeddable":true,"href":"https:\/\/mdplusbio.com\/es\/wp-json\/wp\/v2\/comments?post=1373"}],"version-history":[{"count":0,"href":"https:\/\/mdplusbio.com\/es\/wp-json\/wp\/v2\/pages\/1373\/revisions"}],"wp:attachment":[{"href":"https:\/\/mdplusbio.com\/es\/wp-json\/wp\/v2\/media?parent=1373"}],"curies":[{"name":"wp","href":"https:\/\/api.w.org\/{rel}","templated":true}]}}