{"id":1080,"date":"2024-11-18T14:34:54","date_gmt":"2024-11-18T14:34:54","guid":{"rendered":"https:\/\/mdplusbio.com\/privacy-policy\/"},"modified":"2025-01-15T13:29:51","modified_gmt":"2025-01-15T13:29:51","slug":"politica-de-privacidad","status":"publish","type":"page","link":"https:\/\/mdplusbio.com\/es\/politica-de-privacidad\/","title":{"rendered":"Protecci\u00f3n de Datos Personales"},"content":{"rendered":"\t\t<div data-elementor-type=\"wp-page\" data-elementor-id=\"1080\" class=\"elementor elementor-1080 elementor-3\" data-elementor-post-type=\"page\">\n\t\t\t\t<div class=\"elementor-element elementor-element-769ccdf e-flex e-con-boxed e-con e-parent\" data-id=\"769ccdf\" data-element_type=\"container\">\n\t\t\t\t\t<div class=\"e-con-inner\">\n\t\t\t\t<div class=\"elementor-element elementor-element-8b1384b elementor-widget elementor-widget-heading\" data-id=\"8b1384b\" data-element_type=\"widget\" data-widget_type=\"heading.default\">\n\t\t\t\t<div class=\"elementor-widget-container\">\n\t\t\t\t\t<h2 class=\"elementor-heading-title elementor-size-default\">Politica de Privacidad<\/h2>\t\t\t\t<\/div>\n\t\t\t\t<\/div>\n\t\t\t\t\t<\/div>\n\t\t\t\t<\/div>\n\t\t<div class=\"elementor-element elementor-element-9047971 e-flex e-con-boxed e-con e-parent\" data-id=\"9047971\" data-element_type=\"container\">\n\t\t\t\t\t<div class=\"e-con-inner\">\n\t\t\t\t<div class=\"elementor-element elementor-element-a0d7402 elementor-widget elementor-widget-text-editor\" data-id=\"a0d7402\" data-element_type=\"widget\" data-widget_type=\"text-editor.default\">\n\t\t\t\t<div class=\"elementor-widget-container\">\n\t\t\t\t\t\t\t\t\t<p style=\"margin-bottom: 1.5rem; position: relative; color: #7e7e7e; font-family: Urbanist; font-size: 15px;\">COPYRIGHT \u00a9 2021 MDPLUSBIO<br>Todos los derechos reservados Todo el contenido incluido en este sitio, como texto, gr\u00e1ficos, logotipos, iconos de botones e im\u00e1genes, es propiedad de GDZ SA\u011eLIK VE G\u00dcZELL\u0130K H\u0130ZMETLER\u0130 LTD.\u015eT\u0130. o sus proveedores de contenido y protegido por TURQU\u00cdA y las leyes internacionales de derechos de autor.<\/p>\n<p style=\"margin-bottom: 1.5rem; position: relative; color: #7e7e7e; font-family: Urbanist; font-size: 15px;\">La compilaci\u00f3n de todo el contenido de este sitio es propiedad exclusiva de GDZ SA\u011eLIK VE G\u00dcZELL\u0130K H\u0130ZMETLER\u0130 LTD.\u015eT\u0130. y est\u00e1 protegida por las leyes turcas e internacionales de derechos de autor. El contenido de este sitio puede utilizarse como recurso de dise\u00f1o o de compra. Cualquier otro uso, incluyendo la reproducci\u00f3n, modificaci\u00f3n, distribuci\u00f3n, transmisi\u00f3n, republicaci\u00f3n o exhibici\u00f3n, del contenido de este sitio est\u00e1 estrictamente prohibido. MDPLUSBIO.com y otros gr\u00e1ficos, logotipos, im\u00e1genes y nombres de productos de MDPLUSBIO.com son marcas registradas y no registradas de GDZ SA\u011eLIK VE G\u00dcZELL\u0130K H\u0130ZMETLER\u0130 LTD.\u015eT\u0130.<\/p>\n<p style=\"margin-bottom: 1.5rem; position: relative; color: #7e7e7e; font-family: Urbanist; font-size: 15px;\">Todos los derechos reservados Las marcas comerciales de GDZ SA\u011eLIK VE G\u00dcZELL\u0130K H\u0130ZMETLER\u0130 LTD.\u015eT\u0130. no pueden utilizarse en relaci\u00f3n con ning\u00fan producto o servicio que no sea de GDZ SA\u011eLIK VE G\u00dcZELL\u0130K H\u0130ZMETLER\u0130 LTD.\u015eT\u0130.de cualquier forma que pueda causar confusi\u00f3n entre los clientes, o de cualquier forma que menosprecie o desacredite a GDZ SA\u011eLIK VE G\u00dcZELL\u0130K H\u0130ZMETLER\u0130 LTD.\u015eT\u0130. y\/o MDPLUSBIO.com o de cualquier otro modo sin el consentimiento expreso previo por escrito de GDZ SA\u011eLIK VE G\u00dcZELL\u0130K H\u0130ZMETLER\u0130 LTD.\u015eT\u0130. Este sitio o cualquier parte del mismo no podr\u00e1 reproducirse, duplicarse, copiarse, venderse, revenderse ni explotarse de otro modo para ning\u00fan fin comercial que no est\u00e9 expresamente permitido por GDZ SA\u011eLIK VE G\u00dcZELL\u0130K H\u0130ZMETLER\u0130 LTD.\u015eT\u0130.<\/p>\n<p style=\"margin-bottom: 1.5rem; position: relative; color: #7e7e7e; font-family: Urbanist; font-size: 15px;\"><span style=\"font-weight: bolder;\">POL\u00cdTICA DE PRIVACIDAD<\/span><\/p>\n<p style=\"margin-bottom: 1.5rem; position: relative; color: #7e7e7e; font-family: Urbanist; font-size: 15px;\"><span style=\"\">MDPLUSBIO<\/span> est\u00e1 fuertemente comprometida con la protecci\u00f3n de la privacidad de sus clientes. Tiene nuestra garant\u00eda de que cualquier informaci\u00f3n recopilada sobre usted es solo para nuestro uso interno y no se vender\u00e1, alquilar\u00e1 ni comercializar\u00e1 con fines de marketing no solicitados. La informaci\u00f3n recopilada se utilizar\u00e1 para obtener una mejor comprensi\u00f3n para brindarle un mejor servicio a usted, nuestro valioso cliente. Hemos establecido esta pol\u00edtica como una salvaguarda para garantizar que estas pr\u00e1cticas y procedimientos se implementen de manera efectiva y eficiente.   <\/p>\n<p style=\"margin-bottom: 1.5rem; position: relative; color: #7e7e7e; font-family: Urbanist; font-size: 15px;\"><span style=\"font-weight: bolder;\">PRIVACY<\/span><br>Reconocimiento de la privacidad de nuestros clientes Durante m\u00e1s de 18 a\u00f1os, miles de personas han confiado en <span style=\"font-weight: bolder;\">GDZ SA\u011eLIK VE G\u00dcZELL\u0130K H\u0130ZMETLER\u0130 LTD.\u015eT\u0130<\/span>. informaci\u00f3n personal y confidencial. Sabemos que la privacidad es un elemento importante del negocio de nuestros clientes y, por lo tanto, sabemos que nuestros clientes esperan que recopilemos y mantengamos informaci\u00f3n personal de manera adecuada y responsable.  <\/p>\n<p style=\"margin-bottom: 1.5rem; position: relative; color: #7e7e7e; font-family: Urbanist; font-size: 15px;\"><span style=\"font-weight: bolder;\">Informaci\u00f3n recopilada<\/span><\/p>\n<p style=\"margin-bottom: 1.5rem; position: relative; color: #7e7e7e; font-family: Urbanist; font-size: 15px;\">Una cookie es un peque\u00f1o fragmento de datos que muchos sitios web almacenan en el disco duro de su PC y que se puede recuperar como una tarjeta de visita en una fecha posterior para identificar al usuario de la PC. Podemos usar una cookie para ayudar a revisar la cantidad de visitantes a nuestro sitio, los visitantes que regresan y las p\u00e1ginas que se vieron. Al capturar estas estad\u00edsticas, <span style=\"\">MDPLUSBIO <\/span>puede administrar la capacidad del sitio y mejorar nuestro sitio para satisfacer mejor las necesidades de nuestros clientes. Las cookies no recopilan informaci\u00f3n de identificaci\u00f3n personal sobre nuestros usuarios, y su navegador puede configurarse para rechazar las cookies o para notificarle antes de aceptarlas.   <\/p>\n<p style=\"margin-bottom: 1.5rem; position: relative; color: #7e7e7e; font-family: Urbanist; font-size: 15px;\"><span style=\"font-weight: bolder;\">Garant\u00eda certificable<\/span><\/p>\n<p style=\"margin-bottom: 1.5rem; position: relative; color: #7e7e7e; font-family: Urbanist; font-size: 15px;\"><span style=\"\">MDPLUSBIO\u00ae<\/span> se mantiene firme junto a su merecida reputaci\u00f3n. Estamos comprometidos a proteger la privacidad de nuestros valiosos clientes. La informaci\u00f3n recopilada se utiliza para mejorar su experiencia de compra. Aceptamos cumplir con los principios descritos en esta pol\u00edtica para garantizar una experiencia de compra segura, agradable y gratificante.   <\/p>\t\t\t\t\t\t\t\t<\/div>\n\t\t\t\t<\/div>\n\t\t\t\t\t<\/div>\n\t\t\t\t<\/div>\n\t\t\t\t<\/div>\n\t\t","protected":false},"excerpt":{"rendered":"<p>Politica de Privacidad COPYRIGHT \u00a9 2021 MDPLUSBIOTodos los derechos reservados Todo el contenido incluido en este sitio, como texto, gr\u00e1ficos, logotipos, iconos de botones e im\u00e1genes, es propiedad de GDZ [&hellip;]<\/p>\n","protected":false},"author":1,"featured_media":0,"parent":0,"menu_order":0,"comment_status":"closed","ping_status":"closed","template":"","meta":{"_joinchat":[],"footnotes":""},"class_list":["post-1080","page","type-page","status-publish","hentry"],"acf":[],"_links":{"self":[{"href":"https:\/\/mdplusbio.com\/es\/wp-json\/wp\/v2\/pages\/1080","targetHints":{"allow":["GET"]}}],"collection":[{"href":"https:\/\/mdplusbio.com\/es\/wp-json\/wp\/v2\/pages"}],"about":[{"href":"https:\/\/mdplusbio.com\/es\/wp-json\/wp\/v2\/types\/page"}],"author":[{"embeddable":true,"href":"https:\/\/mdplusbio.com\/es\/wp-json\/wp\/v2\/users\/1"}],"replies":[{"embeddable":true,"href":"https:\/\/mdplusbio.com\/es\/wp-json\/wp\/v2\/comments?post=1080"}],"version-history":[{"count":0,"href":"https:\/\/mdplusbio.com\/es\/wp-json\/wp\/v2\/pages\/1080\/revisions"}],"wp:attachment":[{"href":"https:\/\/mdplusbio.com\/es\/wp-json\/wp\/v2\/media?parent=1080"}],"curies":[{"name":"wp","href":"https:\/\/api.w.org\/{rel}","templated":true}]}}