{"id":1035,"date":"2022-10-19T13:30:27","date_gmt":"2022-10-19T10:30:27","guid":{"rendered":"https:\/\/mdplusbio.com\/inicio\/"},"modified":"2025-02-03T15:12:05","modified_gmt":"2025-02-03T12:12:05","slug":"inicio","status":"publish","type":"page","link":"https:\/\/mdplusbio.com\/es\/","title":{"rendered":"Inicio"},"content":{"rendered":"\t\t<div data-elementor-type=\"wp-page\" data-elementor-id=\"1035\" class=\"elementor elementor-1035 elementor-14\" data-elementor-post-type=\"page\">\n\t\t\t\t\t\t<section class=\"elementor-section elementor-top-section elementor-element elementor-element-a53f34a elementor-section-full_width elementor-section-height-default elementor-section-height-default\" data-id=\"a53f34a\" data-element_type=\"section\" data-settings=\"{&quot;background_background&quot;:&quot;classic&quot;}\">\n\t\t\t\t\t\t<div class=\"elementor-container elementor-column-gap-default\">\n\t\t\t\t\t<div class=\"elementor-column elementor-col-100 elementor-top-column elementor-element elementor-element-56314a8\" data-id=\"56314a8\" data-element_type=\"column\">\n\t\t\t<div class=\"elementor-widget-wrap elementor-element-populated\">\n\t\t\t\t\t\t<section class=\"elementor-section elementor-inner-section elementor-element elementor-element-f0fbbd4 elementor-section-boxed elementor-section-height-default elementor-section-height-default\" data-id=\"f0fbbd4\" data-element_type=\"section\">\n\t\t\t\t\t\t<div class=\"elementor-container elementor-column-gap-default\">\n\t\t\t\t\t<div class=\"elementor-column elementor-col-100 elementor-inner-column elementor-element elementor-element-77f1ba6\" data-id=\"77f1ba6\" data-element_type=\"column\">\n\t\t\t<div class=\"elementor-widget-wrap elementor-element-populated\">\n\t\t\t\t\t\t<div class=\"elementor-element elementor-element-dbae005 elementor-widget__width-initial elementor-invisible elementor-widget elementor-widget-heading\" data-id=\"dbae005\" data-element_type=\"widget\" data-settings=\"{&quot;_animation&quot;:&quot;fadeInUpShorter&quot;,&quot;_animation_delay&quot;:200}\" data-widget_type=\"heading.default\">\n\t\t\t\t<div class=\"elementor-widget-container\">\n\t\t\t\t\t<h1 class=\"elementor-heading-title elementor-size-default\">Crecimiento Saludable del Cabello<\/h1>\t\t\t\t<\/div>\n\t\t\t\t<\/div>\n\t\t\t\t<div class=\"elementor-element elementor-element-87aedb5 elementor-invisible elementor-widget elementor-widget-button\" data-id=\"87aedb5\" data-element_type=\"widget\" data-settings=\"{&quot;_animation&quot;:&quot;fadeInUpShorter&quot;,&quot;_animation_delay&quot;:400}\" data-widget_type=\"button.default\">\n\t\t\t\t<div class=\"elementor-widget-container\">\n\t\t\t\t\t\t\t\t\t<div class=\"elementor-button-wrapper\">\n\t\t\t\t\t<a class=\"elementor-button elementor-button-link elementor-size-sm\" href=\"https:\/\/mdplusbio.com\/es\/tienda-2\/\">\n\t\t\t\t\t\t<span class=\"elementor-button-content-wrapper\">\n\t\t\t\t\t\t\t\t\t<span class=\"elementor-button-text\">DESCUBRE AHORA<\/span>\n\t\t\t\t\t<\/span>\n\t\t\t\t\t<\/a>\n\t\t\t\t<\/div>\n\t\t\t\t\t\t\t\t<\/div>\n\t\t\t\t<\/div>\n\t\t\t\t\t<\/div>\n\t\t<\/div>\n\t\t\t\t\t<\/div>\n\t\t<\/section>\n\t\t\t\t\t<\/div>\n\t\t<\/div>\n\t\t\t\t\t<\/div>\n\t\t<\/section>\n\t\t\t\t<section class=\"elementor-section elementor-top-section elementor-element elementor-element-cc4ba2a elementor-section-boxed elementor-section-height-default elementor-section-height-default\" data-id=\"cc4ba2a\" data-element_type=\"section\">\n\t\t\t\t\t\t<div class=\"elementor-container elementor-column-gap-default\">\n\t\t\t\t\t<div class=\"elementor-column elementor-col-100 elementor-top-column elementor-element elementor-element-e654a9e\" data-id=\"e654a9e\" data-element_type=\"column\">\n\t\t\t<div class=\"elementor-widget-wrap elementor-element-populated\">\n\t\t\t\t\t\t<div class=\"elementor-element elementor-element-cfaddff elementor-invisible elementor-widget elementor-widget-heading\" data-id=\"cfaddff\" data-element_type=\"widget\" data-settings=\"{&quot;_animation&quot;:&quot;fadeInUpShorter&quot;,&quot;_animation_delay&quot;:200}\" data-widget_type=\"heading.default\">\n\t\t\t\t<div class=\"elementor-widget-container\">\n\t\t\t\t\t<h2 class=\"elementor-heading-title elementor-size-default\">Nuestros Productos<\/h2>\t\t\t\t<\/div>\n\t\t\t\t<\/div>\n\t\t\t\t<div class=\"elementor-element elementor-element-908745f elementor-invisible elementor-widget elementor-widget-shortcode\" data-id=\"908745f\" data-element_type=\"widget\" data-settings=\"{&quot;_animation&quot;:&quot;fadeInUpShorter&quot;,&quot;_animation_delay&quot;:600}\" data-widget_type=\"shortcode.default\">\n\t\t\t\t<div class=\"elementor-widget-container\">\n\t\t\t\t\t\t\t<div class=\"elementor-shortcode\"><div class=\"woocommerce columns-3 product-equal-height\"><ul class=\"products columns-3\">\n<li class=\"product type-product post-1153 status-publish first instock product_cat-conjuntos product_cat-despues-del-trasplante-de-cabello product_cat-todos-los-productos has-post-thumbnail taxable shipping-taxable purchasable product-type-simple has-gallery-images\">\n\t<a href=\"https:\/\/mdplusbio.com\/es\/producto\/paquete-i-care-my-hair\/\" class=\"woocommerce-LoopProduct-link woocommerce-loop-product__link\"><img fetchpriority=\"high\" decoding=\"async\" width=\"420\" height=\"277\" src=\"https:\/\/mdplusbio.com\/wp-content\/uploads\/2024\/12\/image00007-420x277.jpeg\" class=\"attachment-woocommerce_thumbnail size-woocommerce_thumbnail\" alt=\"Paquete I Care My Hair \u2013 3 Meses\" srcset=\"https:\/\/mdplusbio.com\/wp-content\/uploads\/2024\/12\/image00007-420x277.jpeg 420w, https:\/\/mdplusbio.com\/wp-content\/uploads\/2024\/12\/image00007-300x198.jpeg 300w, https:\/\/mdplusbio.com\/wp-content\/uploads\/2024\/12\/image00007-1024x676.jpeg 1024w, https:\/\/mdplusbio.com\/wp-content\/uploads\/2024\/12\/image00007-768x507.jpeg 768w, https:\/\/mdplusbio.com\/wp-content\/uploads\/2024\/12\/image00007-1140x753.jpeg 1140w, https:\/\/mdplusbio.com\/wp-content\/uploads\/2024\/12\/image00007-920x607.jpeg 920w, https:\/\/mdplusbio.com\/wp-content\/uploads\/2024\/12\/image00007-575x380.jpeg 575w, https:\/\/mdplusbio.com\/wp-content\/uploads\/2024\/12\/image00007-380x251.jpeg 380w, https:\/\/mdplusbio.com\/wp-content\/uploads\/2024\/12\/image00007-800x528.jpeg 800w, https:\/\/mdplusbio.com\/wp-content\/uploads\/2024\/12\/image00007-80x53.jpeg 80w, https:\/\/mdplusbio.com\/wp-content\/uploads\/2024\/12\/image00007.jpeg 1198w\" sizes=\"(max-width: 420px) 100vw, 420px\" \/><h2 class=\"woocommerce-loop-product__title\">Paquete I Care My Hair \u2013 3 Meses<\/h2>\n\t<span class=\"price\"><span class=\"woocommerce-Price-amount amount\"><bdi><span class=\"woocommerce-Price-currencySymbol\">&#36;<\/span>300.00<\/bdi><\/span><\/span>\n<\/a><a title=\"A\u00f1adir al carrito: &ldquo;Paquete I Care My Hair \u2013 3 Meses&rdquo;\" href=\"?add-to-cart=1153\" aria-describedby=\"woocommerce_loop_add_to_cart_link_describedby_1153\" data-quantity=\"1\" class=\"button product_type_simple add_to_cart_button ajax_add_to_cart\" data-product_id=\"1153\" data-product_sku=\"MDICMHP-001\" aria-label=\"A\u00f1adir al carrito: &ldquo;Paquete I Care My Hair \u2013 3 Meses&rdquo;\" rel=\"nofollow\" data-success_message=\"\u00abPaquete I Care My Hair \u2013 3 Meses\u00bb se ha a\u00f1adido a tu carrito\">A\u00f1adir al carrito<\/a>\t<span id=\"woocommerce_loop_add_to_cart_link_describedby_1153\" class=\"screen-reader-text\">\n\t\t\t<\/span>\n<span class=\"gtmkit_product_data\" style=\"display:none;visibility:hidden\" data-gtmkit_product_id=\"1153\" data-gtmkit_product_data=\"{&quot;id&quot;:&quot;1153&quot;,&quot;item_id&quot;:&quot;1153&quot;,&quot;item_name&quot;:&quot;Paquete I Care My Hair \\u2013 3 Meses&quot;,&quot;currency&quot;:&quot;EUR&quot;,&quot;price&quot;:300,&quot;item_category&quot;:&quot;Conjuntos&quot;,&quot;item_list_name&quot;:&quot;Lista de productos&quot;,&quot;index&quot;:1}\"><\/span><\/li>\n<li class=\"product type-product post-1169 status-publish instock product_cat-conjuntos product_cat-despues-del-trasplante-de-cabello product_cat-todos-los-productos has-post-thumbnail taxable shipping-taxable purchasable product-type-simple has-gallery-images\">\n\t<a href=\"https:\/\/mdplusbio.com\/es\/producto\/paquete-i-care-my-hair-transplantation\/\" class=\"woocommerce-LoopProduct-link woocommerce-loop-product__link\"><img decoding=\"async\" width=\"420\" height=\"277\" src=\"https:\/\/mdplusbio.com\/wp-content\/uploads\/2024\/12\/image00006-420x277.jpeg\" class=\"attachment-woocommerce_thumbnail size-woocommerce_thumbnail\" alt=\"Paquete I Care My Hair Transplantation \u2013 3 Meses\" srcset=\"https:\/\/mdplusbio.com\/wp-content\/uploads\/2024\/12\/image00006-420x277.jpeg 420w, https:\/\/mdplusbio.com\/wp-content\/uploads\/2024\/12\/image00006-300x198.jpeg 300w, https:\/\/mdplusbio.com\/wp-content\/uploads\/2024\/12\/image00006-1024x676.jpeg 1024w, https:\/\/mdplusbio.com\/wp-content\/uploads\/2024\/12\/image00006-768x507.jpeg 768w, https:\/\/mdplusbio.com\/wp-content\/uploads\/2024\/12\/image00006-1140x753.jpeg 1140w, https:\/\/mdplusbio.com\/wp-content\/uploads\/2024\/12\/image00006-920x607.jpeg 920w, https:\/\/mdplusbio.com\/wp-content\/uploads\/2024\/12\/image00006-575x380.jpeg 575w, https:\/\/mdplusbio.com\/wp-content\/uploads\/2024\/12\/image00006-380x251.jpeg 380w, https:\/\/mdplusbio.com\/wp-content\/uploads\/2024\/12\/image00006-800x528.jpeg 800w, https:\/\/mdplusbio.com\/wp-content\/uploads\/2024\/12\/image00006-80x53.jpeg 80w, https:\/\/mdplusbio.com\/wp-content\/uploads\/2024\/12\/image00006.jpeg 1198w\" sizes=\"(max-width: 420px) 100vw, 420px\" \/><h2 class=\"woocommerce-loop-product__title\">Paquete I Care My Hair Transplantation \u2013 3 Meses<\/h2>\n\t<span class=\"price\"><span class=\"woocommerce-Price-amount amount\"><bdi><span class=\"woocommerce-Price-currencySymbol\">&#36;<\/span>265.00<\/bdi><\/span><\/span>\n<\/a><a title=\"A\u00f1adir al carrito: &ldquo;Paquete I Care My Hair Transplantation \u2013 3 Meses&rdquo;\" href=\"?add-to-cart=1169\" aria-describedby=\"woocommerce_loop_add_to_cart_link_describedby_1169\" data-quantity=\"1\" class=\"button product_type_simple add_to_cart_button ajax_add_to_cart\" data-product_id=\"1169\" data-product_sku=\"MDICMHTP-001\" aria-label=\"A\u00f1adir al carrito: &ldquo;Paquete I Care My Hair Transplantation \u2013 3 Meses&rdquo;\" rel=\"nofollow\" data-success_message=\"\u00abPaquete I Care My Hair Transplantation \u2013 3 Meses\u00bb se ha a\u00f1adido a tu carrito\">A\u00f1adir al carrito<\/a>\t<span id=\"woocommerce_loop_add_to_cart_link_describedby_1169\" class=\"screen-reader-text\">\n\t\t\t<\/span>\n<span class=\"gtmkit_product_data\" style=\"display:none;visibility:hidden\" data-gtmkit_product_id=\"1169\" data-gtmkit_product_data=\"{&quot;id&quot;:&quot;1169&quot;,&quot;item_id&quot;:&quot;1169&quot;,&quot;item_name&quot;:&quot;Paquete I Care My Hair Transplantation \\u2013 3 Meses&quot;,&quot;currency&quot;:&quot;EUR&quot;,&quot;price&quot;:265,&quot;item_category&quot;:&quot;Conjuntos&quot;,&quot;item_list_name&quot;:&quot;Lista de productos&quot;,&quot;index&quot;:2}\"><\/span><\/li>\n<li class=\"product type-product post-1159 status-publish last instock product_cat-conjuntos product_cat-despues-del-trasplante-de-cabello product_cat-todos-los-productos has-post-thumbnail taxable shipping-taxable purchasable product-type-simple has-gallery-images\">\n\t<a href=\"https:\/\/mdplusbio.com\/es\/producto\/hair-complex-meso-serum\/\" class=\"woocommerce-LoopProduct-link woocommerce-loop-product__link\"><img decoding=\"async\" width=\"420\" height=\"277\" src=\"https:\/\/mdplusbio.com\/wp-content\/uploads\/2024\/12\/image00005-420x277.jpeg\" class=\"attachment-woocommerce_thumbnail size-woocommerce_thumbnail\" alt=\"S\u00e9rum Complejo Capilar Meso\" srcset=\"https:\/\/mdplusbio.com\/wp-content\/uploads\/2024\/12\/image00005-420x277.jpeg 420w, https:\/\/mdplusbio.com\/wp-content\/uploads\/2024\/12\/image00005-300x198.jpeg 300w, https:\/\/mdplusbio.com\/wp-content\/uploads\/2024\/12\/image00005-1024x676.jpeg 1024w, https:\/\/mdplusbio.com\/wp-content\/uploads\/2024\/12\/image00005-768x507.jpeg 768w, https:\/\/mdplusbio.com\/wp-content\/uploads\/2024\/12\/image00005-1140x753.jpeg 1140w, https:\/\/mdplusbio.com\/wp-content\/uploads\/2024\/12\/image00005-920x607.jpeg 920w, https:\/\/mdplusbio.com\/wp-content\/uploads\/2024\/12\/image00005-575x380.jpeg 575w, https:\/\/mdplusbio.com\/wp-content\/uploads\/2024\/12\/image00005-380x251.jpeg 380w, https:\/\/mdplusbio.com\/wp-content\/uploads\/2024\/12\/image00005-800x528.jpeg 800w, https:\/\/mdplusbio.com\/wp-content\/uploads\/2024\/12\/image00005-80x53.jpeg 80w, https:\/\/mdplusbio.com\/wp-content\/uploads\/2024\/12\/image00005.jpeg 1198w\" sizes=\"(max-width: 420px) 100vw, 420px\" \/><h2 class=\"woocommerce-loop-product__title\">S\u00e9rum Complejo Capilar Meso<\/h2>\n\t<span class=\"price\"><span class=\"woocommerce-Price-amount amount\"><bdi><span class=\"woocommerce-Price-currencySymbol\">&#36;<\/span>240.00<\/bdi><\/span><\/span>\n<\/a><a title=\"A\u00f1adir al carrito: &ldquo;S\u00e9rum Complejo Capilar Meso&rdquo;\" href=\"?add-to-cart=1159\" aria-describedby=\"woocommerce_loop_add_to_cart_link_describedby_1159\" data-quantity=\"1\" class=\"button product_type_simple add_to_cart_button ajax_add_to_cart\" data-product_id=\"1159\" data-product_sku=\"MDHCMS-001\" aria-label=\"A\u00f1adir al carrito: &ldquo;S\u00e9rum Complejo Capilar Meso&rdquo;\" rel=\"nofollow\" data-success_message=\"\u00abS\u00e9rum Complejo Capilar Meso\u00bb se ha a\u00f1adido a tu carrito\">A\u00f1adir al carrito<\/a>\t<span id=\"woocommerce_loop_add_to_cart_link_describedby_1159\" class=\"screen-reader-text\">\n\t\t\t<\/span>\n<span class=\"gtmkit_product_data\" style=\"display:none;visibility:hidden\" data-gtmkit_product_id=\"1159\" data-gtmkit_product_data=\"{&quot;id&quot;:&quot;1159&quot;,&quot;item_id&quot;:&quot;1159&quot;,&quot;item_name&quot;:&quot;S\\u00e9rum Complejo Capilar Meso&quot;,&quot;currency&quot;:&quot;EUR&quot;,&quot;price&quot;:240,&quot;item_category&quot;:&quot;Conjuntos&quot;,&quot;item_list_name&quot;:&quot;Lista de productos&quot;,&quot;index&quot;:3}\"><\/span><\/li>\n<\/ul>\n<\/div><\/div>\n\t\t\t\t\t\t<\/div>\n\t\t\t\t<\/div>\n\t\t\t\t\t<\/div>\n\t\t<\/div>\n\t\t\t\t\t<\/div>\n\t\t<\/section>\n\t\t<div class=\"elementor-element elementor-element-e9ff40b e-grid e-con-full e-con e-parent\" data-id=\"e9ff40b\" data-element_type=\"container\">\n\t\t\t\t<div class=\"elementor-element elementor-element-6e50092 elementor-widget elementor-widget-video\" data-id=\"6e50092\" data-element_type=\"widget\" data-settings=\"{&quot;youtube_url&quot;:&quot;https:\\\/\\\/www.youtube.com\\\/watch?v=PpYH-0XUZxY&quot;,&quot;lazy_load&quot;:&quot;yes&quot;,&quot;yt_privacy&quot;:&quot;yes&quot;,&quot;video_type&quot;:&quot;youtube&quot;,&quot;controls&quot;:&quot;yes&quot;}\" data-widget_type=\"video.default\">\n\t\t\t\t<div class=\"elementor-widget-container\">\n\t\t\t\t\t\t\t<div class=\"elementor-wrapper elementor-open-inline\">\n\t\t\t<div class=\"elementor-video\"><\/div>\t\t<\/div>\n\t\t\t\t\t\t<\/div>\n\t\t\t\t<\/div>\n\t\t\t\t<div class=\"elementor-element elementor-element-547523a elementor-widget elementor-widget-text-editor\" data-id=\"547523a\" data-element_type=\"widget\" data-widget_type=\"text-editor.default\">\n\t\t\t\t<div class=\"elementor-widget-container\">\n\t\t\t\t\t\t\t\t\t<h1>Nos preocupamos por ti y nuestra pol\u00edtica son las personas.<\/h1>\n<p class=\"MsoNormal\">Todos nuestros productos est\u00e1n cl\u00ednicamente aprobados.\nNuestros productos se producen con qu\u00edmicos completamente naturales que no son\nda\u00f1inos para la salud humana. Mientras damos m\u00e1s importancia a tu cabello que\nnunca antes, siempre trabajamos para garantizar que puedas experimentar\nfelizmente su desarrollo y crecimiento saludable.<o:p><\/o:p><\/p>\t\t\t\t\t\t\t\t<\/div>\n\t\t\t\t<\/div>\n\t\t\t\t<\/div>\n\t\t<div class=\"elementor-element elementor-element-9cba263 e-flex e-con-boxed e-con e-parent\" data-id=\"9cba263\" data-element_type=\"container\">\n\t\t\t\t\t<div class=\"e-con-inner\">\n\t\t\t\t<div class=\"elementor-element elementor-element-ca24c7a elementor-widget elementor-widget-spacer\" data-id=\"ca24c7a\" data-element_type=\"widget\" data-widget_type=\"spacer.default\">\n\t\t\t\t<div class=\"elementor-widget-container\">\n\t\t\t\t\t\t\t<div class=\"elementor-spacer\">\n\t\t\t<div class=\"elementor-spacer-inner\"><\/div>\n\t\t<\/div>\n\t\t\t\t\t\t<\/div>\n\t\t\t\t<\/div>\n\t\t\t\t\t<\/div>\n\t\t\t\t<\/div>\n\t\t\t\t<\/div>\n\t\t","protected":false},"excerpt":{"rendered":"<p>Crecimiento Saludable del Cabello DESCUBRE AHORA Nuestros Productos https:\/\/www.youtube.com\/watch?v=PpYH-0XUZxY Nos preocupamos por ti y nuestra pol\u00edtica son las personas. Todos nuestros productos est\u00e1n cl\u00ednicamente aprobados. Nuestros productos se producen con [&hellip;]<\/p>\n","protected":false},"author":1,"featured_media":0,"parent":0,"menu_order":0,"comment_status":"closed","ping_status":"closed","template":"elementor_header_footer","meta":{"_joinchat":[],"footnotes":""},"class_list":["post-1035","page","type-page","status-publish","hentry"],"acf":[],"_links":{"self":[{"href":"https:\/\/mdplusbio.com\/es\/wp-json\/wp\/v2\/pages\/1035","targetHints":{"allow":["GET"]}}],"collection":[{"href":"https:\/\/mdplusbio.com\/es\/wp-json\/wp\/v2\/pages"}],"about":[{"href":"https:\/\/mdplusbio.com\/es\/wp-json\/wp\/v2\/types\/page"}],"author":[{"embeddable":true,"href":"https:\/\/mdplusbio.com\/es\/wp-json\/wp\/v2\/users\/1"}],"replies":[{"embeddable":true,"href":"https:\/\/mdplusbio.com\/es\/wp-json\/wp\/v2\/comments?post=1035"}],"version-history":[{"count":0,"href":"https:\/\/mdplusbio.com\/es\/wp-json\/wp\/v2\/pages\/1035\/revisions"}],"wp:attachment":[{"href":"https:\/\/mdplusbio.com\/es\/wp-json\/wp\/v2\/media?parent=1035"}],"curies":[{"name":"wp","href":"https:\/\/api.w.org\/{rel}","templated":true}]}}