{"id":822,"date":"2024-12-17T11:27:25","date_gmt":"2024-12-17T11:27:25","guid":{"rendered":"https:\/\/mdplusbio.com\/product\/hair-repair-serum\/"},"modified":"2026-02-13T17:45:48","modified_gmt":"2026-02-13T14:45:48","slug":"haarreparaturserum","status":"publish","type":"product","link":"https:\/\/mdplusbio.com\/de\/produkt\/haarreparaturserum\/","title":{"rendered":"Haarreparaturserum"},"content":{"rendered":"<p class=\"p1\">Hair Repair Serum \u2013 Fortschrittliche Unterst\u00fctzungsformel f\u00fcr Kopfhaut und Haar, entwickelt, um Haarausfall zu reduzieren, den Zustand der Kopfhaut zu verbessern und kr\u00e4ftigeres, dichter aussehendes Haar zu f\u00f6rdern. Geeignet f\u00fcr M\u00e4nner und Frauen sowie f\u00fcr alle Haartypen. <\/p>\n<ul>\n<li>Sulfatfreie Formel: ohne SLES, ALS, MLS, Parabene, Salz oder erd\u00f6lbasierte Rohstoffe<\/li>\n<li>pH-ausgeglichen (6\u20136,2) zur Unterst\u00fctzung der nat\u00fcrlichen Kopfhautbarriere und des Mikrobiom-Gleichgewichts<\/li>\n<li>Unterst\u00fctzt die Beruhigung der Kopfhaut und hilft, das Erscheinungsbild von R\u00f6tungen, Juckreiz und Irritationen zu reduzieren<\/li>\n<li>Entwickelt zur Unterst\u00fctzung der Haarfollikelfunktion und gesunder Haarwachstumszyklen<\/li>\n<li>Leichtes Leave-in-Kopfhautserum mit schneller Absorption<\/li>\n<li>Geeignet f\u00fcr fettige, trockene und normale Kopfhauttypen<\/li>\n<li>F\u00fcr die t\u00e4gliche Anwendung sowie f\u00fcr die Pflege nach Behandlungen geeignet<\/li>\n<\/ul>\n<p>Aktivkomplex enth\u00e4lt:<\/p>\n<ul>\n<li>Panthenol (Pro-Vitamin B5) \u2013 feuchtigkeitsspendende und beruhigende Unterst\u00fctzung der Kopfhaut<\/li>\n<li>Biotin (Vitamin B7) \u2013 unterst\u00fctzt die Keratinstruktur und die Haarst\u00e4rke<\/li>\n<li>Beta-Glucan \u2013 antioxidative Unterst\u00fctzung und Schutz der Kopfhaut<\/li>\n<li>Aloe Vera \u2013 Feuchtigkeitsversorgung der Kopfhaut und Unterst\u00fctzung des Sebum-Gleichgewichts<\/li>\n<li>Hydrolysiertes Keratin &amp; Kollagen \u2013 Pflege und Widerstandskraft der Haarfaser<\/li>\n<li>Centella Asiatica (Gotu Kola) \u2013 Unterst\u00fctzung der Mikrozirkulation der Kopfhaut<\/li>\n<li>Botanische Extraktmischung \u2013 Kamille, Brennnessel, Gr\u00fcner Tee, Klette, Salbei, Schachtelhalm<\/li>\n<\/ul>\n<p>Funktionelle Vorteile:<\/p>\n<ul>\n<li>Unterst\u00fctzt kr\u00e4ftiger und voller aussehendes Haar<\/li>\n<li>Hilft, die Feuchtigkeit und den Komfort der Kopfhaut zu verbessern<\/li>\n<li>Unterst\u00fctzt ein schneller erscheinendes Regenerationsbild der Kopfhaut<\/li>\n<li>Tr\u00e4gt zur Aufrechterhaltung eines sauberen Kopfhautmilieus bei<\/li>\n<li>Aminos\u00e4uren- und Peptidkomplex zur Unterst\u00fctzung von Kopfhaut und Follikeln<\/li>\n<\/ul>\n<p>Anwendung: 5\u20136 Spr\u00fchst\u00f6\u00dfe direkt auf die Kopfhaut auftragen, sanft einmassieren und nicht aussp\u00fclen. F\u00fcr eine optimale Absorption mindestens 5 Stunden nach der Anwendung nicht waschen. F\u00fcr die t\u00e4gliche Anwendung geeignet.  <\/p>\n<p>Sicherheit: Nur zur \u00e4u\u00dferlichen Anwendung. Kontakt mit den Augen vermeiden. K\u00fchl und trocken lagern. Nicht geeignet f\u00fcr Kinder unter 3 Jahren. Personen mit empfindlicher Kopfhaut oder dermatologischen Erkrankungen sollten vor der Anwendung einen Spezialisten konsultieren.    <\/p>\n<p>Vollst\u00e4ndige INCI-Liste auf dem Produktetikett und im technischen Datenblatt verf\u00fcgbar.<\/p>\n","protected":false},"excerpt":{"rendered":"<ul>\n<li>60 Ml ( 2,02 fl. oz) Haarreparaturserum<\/li>\n<li>Klinisch gepr\u00fcft und von der FDA zugelassen<\/li>\n<li>Die \u201eSpezialformel\u201c enth\u00e4lt pflanzliche Stammzellen, Capixyl, Redensyl, Procapil, S.DNA, GF-Faktor, Anagain, Biotin, Keratin, S\u00e4gepalmetto (nat\u00fcrliches Finasterid) und einen Aminos\u00e4urenkomplex, um Haarausfall zu verhindern, das Wachstum von dickem Haar zu f\u00f6rdern und die Elastizit\u00e4t zu erh\u00f6hen.<\/li>\n<\/ul>\n","protected":false},"featured_media":5259,"comment_status":"open","ping_status":"closed","template":"","meta":{"_joinchat":[]},"product_brand":[],"product_cat":[40,60,52,55],"product_tag":[],"class_list":{"0":"post-822","1":"product","2":"type-product","3":"status-publish","4":"has-post-thumbnail","6":"product_cat-alle-produkte","7":"product_cat-einzelne-produkte","8":"product_cat-nach-einer-haartransplantation","9":"product_cat-vor-der-haartransplantation","11":"first","12":"instock","13":"taxable","14":"shipping-taxable","15":"purchasable","16":"product-type-simple"},"acf":[],"_links":{"self":[{"href":"https:\/\/mdplusbio.com\/de\/wp-json\/wp\/v2\/product\/822","targetHints":{"allow":["GET"]}}],"collection":[{"href":"https:\/\/mdplusbio.com\/de\/wp-json\/wp\/v2\/product"}],"about":[{"href":"https:\/\/mdplusbio.com\/de\/wp-json\/wp\/v2\/types\/product"}],"replies":[{"embeddable":true,"href":"https:\/\/mdplusbio.com\/de\/wp-json\/wp\/v2\/comments?post=822"}],"wp:featuredmedia":[{"embeddable":true,"href":"https:\/\/mdplusbio.com\/de\/wp-json\/wp\/v2\/media\/5259"}],"wp:attachment":[{"href":"https:\/\/mdplusbio.com\/de\/wp-json\/wp\/v2\/media?parent=822"}],"wp:term":[{"taxonomy":"product_brand","embeddable":true,"href":"https:\/\/mdplusbio.com\/de\/wp-json\/wp\/v2\/product_brand?post=822"},{"taxonomy":"product_cat","embeddable":true,"href":"https:\/\/mdplusbio.com\/de\/wp-json\/wp\/v2\/product_cat?post=822"},{"taxonomy":"product_tag","embeddable":true,"href":"https:\/\/mdplusbio.com\/de\/wp-json\/wp\/v2\/product_tag?post=822"}],"curies":[{"name":"wp","href":"https:\/\/api.w.org\/{rel}","templated":true}]}}