{"id":793,"date":"2024-12-17T11:17:27","date_gmt":"2024-12-17T11:17:27","guid":{"rendered":"https:\/\/mdplusbio.com\/product\/hair-shampoo\/"},"modified":"2026-02-27T14:13:28","modified_gmt":"2026-02-27T11:13:28","slug":"haarshampoo","status":"publish","type":"product","link":"https:\/\/mdplusbio.com\/de\/produkt\/haarshampoo\/","title":{"rendered":"Reparaturshampoo"},"content":{"rendered":"<p>MD PLUS BIO Hair Repair Shampoo \u2013 Sulfatfreies Anti-Haarausfall-Shampoo f\u00fcr D\u00fcnner Werdendes Haar: MD PLUS BIO Hair Repair Shampoo ist ein sulfatfreies Anti-Haarausfall-Shampoo zur Unterst\u00fctzung der Kopfhautgesundheit, zur Reduzierung \u00fcberm\u00e4\u00dfigen Haarausfalls und zur F\u00f6rderung von kr\u00e4ftiger und dichter wirkendem Haar. Geeignet f\u00fcr M\u00e4nner und Frauen mit Haarverd\u00fcnnung, geschw\u00e4chter Haarstruktur oder in der Erholungsphase nach einem Eingriff. <\/p>\n<p>Hauptmerkmale<\/p>\n<ul>\n<li>Sulfatfreies Anti-Haarausfall-Shampoo<\/li>\n<li>Dermatologisch schonende Reinigungsbasis<\/li>\n<li>pH-ausgeglichen (6\u20136,2) zur Unterst\u00fctzung des Kopfhaut-Mikrobioms<\/li>\n<li>Hilft, \u00fcberm\u00e4\u00dfigen Haarausfall zu reduzieren<\/li>\n<li>Unterst\u00fctzt die Follikelverankerung<\/li>\n<li>Unterst\u00fctzung der Schuppen-Kontrolle mit Piroctone Olamine<\/li>\n<li>St\u00e4rkt schwache und br\u00fcchige Haarfasern<\/li>\n<li>Geeignet f\u00fcr trockene, fettige, normale und empfindliche Kopfhaut<\/li>\n<li>Ideal als Shampoo nach einer Haartransplantation (nach \u00e4rztlicher Freigabe)<\/li>\n<li>F\u00fcr die t\u00e4gliche Anwendung geeignet<\/li>\n<\/ul>\n<p>Aktivkomplex Enth\u00e4lt<\/p>\n<ul>\n<li>Panthenol (Pro-Vitamin B5) \u2013 feuchtigkeitsspendende und beruhigende Unterst\u00fctzung der Kopfhaut<\/li>\n<li>Biotin (Vitamin B7) \u2013 unterst\u00fctzt die Keratinstruktur und Haarst\u00e4rke<\/li>\n<li>Beta-Glucan \u2013 antioxidative und sch\u00fctzende Unterst\u00fctzung der Kopfhaut<\/li>\n<li>Aloe Vera \u2013 unterst\u00fctzt Feuchtigkeit und Talgregulierung<\/li>\n<li>Hydrolysiertes Keratin &amp; Hydrolysiertes Kollagen \u2013 Pflege und St\u00e4rkung der Haarfaser<\/li>\n<li>Capixyl\u2122 (Acetyl Tetrapeptide-3 &amp; Rotklee-Extrakt) \u2013 unterst\u00fctzt die Follikelverankerung und hilft, Haarausfall zu reduzieren<\/li>\n<li>Piroctone Olamine \u2013 hilft, Schuppen und Ablagerungen auf der Kopfhaut zu kontrollieren<\/li>\n<li>Centella Asiatica (Gotu Kola) \u2013 unterst\u00fctzt die Mikrozirkulation der Kopfhaut<\/li>\n<li>Botanische Extraktmischung \u2013 Kamille, Brennnessel, Gr\u00fcner Tee, Klette, Salbei, Schachtelhalm, Rosskastanie, Traubenkern<\/li>\n<\/ul>\n<p>Funktionelle Vorteile<\/p>\n<ul>\n<li>Unterst\u00fctzt kr\u00e4ftigeres, dichteres und ges\u00fcnder aussehendes Haar<\/li>\n<li>Verbessert die Feuchtigkeit, das Wohlbefinden und die Elastizit\u00e4t der Kopfhaut<\/li>\n<li>Reduziert Schuppen und Ablagerungen<\/li>\n<li>Unterst\u00fctzt ein schneller wirkendes Erholungsbild der Kopfhaut<\/li>\n<li>Aminos\u00e4ure- und Peptidkomplex zur Pflege von Follikel und Kopfhaut<\/li>\n<li>Sorgt f\u00fcr ein sauberes und ausgeglichenes Kopfhautmilieu<\/li>\n<\/ul>\n<p>Anwendung<\/p>\n<ol>\n<li>Eine kleine Menge auf das gr\u00fcndlich nasse Haar auftragen.<\/li>\n<li>Mit den Fingerspitzen sanft in Kopfhaut und Haar einmassieren.<\/li>\n<li>Aussp\u00fclen und Anwendung wiederholen.<\/li>\n<li>Bei der zweiten Anwendung mindestens 5 Minuten auf der Kopfhaut einwirken lassen, um eine optimale Aufnahme der Wirkstoffe zu erm\u00f6glichen.<\/li>\n<li>Gr\u00fcndlich aussp\u00fclen.<\/li>\n<li>F\u00fcr die t\u00e4gliche Anwendung geeignet. F\u00fcr optimale Ergebnisse zusammen mit MD PLUS BIO Hair Repair Serum verwenden. <\/li>\n<\/ol>\n<p>Sicherheitshinweise<\/p>\n<ul>\n<li>Nur zur \u00e4u\u00dferlichen Anwendung<\/li>\n<li>Kontakt mit den Augen vermeiden<\/li>\n<li>Nicht geeignet f\u00fcr Kinder unter 3 Jahren<\/li>\n<li>Personen mit diagnostizierten Kopfhaut- oder Hauterkrankungen sollten vor der Anwendung einen Facharzt konsultieren<\/li>\n<li>Bei Reizungen Anwendung abbrechen<\/li>\n<li>K\u00fchl und trocken lagern<\/li>\n<\/ul>\n<p>Vollst\u00e4ndige INCI-Inhaltsstoffliste auf dem Produktetikett verf\u00fcgbar.<\/p>\n","protected":false},"excerpt":{"rendered":"<ul>\n<li>150 Ml ( 5, 07 fl. oz) Reparaturshampoo<\/li>\n<li>Klinisch gepr\u00fcft und von der FDA zugelassen<\/li>\n<li class=\"li1\">Die \u201eSpezialformel\u201c des Haarshampoos enth\u00e4lt eine leistungsstarke Mischung von Inhaltsstoffen, darunter pflanzliche Stammzellen, Capixyl, Redensyl, Procapil, S.DNA, GF-Faktor, Anagain, Biotin, Keratin, S\u00e4gepalmetto (nat\u00fcrliches Finasterid) und ein Aminos\u00e4urenkomplex. Diese Mischung ist speziell entwickelt, um Haarausfall zu verhindern, die Dicke des Haarwuchses zu erh\u00f6hen und die Elastizit\u00e4t zu verbessern. <\/li>\n<\/ul>\n","protected":false},"featured_media":5241,"comment_status":"open","ping_status":"closed","template":"","meta":{"_joinchat":[]},"product_brand":[],"product_cat":[40,60,52,55],"product_tag":[],"class_list":{"0":"post-793","1":"product","2":"type-product","3":"status-publish","4":"has-post-thumbnail","6":"product_cat-alle-produkte","7":"product_cat-einzelne-produkte","8":"product_cat-nach-einer-haartransplantation","9":"product_cat-vor-der-haartransplantation","11":"first","12":"instock","13":"taxable","14":"shipping-taxable","15":"purchasable","16":"product-type-simple"},"acf":[],"_links":{"self":[{"href":"https:\/\/mdplusbio.com\/de\/wp-json\/wp\/v2\/product\/793","targetHints":{"allow":["GET"]}}],"collection":[{"href":"https:\/\/mdplusbio.com\/de\/wp-json\/wp\/v2\/product"}],"about":[{"href":"https:\/\/mdplusbio.com\/de\/wp-json\/wp\/v2\/types\/product"}],"replies":[{"embeddable":true,"href":"https:\/\/mdplusbio.com\/de\/wp-json\/wp\/v2\/comments?post=793"}],"wp:featuredmedia":[{"embeddable":true,"href":"https:\/\/mdplusbio.com\/de\/wp-json\/wp\/v2\/media\/5241"}],"wp:attachment":[{"href":"https:\/\/mdplusbio.com\/de\/wp-json\/wp\/v2\/media?parent=793"}],"wp:term":[{"taxonomy":"product_brand","embeddable":true,"href":"https:\/\/mdplusbio.com\/de\/wp-json\/wp\/v2\/product_brand?post=793"},{"taxonomy":"product_cat","embeddable":true,"href":"https:\/\/mdplusbio.com\/de\/wp-json\/wp\/v2\/product_cat?post=793"},{"taxonomy":"product_tag","embeddable":true,"href":"https:\/\/mdplusbio.com\/de\/wp-json\/wp\/v2\/product_tag?post=793"}],"curies":[{"name":"wp","href":"https:\/\/api.w.org\/{rel}","templated":true}]}}