{"id":762,"date":"2024-12-17T06:45:14","date_gmt":"2024-12-17T06:45:14","guid":{"rendered":"https:\/\/mdplusbio.com\/product\/i-care-my-hair-transplantation-package\/"},"modified":"2026-01-29T13:46:50","modified_gmt":"2026-01-29T10:46:50","slug":"ich-kummere-mich-um-mein-haar-paket","status":"publish","type":"product","link":"https:\/\/mdplusbio.com\/de\/produkt\/ich-kummere-mich-um-mein-haar-paket\/","title":{"rendered":"I Care My Hair Transplantation Paket \u2013 3 Monate"},"content":{"rendered":"<p>Erholen Sie sich schneller und ges\u00fcnder von Ihrer Haartransplantationsbehandlung!<\/p>\n<p class=\"p1\">Unser fortschrittliches Ich k\u00fcmmere mich um mein Haartransplantationspaket ist speziell mit preisgekr\u00f6nten Wirkstoffen wie Capixyl, Redensyl und Procapil formuliert, die nicht nur helfen, Haarausfall zu reduzieren, sondern auch das Haarwachstum f\u00f6rdern. Mit Wachstumsfaktoren, Vitaminen und essentiellen pflanzlichen Extrakten pflegt dieses Set gesunde Follikel und unterst\u00fctzt das Wachstum kleiner Haare zu starken, gesunden Str\u00e4hnen. <\/p>\n<ul class=\"ul1\">\n<li class=\"li1\">Um das Haarreparaturserum zu verwenden, tragen Sie zweimal t\u00e4glich 1 ml (ungef\u00e4hr 5-6 H\u00fcbe) auf trockene Haut auf und massieren Sie es sanft in die Kopfhaut ein \u2013 besonders in Bereichen, in denen Haarausfall ein Anliegen ist. F\u00fcr den transplantierten Bereich, den Spenderbereich und den Schutz des bestehenden Haares kann dieses Serum Wunder wirken. Nicht aussp\u00fclen und eine Flasche pro Monat verwenden.  <\/li>\n<\/ul>\n<ul class=\"ul1\">\n<li class=\"li1\">Schlie\u00dflich unterst\u00fctzt unser Haarshampoo den Reparaturprozess der nat\u00fcrlichen Flora der Kopfhaut mit einem pH-Wert von 6-6,2.F\u00fcr noch bessere Ergebnisse empfehlen wir die t\u00e4gliche Einnahme von zwei Tabletten unserer reichhaltigen Nahrungserg\u00e4nzungsmittel \u2013 eine morgens und eine abends.<\/li>\n<\/ul>\n<ul class=\"ul1\">\n<li class=\"li1\">Abschlie\u00dfend unterst\u00fctzt unser Haarshampoo mit einem pH-Wert von 6\u20136,2 den Reparaturprozess der nat\u00fcrlichen Kopfhautflora.<\/li>\n<\/ul>\n","protected":false},"excerpt":{"rendered":"<ul>\n<li>6 x 100 Ml ( 3,38 fl. oz) Reparaturshampoo,<\/li>\n<li>3 x 60 Ml (2,02 fl. oz) Haar Reparatur Serum,<\/li>\n<li>3 x 60 Nahrungserg\u00e4nzungsmittel \u2013 Biotin 5000 MCG,<\/li>\n<li>Klinisch gepr\u00fcft und von der FDA zugelassen<\/li>\n<li>Das I Care My Hair Transplantation Package bietet eine umfassende medizinische und Reiseerfahrung f\u00fcr alle, die in der T\u00fcrkei eine hochwertige und nat\u00fcrliche Haartransplantation w\u00fcnschen.<\/li>\n<li>Alle Eingriffe werden durch die fortschrittlichen Nachsorgeprodukte von MD Plus Bio unterst\u00fctzt, um eine optimale Heilung und langanhaltende Ergebnisse zu gew\u00e4hrleisten.<\/li>\n<li>Das I Care My Hair Transplantation paket ist speziell mit preisgekr\u00f6nten Wirkstoffen wie Capixyl, Redensyl und Procapil formuliert, die nicht nur Haarausfall reduzieren, sondern auch das Haarwachstum f\u00f6rdern. Mit Wachstumsfaktoren, Vitaminen und essenziellen pflanzlichen Extrakten n\u00e4hrt dieses Set gesunde Haarfollikel und hilft kleinen Haaren, zu starken, gesunden Str\u00e4hnen heranzuwachsen. <\/li>\n<\/ul>\n","protected":false},"featured_media":5223,"comment_status":"open","ping_status":"closed","template":"","meta":{"_joinchat":[]},"product_brand":[],"product_cat":[40,52,57],"product_tag":[],"class_list":{"0":"post-762","1":"product","2":"type-product","3":"status-publish","4":"has-post-thumbnail","6":"product_cat-alle-produkte","7":"product_cat-nach-einer-haartransplantation","8":"product_cat-set","10":"first","11":"instock","12":"taxable","13":"shipping-taxable","14":"purchasable","15":"product-type-simple"},"acf":[],"_links":{"self":[{"href":"https:\/\/mdplusbio.com\/de\/wp-json\/wp\/v2\/product\/762","targetHints":{"allow":["GET"]}}],"collection":[{"href":"https:\/\/mdplusbio.com\/de\/wp-json\/wp\/v2\/product"}],"about":[{"href":"https:\/\/mdplusbio.com\/de\/wp-json\/wp\/v2\/types\/product"}],"replies":[{"embeddable":true,"href":"https:\/\/mdplusbio.com\/de\/wp-json\/wp\/v2\/comments?post=762"}],"wp:featuredmedia":[{"embeddable":true,"href":"https:\/\/mdplusbio.com\/de\/wp-json\/wp\/v2\/media\/5223"}],"wp:attachment":[{"href":"https:\/\/mdplusbio.com\/de\/wp-json\/wp\/v2\/media?parent=762"}],"wp:term":[{"taxonomy":"product_brand","embeddable":true,"href":"https:\/\/mdplusbio.com\/de\/wp-json\/wp\/v2\/product_brand?post=762"},{"taxonomy":"product_cat","embeddable":true,"href":"https:\/\/mdplusbio.com\/de\/wp-json\/wp\/v2\/product_cat?post=762"},{"taxonomy":"product_tag","embeddable":true,"href":"https:\/\/mdplusbio.com\/de\/wp-json\/wp\/v2\/product_tag?post=762"}],"curies":[{"name":"wp","href":"https:\/\/api.w.org\/{rel}","templated":true}]}}