{"id":701,"date":"2024-12-16T14:06:14","date_gmt":"2024-12-16T14:06:14","guid":{"rendered":"https:\/\/mdplusbio.com\/product\/hair-complex-meso-serum\/"},"modified":"2026-03-13T16:34:21","modified_gmt":"2026-03-13T13:34:21","slug":"hair-complex-meso-serum","status":"publish","type":"product","link":"https:\/\/mdplusbio.com\/de\/produkt\/hair-complex-meso-serum\/","title":{"rendered":"Das Haar Complex Meso Serum"},"content":{"rendered":"<p><strong>Hair Complex Meso Serum Kit \u2013 Das Hair Complex Meso Serum Kit ist eine professionelle Kopfhautbehandlung, die entwickelt wurde, um Haarausfall zu reduzieren, die Vitalit\u00e4t der Haarfollikel zu unterst\u00fctzen und dickeres, ges\u00fcnder aussehendes Haar zu f\u00f6rdern<\/strong><\/p>\n<p>Dieses Kit kombiniert ein multi-aktives Mesotherapie-Serum mit einem Mikronadel-Dermaroller, um die Absorption der Wirkstoffe in der Kopfhaut zu verbessern und die Stimulation der Haarfollikel zu unterst\u00fctzen.<\/p>\n<p>Die gezielte Formel enth\u00e4lt eine Kombination aus Peptiden, Pflanzenextrakten, Vitaminen und Aminos\u00e4uren, die entwickelt wurde, um den nat\u00fcrlichen Haarwachstumszyklus zu unterst\u00fctzen und die Kopfhautgesundheit zu verbessern.<\/p>\n<p><strong>Microneedling und Serum: Doppelte Wirkung f\u00fcr dichteres Haar<\/strong><\/p>\n<p>Die Kombination von Microneedling mit dem Hair Complex Meso Serum f\u00f6rdert das Haarwachstum, indem aktive Inhaltsstoffe wie Capixyl, Redensyl, Procapil, Biotin und pflanzliche Stammzellen direkt in die Kopfhaut eindringen und die Haarfollikel effizienter erreichen. Die Mikronadeln des Dermarollers stimulieren die Kopfhaut sanft, erh\u00f6hen die Durchblutung und die N\u00e4hrstoffversorgung der Follikel, was hilft, schlafende Haarwurzeln zu aktivieren und den nat\u00fcrlichen Haarwachstumszyklus zu unterst\u00fctzen.<br \/>Dieser doppelte Wirkmechanismus verbessert die Gesundheit der Kopfhaut, st\u00e4rkt schwaches oder d\u00fcnner werdendes Haar, f\u00f6rdert die Regeneration der Follikel und maximiert die Wirkung des Serums. Damit ist es die ideale L\u00f6sung f\u00fcr Personen mit Haarausfall, geschw\u00e4chten Follikeln oder in der Erholungsphase nach einer Haartransplantation.<br \/>Durch die verbesserte Aufnahme der Wirkstoffe und die Follikelstimulation liefert Microneedling in Kombination mit einem zielgerichteten Mesotherapie-Serum klinisch belegte Vorteile f\u00fcr dichteres, st\u00e4rkeres und ges\u00fcnder aussehendes Haar.   <\/p>\n<p><strong>Kit-Inhalt:<\/strong><\/p>\n<ul>\n<li>10 \u00d7 6 ml Fl\u00e4schchen Hair Complex Meso Serum<\/li>\n<li>1 Mikro-Nadel-Dermaroller<\/li>\n<li>1 keimt\u00f6tender Reiniger<\/li>\n<\/ul>\n<p>Das leicht einziehende Serum wird schnell absorbiert und ist geeignet f\u00fcr M\u00e4nner und Frauen, die unter Haarausd\u00fcnnung, geschw\u00e4chtem Haar oder Ungleichgewichten der Kopfhaut leiden.<\/p>\n<p><strong>Aktiver Komplex:<\/strong><\/p>\n<ul>\n<li>Capixyl \u2013 Peptidkomplex zur St\u00e4rkung der Haarfollikel und Reduzierung von Haarausfall<\/li>\n<li>Redensyl \u2013 Unterst\u00fctzt die Aktivit\u00e4t der Haar-Stammzellen und f\u00f6rdert ges\u00fcndere Haarwachstumszyklen<\/li>\n<li>Procapil \u2013 Unterst\u00fctzt die Mikrozirkulation der Kopfhaut und verbessert die Verankerung der Follikel<\/li>\n<li>Biotin (Vitamin B7) \u2013 Unterst\u00fctzt die Keratinproduktion und die Struktur des Haares<\/li>\n<li>Sodium DNA (S.DNA) \u2013 Unterst\u00fctzt die Reparatur und Regeneration der Kopfhaut<\/li>\n<li>Pflanzliche Stammzellen \u2013 F\u00f6rdern die Vitalit\u00e4t der Kopfhaut und die Langlebigkeit der Follikel<\/li>\n<li>GF Factor \u2013 Unterst\u00fctzt die Follikelstimulation und die Erneuerung der Kopfhaut<\/li>\n<li>Anagain \u2013 Pflanzlicher Wirkstoff zur Unterst\u00fctzung der verschiedenen Haarwachstumsphasen<\/li>\n<li>Keratin \u2013 St\u00e4rkt die Haartfaser und verbessert ihre Widerstandsf\u00e4higkeit<\/li>\n<li>Saw Palmetto \u2013 Pflanzlicher Extrakt, der die DHT-Regulation unterst\u00fctzt<\/li>\n<li>Aminos\u00e4ure-Komplex \u2013 Unterst\u00fctzt die Ern\u00e4hrung der Kopfhaut und die Integrit\u00e4t der Haafaser<\/li>\n<\/ul>\n<p><strong>Funktionelle Vorteile:<\/strong><\/p>\n<ul>\n<li>Unterst\u00fctzt st\u00e4rkeres und voller aussehendes Haar<\/li>\n<li>Hilft, die Kopfhautgesundheit und Feuchtigkeit zu verbessern<\/li>\n<li>F\u00f6rdert die Vitalit\u00e4t und Elastizit\u00e4t der Haarfollikel<\/li>\n<li>Tr\u00e4gt zu einer ges\u00fcnderen Kopfhautumgebung bei<\/li>\n<li>Mikronadelunterst\u00fctzte Aufnahme f\u00fcr eine verbesserte Wirkstoffzufuhr<\/li>\n<\/ul>\n<p><strong>Anwendung:<\/strong><\/p>\n<p>Tragen Sie das Serum direkt auf die d\u00fcnner werdenden Haarpartien auf und massieren Sie es sanft mit den Fingerspitzen ein<br \/>Der Dermaroller kann verwendet werden, um die Stimulation der Kopfhaut zu unterst\u00fctzen und die Aufnahme des Produkts zu verbessern<br \/>Nach der Anwendung nicht aussp\u00fclen  <\/p>\n<p><strong>Sicherheitshinweise:<\/strong><\/p>\n<p>Nur zur \u00e4u\u00dferen Anwendung<br \/>Kontakt mit den Augen vermeiden<br \/>In einem k\u00fchlen, trockenen Ort aufbewahren<br \/>Nicht f\u00fcr Kinder unter 3 Jahren geeignet<br \/>Personen mit Kopfhautproblemen sollten vor der Anwendung einen Spezialisten konsultieren    <\/p>\n<p>Vollst\u00e4ndige INCI-Inhaltsstoffliste ist auf dem Produktetikett verf\u00fcgbar.<\/p>\n","protected":false},"excerpt":{"rendered":"<ul>\n<li>10 x 6 Ml Meso Serum,<\/li>\n<li>1 Mikronadel-Dermaroller,<\/li>\n<li>1. Keimt\u00f6tender Reiniger<\/li>\n<li>Klinisch gepr\u00fcft und von der FDA zugelassen<\/li>\n<li>Die \u201eSpezialformel\u201c besteht aus einer Mischung hochwirksamer Inhaltsstoffe, darunter pflanzliche Stammzellen, Capixyl, Redensyl, Procapil, S.DNA, GF-Faktor, Anagain, Biotin, Keratin, Palmetto (eine nat\u00fcrliche Alternative zu Finasterid) und ein Aminos\u00e4urekomplex, die alle darauf abzielen, Haarausfall vorzubeugen, das Haar zu st\u00e4rken und seine Elastizit\u00e4t zu verbessern.<\/li>\n<\/ul>\n","protected":false},"featured_media":5204,"comment_status":"open","ping_status":"closed","template":"","meta":{"_joinchat":[]},"product_brand":[],"product_cat":[40,52,57],"product_tag":[],"class_list":{"0":"post-701","1":"product","2":"type-product","3":"status-publish","4":"has-post-thumbnail","6":"product_cat-alle-produkte","7":"product_cat-nach-einer-haartransplantation","8":"product_cat-set","10":"first","11":"instock","12":"taxable","13":"shipping-taxable","14":"purchasable","15":"product-type-simple"},"acf":[],"_links":{"self":[{"href":"https:\/\/mdplusbio.com\/de\/wp-json\/wp\/v2\/product\/701","targetHints":{"allow":["GET"]}}],"collection":[{"href":"https:\/\/mdplusbio.com\/de\/wp-json\/wp\/v2\/product"}],"about":[{"href":"https:\/\/mdplusbio.com\/de\/wp-json\/wp\/v2\/types\/product"}],"replies":[{"embeddable":true,"href":"https:\/\/mdplusbio.com\/de\/wp-json\/wp\/v2\/comments?post=701"}],"wp:featuredmedia":[{"embeddable":true,"href":"https:\/\/mdplusbio.com\/de\/wp-json\/wp\/v2\/media\/5204"}],"wp:attachment":[{"href":"https:\/\/mdplusbio.com\/de\/wp-json\/wp\/v2\/media?parent=701"}],"wp:term":[{"taxonomy":"product_brand","embeddable":true,"href":"https:\/\/mdplusbio.com\/de\/wp-json\/wp\/v2\/product_brand?post=701"},{"taxonomy":"product_cat","embeddable":true,"href":"https:\/\/mdplusbio.com\/de\/wp-json\/wp\/v2\/product_cat?post=701"},{"taxonomy":"product_tag","embeddable":true,"href":"https:\/\/mdplusbio.com\/de\/wp-json\/wp\/v2\/product_tag?post=701"}],"curies":[{"name":"wp","href":"https:\/\/api.w.org\/{rel}","templated":true}]}}