{"id":676,"date":"2024-12-16T13:53:14","date_gmt":"2024-12-16T13:53:14","guid":{"rendered":"https:\/\/mdplusbio.com\/product\/i-care-my-hair-package\/"},"modified":"2026-01-29T14:03:16","modified_gmt":"2026-01-29T11:03:16","slug":"ich-kummere-mich-um-mein-haar-paket-2","status":"publish","type":"product","link":"https:\/\/mdplusbio.com\/de\/produkt\/ich-kummere-mich-um-mein-haar-paket-2\/","title":{"rendered":"I Care My Hair Paket \u2013 3 Monate"},"content":{"rendered":"<p>Ein fortschrittliches Haarpflege- und Reparaturset, speziell zusammengestellt mit preisgekr\u00f6nten Wirkstoffen wie Capixyl, Redensyl und Procapil.<\/p>\n<p class=\"p4\">Unser fortschrittliches Haarpflege- und Reparaturset wurde entwickelt, um Haarausfall zu reduzieren und gesundes Haarwachstum zu f\u00f6rdern. Verabschieden Sie sich von feinem, schwachem Haar und begr\u00fc\u00dfen Sie eine dichtere, kr\u00e4ftigere und lebendigere Haarpracht mit unserem speziell formulierten Haarpflegeset. <\/p>\n<ul class=\"ul1\">\n<li class=\"li2\">Um das Haarreparaturserum zu verwenden, tragen Sie es zweimal t\u00e4glich auf und verwenden Sie 1 ml pro Dosis (ungef\u00e4hr 5-6 H\u00fcbe). Massieren Sie die gesamte Kopfhaut sanft ein, mit besonderem Fokus auf Bereichen, in denen Haarausfall ein Anliegen ist (wie transplantierte oder Spenderbereiche), um Ihr bestehendes Haar zu sch\u00fctzen und zu reparieren. Das Serum sollte auf trockene Haut aufgetragen werden und sollte nicht ausgesp\u00fclt werden. Eine Flasche sollte einen Monat lang regelm\u00e4\u00dfiger Anwendung standhalten.\u201c   <\/li>\n<\/ul>\n<ul class=\"ul1\">\n<li class=\"li2\">F\u00fcr beste Ergebnisse nehmen Sie t\u00e4glich 2 Tabletten unserer Nahrungserg\u00e4nzungsmittel ein \u2013 1 morgens und 1 abends. Unsere Nahrungserg\u00e4nzungsmittel sind speziell mit einem reichen Gehalt an t\u00e4glich ben\u00f6tigten N\u00e4hrstoffen formuliert, um Ihre allgemeine Gesundheit zu unterst\u00fctzen.\u201c <\/li>\n<\/ul>\n<ul class=\"ul1\">\n<li class=\"li2\">Unser Haarshampoo ist speziell darauf ausgelegt, den Reparaturprozess der Kopfhaut zu unterst\u00fctzen, insbesondere in F\u00e4llen, in denen die nat\u00fcrliche Flora abgenutzt ist. Mit einem pH-Wert von 6-6,2 hilft unser Shampoo, das nat\u00fcrliche Gleichgewicht der Kopfhaut wiederherzustellen, was zu ges\u00fcnderem Haarwachstum und einem lebendigeren Erscheinungsbild f\u00fchrt.\u201c <\/li>\n<\/ul>\n<ul class=\"ul1\">\n<li class=\"li2\">Das Haar Complex Meso Serum enth\u00e4lt eine kraftvolle Mischung aus Wirkstoffen in einer hochkonzentrierten Formel. Um seine Wirksamkeit zu steigern, empfehlen wir die Anwendung in Verbindung mit Microneedling (Dermaroller), wodurch die Wirkstoffe tief in die Kopfhaut eindringen k\u00f6nnen. F\u00fcr beste Ergebnisse empfehlen wir auch die Verwendung des Serum-Sprays in Kombination mit dem Dermaroller. Wir empfehlen die Anwendung des Dermarollers alle 10 Tage, um eine optimale Kopfhautgesundheit aufrechtzuerhalten.   <\/li>\n<\/ul>\n","protected":false},"excerpt":{"rendered":"<ul>\n<li>4 x 100 Ml ( 3,38 fl. oz) Haar Reparatur Shampoo,<\/li>\n<li>3 x 60 Ml (2,02 fl. oz) Haar Reparatur Serum,<\/li>\n<li>3 x 60 Nahrungserg\u00e4nzungsmittel \u2013 Biotin 5000 MCG,<\/li>\n<li>5 x 6 Ml Meso Serum,<\/li>\n<li>1 Mikronadel-Dermaroller,<\/li>\n<li>Klinisch gepr\u00fcft und von der FDA zugelassen<\/li>\n<li>Erleben Sie ein wissenschaftlich fundiertes Haarpflegesystem, das Ihre Kopfhaut unterst\u00fctzt und neues Haar nach einer Haartransplantation st\u00e4rkt.<\/li>\n<li><strong data-start=\"1380\" data-end=\"1406\">Das I Care My Hair Package<\/strong> umfasst eine leistungsstarke Kombination aus Shampoo, Serum und Vitaminkomplex, formuliert mit Biotin, Keratin und nat\u00fcrlichen Wachstumsstimulatoren.<\/li>\n<li>Jedes Produkt wirkt synergetisch, um Entz\u00fcndungen zu reduzieren, die Durchblutung zu f\u00f6rdern und eine langanhaltende Haardichte zu unterst\u00fctzen.<\/li>\n<li>Ob Sie eine Haartransplantation hinter sich haben oder einfach weiterem Haarausfall vorbeugen m\u00f6chten \u2013 diese t\u00e4gliche Pflegeroutine versorgt Ihre Kopfhaut mit allem, was sie f\u00fcr Regeneration und Schutz ben\u00f6tigt.<\/li>\n<li>Das Set enth\u00e4lt preisgekr\u00f6nte Wirkstoffe wie Capixyl, Redensyl und Procapil, die zusammenwirken, um das Haarwachstum zu stimulieren und Sch\u00e4den zu reparieren. Unsere Formel ist mit Wachstumsfaktoren, Vitaminen und wichtigen pflanzlichen Extrakten angereichert, die gesunde Haarfollikel n\u00e4hren und das Haarwachstum f\u00f6rdern, was zu vollem und gesundem Haar f\u00fchrt. <\/li>\n<\/ul>\n","protected":false},"featured_media":5198,"comment_status":"open","ping_status":"closed","template":"","meta":{"_joinchat":[]},"product_brand":[],"product_cat":[40,52,57],"product_tag":[],"class_list":{"0":"post-676","1":"product","2":"type-product","3":"status-publish","4":"has-post-thumbnail","6":"product_cat-alle-produkte","7":"product_cat-nach-einer-haartransplantation","8":"product_cat-set","10":"first","11":"instock","12":"taxable","13":"shipping-taxable","14":"purchasable","15":"product-type-simple"},"acf":[],"_links":{"self":[{"href":"https:\/\/mdplusbio.com\/de\/wp-json\/wp\/v2\/product\/676","targetHints":{"allow":["GET"]}}],"collection":[{"href":"https:\/\/mdplusbio.com\/de\/wp-json\/wp\/v2\/product"}],"about":[{"href":"https:\/\/mdplusbio.com\/de\/wp-json\/wp\/v2\/types\/product"}],"replies":[{"embeddable":true,"href":"https:\/\/mdplusbio.com\/de\/wp-json\/wp\/v2\/comments?post=676"}],"wp:featuredmedia":[{"embeddable":true,"href":"https:\/\/mdplusbio.com\/de\/wp-json\/wp\/v2\/media\/5198"}],"wp:attachment":[{"href":"https:\/\/mdplusbio.com\/de\/wp-json\/wp\/v2\/media?parent=676"}],"wp:term":[{"taxonomy":"product_brand","embeddable":true,"href":"https:\/\/mdplusbio.com\/de\/wp-json\/wp\/v2\/product_brand?post=676"},{"taxonomy":"product_cat","embeddable":true,"href":"https:\/\/mdplusbio.com\/de\/wp-json\/wp\/v2\/product_cat?post=676"},{"taxonomy":"product_tag","embeddable":true,"href":"https:\/\/mdplusbio.com\/de\/wp-json\/wp\/v2\/product_tag?post=676"}],"curies":[{"name":"wp","href":"https:\/\/api.w.org\/{rel}","templated":true}]}}