{"id":2423,"date":"2024-12-24T14:20:04","date_gmt":"2024-12-24T11:20:04","guid":{"rendered":"https:\/\/mdplusbio.com\/how-to-use\/"},"modified":"2025-03-13T15:03:12","modified_gmt":"2025-03-13T12:03:12","slug":"anwendung","status":"publish","type":"page","link":"https:\/\/mdplusbio.com\/de\/anwendung\/","title":{"rendered":"Wie Sie es verwenden"},"content":{"rendered":"\t\t<div data-elementor-type=\"wp-page\" data-elementor-id=\"2423\" class=\"elementor elementor-2423 elementor-2368\" data-elementor-post-type=\"page\">\n\t\t\t\t<div class=\"elementor-element elementor-element-b91ced9 e-flex e-con-boxed e-con e-parent\" data-id=\"b91ced9\" data-element_type=\"container\">\n\t\t\t\t\t<div class=\"e-con-inner\">\n\t\t\t\t<div class=\"elementor-element elementor-element-d2807bd elementor-widget elementor-widget-heading\" data-id=\"d2807bd\" data-element_type=\"widget\" data-widget_type=\"heading.default\">\n\t\t\t\t<div class=\"elementor-widget-container\">\n\t\t\t\t\t<h2 class=\"elementor-heading-title elementor-size-default\">Wie Sie es verwenden<\/h2>\t\t\t\t<\/div>\n\t\t\t\t<\/div>\n\t\t\t\t\t<\/div>\n\t\t\t\t<\/div>\n\t\t<div class=\"elementor-element elementor-element-9ccd7f4 e-flex e-con-boxed e-con e-parent\" data-id=\"9ccd7f4\" data-element_type=\"container\">\n\t\t\t\t\t<div class=\"e-con-inner\">\n\t\t\t\t<div class=\"elementor-element elementor-element-432a5cb elementor-widget elementor-widget-html\" data-id=\"432a5cb\" data-element_type=\"widget\" data-widget_type=\"html.default\">\n\t\t\t\t<div class=\"elementor-widget-container\">\n\t\t\t\t\t<style>\r\n  .timeline {\r\n    position: relative;\r\n    margin: 0 auto;\r\n    padding: 20px 0;\r\n  }\r\n\r\n  .timeline::before {\r\n    content: \"\";\r\n    position: absolute;\r\n    left: 50%;\r\n    width: 3px;\r\n    height: 100%;\r\n    background: linear-gradient(180deg, #4776E6 0%, #8E54E9 100%);\r\n    transform: translateX(-50%);\r\n  }\r\n\r\n  .timeline-item {\r\n    position: relative;\r\n    margin-bottom: 30px;\r\n  }\r\n\r\n  .timeline-item::before {\r\n    content: \"\";\r\n    position: absolute;\r\n    left: 50%;\r\n    top: 15px;\r\n    width: 12px;\r\n    height: 12px;\r\n    background-color: #fff;\r\n    border: 2px solid #4776E6;\r\n    border-radius: 50%;\r\n    transform: translateX(-50%);\r\n    z-index: 2;\r\n  }\r\n\r\n  .timeline-header {\r\n    width: 45%;\r\n    padding: 10px 15px;\r\n    font-weight: bold;\r\n    cursor: pointer;\r\n    border-radius: 5px;\r\n    text-align: center;\r\n    display: flex;\r\n    align-items: center;\r\n    gap: 8px;\r\n    justify-content: center;\r\n    transition: background-color 0.3s ease-in-out;\r\n    position: relative;\r\n    z-index: 3;\r\n  }\r\n\r\n  .timeline-content-wrapper {\r\n    display: none;\r\n    position: relative;\r\n    margin-top: 10px;\r\n  }\r\n\r\n  .timeline-content {\r\n    width: 50%;\r\n    padding: 10px 0px;\r\n    border-radius: 5px;\r\n    position: relative;\r\n  }\r\n  \r\n  .timeline-content p{\r\n    font-size: 14px;\r\n    font-weight: 300;\r\n    letter-spacing: 1px;\r\n    margin-block-end: 1.2em;\r\n  }\r\n  \r\n  .timeline-video {\r\n    width: 45%;\r\n    position: sticky;\r\n    top: 100px;\r\n    align-self: flex-start;\r\n  }\r\n  \r\n  .timeline-video iframe {\r\n    width: 100%;\r\n    height: 280px;\r\n    border: none;\r\n    border-radius: 5px;\r\n  }\r\n\r\n  .timeline-item:nth-child(odd) .timeline-header {\r\n    background: #A3BFD9;\r\n    text-align: right;\r\n    margin-right: 35%;\r\n  }\r\n\r\n  .timeline-item:nth-child(odd) .timeline-content {\r\n    margin-right: 35%;\r\n    position: relative;\r\n    left: -35px;\r\n    text-align: right;\r\n  }\r\n  \r\n  .timeline-item:nth-child(odd) .timeline-video {\r\n    right: 0;\r\n    position: absolute;\r\n    top: 50%;\r\n    transform: translateY(-50%);\r\n  }\r\n\r\n  .timeline-item:nth-child(even) .timeline-header {\r\n    background: #E8EDED;\r\n    text-align: left;\r\n    margin-left: 55%;\r\n  }\r\n\r\n  .timeline-item:nth-child(even) .timeline-content {\r\n    margin-left: 55%;\r\n    text-align: right;\r\n    position: relative;\r\n    left: 0;\r\n  }\r\n  \r\n  .timeline-item:nth-child(even) .timeline-video {\r\n    left: 0;\r\n    position: absolute;\r\n    top: 50%;\r\n    transform: translateY(-50%);\r\n  }\r\n\r\n  .icon {\r\n    font-size: 14px;\r\n    font-weight: bold;\r\n  }\r\n  \r\n  .timeline-header.active {\r\n    background-color: #4776E6 !important;\r\n    color: white;\r\n  }\r\n  \r\n  @media (max-width: 768px) {\r\n    .timeline::before {\r\n      left: 20px;\r\n    }\r\n\r\n    .timeline-item::before {\r\n      left: 20px;\r\n    }\r\n\r\n    .timeline-header,\r\n    .timeline-item:nth-child(odd) .timeline-header,\r\n    .timeline-item:nth-child(even) .timeline-header {\r\n      width: calc(100% - 40px);\r\n      margin-left: 40px;\r\n      margin-right: 0;\r\n      text-align: left;\r\n    }\r\n\r\n    .timeline-content,\r\n    .timeline-item:nth-child(odd) .timeline-content,\r\n    .timeline-item:nth-child(even) .timeline-content {\r\n      width: calc(100% - 40px);\r\n      margin-left: 40px;\r\n      margin-right: 0;\r\n      text-align: left;\r\n      left: 0;\r\n    }\r\n\r\n    .timeline-video,\r\n    .timeline-item:nth-child(odd) .timeline-video,\r\n    .timeline-item:nth-child(even) .timeline-video {\r\n      position: relative;\r\n      width: calc(100% - 40px);\r\n      margin-left: 40px;\r\n      left: auto;\r\n      right: auto;\r\n      top: 0;\r\n      transform: none;\r\n      margin-top: 15px;\r\n    }\r\n  }\r\n  <\/style>\r\n\r\n<div class=\"timeline\">\r\n  <div class=\"timeline-item\">\r\n    <div class=\"timeline-header\">\r\n      ICH K\u00dcMMERE MICH UM MEIN HAARTRANSPLANTATIONSPAKET\r\n    <\/div>\r\n    <div class=\"timeline-content-wrapper\">\r\n      <div class=\"timeline-content\">\r\n        <p>Produktvorstellung I Care Hair Transplantation \u2013 Ihr Weg zu ges\u00fcnderem und kr\u00e4ftigerem Haar<\/p>\r\n        <p><b>Reparaturserum f\u00fcr die Haare<\/b>: Verabschieden Sie sich vom Haarausfall mit unserem Reparaturserum f\u00fcr die Haare \u2013 Ihrer Geheimwaffe gegen d\u00fcnner werdendes Haar. Verwenden Sie es zweimal t\u00e4glich, einmal morgens und einmal abends. Nehmen Sie pro Anwendung 1 ml (etwa 5-6 Pumpst\u00f6\u00dfe) und massieren Sie es sanft auf Ihrer gesamten Kopfhaut ein. Achten Sie besonders auf Stellen mit erh\u00f6htem Haarausfall \u2013 dazu geh\u00f6ren der transplantierte Bereich, die Spenderzone und auch Ihre bestehenden Haare. Denken Sie daran, dass das Serum auf trockene Haut aufgetragen und nicht ausgesp\u00fclt werden soll. Jede Flasche ist f\u00fcr einen Monat regelm\u00e4\u00dfiger Anwendung konzipiert.<\/p>\r\n        <p><b>Nahrungserg\u00e4nzungsmittel<\/b>: Unsere speziell entwickelten Nahrungserg\u00e4nzungsmittel sind vollgepackt mit essenziellen N\u00e4hrstoffen, die Ihre Haare t\u00e4glich ben\u00f6tigen. Nehmen Sie 2 Tabletten pro Tag ein \u2013 eine morgens und eine abends. Diese Erg\u00e4nzungsmittel enthalten wichtige Vitamine und Mineralstoffe, um Ihre allgemeine Gesundheit zu unterst\u00fctzen und das Haarwachstum zu f\u00f6rdern.<\/p>\r\n        <p><b>Haarshampoo<\/b>: Revitalisieren Sie die nat\u00fcrliche Flora Ihrer Kopfhaut mit unserem Haarshampoo, insbesondere wenn Ihr Haar glanzlos wirkt. Mit einem ideal abgestimmten pH-Wert zwischen 6 und 6,2 ist es die perfekte Erg\u00e4nzung Ihrer Haarpflegeroutine. Einfach aufsch\u00e4umen, Haare, Haarfasern und Kopfhaut reinigen und den Unterschied erleben.<\/p>\r\n        <p>Begr\u00fc\u00dfen Sie das Produkt I Care Hair Transplantation \u2013 Ihren zuverl\u00e4ssigen Begleiter f\u00fcr eine schnellere Genesung und ges\u00fcnderes, sch\u00f6neres Haar. Machen Sie es zu einem festen Bestandteil Ihrer t\u00e4glichen Routine und erhalten Sie die Haare, von denen Sie immer getr\u00e4umt haben.<\/p>\r\n      <\/div>\r\n      <div class=\"timeline-video\">\r\n        <iframe src=\"https:\/\/www.youtube.com\/embed\/5j8xMxyO0A0?si=W3kznyKBlKEMmGpF\" title=\"Video Haartransplantation\" frameborder=\"0\" allow=\"accelerometer; autoplay; clipboard-write; encrypted-media; gyroscope; picture-in-picture\" allowfullscreen><\/iframe>\r\n      <\/div>\r\n    <\/div>\r\n  <\/div>\r\n\r\n  <div class=\"timeline-item\">\r\n    <div class=\"timeline-header\">ICH K\u00dcMMERE MICH UM MEIN HAAR PAKET\r\n    <\/div>\r\n    <div class=\"timeline-content-wrapper\">\r\n      <div class=\"timeline-content\">\r\n        <p>Entdecken Sie das Produkt I Care My Hair und l\u00fcften Sie die Geheimnisse ges\u00fcnderer, kr\u00e4ftigerer Haare.<\/p>\r\n        <p><b>Reparaturserum f\u00fcr die Haare<\/b>: Beginnen Sie Ihre Haarpflege-Reise mit dem Reparaturserum f\u00fcr die Haare, einem essenziellen Schritt zur Revitalisierung Ihrer Haare. Verwenden Sie es zweimal t\u00e4glich, pro Anwendung 1 ml (ca. 5-6 Pumpst\u00f6\u00dfe). Massieren Sie es sanft auf die gesamte trockene Kopfhaut ein und sp\u00fclen Sie es nicht aus. Jede Flasche begleitet Sie zuverl\u00e4ssig einen Monat lang.<\/p>\r\n        <p><b>Nahrungserg\u00e4nzungsmittel<\/b>: Als n\u00e4chstes kommen unsere energiereichen Nahrungserg\u00e4nzungsmittel \u2013 Ihre t\u00e4gliche Dosis essenzieller N\u00e4hrstoffe f\u00fcr gesundes Haarwachstum. Nehmen Sie t\u00e4glich 2 Tabletten ein \u2013 eine morgens und eine abends. Die Tabletten enthalten alle wichtigen Wirkstoffe, die Ihre Haare ben\u00f6tigen, um Wachstum und Vitalit\u00e4t zu f\u00f6rdern.<\/p>\r\n        <p><b>Haarshampoo<\/b>: Unser Haarshampoo ist der Retter f\u00fcr Ihre Kopfhaut. Mit einem pH-Wert zwischen 6 und 6,2 unterst\u00fctzt es den nat\u00fcrlichen Reparaturprozess Ihrer Kopfhaut, besonders wenn Ihre nat\u00fcrliche Flora beeintr\u00e4chtigt ist. Reinigen Sie Haare, Haarfasern und Kopfhaut gr\u00fcndlich und beginnen Sie Ihre Reise zu ges\u00fcnderem Haar.<\/p>\r\n        <p>Doch unsere Haarpflege-Routine bietet noch mehr! Das Haar-Meso-Komplex-Serum enth\u00e4lt intensiv wirksame Inhaltsstoffe mit konzentrierter Kraft. F\u00fcr noch bessere Ergebnisse empfehlen wir das Microneedling (Dermaroller). Diese Technik garantiert, dass die Wirkstoffe tief in Ihre Kopfhaut eindringen. Nutzen Sie dazu das Serum-Spray f\u00fcr optimale Wirkung. Rollen Sie alle 10 Tage. Verteilen Sie die H\u00e4lfte des Serums sanft auf Ihrer Kopfhaut und rollen Sie mit sanftem, gleichm\u00e4\u00dfigem Druck. Bewahren Sie den Rest f\u00fcr die n\u00e4chste Anwendung nach 10 Tagen auf.<\/p>\r\n        <p>Vergessen Sie nicht, den Dermaroller nach jeder Anwendung mit dem germiziden Reiniger gr\u00fcndlich zu s\u00e4ubern.<\/p>\r\n        <p>Warum Microneedling? Weil die Mikrostiche Wachstumsfaktoren anregen, die die Kollagenproduktion f\u00f6rdern und Ihren Haaren St\u00e4rke und Vitalit\u00e4t verleihen.<\/p>\r\n        <p>Das ist es \u2013 das Produkt I Care My Hair, Ihr Weg zu kr\u00e4ftigerem, ges\u00fcnderem Haar. Machen Sie es zu einem festen Bestandteil Ihrer t\u00e4glichen Routine.<\/p>\r\n      <\/div>\r\n      <div class=\"timeline-video\">\r\n        <iframe src=\"https:\/\/www.youtube.com\/embed\/zLIspqQOLqI?si=X48hzdzUct-Wx1xr\" title=\"Video I Care My Hair\" frameborder=\"0\" allow=\"accelerometer; autoplay; clipboard-write; encrypted-media; gyroscope; picture-in-picture\" allowfullscreen><\/iframe>\r\n      <\/div>\r\n    <\/div>\r\n  <\/div>\r\n\r\n  <div class=\"timeline-item\">\r\n    <div class=\"timeline-header\">\r\n      HAARSHAMPOO\r\n    <\/div>\r\n    <div class=\"timeline-content-wrapper\">\r\n      <div class=\"timeline-content\">\r\n        <p>Wie Sie unser Haarshampoo f\u00fcr maximale Vorteile nutzen.<\/p>\r\n        <p><b>Schritt 1<\/b>: Beginnen Sie mit nassem Haar. Stellen Sie sicher, dass Ihr Haar gut durchfeuchtet ist, bevor Sie das Shampoo auftragen.<\/p>\r\n        <p><b>Schritt 2<\/b>: Geben Sie eine angemessene Menge unseres Haarshampoos \u201eSpezialformel\u201c in Ihre Handfl\u00e4che. Die ben\u00f6tigte Menge h\u00e4ngt von der L\u00e4nge und Dicke Ihrer Haare ab.<\/p>\r\n        <p><b>Schritt 3<\/b>: Tragen Sie das Shampoo sanft auf Ihr Haar auf. Beginnen Sie an den Haarwurzeln und arbeiten Sie sich bis zu den Spitzen vor. Konzentrieren Sie sich besonders auf Ihre Kopfhaut \u2013 dort entfaltet sich die Wirkung des Shampoos.<\/p>\r\n        <p><b>Schritt 4<\/b>: Jetzt kommt das Geheimnis \u2013 die Kopfhautmassage. Verwenden Sie Ihre Fingerspitzen und massieren Sie Ihre Kopfhaut 3-5 Minuten lang. Dieser Schritt ist entscheidend, da er die Durchblutung anregt, f\u00fcr Entspannung sorgt und sicherstellt, dass die aktiven Inhaltsstoffe optimal wirken.<\/p>\r\n        <p><b>Schritt 5<\/b>: Sp\u00fclen Sie Ihr Haar gr\u00fcndlich aus. Achten Sie darauf, alle Shampoo-R\u00fcckst\u00e4nde mit lauwarmem Wasser zu entfernen.<\/p>\r\n        <p><b>Schritt 6<\/b>: Trocknen Sie Ihr Haar sanft mit einem sauberen Handtuch, indem Sie es leicht abtupfen. Vermeiden Sie starkes Reiben, da dies die Haarstruktur sch\u00e4digen kann.<\/p>\r\n        <p>Und das war\u2019s! Sie haben Ihrem Haar und Ihrer Kopfhaut die Pflege gegeben, die sie verdienen.<\/p>\r\n        <p>F\u00fcr beste Ergebnisse verwenden Sie unser Haarshampoo t\u00e4glich. Mit regelm\u00e4\u00dfiger Anwendung und ein wenig Selbstf\u00fcrsorge sind Sie auf dem Weg zu ges\u00fcnderem, kr\u00e4ftigerem Haar.<\/p>\r\n      <\/div>\r\n      <div class=\"timeline-video\">\r\n        <iframe src=\"https:\/\/www.youtube.com\/embed\/URjELlN0-NE?si=ZW95fS7lHvZQPE9U\" title=\"Video Haarshampoo\" frameborder=\"0\" allow=\"accelerometer; autoplay; clipboard-write; encrypted-media; gyroscope; picture-in-picture\" allowfullscreen><\/iframe>\r\n      <\/div>\r\n    <\/div>\r\n  <\/div>\r\n\r\n  <div class=\"timeline-item\">\r\n    <div class=\"timeline-header\">REPARATIONSLOTION\r\n    <\/div>\r\n    <div class=\"timeline-content-wrapper\">\r\n      <div class=\"timeline-content\">\r\n        <p>Wie Sie unsere Reparatur-Lotion effektiv anwenden.<\/p>\r\n        <p><b>Schritt 1<\/b>: Geben Sie eine ausreichende Menge unserer Reparatur-Lotion auf Ihre Hand. Die ben\u00f6tigte Menge h\u00e4ngt von der zu behandelnden Fl\u00e4che ab.<\/p>\r\n        <p><b>Schritt 2<\/b>: Tragen Sie die Lotion sanft auf die betroffene Stelle auf. Stellen Sie sicher, dass der Bereich vollst\u00e4ndig bedeckt ist.<\/p>\r\n        <p><b>Schritt 3<\/b>: Jetzt kommt der entscheidende Schritt \u2013 massieren Sie die Lotion 1-2 Minuten lang mit sanften, kreisenden Bewegungen in die Haut ein. Dadurch wird eine optimale Aufnahme gew\u00e4hrleistet.<\/p>\r\n        <p><b>Schritt 4<\/b>: Lassen Sie die Lotion vollst\u00e4ndig in die Haut einziehen. Sie werden ihre beruhigende und pflegende Wirkung sofort sp\u00fcren.<\/p>\r\n        <p>Und das war\u2019s! Die Anwendung unserer Reparatur-Lotion ist ganz einfach. Wiederholen Sie diesen Vorgang regelm\u00e4\u00dfig gem\u00e4\u00df den Anwendungshinweisen. Ihre Haut wird Ihnen f\u00fcr diese zus\u00e4tzliche Pflege danken.<\/p>\r\n      <\/div>\r\n      <div class=\"timeline-video\">\r\n        <iframe src=\"https:\/\/www.youtube.com\/embed\/X3-8nCHodS0?si=arlVxVD2vjX_vTbM\" title=\"Video Reparatur-Lotion\" frameborder=\"0\" allow=\"accelerometer; autoplay; clipboard-write; encrypted-media; gyroscope; picture-in-picture\" allowfullscreen><\/iframe>\r\n      <\/div>\r\n    <\/div>\r\n  <\/div>\r\n\r\n  <div class=\"timeline-item\">\r\n    <div class=\"timeline-header\">\r\n      NAHRUNGSERG\u00c4NZUNGSMITTEL\r\n    <\/div>\r\n    <div class=\"timeline-content-wrapper\">\r\n      <div class=\"timeline-content\">\r\n        <p>Wie Sie unsere Nahrungserg\u00e4nzungsmittel f\u00fcr kr\u00e4ftigeres und ges\u00fcnderes Haar einnehmen.<\/p>\r\n        <p><b>Schritt 1<\/b>: Unsere Haar-Nahrungserg\u00e4nzungsmittel sind f\u00fcr die t\u00e4gliche Einnahme in einer einzigen Dosis konzipiert.<\/p>\r\n        <p><b>Schritt 2<\/b>: Nehmen Sie eine Kapsel aus der Flasche.<\/p>\r\n        <p><b>Schritt 3<\/b>: Da unsere Erg\u00e4nzungsmittel einen Energieschub geben k\u00f6nnen, empfehlen wir, sie morgens oder tags\u00fcber einzunehmen. Vermeiden Sie die Einnahme nach 20:00 Uhr, um m\u00f6gliche Schlafst\u00f6rungen zu verhindern.<\/p>\r\n        <p>Und das war\u2019s! Die t\u00e4gliche Einnahme unserer Nahrungserg\u00e4nzungsmittel ist ein einfacher Schritt zu kr\u00e4ftigerem, ges\u00fcnderem Haar. Bei regelm\u00e4\u00dfiger Anwendung \u00fcber 30-90 Tage werden Sie die Vorteile unserer speziellen Formel sp\u00fcren.<\/p>\r\n      <\/div>\r\n      <div class=\"timeline-video\">\r\n        <iframe src=\"https:\/\/www.youtube.com\/embed\/O4PZYd3S7Wo?si=vZ9Hs4YEUPC43X3H\" title=\"Video Nahrungserg\u00e4nzungsmittel\" frameborder=\"0\" allow=\"accelerometer; autoplay; clipboard-write; encrypted-media; gyroscope; picture-in-picture\" allowfullscreen><\/iframe>\r\n      <\/div>\r\n    <\/div>\r\n  <\/div>\r\n\r\n  <div class=\"timeline-item\">\r\n    <div class=\"timeline-header\">\r\n      DAS HAAR COMPLEX MESO SERUM\r\n    <\/div>\r\n    <div class=\"timeline-content-wrapper\">\r\n      <div class=\"timeline-content\">\r\n        <p>Das Meso Komplex Serum enth\u00e4lt hochwirksame, konzentrierte Inhaltsstoffe. F\u00fcr eine noch bessere Wirkung nutzen Sie Microneedling (Dermaroller). Diese Technik sorgt daf\u00fcr, dass die Wirkstoffe besser in die Kopfhaut eindringen. Verwenden Sie es zusammen mit dem Spr\u00fchserum f\u00fcr maximale Ergebnisse. Wir empfehlen eine Anwendung alle 10 Tage. Entnehmen Sie die H\u00e4lfte des MesoSerums mit der Pipette, verteilen Sie es auf der Kopfhaut und rollen Sie dann sanft mit gleichm\u00e4\u00dfigem Druck. Bewahren Sie die zweite H\u00e4lfte f\u00fcr die n\u00e4chste Anwendung in 10 Tagen auf.<\/p>\r\n        <p>Vergessen Sie nicht, den Dermaroller nach der Anwendung mit einem keimt\u00f6tenden Reiniger zu s\u00e4ubern.<\/p>\r\n        <p>Warum Microneedling? Die Mikrostiche regen Wachstumsfaktoren an, die die Kollagenproduktion steigern und Ihrem Haar Kraft und Vitalit\u00e4t verleihen.<\/p>\r\n      <\/div>\r\n      <div class=\"timeline-video\">\r\n        <iframe src=\"https:\/\/www.youtube.com\/embed\/YbvAeq0hbjc?si=ZQ_YdO2ZdO7NKwnR\" title=\"Video Meso Komplex Serum\" frameborder=\"0\" allow=\"accelerometer; autoplay; clipboard-write; encrypted-media; gyroscope; picture-in-picture\" allowfullscreen><\/iframe>\r\n      <\/div>\r\n    <\/div>\r\n  <\/div>\r\n    <div class=\"timeline-item\">\r\n    <div class=\"timeline-header\"> \r\n      HAARREPARATURSERUM\r\n    <\/div>\r\n    <div class=\"timeline-content-wrapper\">\r\n      <div class=\"timeline-content\">\r\n        <p>Wie Sie unser Reparatur-Serum f\u00fcr ges\u00fcnderes und kr\u00e4ftigeres Haar anwenden.<\/p>\r\n        <p><b>Schritt 1<\/b>: Nehmen Sie 1 ml unseres Reparatur-Serums f\u00fcr die Haare. Wiederholen Sie diesen Vorgang morgens und abends.<\/p>\r\n        <p><b>Schritt 2<\/b>: Tragen Sie das Serum sanft auf Ihre Kopfhaut auf. Achten Sie darauf, es gleichm\u00e4\u00dfig zu verteilen, besonders in Bereichen mit Haarausfall.<\/p>\r\n        <p><b>Schritt 3<\/b>: Der Schl\u00fcssel zum Erfolg \u2013 massieren Sie das Serum in die Kopfhaut ein. Verwenden Sie sanfte, kreisende Bewegungen, um eine optimale Aufnahme zu gew\u00e4hrleisten.<\/p>\r\n        <p><b>Schritt 4<\/b>: Lassen Sie das Serum auf Ihrer Kopfhaut, ohne es auszusp\u00fclen. Sie werden die revitalisierende Wirkung sp\u00fcren.<\/p>\r\n        <p>F\u00fcr optimale Ergebnisse befolgen Sie diese Routine morgens und abends. Ihre Haare werden Ihnen die Pflege und Aufmerksamkeit danken.<\/p>\r\n      <\/div>\r\n      <div class=\"timeline-video\">\r\n        <iframe src=\"https:\/\/www.youtube.com\/embed\/V_mHIeTqcnA?si=32jki69JaJ2aQYgJ\" title=\"Video Reparatur-Serum f\u00fcr die Haare\" frameborder=\"0\" allow=\"accelerometer; autoplay; clipboard-write; encrypted-media; gyroscope; picture-in-picture\" allowfullscreen><\/iframe>\r\n      <\/div>\r\n    <\/div>\r\n  <\/div>\r\n\r\n  <div class=\"timeline-item\">\r\n    <div class=\"timeline-header\"> \r\n      MESO FN GEL\r\n    <\/div>\r\n    <div class=\"timeline-content-wrapper\">\r\n      <div class=\"timeline-content\">\r\n        <p>Wie Sie das Meso FN Gel f\u00fcr die Reparatur und Wiederherstellung der Haargesundheit verwenden.<\/p>\r\n        <p><b>Schritt 1<\/b>: Beginnen Sie mit sauberem, trockenem Haar und einer gereinigten Kopfhaut.<\/p>\r\n        <p><b>Schritt 2<\/b>: Nehmen Sie eine ausreichende Menge des Meso FN Gels.<\/p>\r\n        <p><b>Schritt 3<\/b>: Tragen Sie das Gel sanft auf die betroffene Stelle auf.<\/p>\r\n        <p><b>Schritt 4<\/b>: Massieren Sie das Gel mit den Fingerspitzen sanft in kreisenden Bewegungen in die Kopfhaut ein.<\/p>\r\n        <p><b>Schritt 5<\/b>: Fahren Sie 1-2 Minuten lang mit der Massage fort, um eine gleichm\u00e4\u00dfige Verteilung zu gew\u00e4hrleisten.<\/p>\r\n        <p>Und das war\u2019s! Die Einbindung des Meso FN Gels in Ihre t\u00e4gliche Routine ist ganz einfach. Bei regelm\u00e4\u00dfiger Anwendung werden Sie schon bald eine Verbesserung Ihrer Haargesundheit feststellen. Denken Sie daran: F\u00fcr optimale Ergebnisse verwenden Sie das Produkt einmal t\u00e4glich. Unsere spezielle Formel wurde entwickelt, um Ihr Haar mit der Pflege zu versorgen, die es verdient.<\/p>\r\n      <\/div>\r\n      <div class=\"timeline-video\">\r\n        <iframe src=\"https:\/\/www.youtube.com\/embed\/S44auo4aVDc?si=36LGh7pRjJqDA4Jl\" title=\"Video Meso FN Gel\" frameborder=\"0\" allow=\"accelerometer; autoplay; clipboard-write; encrypted-media; gyroscope; picture-in-picture\" allowfullscreen><\/iframe>\r\n      <\/div>\r\n    <\/div>\r\n  <\/div>\r\n<\/div>\r\n\r\n<\/div>\r\n\r\n<\/div>\r\n\r\n\r\n<script>\r\ndocument.addEventListener(\"DOMContentLoaded\", function() {\r\n    const firstItem = document.querySelector('.timeline-item:first-child');\r\n    const firstHeader = firstItem.querySelector('.timeline-header');\r\n    const firstContentWrapper = firstItem.querySelector('.timeline-content-wrapper');\r\n    \r\n    firstHeader.classList.add('active');\r\n    firstContentWrapper.style.display = 'block';\r\n    \r\n    document.querySelectorAll('.timeline-header').forEach(header => {\r\n      header.addEventListener('click', function() {\r\n        const item = this.closest('.timeline-item');\r\n        const contentWrapper = item.querySelector('.timeline-content-wrapper');\r\n        \r\n        if (this.classList.contains('active')) {\r\n          this.classList.remove('active');\r\n          contentWrapper.style.display = 'none';\r\n          return;\r\n        }\r\n        \r\n        document.querySelectorAll('.timeline-header.active').forEach(activeHeader => {\r\n          activeHeader.classList.remove('active');\r\n          const activeWrapper = activeHeader.closest('.timeline-item').querySelector('.timeline-content-wrapper');\r\n          activeWrapper.style.display = 'none';\r\n        });\r\n        \r\n        this.classList.add('active');\r\n        contentWrapper.style.display = 'block';\r\n        \r\n        const headerRect = this.getBoundingClientRect();\r\n        const absoluteHeaderTop = window.pageYOffset + headerRect.top;\r\n        \r\n        window.scrollTo({\r\n          top: absoluteHeaderTop - 160,\r\n          behavior: 'smooth'\r\n        });\r\n      });\r\n    });\r\n    \r\n    \/\/ Video dikey ortalama i\u00e7in JavaScript\r\n    function centerVideos() {\r\n      document.querySelectorAll('.timeline-content-wrapper').forEach(wrapper => {\r\n        if (wrapper.style.display === 'block') {\r\n          const content = wrapper.querySelector('.timeline-content');\r\n          const video = wrapper.querySelector('.timeline-video');\r\n          \r\n          if (content && video) {\r\n            const contentHeight = content.offsetHeight;\r\n            video.style.top = '50%';\r\n            video.style.transform = 'translateY(-50%)';\r\n          }\r\n        }\r\n      });\r\n    }\r\n    \r\n    \/\/ Sayfa y\u00fcklendi\u011finde ve pencere boyutu de\u011fi\u015fti\u011finde videolar\u0131 ortala\r\n    window.addEventListener('load', centerVideos);\r\n    window.addEventListener('resize', centerVideos);\r\n    \r\n    \/\/ Timeline \u00f6\u011fesi a\u00e7\u0131ld\u0131\u011f\u0131nda videolar\u0131 ortala\r\n    document.querySelectorAll('.timeline-header').forEach(header => {\r\n      header.addEventListener('click', function() {\r\n        setTimeout(centerVideos, 100);\r\n      });\r\n    });\r\n});\r\n<\/script>\t\t\t\t<\/div>\n\t\t\t\t<\/div>\n\t\t\t\t<div class=\"elementor-element elementor-element-619199d elementor-widget elementor-widget-spacer\" data-id=\"619199d\" data-element_type=\"widget\" data-widget_type=\"spacer.default\">\n\t\t\t\t<div class=\"elementor-widget-container\">\n\t\t\t\t\t\t\t<div class=\"elementor-spacer\">\n\t\t\t<div class=\"elementor-spacer-inner\"><\/div>\n\t\t<\/div>\n\t\t\t\t\t\t<\/div>\n\t\t\t\t<\/div>\n\t\t\t\t\t<\/div>\n\t\t\t\t<\/div>\n\t\t\t\t<\/div>\n\t\t","protected":false},"excerpt":{"rendered":"<p>Wie Sie es verwenden ICH K\u00dcMMERE MICH UM MEIN HAARTRANSPLANTATIONSPAKET Produktvorstellung I Care Hair Transplantation \u2013 Ihr Weg zu ges\u00fcnderem und kr\u00e4ftigerem Haar Reparaturserum f\u00fcr die Haare: Verabschieden Sie sich [&hellip;]<\/p>\n","protected":false},"author":2,"featured_media":0,"parent":0,"menu_order":0,"comment_status":"closed","ping_status":"closed","template":"","meta":{"_joinchat":[],"footnotes":""},"class_list":["post-2423","page","type-page","status-publish","hentry"],"acf":[],"_links":{"self":[{"href":"https:\/\/mdplusbio.com\/de\/wp-json\/wp\/v2\/pages\/2423","targetHints":{"allow":["GET"]}}],"collection":[{"href":"https:\/\/mdplusbio.com\/de\/wp-json\/wp\/v2\/pages"}],"about":[{"href":"https:\/\/mdplusbio.com\/de\/wp-json\/wp\/v2\/types\/page"}],"author":[{"embeddable":true,"href":"https:\/\/mdplusbio.com\/de\/wp-json\/wp\/v2\/users\/2"}],"replies":[{"embeddable":true,"href":"https:\/\/mdplusbio.com\/de\/wp-json\/wp\/v2\/comments?post=2423"}],"version-history":[{"count":0,"href":"https:\/\/mdplusbio.com\/de\/wp-json\/wp\/v2\/pages\/2423\/revisions"}],"wp:attachment":[{"href":"https:\/\/mdplusbio.com\/de\/wp-json\/wp\/v2\/media?parent=2423"}],"curies":[{"name":"wp","href":"https:\/\/api.w.org\/{rel}","templated":true}]}}