{"id":1901,"date":"2024-12-19T06:34:03","date_gmt":"2024-12-19T03:34:03","guid":{"rendered":"https:\/\/mdplusbio.com\/terms-conditions\/"},"modified":"2025-03-05T14:32:28","modified_gmt":"2025-03-05T11:32:28","slug":"terms-and-conditions","status":"publish","type":"page","link":"https:\/\/mdplusbio.com\/de\/terms-and-conditions\/","title":{"rendered":"Allgemeine Gesch\u00e4ftsbedingungen"},"content":{"rendered":"\t\t<div data-elementor-type=\"wp-page\" data-elementor-id=\"1901\" class=\"elementor elementor-1901 elementor-1891\" data-elementor-post-type=\"page\">\n\t\t\t\t<div class=\"elementor-element elementor-element-3c2f8a5 e-flex e-con-boxed e-con e-parent\" data-id=\"3c2f8a5\" data-element_type=\"container\">\n\t\t\t\t\t<div class=\"e-con-inner\">\n\t\t\t\t<div class=\"elementor-element elementor-element-f99c6c7 elementor-widget elementor-widget-heading\" data-id=\"f99c6c7\" data-element_type=\"widget\" data-widget_type=\"heading.default\">\n\t\t\t\t<div class=\"elementor-widget-container\">\n\t\t\t\t\t<h2 class=\"elementor-heading-title elementor-size-default\"><div><span>Allgemeine Gesch\u00e4ftsbedingungen<\/span><span><\/span><\/div><\/h2>\t\t\t\t<\/div>\n\t\t\t\t<\/div>\n\t\t\t\t\t<\/div>\n\t\t\t\t<\/div>\n\t\t<div class=\"elementor-element elementor-element-5e38413 e-flex e-con-boxed e-con e-parent\" data-id=\"5e38413\" data-element_type=\"container\">\n\t\t\t\t\t<div class=\"e-con-inner\">\n\t\t\t\t<div class=\"elementor-element elementor-element-ce8850d elementor-widget elementor-widget-text-editor\" data-id=\"ce8850d\" data-element_type=\"widget\" data-widget_type=\"text-editor.default\">\n\t\t\t\t<div class=\"elementor-widget-container\">\n\t\t\t\t\t\t\t\t\t<p style=\"margin-bottom: 1.5rem; position: relative; color: #7e7e7e; font-family: Urbanist; font-size: 15px;\">\n<\/p><p style=\"margin-bottom: 1.5rem; position: relative; color: #7e7e7e; font-family: Urbanist; font-size: 15px;\">Die Informationen auf dieser Website werden Ihnen unter den folgenden Bedingungen und Ihrer Akzeptanz dieser angeboten.&nbsp;<br>Sie d\u00fcrfen keine Informationen von dieser Website kopieren, modifizieren, verbreiten, \u00fcbertragen, ver\u00f6ffentlichen, auff\u00fchren, reproduzieren, anzeigen, lizenzieren, abgeleitete Werke erstellen, \u00fcbertragen oder verkaufen.&nbsp; Sie d\u00fcrfen jedoch Material aus verschiedenen Bereichen der Website nur f\u00fcr Ihren eigenen nichtkommerziellen Gebrauch anzeigen, elektronisch kopieren, herunterladen und ausdrucken oder eine Bestellung bei MDPLUSBIO aufgeben bzw. MDPLUSBIO-Produkte kaufen. Jede andere Nutzung von schriftlichen Texten, die markenrechtlich gesch\u00fctzt sind, sowie die Verwendung von Fotos auf dieser Website, einschlie\u00dflich, aber nicht beschr\u00e4nkt auf die Modifikation, Reproduktion, Verbreitung, erneute Ver\u00f6ffentlichung, Anzeige oder \u00dcbertragung von Inhalten dieser Website, ist ohne vorherige schriftliche Genehmigung von MDPLUSBIO strengstens untersagt. <\/p>\n<p style=\"margin-bottom: 1.5rem; position: relative; color: #7e7e7e; font-family: Urbanist; font-size: 15px;\"><span style=\"font-weight: bolder;\">Schriftliche Vereinbarungsbedingungen und Preise<\/span><\/p>\n<p style=\"margin-bottom: 1.5rem; position: relative; color: #7e7e7e; font-family: Urbanist; font-size: 15px;\">Es kann einen Unterschied zwischen den auf der Website bereitgestellten Preisinformationen und den in schriftlichen Vereinbarungen enthaltenen Preisinformationen geben. Alle Parteien von schriftlichen Vereinbarungen sind daf\u00fcr verantwortlich, alle Bedingungen und Preise in solchen Vereinbarungen zu beachten. <\/p><p style=\"margin-bottom: 1.5rem; position: relative; color: #7e7e7e; font-family: Urbanist; font-size: 15px;\">Zollgeb\u00fchren k\u00f6nnen je nach Ihrer Region anfallen, und es liegt in Ihrer Verantwortung, diese zu bezahlen. <\/p>\n<p style=\"margin-bottom: 1.5rem; position: relative; color: #7e7e7e; font-family: Urbanist; font-size: 15px;\"><span style=\"font-weight: bolder;\">Auftragsabwicklung<\/span><\/p>\n<p style=\"margin-bottom: 1.5rem; position: relative; color: #7e7e7e; font-family: Urbanist; font-size: 15px;\">Die normalen Gesch\u00e4ftszeiten sind von 9:00 bis 19:00 Uhr Central Standard Time an Gesch\u00e4ftstagen (ausgenommen nationale Feiertage in der T\u00dcRKEI). Es wird alles daran gesetzt, Bestellungen innerhalb von 24 Stunden nach Erhalt der Bestellbenachrichtigung an MDPLUSBIO zu versenden. Bestellungen, die nach 19:00 Uhr und vor 9:00 Uhr oder am Wochenende aufgegeben werden, werden am n\u00e4chsten Gesch\u00e4ftstag bearbeitet. MDPLUSBIO ist auf andere Lieferanten angewiesen, um bestimmte\/spezifische Komponenten zu liefern, die zur Herstellung von Produkten verwendet werden. MDPLUSBIO wird nicht f\u00fcr die Versendung von Bestellungen an Kunden innerhalb von 24 Stunden verantwortlich gemacht, wenn MDPLUSBIO auf die Lieferung von Komponenten wartet, die an MDPLUSBIO transportiert werden sollen, um die in den Bestellungen der Kunden enthaltenen Produkte herzustellen. In solchen F\u00e4llen erfolgt die Lieferung an die Kunden so schnell wie m\u00f6glich, nachdem die erforderlichen Komponenten an MDPLUSBIO geliefert wurden und die Herstellung der von den Kunden bestellten Produkte abgeschlossen ist.     <\/p>\n<p style=\"margin-bottom: 1.5rem; position: relative; color: #7e7e7e; font-family: Urbanist; font-size: 15px;\"><span style=\"font-weight: bolder;\">Aussage zur Ausfallzeit<\/span><\/p>\n<p style=\"margin-bottom: 1.5rem; position: relative; color: #7e7e7e; font-family: Urbanist; font-size: 15px;\">Die Verf\u00fcgbarkeit der Website kann unvorhersehbaren Ausfallzeiten aufgrund von Systemwartung und -verarbeitung unterliegen. MDPLUSBIO kann nicht f\u00fcr w\u00e4hrend der Systemausfallzeiten aufgegebene Bestellungen oder verz\u00f6gerte Lieferungen w\u00e4hrend der Systemausfallzeiten haftbar gemacht werden. Die Systemausfallzeit umfasst die Ausfallzeit von Systemen unter der Kontrolle von MDPLUSBIO sowie die Ausfallzeit von Systemen unter der Kontrolle anderer.  <\/p>\n<p style=\"margin-bottom: 1.5rem; position: relative; color: #7e7e7e; font-family: Urbanist; font-size: 15px;\"><span style=\"font-weight: bolder;\">Urheberrechte und Marken<\/span><\/p>\n<p style=\"margin-bottom: 1.5rem; position: relative; color: #7e7e7e; font-family: Urbanist; font-size: 15px;\">Alle Inhalte (Texte, Schnittstellen, Code und Auswahl von Anordnungen, Fotos, Grafiken, Design) sind urheberrechtlich gesch\u00fctzt als Sammelwerk nach den Gesetzen der Republik T\u00fcrkei und anderer Urheberrechtsgesetze und sind das Eigentum von MDPLUSBIO oder Hasan Icen.<\/p>\n<p style=\"margin-bottom: 1.5rem; position: relative; color: #7e7e7e; font-family: Urbanist; font-size: 15px;\"><span style=\"font-weight: bolder;\">Tippfehler\/Fehler<\/span><\/p>\n<p style=\"margin-bottom: 1.5rem; position: relative; color: #7e7e7e; font-family: Urbanist; font-size: 15px;\">Falls ein MDPLUSBIO-Produkt\/Material oder eine Dienstleistung aufgrund eines Tippfehlers oder eines Fehlers in den Preisinformationen, die von unseren Lieferanten erhalten wurden, falsch ausgepreist ist, hat MDPLUSBIO (DAS UNTERNEHMEN) das Recht, Bestellungen f\u00fcr ein Produkt oder eine Dienstleistung, die zu einem falschen Preis aufgef\u00fchrt ist, abzulehnen oder zu stornieren. MDPLUSBIO haftet nicht f\u00fcr Tippfehler. Ob eine Bestellung bereits best\u00e4tigt und Ihrer Kreditkarte belastet wurde, beeintr\u00e4chtigt nicht die Befugnis von MDPLUSBIO, eine Bestellung abzulehnen oder zu stornieren. Im seltenen Fall, dass bereits eine Kreditkarte f\u00fcr den Kauf belastet wurde und Ihre Bestellung storniert wird, wird MDPLUSBIO eine Gutschrift auf Ihre Kreditkarte ausstellen oder Sie durch einen Unternehmensscheck in H\u00f6he des falschen Preises erstatten.   <\/p>\n<p style=\"margin-bottom: 1.5rem; position: relative; color: #7e7e7e; font-family: Urbanist; font-size: 15px;\"><span style=\"font-weight: bolder;\">Beendigung<\/span><\/p>\n<p style=\"margin-bottom: 1.5rem; position: relative; color: #7e7e7e; font-family: Urbanist; font-size: 15px;\">Benutzer\/Besucher\/Kunden, die auf die Website zugreifen und\/oder den Registrierungs- und Kauf-\/Einkaufsprozess auf der Website abschlie\u00dfen, akzeptieren diese Bedingungen und Konditionen, die auf Sie zutreffen, und dass Sie diese Allgemeinen Gesch\u00e4ftsbedingungen bei der Durchf\u00fchrung akzeptieren. Alles auf dieser Website kann von MDPLUSBIO jederzeit und aus beliebigem Grund ohne Vorank\u00fcndigung ge\u00e4ndert\/gek\u00fcndigt werden. Die Bestimmungen in Bezug auf Urheberrechte und Marken, Haftungsausschluss, Anspr\u00fcche, Haftungsbeschr\u00e4nkung, Freistellung, anwendbares Recht, Schiedsverfahren und Allgemeines gelten im Falle einer K\u00fcndigung weiter.  <\/p>\n<p style=\"margin-bottom: 1.5rem; position: relative; color: #7e7e7e; font-family: Urbanist; font-size: 15px;\"><span style=\"font-weight: bolder;\">Ung\u00fcltige Transaktionen<\/span><\/p>\n<p style=\"margin-bottom: 1.5rem; position: relative; color: #7e7e7e; font-family: Urbanist; font-size: 15px;\">Es ist illegal, Transaktionen mit ung\u00fcltigen Kreditkarten und\/oder ung\u00fcltigen Bestellungen durchzuf\u00fchren.<\/p>\n<p style=\"margin-bottom: 1.5rem; position: relative; color: #7e7e7e; font-family: Urbanist; font-size: 15px;\"><span style=\"font-weight: bolder;\">Benutzerbeteiligung<\/span><\/p>\n<p style=\"margin-bottom: 1.5rem; position: relative; color: #7e7e7e; font-family: Urbanist; font-size: 15px;\">MDPLUSBIO ist in KEINER WEISE verantwortlich f\u00fcr s\u00e4mtliche Inhalte von Mitteilungen und Materialien, die von Benutzern auf der Website gepostet oder erstellt wurden. MDPLUSBIO hat das Recht, Mitteilungen oder Materialien zu blockieren und zu entfernen, die es als: 1) missbr\u00e4uchlich, diffamierend oder obsz\u00f6n; 2) irref\u00fchrend, betr\u00fcgerisch oder t\u00e4uschend; 3) gegen ein Marken-, Urheber- oder anderes geistiges Eigentumsrecht einer anderen Person versto\u00dfen; 4) gegen Gesetze oder Vorschriften versto\u00dfen; 5) beleidigend oder anderweitig inakzeptabel f\u00fcr MDPLUSBIO gem\u00e4\u00df der MDPLUSBIO-Datenschutzerkl\u00e4rung betrachtet.      <\/p>\n<p style=\"margin-bottom: 1.5rem; position: relative; color: #7e7e7e; font-family: Urbanist; font-size: 15px;\"><span style=\"font-weight: bolder;\">Benutzereinreichungen<\/span><\/p>\n<p style=\"margin-bottom: 1.5rem; position: relative; color: #7e7e7e; font-family: Urbanist; font-size: 15px;\">Die Informationen, die wir von Ihnen sammeln k\u00f6nnen, sind in den von unserer Datenschutzrichtlinie festgelegten Richtlinien aufgef\u00fchrt. Jegliches Material, Informationen oder sonstige Kommunikation, die Sie an die Website \u00fcbertragen, hochladen oder ver\u00f6ffentlichen (\u201eKommunikationen\u201c), wird als nicht vertraulich und nicht propriet\u00e4r betrachtet. MDPLUSBIO hat keine Verpflichtungen in Bezug auf die Kommunikationen. MDPLUSBIO und seine Beauftragten sind frei, die Kommunikationen und alle darin enthaltenen Daten, Bilder, Kl\u00e4nge, Texte und andere Dinge f\u00fcr kommerzielle und nichtkommerzielle Zwecke zu kopieren, offenzulegen, zu verteilen, einzubeziehen und anderweitig zu verwenden.  <\/p>\n<p style=\"margin-bottom: 1.5rem; position: relative; color: #7e7e7e; font-family: Urbanist; font-size: 15px;\"><span style=\"font-weight: bolder;\">Links zu Dritten<\/span><\/p>\n<p style=\"margin-bottom: 1.5rem; position: relative; color: #7e7e7e; font-family: Urbanist; font-size: 15px;\">MDPLUSBIO website may contain links to other websites on the internet that are owned and operated by third parties. &nbsp;MDPLUSBIO has no control over these internet linked sites, ALL of which have their own separate privacy and data collection practices, independent of MDPLUSBIO. MDPLUSBIO&nbsp;has no responsibility or liability for these independent policies or actions and is not responsible for the privacy practices or the content of such web sites. <\/p>\n<p style=\"margin-bottom: 1.5rem; position: relative; color: #7e7e7e; font-family: Urbanist; font-size: 15px;\"><span style=\"font-weight: bolder;\">Anspr\u00fcche<\/span><\/p>\n<p style=\"margin-bottom: 1.5rem; position: relative; color: #7e7e7e; font-family: Urbanist; font-size: 15px;\">Anspruch oder Anspr\u00fcche oder Aussagen \u00fcber die Wirksamkeit von MDPLUSBIO-Produkten, einschlie\u00dflich jeder Aussage oder Aussage, die die Wirksamkeit von MDPLUSBIO-Produkten oder Materialien mit der Wirksamkeit anderer Produkte oder Materialien vergleicht, sind ausdr\u00fccklich auf die T\u00fcrkei beschr\u00e4nkt, sofern auf der Website nicht anders angegeben.<\/p>\n<p style=\"margin-bottom: 1.5rem; position: relative; color: #7e7e7e; font-family: Urbanist; font-size: 15px;\"><span style=\"font-weight: bolder;\">Haftungsausschluss<\/span><\/p>\n<p style=\"margin-bottom: 1.5rem; position: relative; color: #7e7e7e; font-family: Urbanist; font-size: 15px;\">Die oben genannten Aussagen und andere Aussagen auf dieser Website wurden nicht von der FDA bewertet. MDPLUSBIO Shampoo und die darin enthaltenen Inhaltsstoffe sind nicht dazu bestimmt, Krankheiten zu diagnostizieren, zu behandeln, zu heilen oder zu verhindern.  &nbsp;<br>ALLE INHALTE AUF DIESER WEBSITE WERDEN \u201eWIE BESEHEN\u201c OHNE JEGLICHE GEW\u00c4HRLEISTUNGEN jeglicher Art, sei es ausdr\u00fccklich oder stillschweigend, zur Verf\u00fcgung gestellt. In dem nach geltendem Recht zul\u00e4ssigen Umfang lehnt GDZ SA\u011eLIK VE G\u00dcZELL\u0130K H\u0130ZMETLER\u0130 LTD.\u015eT\u0130. alle Gew\u00e4hrleistungen der Marktg\u00e4ngigkeit und Eignung f\u00fcr einen bestimmten Zweck, Nichtverletzung und Gew\u00e4hrleistungen ab, die sich aus dem Gesch\u00e4ftsverkehr oder der Gesch\u00e4ftspraxis ergeben. GDZ SA\u011eLIK VE G\u00dcZELL\u0130K H\u0130ZMETLER\u0130 LTD.\u015eT\u0130. gibt keine Gew\u00e4hrleistungen oder Zusicherungen hinsichtlich der Verwendung der Materialien auf dieser Website in Bezug auf deren Vollst\u00e4ndigkeit, Richtigkeit, Angemessenheit, N\u00fctzlichkeit, Aktualit\u00e4t, Zuverl\u00e4ssigkeit oder anderweitig ab. Die oben genannten Einschr\u00e4nkungen gelten m\u00f6glicherweise nicht f\u00fcr Sie.    <\/p>\n<p style=\"margin-bottom: 1.5rem; position: relative; color: #7e7e7e; font-family: Urbanist; font-size: 15px;\"><span style=\"font-weight: bolder;\">HAFTUNGSAUSSCHLUSS<\/span><\/p>\n<p style=\"margin-bottom: 1.5rem; position: relative; color: #7e7e7e; font-family: Urbanist; font-size: 15px;\">Unter keinen Umst\u00e4nden haftet MDPLUSBIO f\u00fcr direkte, indirekte, spezielle, zuf\u00e4llige, exemplarische oder Folgesch\u00e4den oder f\u00fcr Sch\u00e4den jeglicher Art, selbst wenn MDPLUSBIO zuvor \u00fcber die M\u00f6glichkeit solcher Sch\u00e4den informiert wurde, sei es im Rahmen einer vertraglichen Handlung, Fahrl\u00e4ssigkeit oder einer anderen Theorie, die sich aus der Nutzung, der Unf\u00e4higkeit zur Nutzung oder der Leistung der auf dieser Website verf\u00fcgbaren Informationen, Dienstleistungen, Produkte und Materialien ergeben. Diese Einschr\u00e4nkungen gelten unabh\u00e4ngig vom Fehlschlagen eines wesentlichen Zwecks einer beschr\u00e4nkten Abhilfe. Da einige Gerichtsbarkeiten keine Einschr\u00e4nkungen der Dauer einer stillschweigenden Garantie oder den Ausschluss oder die Begrenzung der Haftung f\u00fcr Folgesch\u00e4den oder zuf\u00e4llige Sch\u00e4den zulassen, gelten die oben genannten Einschr\u00e4nkungen m\u00f6glicherweise nicht f\u00fcr Sie.  <\/p>\n<p style=\"margin-bottom: 1.5rem; position: relative; color: #7e7e7e; font-family: Urbanist; font-size: 15px;\"><span style=\"font-weight: bolder;\">INDEMNIFICATION<\/span><\/p>\n<p style=\"margin-bottom: 1.5rem; position: relative; color: #7e7e7e; font-family: Urbanist; font-size: 15px;\">Sie erkl\u00e4ren sich damit einverstanden, MDPLUSBIO, seine F\u00fchrungskr\u00e4fte, Direktoren, Mitarbeiter, Vertreter, Lizenzgeber und Lieferanten (zusammen \u201eAnbieter\u201c) von allen Verlusten, Ausgaben, Sch\u00e4den und Kosten, einschlie\u00dflich angemessener Anwaltsgeb\u00fchren, die sich aus einem Versto\u00df gegen diese Bedingungen oder einer Aktivit\u00e4t im Zusammenhang mit Ihrem Internetkonto ergeben (einschlie\u00dflich fahrl\u00e4ssigen oder rechtswidrigen Verhaltens), durch Sie oder eine andere Person, die die Website \u00fcber Ihr Internetkonto nutzt, zu entsch\u00e4digen, zu verteidigen und schadlos zu halten.<\/p>\n<p style=\"margin-bottom: 1.5rem; position: relative; color: #7e7e7e; font-family: Urbanist; font-size: 15px;\"><span style=\"font-weight: bolder;\">SCHIEDSVERFAHREN<\/span><\/p>\n<p style=\"margin-bottom: 1.5rem; position: relative; color: #7e7e7e; font-family: Urbanist; font-size: 15px;\">Durch die Nutzung dieser Website erkl\u00e4ren Sie sich damit einverstanden, dass MDPLUSBIO nach eigenem Ermessen verlangen kann, dass Sie Streitigkeiten, die sich aus der Nutzung dieser Website oder diesen Allgemeinen Gesch\u00e4ftsbedingungen ergeben, einschlie\u00dflich Streitigkeiten \u00fcber deren Auslegung, Verletzung, Nichtigkeit, Ung\u00fcltigkeit, Nichterf\u00fcllung oder Beendigung sowie Streitigkeiten \u00fcber L\u00fccken in diesem Vertrag oder dessen Anpassung an neu entstandene Umst\u00e4nde, einer endg\u00fcltigen und bindenden Schiedsgerichtsbarkeit gem\u00e4\u00df den Regeln der American Arbitration Association und deren internationalen Schiedsregeln unterwerfen. Dies erfolgt durch einen oder mehrere Schiedsrichter, die gem\u00e4\u00df den genannten Regeln benannt werden. Ungeachtet dieser Regeln unterliegt ein solches Verfahren jedoch den Gesetzen des Bundesstaates Texas, wie im Abschnitt \u201eAnwendbare Gesetze und Schiedsgerichtsbarkeit\u201c oben festgelegt. &nbsp;<br>Nach dieser Klausel ist eine Schiedsspruch auf monet\u00e4re Sch\u00e4den beschr\u00e4nkt und umfasst keine Unterlassungsanordnungen oder Weisungen an eine Partei, au\u00dfer der Anweisung, einen Geldbetrag zu zahlen. Dar\u00fcber hinaus haben die Schiedsrichter keine Befugnis, Strafschadensersatz, Folgesch\u00e4den oder andere Sch\u00e4den zuzusprechen, die nicht auf den tats\u00e4chlichen Sch\u00e4den der obsiegenden Partei basieren, au\u00dfer soweit gesetzlich vorgeschrieben. <\/p>\n<p style=\"margin-bottom: 1.5rem; position: relative; color: #7e7e7e; font-family: Urbanist; font-size: 15px;\"><span style=\"font-weight: bolder;\">UNSERE ADRESSE :&nbsp;<\/span><\/p>\n<p style=\"margin-bottom: 1.5rem; position: relative; color: #7e7e7e; font-family: Urbanist; font-size: 15px;\"><span style=\"font-weight: bolder;\">GDZ SA\u011eLIK VE G\u00dcZELL\u0130K H\u0130ZMETLER\u0130 LTD.\u015eT\u0130.<\/span><\/p>\n<p style=\"margin-bottom: 1.5rem; position: relative; color: #7e7e7e; font-family: Urbanist; font-size: 15px;\">MERKEZ MAH. \u0130ST\u0130KLAL SK. NO:11 \u0130\u00c7 KAPI NO:2 \u015e\u0130\u015eL\u0130  <\/p>\n<p style=\"margin-bottom: 1.5rem; position: relative; color: #7e7e7e; font-family: Urbanist; font-size: 15px;\">MDPLUSBIO und die im Auftrag t\u00e4tigen Website-Entwickler haben das Recht, den Inhalt der Website, einschlie\u00dflich dieser Allgemeinen Gesch\u00e4ftsbedingungen, zu \u00e4ndern. MDPLUSBIO hat die Verantwortung, die Allgemeinen Gesch\u00e4ftsbedingungen regelm\u00e4\u00dfig und vor Abschluss einer Transaktion zu \u00fcberpr\u00fcfen, da diese ohne vorherige Ank\u00fcndigung ge\u00e4ndert werden k\u00f6nnen. <\/p>\n<h4 style=\"margin-top: 2rem; margin-bottom: 0.75rem; font-weight: var(--g5-h4-font-weight); line-height: var(--g5-h4-line-height); font-size: var(--g5-h4-font-size); font-family: Urbanist; letter-spacing: normal; position: relative;\">HAFTUNGSAUSSCHLUSS<\/h4>\n<p style=\"margin-bottom: 1.5rem; position: relative; color: #7e7e7e; font-family: Urbanist; font-size: 15px;\">Die oben genannten Aussagen und andere auf dieser Website gemachten Aussagen wurden nicht von der FDA bewertet.&nbsp; <span style=\"font-weight: bolder;\">MDPLUSBIO<\/span> &nbsp;Shampoo und die Inhaltsstoffe darin sind nicht dazu bestimmt, Krankheiten zu diagnostizieren, zu behandeln, zu heilen oder zu verhindern.<\/p>\n<p style=\"margin-bottom: 1.5rem; position: relative; color: #7e7e7e; font-family: Urbanist; font-size: 15px;\"><span style=\"font-weight: bolder;\">GDZ SA\u011eLIK VE G\u00dcZELL\u0130K H\u0130ZMETLER\u0130 LTD.\u015eT\u0130.<\/span>&nbsp;und die Inhaltsstoffe in ihren Produkten sind nicht dazu bestimmt, Krankheiten zu diagnostizieren, zu behandeln, zu pflegen oder zu verhindern.&nbsp;<span style=\"font-weight: bolder;\">GDZ SA\u011eLIK VE G\u00dcZELL\u0130K H\u0130ZMETLER\u0130 LTD.\u015eT\u0130.<\/span>&nbsp;und die Inhaltsstoffe in ihren Produkten sind nicht dazu bestimmt, Krankheiten zu diagnostizieren, zu behandeln, zu pflegen oder zu verhindern.<\/p>\n<p style=\"margin-bottom: 1.5rem; position: relative; color: #7e7e7e; font-family: Urbanist; font-size: 15px;\">ALLE INHALTE AUF DIESER WEBSITE WERDEN \u201eWIE BESEHEN\u201c BEREITGESTELLT, OHNE JEGLICHE GEW\u00c4HRLEISTUNG, WEDER AUSDR\u00dcCKLICH NOCH STILLSCHWEIGEND, SOWEIT GESETZLICH ZUL\u00c4SSIG. &nbsp;<span style=\"font-weight: bolder;\">GDZ SA\u011eLIK VE G\u00dcZELL\u0130K H\u0130ZMETLER\u0130 LTD.\u015eT\u0130.<\/span>&nbsp;lehnt alle Gew\u00e4hrleistungen in Bezug auf Marktg\u00e4ngigkeit und Eignung f\u00fcr einen bestimmten Zweck, Nichtverletzung sowie Gew\u00e4hrleistungen ab, die sich aus der Gesch\u00e4ftsbeziehung oder der Ausf\u00fchrung ergeben.<\/p>\n<p style=\"margin-bottom: 1.5rem; position: relative; color: #7e7e7e; font-family: Urbanist; font-size: 15px;\"><span style=\"font-weight: bolder;\">GDZ SA\u011eLIK VE G\u00dcZELL\u0130K H\u0130ZMETLER\u0130 LTD.\u015eT\u0130.<\/span>&nbsp;erkl\u00e4rt nicht und gibt keine Garantie daf\u00fcr ab, dass die Funktionen auf der Website unterbrechungsfrei oder fehlerfrei sind, dass M\u00e4ngel behoben werden oder dass diese Website bzw. der Server, der die Website zur Verf\u00fcgung stellt, frei von Viren oder anderen sch\u00e4dlichen Komponenten ist.<\/p>\n<p style=\"margin-bottom: 1.5rem; position: relative; color: #7e7e7e; font-family: Urbanist; font-size: 15px;\"><span style=\"font-weight: bolder;\">GDZ SA\u011eLIK VE G\u00dcZELL\u0130K H\u0130ZMETLER\u0130 LTD.\u015eT\u0130.<\/span>&nbsp;gibt keine Garantien oder Zusicherungen bez\u00fcglich der Verwendung der Materialien auf dieser Website in Bezug auf deren Vollst\u00e4ndigkeit, Richtigkeit, Genauigkeit, Angemessenheit, N\u00fctzlichkeit, Aktualit\u00e4t, Zuverl\u00e4ssigkeit oder in anderer Weise. Die oben genannten Einschr\u00e4nkungen gelten m\u00f6glicherweise nicht f\u00fcr Sie. <\/p>\t\t\t\t\t\t\t\t<\/div>\n\t\t\t\t<\/div>\n\t\t\t\t\t<\/div>\n\t\t\t\t<\/div>\n\t\t\t\t<\/div>\n\t\t","protected":false},"excerpt":{"rendered":"<p>Allgemeine Gesch\u00e4ftsbedingungen Die Informationen auf dieser Website werden Ihnen unter den folgenden Bedingungen und Ihrer Akzeptanz dieser angeboten.&nbsp;Sie d\u00fcrfen keine Informationen von dieser Website kopieren, modifizieren, verbreiten, \u00fcbertragen, ver\u00f6ffentlichen, auff\u00fchren, [&hellip;]<\/p>\n","protected":false},"author":2,"featured_media":0,"parent":0,"menu_order":0,"comment_status":"closed","ping_status":"closed","template":"","meta":{"_joinchat":[],"footnotes":""},"class_list":["post-1901","page","type-page","status-publish","hentry"],"acf":[],"_links":{"self":[{"href":"https:\/\/mdplusbio.com\/de\/wp-json\/wp\/v2\/pages\/1901","targetHints":{"allow":["GET"]}}],"collection":[{"href":"https:\/\/mdplusbio.com\/de\/wp-json\/wp\/v2\/pages"}],"about":[{"href":"https:\/\/mdplusbio.com\/de\/wp-json\/wp\/v2\/types\/page"}],"author":[{"embeddable":true,"href":"https:\/\/mdplusbio.com\/de\/wp-json\/wp\/v2\/users\/2"}],"replies":[{"embeddable":true,"href":"https:\/\/mdplusbio.com\/de\/wp-json\/wp\/v2\/comments?post=1901"}],"version-history":[{"count":0,"href":"https:\/\/mdplusbio.com\/de\/wp-json\/wp\/v2\/pages\/1901\/revisions"}],"wp:attachment":[{"href":"https:\/\/mdplusbio.com\/de\/wp-json\/wp\/v2\/media?parent=1901"}],"curies":[{"name":"wp","href":"https:\/\/api.w.org\/{rel}","templated":true}]}}