{"id":1704,"date":"2024-12-18T12:37:21","date_gmt":"2024-12-18T09:37:21","guid":{"rendered":"https:\/\/mdplusbio.com\/we-care\/"},"modified":"2026-02-06T14:51:16","modified_gmt":"2026-02-06T11:51:16","slug":"qualitaet","status":"publish","type":"page","link":"https:\/\/mdplusbio.com\/de\/qualitaet\/","title":{"rendered":"Qualit\u00e4t"},"content":{"rendered":"\t\t<div data-elementor-type=\"wp-page\" data-elementor-id=\"1704\" class=\"elementor elementor-1704 elementor-1696\" data-elementor-post-type=\"page\">\n\t\t\t\t<div class=\"elementor-element elementor-element-9665a07 e-flex e-con-boxed e-con e-parent\" data-id=\"9665a07\" data-element_type=\"container\">\n\t\t\t\t\t<div class=\"e-con-inner\">\n\t\t\t\t<div class=\"elementor-element elementor-element-a4ea830 elementor-widget elementor-widget-image\" data-id=\"a4ea830\" data-element_type=\"widget\" data-widget_type=\"image.default\">\n\t\t\t\t<div class=\"elementor-widget-container\">\n\t\t\t\t\t\t\t\t\t\t\t\t\t\t\t<img fetchpriority=\"high\" decoding=\"async\" width=\"1024\" height=\"569\" src=\"https:\/\/mdplusbio.com\/wp-content\/uploads\/2026\/02\/MD-BIO-PLUS-WE-CARE-IMAGE-DE-1-1024x569.webp\" class=\"attachment-large size-large wp-image-16253\" alt=\"MD BIO PLUS-WE CARE \u0130MAGE-DE (1)\" srcset=\"https:\/\/mdplusbio.com\/wp-content\/uploads\/2026\/02\/MD-BIO-PLUS-WE-CARE-IMAGE-DE-1-1024x569.webp 1024w, https:\/\/mdplusbio.com\/wp-content\/uploads\/2026\/02\/MD-BIO-PLUS-WE-CARE-IMAGE-DE-1-300x167.webp 300w, https:\/\/mdplusbio.com\/wp-content\/uploads\/2026\/02\/MD-BIO-PLUS-WE-CARE-IMAGE-DE-1-768x427.webp 768w, https:\/\/mdplusbio.com\/wp-content\/uploads\/2026\/02\/MD-BIO-PLUS-WE-CARE-IMAGE-DE-1-1536x854.webp 1536w, https:\/\/mdplusbio.com\/wp-content\/uploads\/2026\/02\/MD-BIO-PLUS-WE-CARE-IMAGE-DE-1-1140x634.webp 1140w, https:\/\/mdplusbio.com\/wp-content\/uploads\/2026\/02\/MD-BIO-PLUS-WE-CARE-IMAGE-DE-1-920x511.webp 920w, https:\/\/mdplusbio.com\/wp-content\/uploads\/2026\/02\/MD-BIO-PLUS-WE-CARE-IMAGE-DE-1-575x320.webp 575w, https:\/\/mdplusbio.com\/wp-content\/uploads\/2026\/02\/MD-BIO-PLUS-WE-CARE-IMAGE-DE-1-380x211.webp 380w, https:\/\/mdplusbio.com\/wp-content\/uploads\/2026\/02\/MD-BIO-PLUS-WE-CARE-IMAGE-DE-1-420x233.webp 420w, https:\/\/mdplusbio.com\/wp-content\/uploads\/2026\/02\/MD-BIO-PLUS-WE-CARE-IMAGE-DE-1-800x445.webp 800w, https:\/\/mdplusbio.com\/wp-content\/uploads\/2026\/02\/MD-BIO-PLUS-WE-CARE-IMAGE-DE-1-80x44.webp 80w, https:\/\/mdplusbio.com\/wp-content\/uploads\/2026\/02\/MD-BIO-PLUS-WE-CARE-IMAGE-DE-1.webp 1920w\" sizes=\"(max-width: 1024px) 100vw, 1024px\" \/>\t\t\t\t\t\t\t\t\t\t\t\t\t\t\t<\/div>\n\t\t\t\t<\/div>\n\t\t\t\t\t<\/div>\n\t\t\t\t<\/div>\n\t\t<div class=\"elementor-element elementor-element-9b46506 e-flex e-con-boxed e-con e-parent\" data-id=\"9b46506\" data-element_type=\"container\">\n\t\t\t\t\t<div class=\"e-con-inner\">\n\t\t\t\t<div class=\"elementor-element elementor-element-fb311d6 elementor-widget elementor-widget-image\" data-id=\"fb311d6\" data-element_type=\"widget\" data-widget_type=\"image.default\">\n\t\t\t\t<div class=\"elementor-widget-container\">\n\t\t\t\t\t\t\t\t\t\t\t\t\t\t\t<img decoding=\"async\" width=\"1000\" height=\"100\" src=\"https:\/\/mdplusbio.com\/wp-content\/uploads\/2024\/12\/Adsiz-tasarim-4-3.png\" class=\"attachment-large size-large wp-image-2121\" alt=\"\" srcset=\"https:\/\/mdplusbio.com\/wp-content\/uploads\/2024\/12\/Adsiz-tasarim-4-3.png 1000w, https:\/\/mdplusbio.com\/wp-content\/uploads\/2024\/12\/Adsiz-tasarim-4-3-300x30.png 300w, https:\/\/mdplusbio.com\/wp-content\/uploads\/2024\/12\/Adsiz-tasarim-4-3-768x77.png 768w, https:\/\/mdplusbio.com\/wp-content\/uploads\/2024\/12\/Adsiz-tasarim-4-3-920x92.png 920w, https:\/\/mdplusbio.com\/wp-content\/uploads\/2024\/12\/Adsiz-tasarim-4-3-575x58.png 575w, https:\/\/mdplusbio.com\/wp-content\/uploads\/2024\/12\/Adsiz-tasarim-4-3-380x38.png 380w, https:\/\/mdplusbio.com\/wp-content\/uploads\/2024\/12\/Adsiz-tasarim-4-3-420x42.png 420w, https:\/\/mdplusbio.com\/wp-content\/uploads\/2024\/12\/Adsiz-tasarim-4-3-800x80.png 800w, https:\/\/mdplusbio.com\/wp-content\/uploads\/2024\/12\/Adsiz-tasarim-4-3-80x8.png 80w\" sizes=\"(max-width: 1000px) 100vw, 1000px\" \/>\t\t\t\t\t\t\t\t\t\t\t\t\t\t\t<\/div>\n\t\t\t\t<\/div>\n\t\t\t\t\t<\/div>\n\t\t\t\t<\/div>\n\t\t<div class=\"elementor-element elementor-element-388e7eb e-flex e-con-boxed e-con e-parent\" data-id=\"388e7eb\" data-element_type=\"container\">\n\t\t\t\t\t<div class=\"e-con-inner\">\n\t\t\t\t<div class=\"elementor-element elementor-element-1a8df6a elementor-widget elementor-widget-text-editor\" data-id=\"1a8df6a\" data-element_type=\"widget\" data-widget_type=\"text-editor.default\">\n\t\t\t\t<div class=\"elementor-widget-container\">\n\t\t\t\t\t\t\t\t\t<p style=\"text-align: center;\">MD Plus Bio hat die Zertifizierungen <strong>ISO 9001, ISO 22000, ISO 22716, ISO 13485 <\/strong>sowie das <strong>GMP-Zertifikat (Gute Herstellungspraxis)<\/strong> des Gesundheitsministeriums von akkreditierten Institutionen erhalten. Damit beweist <strong>MD Plus Bio<\/strong>, dass die Produktion nach weltweiten Standards unter modernen, hygienischen und streng kontrollierten Bedingungen erfolgt.<br>Die Herstellung findet in <strong>zwei separaten Produktionsst\u00e4tten <\/strong>statt, die speziell f\u00fcr <strong>Kosmetikprodukte<\/strong> und <strong>Nahrungserg\u00e4nzungsmittel <\/strong>konzipiert wurden und eine vollst\u00e4ndige Einhaltung aller geltenden Vorschriften gew\u00e4hrleisten.<br>Um das Vertrauen der Verbraucher und Gesch\u00e4ftspartner langfristig zu sichern, setzt unser Unternehmen konsequent <strong>Qualit\u00e4tskontrollprozesse <\/strong>ein, die bei der Auswahl der Rohstoffe beginnen und sich \u00fcber <strong style=\"letter-spacing: 0px;\">Produktion, Verpackung und Versand<\/strong> erstrecken.<\/p>\t\t\t\t\t\t\t\t<\/div>\n\t\t\t\t<\/div>\n\t\t\t\t\t<\/div>\n\t\t\t\t<\/div>\n\t\t<div class=\"elementor-element elementor-element-af3b982 e-flex e-con-boxed e-con e-parent\" data-id=\"af3b982\" data-element_type=\"container\">\n\t\t\t\t\t<div class=\"e-con-inner\">\n\t\t\t\t<div class=\"elementor-element elementor-element-a9b6a39 elementor-widget elementor-widget-text-editor\" data-id=\"a9b6a39\" data-element_type=\"widget\" data-widget_type=\"text-editor.default\">\n\t\t\t\t<div class=\"elementor-widget-container\">\n\t\t\t\t\t\t\t\t\t<p><img decoding=\"async\" class=\"aligncenter wp-image-16342 size-large\" src=\"https:\/\/mdplusbio.com\/wp-content\/uploads\/2026\/02\/MDBio-Banners_-Pillar-Pages-1-1024x575.webp\" alt=\"Qualit\u00e4t\" width=\"1024\" height=\"575\" srcset=\"https:\/\/mdplusbio.com\/wp-content\/uploads\/2026\/02\/MDBio-Banners_-Pillar-Pages-1-1024x575.webp 1024w, https:\/\/mdplusbio.com\/wp-content\/uploads\/2026\/02\/MDBio-Banners_-Pillar-Pages-1-300x168.webp 300w, https:\/\/mdplusbio.com\/wp-content\/uploads\/2026\/02\/MDBio-Banners_-Pillar-Pages-1-768x431.webp 768w, https:\/\/mdplusbio.com\/wp-content\/uploads\/2026\/02\/MDBio-Banners_-Pillar-Pages-1-1536x862.webp 1536w, https:\/\/mdplusbio.com\/wp-content\/uploads\/2026\/02\/MDBio-Banners_-Pillar-Pages-1-1140x640.webp 1140w, https:\/\/mdplusbio.com\/wp-content\/uploads\/2026\/02\/MDBio-Banners_-Pillar-Pages-1-920x517.webp 920w, https:\/\/mdplusbio.com\/wp-content\/uploads\/2026\/02\/MDBio-Banners_-Pillar-Pages-1-575x323.webp 575w, https:\/\/mdplusbio.com\/wp-content\/uploads\/2026\/02\/MDBio-Banners_-Pillar-Pages-1-380x213.webp 380w, https:\/\/mdplusbio.com\/wp-content\/uploads\/2026\/02\/MDBio-Banners_-Pillar-Pages-1-420x236.webp 420w, https:\/\/mdplusbio.com\/wp-content\/uploads\/2026\/02\/MDBio-Banners_-Pillar-Pages-1-800x449.webp 800w, https:\/\/mdplusbio.com\/wp-content\/uploads\/2026\/02\/MDBio-Banners_-Pillar-Pages-1-80x45.webp 80w, https:\/\/mdplusbio.com\/wp-content\/uploads\/2026\/02\/MDBio-Banners_-Pillar-Pages-1.webp 1585w\" sizes=\"(max-width: 1024px) 100vw, 1024px\" \/><\/p>\t\t\t\t\t\t\t\t<\/div>\n\t\t\t\t<\/div>\n\t\t\t\t\t<\/div>\n\t\t\t\t<\/div>\n\t\t<div class=\"elementor-element elementor-element-27b8753 e-flex e-con-boxed e-con e-parent\" data-id=\"27b8753\" data-element_type=\"container\">\n\t\t\t\t\t<div class=\"e-con-inner\">\n\t\t\t\t<div class=\"elementor-element elementor-element-6aa9a37 elementor-widget elementor-widget-text-editor\" data-id=\"6aa9a37\" data-element_type=\"widget\" data-widget_type=\"text-editor.default\">\n\t\t\t\t<div class=\"elementor-widget-container\">\n\t\t\t\t\t\t\t\t\t<div class=\"gel-heading gel-heading-style-01 text-left\" style=\"margin-right: auto; color: #7e7e7e; font-family: Urbanist; font-size: 15px;\"><h2 class=\"gel-heading-title gel-d27924d64b47706e143c5f73b1190a6d\" style=\"margin-top: 0px; margin-bottom: 0px; line-height: var(--g5-h2-line-height); font-size: 40px; letter-spacing: var(--g5-h2-letter-spacing); text-transform: var(--g5-h2-text-transform); font-weight: 700 !important; font-family: Urbanist !important; text-align: center;\">SIE SIND UNS WICHTIG<\/h2><\/div><div class=\"wpb_text_column wpb_content_element\" style=\"margin-bottom: 35px; color: #7e7e7e; font-family: Urbanist; font-size: 15px;\"><div class=\"wpb_wrapper\" style=\"margin-bottom: 0px;\"><h5 style=\"text-align: center;\">Als Unternehmen, das sich seinem Fachgebiet mit voller \u00dcberzeugung widmet, entwickelt <strong>MD Plus Bio <\/strong>seine Formulierungen in hochmodernen Laboren, ohne dabei Kompromisse bei der Qualit\u00e4t einzugehen.<br>In unseren Rezepturen verwenden wir ausschlie\u00dflich pharmazeutische Rohstoffe, ausgew\u00e4hlte Wirkstoffe sowie <strong>pflanzliche Extrakte<\/strong>, die den <strong>europ\u00e4ischen Qualit\u00e4tsstandards<\/strong> entsprechen.<\/h5><h5 style=\"text-align: center;\">Jedes Produkt wird aus Inhaltsstoffen hergestellt, deren <strong>Wirksamkeit und Sicherheit gem\u00e4\u00df den europ\u00e4ischen Vorschriften durch klinische Studien belegt<\/strong> ist. <\/h5><\/div><\/div>\t\t\t\t\t\t\t\t<\/div>\n\t\t\t\t<\/div>\n\t\t\t\t\t<\/div>\n\t\t\t\t<\/div>\n\t\t<div class=\"elementor-element elementor-element-6765027 e-flex e-con-boxed e-con e-parent\" data-id=\"6765027\" data-element_type=\"container\">\n\t\t\t\t\t<div class=\"e-con-inner\">\n\t\t<div class=\"elementor-element elementor-element-22dd20d e-con-full e-flex e-con e-child\" data-id=\"22dd20d\" data-element_type=\"container\">\n\t\t\t\t<div class=\"elementor-element elementor-element-d76b545 elementor-widget elementor-widget-text-editor\" data-id=\"d76b545\" data-element_type=\"widget\" data-widget_type=\"text-editor.default\">\n\t\t\t\t<div class=\"elementor-widget-container\">\n\t\t\t\t\t\t\t\t\t<h4 style=\"text-align: center;\"><strong>Kontinuierliche Innovation in Forschung, Entwicklung und Produktion<\/strong><\/h4><p style=\"text-align: center;\">Wir freuen uns, Ihnen pr\u00e4zise, zuverl\u00e4ssige und hochwertige Produkte in den Kategorien <strong>Kosmetik<\/strong> und <strong>Nahrungserg\u00e4nzungsmittel <\/strong>anbieten zu k\u00f6nnen.<br>Dank eines innovationsoffenen Teams, das sich kontinuierlich in den Bereichen <strong>Forschung &amp; Entwicklung sowie Produktion<\/strong> weiterentwickelt, wird <strong>MD Plus Bio <\/strong>auch k\u00fcnftig leistungsstarke L\u00f6sungen f\u00fcr die <strong>Haargesundheit und das langfristige Wohlbefinden<\/strong> bereitstellen.<\/p><p style=\"text-align: center;\">Unser Ansatz vereint wissenschaftliche Forschung, moderne Technologien und strenge Qualit\u00e4tsprotokolle, um eine gleichbleibend hohe Qualit\u00e4t in jeder Produktionscharge zu gew\u00e4hrleisten.<\/p>\t\t\t\t\t\t\t\t<\/div>\n\t\t\t\t<\/div>\n\t\t\t\t<\/div>\n\t\t<div class=\"elementor-element elementor-element-0f6e8f5 e-con-full e-flex e-con e-child\" data-id=\"0f6e8f5\" data-element_type=\"container\">\n\t\t\t\t<div class=\"elementor-element elementor-element-140829b elementor-widget elementor-widget-text-editor\" data-id=\"140829b\" data-element_type=\"widget\" data-widget_type=\"text-editor.default\">\n\t\t\t\t<div class=\"elementor-widget-container\">\n\t\t\t\t\t\t\t\t\t<h4 style=\"text-align: center;\"><strong>Erweiterte Formulierungskompetenz und Auftragsfertigung<\/strong><\/h4><p style=\"text-align: center;\">Das F&amp;E-Team von Elit Pharma verfolgt kontinuierlich die neuesten Entwicklungen und Trends im Kosmetikbereich, erweitert das Produktsortiment um <strong>moderne Wirkstoffe <\/strong>und optimiert bestehende Formulierungen fortlaufend.<\/p><p style=\"text-align: center;\">Als Hersteller einer breiten Palette von <strong>Auftragsfertigungs- und Private-Label-Produkten <\/strong>bietet <strong>MD Plus Bio<\/strong> seinen Kunden maximale Flexibilit\u00e4t bei der Entwicklung individueller Produkte und Rezepturen \u2013 erm\u00f6glicht durch ein umfangreiches Portfolio an <strong>Wirkstoffen und pflanzlichen Extrakten<\/strong>.<\/p>\t\t\t\t\t\t\t\t<\/div>\n\t\t\t\t<\/div>\n\t\t\t\t<\/div>\n\t\t\t\t\t<\/div>\n\t\t\t\t<\/div>\n\t\t<div class=\"elementor-element elementor-element-482ed83 e-grid e-con-boxed e-con e-parent\" data-id=\"482ed83\" data-element_type=\"container\">\n\t\t\t\t\t<div class=\"e-con-inner\">\n\t\t\t\t<div class=\"elementor-element elementor-element-3a1caf0 elementor-widget elementor-widget-text-editor\" data-id=\"3a1caf0\" data-element_type=\"widget\" data-widget_type=\"text-editor.default\">\n\t\t\t\t<div class=\"elementor-widget-container\">\n\t\t\t\t\t\t\t\t\t<h4 style=\"text-align: center;\"><strong>ISO-Qualit\u00e4tsmanagementsystem<\/strong><\/h4><p style=\"text-align: center;\">Das ISO-Qualit\u00e4tsmanagementsystem stellt sicher, dass definierte Qualit\u00e4tskriterien eingehalten und Produktionsprozesse kontinuierlich verbessert werden, um die Anforderungen der Endanwender zuverl\u00e4ssig zu erf\u00fcllen.<br>Das ISO-Zertifikat bewertet nicht lediglich ein einzelnes Produkt, sondern best\u00e4tigt die <strong>Zuverl\u00e4ssigkeit, Nachvollziehbarkeit und Stabilit\u00e4t<\/strong> des gesamten Qualit\u00e4tsmanagementsystems eines Unternehmens.<\/p><p style=\"text-align: center;\">Zertifizierte Unternehmen halten dauerhaft h\u00f6chste Qualit\u00e4tsstandards f\u00fcr bestimmte Produktkategorien ein und passen ihre Prozesse regelm\u00e4\u00dfig auf Basis von Audits, Kontrollen und Kundenfeedback an.<br>Dieses System erm\u00f6glicht es MD Plus Bio, s\u00e4mtliche Abl\u00e4ufe \u2013 vom Einkauf \u00fcber die Produktion bis hin zur Vermarktung \u2013 zu \u00fcberwachen und Kundenr\u00fcckmeldungen gezielt in die Produktionsprozesse zu integrieren.<\/p>\t\t\t\t\t\t\t\t<\/div>\n\t\t\t\t<\/div>\n\t\t\t\t<div class=\"elementor-element elementor-element-4203b66 elementor-widget elementor-widget-text-editor\" data-id=\"4203b66\" data-element_type=\"widget\" data-widget_type=\"text-editor.default\">\n\t\t\t\t<div class=\"elementor-widget-container\">\n\t\t\t\t\t\t\t\t\t<h4 style=\"text-align: center;\"><strong>Gute Herstellungspraxis (GMP)<\/strong><\/h4><p style=\"text-align: center;\">Die Gute Herstellungspraxis (GMP) umfasst pr\u00e4ventive Ma\u00dfnahmen in Bezug auf interne und externe Bedingungen, um das Risiko von Produktkontaminationen zu verhindern oder zu minimieren.<br>Sie stellt einen grundlegenden Qualit\u00e4tsansatz in der Herstellung und Distribution von Lebensmitteln und Nahrungserg\u00e4nzungsmitteln dar und gilt f\u00fcr alle Produktionsstufen: <strong>Rohstoffe, Verarbeitung, Produktentwicklung, Herstellung, Verpackung, Lagerung und Vertrieb<\/strong>.<\/p><p style=\"text-align: center;\">GMP gew\u00e4hrleistet einen professionellen Betrieb, kontrollierte Produktionsumgebungen sowie eine sichere, zuverl\u00e4ssige und effiziente Herstellung, indem alle relevanten Faktoren \u2013 Anlagen, Ausr\u00fcstung, Prozesse, Personal und Rohstoffe \u2013 systematisch \u00fcberwacht werden.<\/p>\t\t\t\t\t\t\t\t<\/div>\n\t\t\t\t<\/div>\n\t\t\t\t\t<\/div>\n\t\t\t\t<\/div>\n\t\t<div class=\"elementor-element elementor-element-1483534 e-flex e-con-boxed e-con e-parent\" data-id=\"1483534\" data-element_type=\"container\">\n\t\t\t\t\t<div class=\"e-con-inner\">\n\t\t\t\t<div class=\"elementor-element elementor-element-8298853 elementor-widget elementor-widget-text-editor\" data-id=\"8298853\" data-element_type=\"widget\" data-widget_type=\"text-editor.default\">\n\t\t\t\t<div class=\"elementor-widget-container\">\n\t\t\t\t\t\t\t\t\t<p>Die FDA-Zulassung bezeichnet den regulatorischen Prozess, durch den die U.S. Food and Drug Administration (FDA) die Vermarktung und den Vertrieb von Arzneimitteln, Medizinprodukten und bestimmten weiteren Produktkategorien genehmigt. Diese umfassende Bewertung beinhaltet die detaillierte Pr\u00fcfung von wissenschaftlichen Daten, klinischen Studien, Herstellungsprozessen, Kennzeichnungen und Sicherheitsprofilen, um sicherzustellen, dass ein Produkt wirksam, sicher und korrekt gekennzeichnet ist. Eine FDA-Zulassung best\u00e4tigt, dass der Nutzen eines Produkts seine potenziellen Risiken \u00fcberwiegt und die erforderlichen Qualit\u00e4tsstandards f\u00fcr den US-Markt erf\u00fcllt werden. Sie stellt einen entscheidenden Meilenstein f\u00fcr den internationalen Marktzugang dar und unterstreicht das Engagement von MD Plus Bio f\u00fcr Verbrauchersicherheit und regulatorische Konformit\u00e4t. <\/p>\t\t\t\t\t\t\t\t<\/div>\n\t\t\t\t<\/div>\n\t\t\t\t\t<\/div>\n\t\t\t\t<\/div>\n\t\t<div class=\"elementor-element elementor-element-d5a10ef e-flex e-con-boxed e-con e-parent\" data-id=\"d5a10ef\" data-element_type=\"container\">\n\t\t\t\t\t<div class=\"e-con-inner\">\n\t\t\t\t<div class=\"elementor-element elementor-element-da76484 elementor-widget elementor-widget-heading\" data-id=\"da76484\" data-element_type=\"widget\" data-widget_type=\"heading.default\">\n\t\t\t\t<div class=\"elementor-widget-container\">\n\t\t\t\t\t<h2 class=\"elementor-heading-title elementor-size-default\">TAUSENDE ZUFRIEDENER KUNDEN!<\/h2>\t\t\t\t<\/div>\n\t\t\t\t<\/div>\n\t\t\t\t\t<\/div>\n\t\t\t\t<\/div>\n\t\t<div class=\"elementor-element elementor-element-7652fd4 e-flex e-con-boxed e-con e-parent\" data-id=\"7652fd4\" data-element_type=\"container\">\n\t\t\t\t\t<div class=\"e-con-inner\">\n\t\t\t\t<div class=\"elementor-element elementor-element-ee938ce elementor-widget elementor-widget-image\" data-id=\"ee938ce\" data-element_type=\"widget\" data-widget_type=\"image.default\">\n\t\t\t\t<div class=\"elementor-widget-container\">\n\t\t\t\t\t\t\t\t\t\t\t\t\t\t\t<img loading=\"lazy\" decoding=\"async\" width=\"1024\" height=\"144\" src=\"https:\/\/mdplusbio.com\/wp-content\/uploads\/2024\/12\/Vector-Smart-Object-1024x144.png\" class=\"attachment-large size-large wp-image-1683\" alt=\"\" srcset=\"https:\/\/mdplusbio.com\/wp-content\/uploads\/2024\/12\/Vector-Smart-Object-1024x144.png 1024w, https:\/\/mdplusbio.com\/wp-content\/uploads\/2024\/12\/Vector-Smart-Object-300x42.png 300w, https:\/\/mdplusbio.com\/wp-content\/uploads\/2024\/12\/Vector-Smart-Object-768x108.png 768w, https:\/\/mdplusbio.com\/wp-content\/uploads\/2024\/12\/Vector-Smart-Object-1536x217.png 1536w, https:\/\/mdplusbio.com\/wp-content\/uploads\/2024\/12\/Vector-Smart-Object-1140x161.png 1140w, https:\/\/mdplusbio.com\/wp-content\/uploads\/2024\/12\/Vector-Smart-Object-920x130.png 920w, https:\/\/mdplusbio.com\/wp-content\/uploads\/2024\/12\/Vector-Smart-Object-575x81.png 575w, https:\/\/mdplusbio.com\/wp-content\/uploads\/2024\/12\/Vector-Smart-Object-380x54.png 380w, https:\/\/mdplusbio.com\/wp-content\/uploads\/2024\/12\/Vector-Smart-Object-420x59.png 420w, https:\/\/mdplusbio.com\/wp-content\/uploads\/2024\/12\/Vector-Smart-Object-800x113.png 800w, https:\/\/mdplusbio.com\/wp-content\/uploads\/2024\/12\/Vector-Smart-Object.png 1858w\" sizes=\"(max-width: 1024px) 100vw, 1024px\" \/>\t\t\t\t\t\t\t\t\t\t\t\t\t\t\t<\/div>\n\t\t\t\t<\/div>\n\t\t\t\t\t<\/div>\n\t\t\t\t<\/div>\n\t\t\t\t<\/div>\n\t\t","protected":false},"excerpt":{"rendered":"<p>MD Plus Bio hat die Zertifizierungen ISO 9001, ISO 22000, ISO 22716, ISO 13485 sowie das GMP-Zertifikat (Gute Herstellungspraxis) des Gesundheitsministeriums von akkreditierten Institutionen erhalten. Damit beweist MD Plus Bio, [&hellip;]<\/p>\n","protected":false},"author":2,"featured_media":0,"parent":0,"menu_order":0,"comment_status":"closed","ping_status":"closed","template":"","meta":{"_joinchat":[],"footnotes":""},"class_list":["post-1704","page","type-page","status-publish","hentry"],"acf":[],"_links":{"self":[{"href":"https:\/\/mdplusbio.com\/de\/wp-json\/wp\/v2\/pages\/1704","targetHints":{"allow":["GET"]}}],"collection":[{"href":"https:\/\/mdplusbio.com\/de\/wp-json\/wp\/v2\/pages"}],"about":[{"href":"https:\/\/mdplusbio.com\/de\/wp-json\/wp\/v2\/types\/page"}],"author":[{"embeddable":true,"href":"https:\/\/mdplusbio.com\/de\/wp-json\/wp\/v2\/users\/2"}],"replies":[{"embeddable":true,"href":"https:\/\/mdplusbio.com\/de\/wp-json\/wp\/v2\/comments?post=1704"}],"version-history":[{"count":0,"href":"https:\/\/mdplusbio.com\/de\/wp-json\/wp\/v2\/pages\/1704\/revisions"}],"wp:attachment":[{"href":"https:\/\/mdplusbio.com\/de\/wp-json\/wp\/v2\/media?parent=1704"}],"curies":[{"name":"wp","href":"https:\/\/api.w.org\/{rel}","templated":true}]}}