{"id":1371,"date":"2024-12-18T10:49:38","date_gmt":"2024-12-18T07:49:38","guid":{"rendered":"https:\/\/mdplusbio.com\/?page_id=1371"},"modified":"2025-01-16T11:05:35","modified_gmt":"2025-01-16T08:05:35","slug":"ruckgabe-und-ruckerstattung","status":"publish","type":"page","link":"https:\/\/mdplusbio.com\/de\/ruckgabe-und-ruckerstattung\/","title":{"rendered":"R\u00fcckgabe und R\u00fcckerstattung"},"content":{"rendered":"\t\t<div data-elementor-type=\"wp-page\" data-elementor-id=\"1371\" class=\"elementor elementor-1371 elementor-11\" data-elementor-post-type=\"page\">\n\t\t\t\t<div class=\"elementor-element elementor-element-8f3a699 e-flex e-con-boxed e-con e-parent\" data-id=\"8f3a699\" data-element_type=\"container\">\n\t\t\t\t\t<div class=\"e-con-inner\">\n\t\t\t\t<div class=\"elementor-element elementor-element-b01672d elementor-widget elementor-widget-heading\" data-id=\"b01672d\" data-element_type=\"widget\" data-widget_type=\"heading.default\">\n\t\t\t\t<div class=\"elementor-widget-container\">\n\t\t\t\t\t<h2 class=\"elementor-heading-title elementor-size-default\">R\u00fcckgabe und R\u00fcckerstattung<\/h2>\t\t\t\t<\/div>\n\t\t\t\t<\/div>\n\t\t\t\t\t<\/div>\n\t\t\t\t<\/div>\n\t\t<div class=\"elementor-element elementor-element-231eba4b e-flex e-con-boxed e-con e-parent\" data-id=\"231eba4b\" data-element_type=\"container\">\n\t\t\t\t\t<div class=\"e-con-inner\">\n\t\t\t\t<div class=\"elementor-element elementor-element-5e5786e2 elementor-widget elementor-widget-text-editor\" data-id=\"5e5786e2\" data-element_type=\"widget\" data-widget_type=\"text-editor.default\">\n\t\t\t\t<div class=\"elementor-widget-container\">\n\t\t\t\t\t\t\t\t\t<p>KEINE R\u00dcCKGABEN oder R\u00dcCKERSTATTUNGEN ERFOLGEN OHNE EINE R\u00dcCKGABEBERECHTIGUNGSNUMMER.<\/p><p>Keine R\u00fcckerstattungen f\u00fcr MDPLUSBIO-Produkte, die nicht von dieser Website gekauft wurden. Nach Erhalt einer R\u00fcckgabeberechtigungsnummer geben Sie diese bitte auf dem Versandetikett zusammen mit Ihrem Namen und dem Unternehmensnamen (bei Unternehmensk\u00e4ufen) an.<\/p><p>R\u00fccksendung an:<\/p><p>GDZ SA\u011eLIK VE G\u00dcZELL\u0130K H\u0130ZMETLER\u0130 LTD.\u015eT\u0130.<\/p><p>MERKEZ MAH. \u0130ST\u0130KLAL SK. NO:11 \u0130\u00c7 KAPI NO:2 \u015e\u0130\u015eL\u0130<\/p><p>Unbenutzte und unbesch\u00e4digte MDPLUSBIO-Produkte k\u00f6nnen innerhalb von 15 Tagen (Tag eins (1) ist der Tag nach dem Versanddatum von MDPLUSBIO an Ihren Standort) f\u00fcr eine volle R\u00fcckerstattung zur\u00fcckgegeben werden, wenn kein Material verwendet wurde. Nach 15 Tagen (Tag eins (1) ist ein Tag nach dem Versanddatum des Nature\u2019s Loving Care (+) Shampoo\/Conditioner und Body Wash an Ihren Standort) zur\u00fcckgegebene, unbenutzte und unbesch\u00e4digte MDPLUSBIO-Produkte unterliegen einer Bearbeitungsgeb\u00fchr von 20 % (die Bearbeitungsgeb\u00fchr entspricht dem Verkaufspreis zuz\u00fcglich Steuern). Die vom K\u00e4ufer gezahlten Versandkosten sind nicht in der 20%igen Bearbeitungsgeb\u00fchr enthalten. Es erfolgen keine R\u00fcckerstattungen nach Ablauf von 16 Tagen nach dem Versanddatum an den Kunden\/K\u00e4ufer (Tag eins ist der Tag nach dem Versanddatum an den Kunden\/K\u00e4ufer) und keine R\u00fcckerstattung f\u00fcr Produkte, die beim Versand besch\u00e4digt wurden. Es erfolgt keine R\u00fcckerstattung f\u00fcr Versand-\/Frachtkosten. Im Falle einer R\u00fcckerstattung wird ein Scheck auf den Namen der Person oder des Unternehmens ausgestellt, auf das\/der der Kauf belastet wurde.<\/p><p>Die Kosten f\u00fcr jedes verwendete\/fehlende MDPLUSBIO werden von einer R\u00fcckerstattung an den Kunden abgezogen. Beispiel: Wenn die H\u00e4lfte der Flasche verwendet und zur\u00fcckgegeben wurde, erwarten Sie die R\u00fcckgabe von der H\u00e4lfte des Kaufpreises und der H\u00e4lfte der gezahlten Steuern.<\/p><p>Diese R\u00fcckgabe- und R\u00fcckerstattungsrichtlinie kann ohne vorherige Ank\u00fcndigung ge\u00e4ndert werden.<\/p>\t\t\t\t\t\t\t\t<\/div>\n\t\t\t\t<\/div>\n\t\t\t\t\t<\/div>\n\t\t\t\t<\/div>\n\t\t<div class=\"elementor-element elementor-element-9c1f677 e-flex e-con-boxed e-con e-parent\" data-id=\"9c1f677\" data-element_type=\"container\">\n\t\t\t\t\t<div class=\"e-con-inner\">\n\t\t\t\t<div class=\"elementor-element elementor-element-28c42a4 elementor-widget elementor-widget-spacer\" data-id=\"28c42a4\" data-element_type=\"widget\" data-widget_type=\"spacer.default\">\n\t\t\t\t<div class=\"elementor-widget-container\">\n\t\t\t\t\t\t\t<div class=\"elementor-spacer\">\n\t\t\t<div class=\"elementor-spacer-inner\"><\/div>\n\t\t<\/div>\n\t\t\t\t\t\t<\/div>\n\t\t\t\t<\/div>\n\t\t\t\t\t<\/div>\n\t\t\t\t<\/div>\n\t\t\t\t<\/div>\n\t\t","protected":false},"excerpt":{"rendered":"<p>R\u00fcckgabe und R\u00fcckerstattung KEINE R\u00dcCKGABEN oder R\u00dcCKERSTATTUNGEN ERFOLGEN OHNE EINE R\u00dcCKGABEBERECHTIGUNGSNUMMER. Keine R\u00fcckerstattungen f\u00fcr MDPLUSBIO-Produkte, die nicht von dieser Website gekauft wurden. Nach Erhalt einer R\u00fcckgabeberechtigungsnummer geben Sie diese bitte [&hellip;]<\/p>\n","protected":false},"author":1,"featured_media":0,"parent":0,"menu_order":0,"comment_status":"closed","ping_status":"closed","template":"","meta":{"_joinchat":[],"footnotes":""},"class_list":["post-1371","page","type-page","status-publish","hentry"],"acf":[],"_links":{"self":[{"href":"https:\/\/mdplusbio.com\/de\/wp-json\/wp\/v2\/pages\/1371","targetHints":{"allow":["GET"]}}],"collection":[{"href":"https:\/\/mdplusbio.com\/de\/wp-json\/wp\/v2\/pages"}],"about":[{"href":"https:\/\/mdplusbio.com\/de\/wp-json\/wp\/v2\/types\/page"}],"author":[{"embeddable":true,"href":"https:\/\/mdplusbio.com\/de\/wp-json\/wp\/v2\/users\/1"}],"replies":[{"embeddable":true,"href":"https:\/\/mdplusbio.com\/de\/wp-json\/wp\/v2\/comments?post=1371"}],"version-history":[{"count":0,"href":"https:\/\/mdplusbio.com\/de\/wp-json\/wp\/v2\/pages\/1371\/revisions"}],"wp:attachment":[{"href":"https:\/\/mdplusbio.com\/de\/wp-json\/wp\/v2\/media?parent=1371"}],"curies":[{"name":"wp","href":"https:\/\/api.w.org\/{rel}","templated":true}]}}