{"id":1078,"date":"2024-11-18T14:34:54","date_gmt":"2024-11-18T14:34:54","guid":{"rendered":"https:\/\/mdplusbio.com\/privacy-policy\/"},"modified":"2025-01-15T13:33:37","modified_gmt":"2025-01-15T13:33:37","slug":"datenschutzrichtlinie","status":"publish","type":"page","link":"https:\/\/mdplusbio.com\/de\/datenschutzrichtlinie\/","title":{"rendered":"Datenschutzbestimmungen"},"content":{"rendered":"\t\t<div data-elementor-type=\"wp-page\" data-elementor-id=\"1078\" class=\"elementor elementor-1078 elementor-3\" data-elementor-post-type=\"page\">\n\t\t\t\t<div class=\"elementor-element elementor-element-769ccdf e-flex e-con-boxed e-con e-parent\" data-id=\"769ccdf\" data-element_type=\"container\">\n\t\t\t\t\t<div class=\"e-con-inner\">\n\t\t\t\t<div class=\"elementor-element elementor-element-8b1384b elementor-widget elementor-widget-heading\" data-id=\"8b1384b\" data-element_type=\"widget\" data-widget_type=\"heading.default\">\n\t\t\t\t<div class=\"elementor-widget-container\">\n\t\t\t\t\t<h2 class=\"elementor-heading-title elementor-size-default\">Datenschutzrichtlinie<\/h2>\t\t\t\t<\/div>\n\t\t\t\t<\/div>\n\t\t\t\t\t<\/div>\n\t\t\t\t<\/div>\n\t\t<div class=\"elementor-element elementor-element-9047971 e-flex e-con-boxed e-con e-parent\" data-id=\"9047971\" data-element_type=\"container\">\n\t\t\t\t\t<div class=\"e-con-inner\">\n\t\t\t\t<div class=\"elementor-element elementor-element-a0d7402 elementor-widget elementor-widget-text-editor\" data-id=\"a0d7402\" data-element_type=\"widget\" data-widget_type=\"text-editor.default\">\n\t\t\t\t<div class=\"elementor-widget-container\">\n\t\t\t\t\t\t\t\t\t<p style=\"margin-bottom: 1.5rem; position: relative; color: #7e7e7e; font-family: Urbanist; font-size: 15px;\">COPYRIGHT \u00a9 2021 MDPLUSBIO<br>Alle Rechte vorbehalten Alle Inhalte dieser Website, wie Texte, Grafiken, Logos, Schaltfl\u00e4chensymbole und Bilder, sind Eigentum der GDZ SA\u011eLIK VE G\u00dcZELL\u0130K H\u0130ZMETLER\u0130 LTD.\u015eT\u0130. oder ihrer Inhaltslieferanten und durch die T\u00dcRKEI und internationale Urheberrechtsgesetze gesch\u00fctzt.<\/p>\n<p style=\"margin-bottom: 1.5rem; position: relative; color: #7e7e7e; font-family: Urbanist; font-size: 15px;\">Die Zusammenstellung aller Inhalte auf dieser Website ist das ausschlie\u00dfliche Eigentum von GDZ SA\u011eLIK VE G\u00dcZELL\u0130K H\u0130ZMETLER\u0130 LTD.\u015eT\u0130. und durch die T\u00dcRKEI. und internationale Urheberrechtsgesetze gesch\u00fctzt. Der Inhalt dieser Website darf als Design- oder Einkaufsressource verwendet werden. Jede andere Verwendung, einschlie\u00dflich der Vervielf\u00e4ltigung, \u00c4nderung, Verteilung, \u00dcbertragung, Wiederver\u00f6ffentlichung oder Anzeige des Inhalts dieser Website ist streng verboten. MDPLUSBIO.com und andere MDPLUSBIO.com Grafiken, Logos, Bilder und Produktnamen sind eingetragene und nicht eingetragene Marken von GDZ SA\u011eLIK VE G\u00dcZELL\u0130K H\u0130ZMETLER\u0130 LTD.\u015eT\u0130.<\/p>\n<p style=\"margin-bottom: 1.5rem; position: relative; color: #7e7e7e; font-family: Urbanist; font-size: 15px;\">Alle Rechte vorbehalten Die Marken von GDZ SA\u011eLIK VE G\u00dcZELL\u0130K H\u0130ZMETLER\u0130 LTD.\u015eT\u0130. d\u00fcrfen nicht in Verbindung mit einem Produkt oder einer Dienstleistung verwendet werden, die nicht von GDZ SA\u011eLIK VE G\u00dcZELL\u0130K H\u0130ZMETLER\u0130 LTD.\u015eT\u0130.in einer Weise, die geeignet ist, Verwirrung unter den Kunden zu stiften, oder in einer Weise, die GDZ SA\u011eLIK VE G\u00dcZELL\u0130K H\u0130ZMETLER\u0130 LTD. verunglimpft oder diskreditiert.\u015eT\u0130. und\/oder MDPLUSBIO.com oder anderweitig ohne die ausdr\u00fcckliche vorherige schriftliche Zustimmung von GDZ SA\u011eLIK VE G\u00dcZELL\u0130K H\u0130ZMETLER\u0130 LTD.\u015eT\u0130. Diese Website oder Teile davon d\u00fcrfen nicht reproduziert, vervielf\u00e4ltigt, kopiert, verkauft, weiterverkauft oder anderweitig f\u00fcr einen kommerziellen Zweck genutzt werden, der nicht ausdr\u00fccklich von GDZ SA\u011eLIK VE G\u00dcZELL\u0130K H\u0130ZMETLER\u0130 LTD.\u015eT\u0130 gestattet ist.<\/p>\n<p style=\"margin-bottom: 1.5rem; position: relative; color: #7e7e7e; font-family: Urbanist; font-size: 15px;\"><span style=\"font-weight: bolder;\">DATENSCHUTZPOLITIK<\/span><\/p>\n<p style=\"margin-bottom: 1.5rem; position: relative; color: #7e7e7e; font-family: Urbanist; font-size: 15px;\"><span style=\"\">MDPLUSBIO<\/span> setzt sich stark f\u00fcr den Schutz der Privatsph\u00e4re seiner Kunden ein. Wir garantieren Ihnen, dass alle \u00fcber Sie gesammelten Informationen nur f\u00fcr unseren internen Gebrauch bestimmt sind und nicht f\u00fcr ungefragte Marketingzwecke verkauft, vermietet oder gehandelt werden. Die gesammelten Informationen werden verwendet, um ein besseres Verst\u00e4ndnis f\u00fcr Sie &#8211; unseren gesch\u00e4tzten Kunden &#8211; zu erlangen und Sie besser bedienen zu k\u00f6nnen. Wir haben diese Richtlinie als Schutz eingerichtet, um sicherzustellen, dass diese Praktiken und Verfahren effektiv und effizient umgesetzt werden.   <\/p>\n<p style=\"margin-bottom: 1.5rem; position: relative; color: #7e7e7e; font-family: Urbanist; font-size: 15px;\"><span style=\"font-weight: bolder;\">DATENSCHUTZGRUNDS\u00c4TZE<\/span><br>Seit \u00fcber 18 Jahren haben tausende Menschen <span style=\"font-weight: bolder;\">GDZ SA\u011eLIK VE G\u00dcZELL\u0130K H\u0130ZMETLER\u0130 LTD.\u015eT\u0130<\/span>. pers\u00f6nliche und vertrauliche Informationen anvertraut. Wir wissen, dass Datenschutz ein wichtiger Bestandteil f\u00fcr unsere Kunden ist, und daher erkennen wir, dass unsere Kunden von uns erwarten, pers\u00f6nliche Informationen in angemessener und verantwortungsvoller Weise zu sammeln und zu verwalten.  <\/p>\n<p style=\"margin-bottom: 1.5rem; position: relative; color: #7e7e7e; font-family: Urbanist; font-size: 15px;\"><span style=\"font-weight: bolder;\">Gesammelte Informationen<\/span><\/p>\n<p style=\"margin-bottom: 1.5rem; position: relative; color: #7e7e7e; font-family: Urbanist; font-size: 15px;\">Ein Cookie ist ein kleiner Datensatz, den viele Websites auf der Festplatte Ihres PCs speichern und der zu einem sp\u00e4teren Zeitpunkt als Visitenkarte abgerufen werden kann, um den PC-Benutzer zu identifizieren. Wir k\u00f6nnen ein Cookie verwenden, um die Anzahl der Besucher auf unserer Website, die wiederkehrenden Besucher und die aufgerufenen Seiten zu erfassen. Durch die Erfassung dieser Statistiken ist <span style=\"\">MDPLUSBIO <\/span>in der Lage, die Kapazit\u00e4t der Website zu verwalten und unsere Website zu verbessern, um den Bed\u00fcrfnissen unserer Kunden besser gerecht zu werden. Cookies sammeln keine pers\u00f6nlich identifizierbaren Informationen \u00fcber unsere Benutzer, und Ihr Browser kann so eingestellt werden, dass er Cookies ablehnt oder Sie vor der Annahme von Cookies benachrichtigt.   <\/p>\n<p style=\"margin-bottom: 1.5rem; position: relative; color: #7e7e7e; font-family: Urbanist; font-size: 15px;\"><span style=\"font-weight: bolder;\">Zertifizierbare Garantie<\/span><\/p>\n<p style=\"margin-bottom: 1.5rem; position: relative; color: #7e7e7e; font-family: Urbanist; font-size: 15px;\"><span style=\"\">MDPLUSBIO\u00ae<\/span> steht fest zu seinem wohlverdienten Ruf. Wir verpflichten uns, die Privatsph\u00e4re unserer gesch\u00e4tzten Kunden zu sch\u00fctzen. Die gesammelten Informationen werden verwendet, um Ihr Einkaufserlebnis zu verbessern. Wir verpflichten uns, die in dieser Richtlinie dargelegten Grunds\u00e4tze zu befolgen, um ein sicheres, angenehmes und lohnendes Einkaufserlebnis zu gew\u00e4hrleisten.   <\/p>\t\t\t\t\t\t\t\t<\/div>\n\t\t\t\t<\/div>\n\t\t\t\t\t<\/div>\n\t\t\t\t<\/div>\n\t\t\t\t<\/div>\n\t\t","protected":false},"excerpt":{"rendered":"<p>Datenschutzrichtlinie COPYRIGHT \u00a9 2021 MDPLUSBIOAlle Rechte vorbehalten Alle Inhalte dieser Website, wie Texte, Grafiken, Logos, Schaltfl\u00e4chensymbole und Bilder, sind Eigentum der GDZ SA\u011eLIK VE G\u00dcZELL\u0130K H\u0130ZMETLER\u0130 LTD.\u015eT\u0130. oder ihrer Inhaltslieferanten [&hellip;]<\/p>\n","protected":false},"author":1,"featured_media":0,"parent":0,"menu_order":0,"comment_status":"closed","ping_status":"closed","template":"","meta":{"_joinchat":[],"footnotes":""},"class_list":["post-1078","page","type-page","status-publish","hentry"],"acf":[],"_links":{"self":[{"href":"https:\/\/mdplusbio.com\/de\/wp-json\/wp\/v2\/pages\/1078","targetHints":{"allow":["GET"]}}],"collection":[{"href":"https:\/\/mdplusbio.com\/de\/wp-json\/wp\/v2\/pages"}],"about":[{"href":"https:\/\/mdplusbio.com\/de\/wp-json\/wp\/v2\/types\/page"}],"author":[{"embeddable":true,"href":"https:\/\/mdplusbio.com\/de\/wp-json\/wp\/v2\/users\/1"}],"replies":[{"embeddable":true,"href":"https:\/\/mdplusbio.com\/de\/wp-json\/wp\/v2\/comments?post=1078"}],"version-history":[{"count":0,"href":"https:\/\/mdplusbio.com\/de\/wp-json\/wp\/v2\/pages\/1078\/revisions"}],"wp:attachment":[{"href":"https:\/\/mdplusbio.com\/de\/wp-json\/wp\/v2\/media?parent=1078"}],"curies":[{"name":"wp","href":"https:\/\/api.w.org\/{rel}","templated":true}]}}